{"id":4524,"date":"2021-04-28T15:39:47","date_gmt":"2021-04-28T19:39:47","guid":{"rendered":"https:\/\/potetourstransferpuntacana.com\/?post_type=product&#038;p=4524"},"modified":"2021-05-30T21:33:04","modified_gmt":"2021-05-31T01:33:04","slug":"disco-imagine-punta-cana-la-cueva","status":"publish","type":"product","link":"https:\/\/potetourstransferpuntacana.com\/?product=disco-imagine-punta-cana-la-cueva","title":{"rendered":"Disco Imagine Punta Cana \u2013 La Cueva"},"content":{"rendered":"<h2>\u201cLa cueva del Caribe\u201d<\/h2>\n<p>Discoteca Imagine, una discoteca como nunca viste! Una noche a pura diversi\u00f3n en un castillo de cuentos de hadas convertido en discoteca, con una asombrosa escenograf\u00eda en cada uno de sus tres niveles.<\/p>\n<p>Imagine Disco es una de las principales atracciones tur\u00edsticas de Punta Cana, no solo por sus famosas noches de fiesta, sino tambi\u00e9n por su belleza, ya que<strong>\u00a0se trata de un vasto sistema de cuevas interconectadas<\/strong>, formadas en un proceso que tom\u00f3 miles de a\u00f1os y que serv\u00edan como acueductos naturales subterr\u00e1neos.<\/p>\n<p>Un espacio que te har\u00e1 sentir un privilegiado, a medida que desciendes en una de las tres cuevas cada vez m\u00e1s grandes, cada una tan magn\u00edfica y sorprendente como la anterior!\u00a0<strong>Cada cueva tiene su propio DJ que calienta las pistas con ritmos dominicanos y del mundo<\/strong>. Baila toda la noche al ritmo de la m\u00fasica latina, hip-hop, top 40 o m\u00fasica electr\u00f3nica en todo el lugar.\u00a0<strong>Disfruta de la barra libre con bebidas nacionales y exclusivas zonas VIP en todos los niveles.<\/strong><\/p>\n<p>Explora cada cueva subterr\u00e1nea convertida en discoteca, cada una con su m\u00fasica diferente! Este multi-espacio te dejar\u00e1 sin aliento desde el mismo momento en que ingreses, bailar\u00e1s toda la noche, saboreando magn\u00edficos c\u00f3cteles de autor, al ritmo de la mejor m\u00fasica caribe\u00f1a e internacional, deseando que la noche no termine y esperando para regresar al d\u00eda siguiente!<\/p>\n<p>Ser\u00e1s recogido en el hotel de B\u00e1varo-Punta Cana donde te alojes, pasaremos por ti a la hora indicada y a las 3:00 AM te llevaremos de vuelta al hotel de origen.<\/p>\n<p>La entrada a la discoteca est\u00e1 incluida, para que puedas disfrutar de la fiesta ni bien llegues; las bebidas nacionales est\u00e1n incluidas y podr\u00e1s acceder sin restricci\u00f3n a todas las salas de la discoteca que est\u00e9n abiertas esa noche.<\/p>\n<p>Disponemos de dos modalidades de entrada a la discoteca Imagine:<\/p>\n<div>\n<h4><i class=\"fas fa-ticket-alt\"><\/i>\u00a0Imagine Open Bar<\/h4>\n<p>Si reservas la modalidad de Open Bar, podr\u00e1s disfrutar de las salas abiertas y bebidas nacionales.<\/p>\n<h4><i class=\"fas fa-ticket-alt\"><\/i>\u00a0Imagine Premium<\/h4>\n<p>Tendr\u00e1s entrada preferente. Disfrutar\u00e1s de bebidas premium , barra exclusiva premium para servicio m\u00e1s r\u00e1pido y sala premium.<\/p>\n<\/div>\n<p><span style=\"font-size: 16px;\">Para finalizar, disfruta de una colaci\u00f3n en nuestro exclusivo restaurant de mar, antes de relajarte en la cubierta superior de nuestro Spa durante durante el camino de regreso.<\/span><\/p>\n<h3>Qu\u00e9 incluye la excursi\u00f3n en Disco Imagine Punta Cana \u2013 La Cueva:<\/h3>\n<ul>\n<li>Transporte desde tu hotel. No te preocupes por nada que nosotros pasaremos por ti a la hora indicada y a las 3:00AM te devolvemos al punto de partida.<\/li>\n<li>Entrada a la discoteca. Si eres de los que te gusta disfrutar la fiesta, esta es la opci\u00f3n tendr\u00e1s tu entrada garantizada, las bebidas nacionales o premium est\u00e1n incluidas en funci\u00f3n del tipo de entrada: Open Bar o Premium.<\/li>\n<li>Podr\u00e1s acceder sin restricci\u00f3n a todas las salas de la discoteca que est\u00e9n abiertas esa noche.<\/li>\n<li>Wi-Fi gratuito Tenemos WiFi gratuito en todas las \u00e1reas as\u00ed que no olvides compartir tus fotos en @imag- inecave<\/li>\n<li>Seguro de accidentes incluido en las excursiones en Punta Cana.<\/li>\n<li>El seguro de accidentes (Asistencia en Viaje), incluido al contratar vuestro viaje os cubre de accidentes en cualquiera de nuestras excursiones en Punta Cana (con excepci\u00f3n del BUCEO para el que contamos con un seguro aparte).<\/li>\n<\/ul>\n<div class=\"ast-oembed-container \" style=\"height: 100%;\"><iframe loading=\"lazy\" title=\"Disco Imagine Punta Cana \u2013 La Cueva. QuieroCaribe\" width=\"500\" height=\"281\" src=\"https:\/\/www.youtube.com\/embed\/3M618R_VUGo?feature=oembed\" frameborder=\"0\" allow=\"accelerometer; autoplay; clipboard-write; encrypted-media; gyroscope; picture-in-picture; web-share\" referrerpolicy=\"strict-origin-when-cross-origin\" allowfullscreen><\/iframe><\/div>\n","protected":false},"excerpt":{"rendered":"<p>\u201cLa cueva del Caribe\u201d Discoteca Imagine, una discoteca como nunca viste! Una noche a pura diversi\u00f3n en un castillo de cuentos de hadas convertido en discoteca, con una asombrosa escenograf\u00eda en cada uno de sus tres niveles. Imagine Disco es una de las principales atracciones tur\u00edsticas de Punta Cana, no solo por sus famosas noches [&hellip;]<\/p>\n","protected":false},"featured_media":4630,"comment_status":"open","ping_status":"closed","template":"","meta":{"content-type":"","_uag_custom_page_level_css":"","site-sidebar-layout":"no-sidebar","site-content-layout":"default","ast-site-content-layout":"","site-content-style":"default","site-sidebar-style":"default","ast-global-header-display":"","ast-banner-title-visibility":"","ast-main-header-display":"","ast-hfb-above-header-display":"","ast-hfb-below-header-display":"","ast-hfb-mobile-header-display":"","site-post-title":"","ast-breadcrumbs-content":"","ast-featured-img":"","footer-sml-layout":"","theme-transparent-header-meta":"default","adv-header-id-meta":"","stick-header-meta":"","header-above-stick-meta":"","header-main-stick-meta":"","header-below-stick-meta":"","astra-migrate-meta-layouts":"default","ast-page-background-enabled":"default","ast-page-background-meta":{"desktop":{"background-color":"","background-image":"","background-repeat":"repeat","background-position":"center center","background-size":"auto","background-attachment":"scroll","background-type":"","background-media":"","overlay-type":"","overlay-color":"","overlay-opacity":"","overlay-gradient":""},"tablet":{"background-color":"","background-image":"","background-repeat":"repeat","background-position":"center center","background-size":"auto","background-attachment":"scroll","background-type":"","background-media":"","overlay-type":"","overlay-color":"","overlay-opacity":"","overlay-gradient":""},"mobile":{"background-color":"","background-image":"","background-repeat":"repeat","background-position":"center center","background-size":"auto","background-attachment":"scroll","background-type":"","background-media":"","overlay-type":"","overlay-color":"","overlay-opacity":"","overlay-gradient":""}},"ast-content-background-meta":{"desktop":{"background-color":"var(--ast-global-color-5)","background-image":"","background-repeat":"repeat","background-position":"center center","background-size":"auto","background-attachment":"scroll","background-type":"","background-media":"","overlay-type":"","overlay-color":"","overlay-opacity":"","overlay-gradient":""},"tablet":{"background-color":"var(--ast-global-color-5)","background-image":"","background-repeat":"repeat","background-position":"center center","background-size":"auto","background-attachment":"scroll","background-type":"","background-media":"","overlay-type":"","overlay-color":"","overlay-opacity":"","overlay-gradient":""},"mobile":{"background-color":"var(--ast-global-color-5)","background-image":"","background-repeat":"repeat","background-position":"center center","background-size":"auto","background-attachment":"scroll","background-type":"","background-media":"","overlay-type":"","overlay-color":"","overlay-opacity":"","overlay-gradient":""}}},"product_cat":[44],"product_tag":[71,70],"class_list":{"0":"post-4524","1":"product","2":"type-product","3":"status-publish","4":"has-post-thumbnail","6":"product_cat-excursiones","7":"product_tag-discotecas","8":"product_tag-por-tierra","9":"wt_location-punta-cana","10":"desktop-align-left","11":"tablet-align-left","12":"mobile-align-left","14":"first","15":"instock","16":"sold-individually","17":"shipping-taxable","18":"purchasable","19":"product-type-variable"},"uagb_featured_image_src":{"full":["https:\/\/potetourstransferpuntacana.com\/wp-content\/uploads\/2021\/03\/Disco-Imagine-La-Cueva-Punta-Cana-1357x905px-Stayhappyrd-1.jpg",1357,905,false],"thumbnail":["https:\/\/potetourstransferpuntacana.com\/wp-content\/uploads\/2021\/03\/Disco-Imagine-La-Cueva-Punta-Cana-1357x905px-Stayhappyrd-1.jpg",128,85,false],"medium":["https:\/\/potetourstransferpuntacana.com\/wp-content\/uploads\/2021\/03\/Disco-Imagine-La-Cueva-Punta-Cana-1357x905px-Stayhappyrd-1.jpg",1357,905,false],"medium_large":["https:\/\/potetourstransferpuntacana.com\/wp-content\/uploads\/2021\/03\/Disco-Imagine-La-Cueva-Punta-Cana-1357x905px-Stayhappyrd-1-768x512.jpg",768,512,true],"large":["https:\/\/potetourstransferpuntacana.com\/wp-content\/uploads\/2021\/03\/Disco-Imagine-La-Cueva-Punta-Cana-1357x905px-Stayhappyrd-1.jpg",1357,905,false],"1536x1536":["https:\/\/potetourstransferpuntacana.com\/wp-content\/uploads\/2021\/03\/Disco-Imagine-La-Cueva-Punta-Cana-1357x905px-Stayhappyrd-1.jpg",1357,905,false],"2048x2048":["https:\/\/potetourstransferpuntacana.com\/wp-content\/uploads\/2021\/03\/Disco-Imagine-La-Cueva-Punta-Cana-1357x905px-Stayhappyrd-1.jpg",1357,905,false],"thumb_150x160":["https:\/\/potetourstransferpuntacana.com\/wp-content\/uploads\/2021\/03\/Disco-Imagine-La-Cueva-Punta-Cana-1357x905px-Stayhappyrd-1-150x160.jpg",150,160,true],"thumb_100x150":["https:\/\/potetourstransferpuntacana.com\/wp-content\/uploads\/2021\/03\/Disco-Imagine-La-Cueva-Punta-Cana-1357x905px-Stayhappyrd-1-100x150.jpg",100,150,true],"wethumb_204x153":["https:\/\/potetourstransferpuntacana.com\/wp-content\/uploads\/2021\/03\/Disco-Imagine-La-Cueva-Punta-Cana-1357x905px-Stayhappyrd-1-204x153.jpg",204,153,true],"wethumb_460x307":["https:\/\/potetourstransferpuntacana.com\/wp-content\/uploads\/2021\/03\/Disco-Imagine-La-Cueva-Punta-Cana-1357x905px-Stayhappyrd-1-460x307.jpg",460,307,true],"wethumb_85x85":["https:\/\/potetourstransferpuntacana.com\/wp-content\/uploads\/2021\/03\/Disco-Imagine-La-Cueva-Punta-Cana-1357x905px-Stayhappyrd-1-85x85.jpg",85,85,true],"woocommerce_thumbnail":["https:\/\/potetourstransferpuntacana.com\/wp-content\/uploads\/2021\/03\/Disco-Imagine-La-Cueva-Punta-Cana-1357x905px-Stayhappyrd-1-300x300.jpg",300,300,true],"woocommerce_single":["https:\/\/potetourstransferpuntacana.com\/wp-content\/uploads\/2021\/03\/Disco-Imagine-La-Cueva-Punta-Cana-1357x905px-Stayhappyrd-1-600x400.jpg",600,400,true],"woocommerce_gallery_thumbnail":["https:\/\/potetourstransferpuntacana.com\/wp-content\/uploads\/2021\/03\/Disco-Imagine-La-Cueva-Punta-Cana-1357x905px-Stayhappyrd-1-100x100.jpg",100,100,true]},"uagb_author_info":{"display_name":"KELYN MEJIA","author_link":"https:\/\/potetourstransferpuntacana.com\/?author=0"},"uagb_comment_info":0,"uagb_excerpt":"\u201cLa cueva del Caribe\u201d Discoteca Imagine, una discoteca como nunca viste! Una noche a pura diversi\u00f3n en un castillo de cuentos de hadas convertido en discoteca, con una asombrosa escenograf\u00eda en cada uno de sus tres niveles. Imagine Disco es una de las principales atracciones tur\u00edsticas de Punta Cana, no solo por sus famosas noches&hellip;","_links":{"self":[{"href":"https:\/\/potetourstransferpuntacana.com\/index.php?rest_route=\/wp\/v2\/product\/4524","targetHints":{"allow":["GET"]}}],"collection":[{"href":"https:\/\/potetourstransferpuntacana.com\/index.php?rest_route=\/wp\/v2\/product"}],"about":[{"href":"https:\/\/potetourstransferpuntacana.com\/index.php?rest_route=\/wp\/v2\/types\/product"}],"replies":[{"embeddable":true,"href":"https:\/\/potetourstransferpuntacana.com\/index.php?rest_route=%2Fwp%2Fv2%2Fcomments&post=4524"}],"wp:featuredmedia":[{"embeddable":true,"href":"https:\/\/potetourstransferpuntacana.com\/index.php?rest_route=\/wp\/v2\/media\/4630"}],"wp:attachment":[{"href":"https:\/\/potetourstransferpuntacana.com\/index.php?rest_route=%2Fwp%2Fv2%2Fmedia&parent=4524"}],"wp:term":[{"taxonomy":"product_cat","embeddable":true,"href":"https:\/\/potetourstransferpuntacana.com\/index.php?rest_route=%2Fwp%2Fv2%2Fproduct_cat&post=4524"},{"taxonomy":"product_tag","embeddable":true,"href":"https:\/\/potetourstransferpuntacana.com\/index.php?rest_route=%2Fwp%2Fv2%2Fproduct_tag&post=4524"}],"curies":[{"name":"wp","href":"https:\/\/api.w.org\/{rel}","templated":true}]}}