{"id":4523,"date":"2021-04-27T15:29:57","date_gmt":"2021-04-27T19:29:57","guid":{"rendered":"https:\/\/potetourstransferpuntacana.com\/?post_type=product&#038;p=4523"},"modified":"2021-05-30T21:33:31","modified_gmt":"2021-05-31T01:33:31","slug":"ocean-spa-dr-fish-punta-cana","status":"publish","type":"product","link":"https:\/\/potetourstransferpuntacana.com\/?product=ocean-spa-dr-fish-punta-cana","title":{"rendered":"Ocean Spa Dr Fish Punta Cana"},"content":{"rendered":"<p>\u00a1Rel\u00e1jate y disfruta de una experiencia de spa \u00fanica!<\/p>\n<p>Esta exclusiva excursi\u00f3n de 3 horas est\u00e1 pensada para proporcionarte una relajaci\u00f3n extrema en un entorno incomparable.<\/p>\n<p><strong>El Doctor Fish Ocean Spa es una embarcaci\u00f3n de dos pisos, dise\u00f1ada para ser un spa flotante y tiene una capacidad limitada que permite brindar una atenci\u00f3n personalizada a sus visitantes<\/strong>. Rel\u00e1jate con ejercicios de bio-pilates mientras surcas las tranquilas y cristalinas aguas de Punta Cana.<\/p>\n<p>La clase de bio-pilates, bajo la gu\u00eda profesional de nuestro instructor de bio-pilates, se centra en varios ejercicios de estiramiento y respiraci\u00f3n. Esta clase se lleva a cabo en la segunda cubierta, que ofrece una vista espectacular de la costa de B\u00e1varo-Punta Cana.<\/p>\n<p>Alcanzar\u00e1s la m\u00e1xima relajaci\u00f3n mientras participa en nuestro tratamiento de masaje individual. Este masaje se ofrece en cub\u00edculos privados con vista al mar, e incluye un tradicional masaje de cuello y espalda y un novedoso masaje en camillas electr\u00f3nicas que pueden proveerte m\u00faltiples beneficios. Estos masajes ayudaran a tu cuerpo a liberar tensi\u00f3n, stress y dolores musculares.<\/p>\n<p>Prep\u00e1rate a disfrutar de nuestras m\u00e1quinas de ionizaci\u00f3n electr\u00f3nica, las cuales te ayudaran a eliminar todas las toxinas de tu cuerpo. Disfruta tambi\u00e9n de un masaje especial y una sesi\u00f3n de relajaci\u00f3n en nuestros colchones flotantes, en la piscina natural.<\/p>\n<p><strong>Pero la estrella de este crucero-spa es sin duda el mundialmente famoso Dr. Fish, un incre\u00edble tratamiento de exfoliaci\u00f3n de pies<\/strong>. Unos peque\u00f1os peces llamados Garra Rufa exfoliar\u00e1n suavemente tus pies mientras observas con asombro todo el proceso. Una suave exfoliaci\u00f3n que elimina la piel muerta, creando la sensaci\u00f3n de un suave masaje y dejando tus pies rejuvenecidos y suaves al tacto. Las secretas enzimas del Dr. Fish, llamadas Dithranol, mejoran la regeneraci\u00f3n de la piel y se encuentran en cremas y productos utilizados para ayudar a obtener una piel suave y lisa.<\/p>\n<p>Para finalizar, disfruta de una colaci\u00f3n en nuestro exclusivo restaurant de mar, antes de relajarte en la cubierta superior de nuestro Spa durante durante el camino de regreso.<\/p>\n<h3>Qu\u00e9 incluye la excursi\u00f3n en Ocean Spa Dr Fish Punta Cana:<\/h3>\n<ul>\n<li>Transporte ida y vuelta.<\/li>\n<li>Aperitivos.<\/li>\n<li>Refrescos.<\/li>\n<li>Masajista experimentado.<\/li>\n<li>Instructor de Pilates.<\/li>\n<li>Seguro de accidentes incluido en las excursiones en Punta Cana.<\/li>\n<li>El seguro de accidentes (Asistencia en Viaje), incluido al contratar vuestro viaje os cubre de accidentes en cualquiera de nuestras excursiones en Punta Cana (con excepci\u00f3n del BUCEO para el que contamos con un seguro aparte).<\/li>\n<\/ul>\n<div class=\"ast-oembed-container \" style=\"height: 100%;\"><iframe loading=\"lazy\" title=\"Dr Fish Ocean Spa Punta Cana\" width=\"500\" height=\"281\" src=\"https:\/\/www.youtube.com\/embed\/ylLOZRL_X-o?feature=oembed\" frameborder=\"0\" allow=\"accelerometer; autoplay; clipboard-write; encrypted-media; gyroscope; picture-in-picture; web-share\" referrerpolicy=\"strict-origin-when-cross-origin\" allowfullscreen><\/iframe><\/div>\n","protected":false},"excerpt":{"rendered":"<p>\u00a1Rel\u00e1jate y disfruta de una experiencia de spa \u00fanica! Esta exclusiva excursi\u00f3n de 3 horas est\u00e1 pensada para proporcionarte una relajaci\u00f3n extrema en un entorno incomparable. El Doctor Fish Ocean Spa es una embarcaci\u00f3n de dos pisos, dise\u00f1ada para ser un spa flotante y tiene una capacidad limitada que permite brindar una atenci\u00f3n personalizada a [&hellip;]<\/p>\n","protected":false},"featured_media":4669,"comment_status":"open","ping_status":"closed","template":"","meta":{"content-type":"","_uag_custom_page_level_css":"","site-sidebar-layout":"no-sidebar","site-content-layout":"default","ast-site-content-layout":"","site-content-style":"default","site-sidebar-style":"default","ast-global-header-display":"","ast-banner-title-visibility":"","ast-main-header-display":"","ast-hfb-above-header-display":"","ast-hfb-below-header-display":"","ast-hfb-mobile-header-display":"","site-post-title":"","ast-breadcrumbs-content":"","ast-featured-img":"","footer-sml-layout":"","theme-transparent-header-meta":"default","adv-header-id-meta":"","stick-header-meta":"","header-above-stick-meta":"","header-main-stick-meta":"","header-below-stick-meta":"","astra-migrate-meta-layouts":"default","ast-page-background-enabled":"default","ast-page-background-meta":{"desktop":{"background-color":"","background-image":"","background-repeat":"repeat","background-position":"center center","background-size":"auto","background-attachment":"scroll","background-type":"","background-media":"","overlay-type":"","overlay-color":"","overlay-opacity":"","overlay-gradient":""},"tablet":{"background-color":"","background-image":"","background-repeat":"repeat","background-position":"center center","background-size":"auto","background-attachment":"scroll","background-type":"","background-media":"","overlay-type":"","overlay-color":"","overlay-opacity":"","overlay-gradient":""},"mobile":{"background-color":"","background-image":"","background-repeat":"repeat","background-position":"center center","background-size":"auto","background-attachment":"scroll","background-type":"","background-media":"","overlay-type":"","overlay-color":"","overlay-opacity":"","overlay-gradient":""}},"ast-content-background-meta":{"desktop":{"background-color":"var(--ast-global-color-5)","background-image":"","background-repeat":"repeat","background-position":"center center","background-size":"auto","background-attachment":"scroll","background-type":"","background-media":"","overlay-type":"","overlay-color":"","overlay-opacity":"","overlay-gradient":""},"tablet":{"background-color":"var(--ast-global-color-5)","background-image":"","background-repeat":"repeat","background-position":"center center","background-size":"auto","background-attachment":"scroll","background-type":"","background-media":"","overlay-type":"","overlay-color":"","overlay-opacity":"","overlay-gradient":""},"mobile":{"background-color":"var(--ast-global-color-5)","background-image":"","background-repeat":"repeat","background-position":"center center","background-size":"auto","background-attachment":"scroll","background-type":"","background-media":"","overlay-type":"","overlay-color":"","overlay-opacity":"","overlay-gradient":""}}},"product_cat":[44],"product_tag":[58],"class_list":{"0":"post-4523","1":"product","2":"type-product","3":"status-publish","4":"has-post-thumbnail","6":"product_cat-excursiones","7":"product_tag-por-mar","8":"wt_location-punta-cana","9":"desktop-align-left","10":"tablet-align-left","11":"mobile-align-left","13":"first","14":"instock","15":"sale","16":"sold-individually","17":"shipping-taxable","18":"purchasable","19":"product-type-simple"},"uagb_featured_image_src":{"full":["https:\/\/potetourstransferpuntacana.com\/wp-content\/uploads\/2021\/03\/OCEAN-SPA-DR-FISH-Punta-Cana-Tour-Excursion-1357x905px-Stayhappyrd-2.jpg",1357,905,false],"thumbnail":["https:\/\/potetourstransferpuntacana.com\/wp-content\/uploads\/2021\/03\/OCEAN-SPA-DR-FISH-Punta-Cana-Tour-Excursion-1357x905px-Stayhappyrd-2.jpg",128,85,false],"medium":["https:\/\/potetourstransferpuntacana.com\/wp-content\/uploads\/2021\/03\/OCEAN-SPA-DR-FISH-Punta-Cana-Tour-Excursion-1357x905px-Stayhappyrd-2.jpg",1357,905,false],"medium_large":["https:\/\/potetourstransferpuntacana.com\/wp-content\/uploads\/2021\/03\/OCEAN-SPA-DR-FISH-Punta-Cana-Tour-Excursion-1357x905px-Stayhappyrd-2-768x512.jpg",768,512,true],"large":["https:\/\/potetourstransferpuntacana.com\/wp-content\/uploads\/2021\/03\/OCEAN-SPA-DR-FISH-Punta-Cana-Tour-Excursion-1357x905px-Stayhappyrd-2.jpg",1357,905,false],"1536x1536":["https:\/\/potetourstransferpuntacana.com\/wp-content\/uploads\/2021\/03\/OCEAN-SPA-DR-FISH-Punta-Cana-Tour-Excursion-1357x905px-Stayhappyrd-2.jpg",1357,905,false],"2048x2048":["https:\/\/potetourstransferpuntacana.com\/wp-content\/uploads\/2021\/03\/OCEAN-SPA-DR-FISH-Punta-Cana-Tour-Excursion-1357x905px-Stayhappyrd-2.jpg",1357,905,false],"thumb_150x160":["https:\/\/potetourstransferpuntacana.com\/wp-content\/uploads\/2021\/03\/OCEAN-SPA-DR-FISH-Punta-Cana-Tour-Excursion-1357x905px-Stayhappyrd-2-150x160.jpg",150,160,true],"thumb_100x150":["https:\/\/potetourstransferpuntacana.com\/wp-content\/uploads\/2021\/03\/OCEAN-SPA-DR-FISH-Punta-Cana-Tour-Excursion-1357x905px-Stayhappyrd-2-100x150.jpg",100,150,true],"wethumb_204x153":["https:\/\/potetourstransferpuntacana.com\/wp-content\/uploads\/2021\/03\/OCEAN-SPA-DR-FISH-Punta-Cana-Tour-Excursion-1357x905px-Stayhappyrd-2-204x153.jpg",204,153,true],"wethumb_460x307":["https:\/\/potetourstransferpuntacana.com\/wp-content\/uploads\/2021\/03\/OCEAN-SPA-DR-FISH-Punta-Cana-Tour-Excursion-1357x905px-Stayhappyrd-2-460x307.jpg",460,307,true],"wethumb_85x85":["https:\/\/potetourstransferpuntacana.com\/wp-content\/uploads\/2021\/03\/OCEAN-SPA-DR-FISH-Punta-Cana-Tour-Excursion-1357x905px-Stayhappyrd-2-85x85.jpg",85,85,true],"woocommerce_thumbnail":["https:\/\/potetourstransferpuntacana.com\/wp-content\/uploads\/2021\/03\/OCEAN-SPA-DR-FISH-Punta-Cana-Tour-Excursion-1357x905px-Stayhappyrd-2-300x300.jpg",300,300,true],"woocommerce_single":["https:\/\/potetourstransferpuntacana.com\/wp-content\/uploads\/2021\/03\/OCEAN-SPA-DR-FISH-Punta-Cana-Tour-Excursion-1357x905px-Stayhappyrd-2-600x400.jpg",600,400,true],"woocommerce_gallery_thumbnail":["https:\/\/potetourstransferpuntacana.com\/wp-content\/uploads\/2021\/03\/OCEAN-SPA-DR-FISH-Punta-Cana-Tour-Excursion-1357x905px-Stayhappyrd-2-100x100.jpg",100,100,true]},"uagb_author_info":{"display_name":"KELYN MEJIA","author_link":"https:\/\/potetourstransferpuntacana.com\/?author=0"},"uagb_comment_info":0,"uagb_excerpt":"\u00a1Rel\u00e1jate y disfruta de una experiencia de spa \u00fanica! Esta exclusiva excursi\u00f3n de 3 horas est\u00e1 pensada para proporcionarte una relajaci\u00f3n extrema en un entorno incomparable. El Doctor Fish Ocean Spa es una embarcaci\u00f3n de dos pisos, dise\u00f1ada para ser un spa flotante y tiene una capacidad limitada que permite brindar una atenci\u00f3n personalizada a&hellip;","_links":{"self":[{"href":"https:\/\/potetourstransferpuntacana.com\/index.php?rest_route=\/wp\/v2\/product\/4523","targetHints":{"allow":["GET"]}}],"collection":[{"href":"https:\/\/potetourstransferpuntacana.com\/index.php?rest_route=\/wp\/v2\/product"}],"about":[{"href":"https:\/\/potetourstransferpuntacana.com\/index.php?rest_route=\/wp\/v2\/types\/product"}],"replies":[{"embeddable":true,"href":"https:\/\/potetourstransferpuntacana.com\/index.php?rest_route=%2Fwp%2Fv2%2Fcomments&post=4523"}],"wp:featuredmedia":[{"embeddable":true,"href":"https:\/\/potetourstransferpuntacana.com\/index.php?rest_route=\/wp\/v2\/media\/4669"}],"wp:attachment":[{"href":"https:\/\/potetourstransferpuntacana.com\/index.php?rest_route=%2Fwp%2Fv2%2Fmedia&parent=4523"}],"wp:term":[{"taxonomy":"product_cat","embeddable":true,"href":"https:\/\/potetourstransferpuntacana.com\/index.php?rest_route=%2Fwp%2Fv2%2Fproduct_cat&post=4523"},{"taxonomy":"product_tag","embeddable":true,"href":"https:\/\/potetourstransferpuntacana.com\/index.php?rest_route=%2Fwp%2Fv2%2Fproduct_tag&post=4523"}],"curies":[{"name":"wp","href":"https:\/\/api.w.org\/{rel}","templated":true}]}}