{"id":4522,"date":"2021-04-26T15:12:30","date_gmt":"2021-04-26T19:12:30","guid":{"rendered":"https:\/\/potetourstransferpuntacana.com\/?post_type=product&#038;p=4522"},"modified":"2021-05-30T21:34:05","modified_gmt":"2021-05-31T01:34:05","slug":"seaquarium","status":"publish","type":"product","link":"https:\/\/potetourstransferpuntacana.com\/?product=seaquarium","title":{"rendered":"Seaquarium"},"content":{"rendered":"<p>Ven con nosotros al Seaquarium en la playa de Punta de los Nidos, a disfrutar de una experiencia \u00fanica, un d\u00eda lleno de diversi\u00f3n en las cristalinas y azules aguas del Caribe, frente a las hermosas costas de B\u00e1varo y Cabeza de Toro.<\/p>\n<p>En este acuario marino podr\u00e1s jugar con leones de mar, nadar con tiburones y rayas, practicar snorkel o Sea-Trek bajo el agua, navegar en catamar\u00e1n y nadar en las aguas poco profundas de la Piscina Natural, justo frente a la hermosa costa de playa B\u00e1varo.<\/p>\n<p>Entretenimiento en vivo y bebidas tambi\u00e9n est\u00e1n incluidos en el paquete.<\/p>\n<h3>Qu\u00e9 incluye la excursi\u00f3n en Seaquarium:<\/h3>\n<ul>\n<li>Piscinas<\/li>\n<li>Traslados ida y vuelta al hotel<\/li>\n<li>Nado con tiburones y manta rayas<\/li>\n<li>Experiencia Sea-trek<\/li>\n<li>Paseo en catamar\u00e1n por las costas de cabeza de toro y b\u00e1varo<\/li>\n<li>Parada en piscinas naturales de b\u00e1varo<\/li>\n<li>Bebidas incluidas: Pepsi Cola, 7up, ron, Mamajuana, agua<\/li>\n<li>Seguro de accidentes incluido en las excursiones en Punta Cana<\/li>\n<li>El seguro de accidentes (Asistencia en Viaje), incluido al contratar vuestro viaje os cubre de accidentes en cualquiera de nuestras excursiones en Punta Cana (con excepci\u00f3n del BUCEO para el que contamos con un seguro aparte).<\/li>\n<\/ul>\n<div class=\"ast-oembed-container \" style=\"height: 100%;\"><iframe loading=\"lazy\" title=\"Seaquarium Punta Cana\" width=\"500\" height=\"281\" src=\"https:\/\/www.youtube.com\/embed\/FvTtYKuNI1E?feature=oembed\" frameborder=\"0\" allow=\"accelerometer; autoplay; clipboard-write; encrypted-media; gyroscope; picture-in-picture; web-share\" referrerpolicy=\"strict-origin-when-cross-origin\" allowfullscreen><\/iframe><\/div>\n","protected":false},"excerpt":{"rendered":"<p>Ven con nosotros al Seaquarium en la playa de Punta de los Nidos, a disfrutar de una experiencia \u00fanica, un d\u00eda lleno de diversi\u00f3n en las cristalinas y azules aguas del Caribe, frente a las hermosas costas de B\u00e1varo y Cabeza de Toro. En este acuario marino podr\u00e1s jugar con leones de mar, nadar con [&hellip;]<\/p>\n","protected":false},"featured_media":4664,"comment_status":"open","ping_status":"closed","template":"","meta":{"content-type":"","_uag_custom_page_level_css":"","site-sidebar-layout":"no-sidebar","site-content-layout":"default","ast-site-content-layout":"","site-content-style":"default","site-sidebar-style":"default","ast-global-header-display":"","ast-banner-title-visibility":"","ast-main-header-display":"","ast-hfb-above-header-display":"","ast-hfb-below-header-display":"","ast-hfb-mobile-header-display":"","site-post-title":"","ast-breadcrumbs-content":"","ast-featured-img":"","footer-sml-layout":"","theme-transparent-header-meta":"default","adv-header-id-meta":"","stick-header-meta":"","header-above-stick-meta":"","header-main-stick-meta":"","header-below-stick-meta":"","astra-migrate-meta-layouts":"default","ast-page-background-enabled":"default","ast-page-background-meta":{"desktop":{"background-color":"","background-image":"","background-repeat":"repeat","background-position":"center center","background-size":"auto","background-attachment":"scroll","background-type":"","background-media":"","overlay-type":"","overlay-color":"","overlay-opacity":"","overlay-gradient":""},"tablet":{"background-color":"","background-image":"","background-repeat":"repeat","background-position":"center center","background-size":"auto","background-attachment":"scroll","background-type":"","background-media":"","overlay-type":"","overlay-color":"","overlay-opacity":"","overlay-gradient":""},"mobile":{"background-color":"","background-image":"","background-repeat":"repeat","background-position":"center center","background-size":"auto","background-attachment":"scroll","background-type":"","background-media":"","overlay-type":"","overlay-color":"","overlay-opacity":"","overlay-gradient":""}},"ast-content-background-meta":{"desktop":{"background-color":"var(--ast-global-color-5)","background-image":"","background-repeat":"repeat","background-position":"center center","background-size":"auto","background-attachment":"scroll","background-type":"","background-media":"","overlay-type":"","overlay-color":"","overlay-opacity":"","overlay-gradient":""},"tablet":{"background-color":"var(--ast-global-color-5)","background-image":"","background-repeat":"repeat","background-position":"center center","background-size":"auto","background-attachment":"scroll","background-type":"","background-media":"","overlay-type":"","overlay-color":"","overlay-opacity":"","overlay-gradient":""},"mobile":{"background-color":"var(--ast-global-color-5)","background-image":"","background-repeat":"repeat","background-position":"center center","background-size":"auto","background-attachment":"scroll","background-type":"","background-media":"","overlay-type":"","overlay-color":"","overlay-opacity":"","overlay-gradient":""}}},"product_cat":[44],"product_tag":[58],"class_list":{"0":"post-4522","1":"product","2":"type-product","3":"status-publish","4":"has-post-thumbnail","6":"product_cat-excursiones","7":"product_tag-por-mar","8":"wt_location-punta-cana","9":"desktop-align-left","10":"tablet-align-left","11":"mobile-align-left","13":"first","14":"instock","15":"sale","16":"sold-individually","17":"shipping-taxable","18":"purchasable","19":"product-type-simple"},"uagb_featured_image_src":{"full":["https:\/\/potetourstransferpuntacana.com\/wp-content\/uploads\/2021\/03\/Seaquarium-Punta-Cana-Tour-Excursion-1357x905px-Stayhappyrd-1.jpg",1357,905,false],"thumbnail":["https:\/\/potetourstransferpuntacana.com\/wp-content\/uploads\/2021\/03\/Seaquarium-Punta-Cana-Tour-Excursion-1357x905px-Stayhappyrd-1.jpg",128,85,false],"medium":["https:\/\/potetourstransferpuntacana.com\/wp-content\/uploads\/2021\/03\/Seaquarium-Punta-Cana-Tour-Excursion-1357x905px-Stayhappyrd-1.jpg",1357,905,false],"medium_large":["https:\/\/potetourstransferpuntacana.com\/wp-content\/uploads\/2021\/03\/Seaquarium-Punta-Cana-Tour-Excursion-1357x905px-Stayhappyrd-1-768x512.jpg",768,512,true],"large":["https:\/\/potetourstransferpuntacana.com\/wp-content\/uploads\/2021\/03\/Seaquarium-Punta-Cana-Tour-Excursion-1357x905px-Stayhappyrd-1.jpg",1357,905,false],"1536x1536":["https:\/\/potetourstransferpuntacana.com\/wp-content\/uploads\/2021\/03\/Seaquarium-Punta-Cana-Tour-Excursion-1357x905px-Stayhappyrd-1.jpg",1357,905,false],"2048x2048":["https:\/\/potetourstransferpuntacana.com\/wp-content\/uploads\/2021\/03\/Seaquarium-Punta-Cana-Tour-Excursion-1357x905px-Stayhappyrd-1.jpg",1357,905,false],"thumb_150x160":["https:\/\/potetourstransferpuntacana.com\/wp-content\/uploads\/2021\/03\/Seaquarium-Punta-Cana-Tour-Excursion-1357x905px-Stayhappyrd-1-150x160.jpg",150,160,true],"thumb_100x150":["https:\/\/potetourstransferpuntacana.com\/wp-content\/uploads\/2021\/03\/Seaquarium-Punta-Cana-Tour-Excursion-1357x905px-Stayhappyrd-1-100x150.jpg",100,150,true],"wethumb_204x153":["https:\/\/potetourstransferpuntacana.com\/wp-content\/uploads\/2021\/03\/Seaquarium-Punta-Cana-Tour-Excursion-1357x905px-Stayhappyrd-1-204x153.jpg",204,153,true],"wethumb_460x307":["https:\/\/potetourstransferpuntacana.com\/wp-content\/uploads\/2021\/03\/Seaquarium-Punta-Cana-Tour-Excursion-1357x905px-Stayhappyrd-1-460x307.jpg",460,307,true],"wethumb_85x85":["https:\/\/potetourstransferpuntacana.com\/wp-content\/uploads\/2021\/03\/Seaquarium-Punta-Cana-Tour-Excursion-1357x905px-Stayhappyrd-1-85x85.jpg",85,85,true],"woocommerce_thumbnail":["https:\/\/potetourstransferpuntacana.com\/wp-content\/uploads\/2021\/03\/Seaquarium-Punta-Cana-Tour-Excursion-1357x905px-Stayhappyrd-1-300x300.jpg",300,300,true],"woocommerce_single":["https:\/\/potetourstransferpuntacana.com\/wp-content\/uploads\/2021\/03\/Seaquarium-Punta-Cana-Tour-Excursion-1357x905px-Stayhappyrd-1-600x400.jpg",600,400,true],"woocommerce_gallery_thumbnail":["https:\/\/potetourstransferpuntacana.com\/wp-content\/uploads\/2021\/03\/Seaquarium-Punta-Cana-Tour-Excursion-1357x905px-Stayhappyrd-1-100x100.jpg",100,100,true]},"uagb_author_info":{"display_name":"KELYN MEJIA","author_link":"https:\/\/potetourstransferpuntacana.com\/?author=0"},"uagb_comment_info":0,"uagb_excerpt":"Ven con nosotros al Seaquarium en la playa de Punta de los Nidos, a disfrutar de una experiencia \u00fanica, un d\u00eda lleno de diversi\u00f3n en las cristalinas y azules aguas del Caribe, frente a las hermosas costas de B\u00e1varo y Cabeza de Toro. En este acuario marino podr\u00e1s jugar con leones de mar, nadar con&hellip;","_links":{"self":[{"href":"https:\/\/potetourstransferpuntacana.com\/index.php?rest_route=\/wp\/v2\/product\/4522","targetHints":{"allow":["GET"]}}],"collection":[{"href":"https:\/\/potetourstransferpuntacana.com\/index.php?rest_route=\/wp\/v2\/product"}],"about":[{"href":"https:\/\/potetourstransferpuntacana.com\/index.php?rest_route=\/wp\/v2\/types\/product"}],"replies":[{"embeddable":true,"href":"https:\/\/potetourstransferpuntacana.com\/index.php?rest_route=%2Fwp%2Fv2%2Fcomments&post=4522"}],"wp:featuredmedia":[{"embeddable":true,"href":"https:\/\/potetourstransferpuntacana.com\/index.php?rest_route=\/wp\/v2\/media\/4664"}],"wp:attachment":[{"href":"https:\/\/potetourstransferpuntacana.com\/index.php?rest_route=%2Fwp%2Fv2%2Fmedia&parent=4522"}],"wp:term":[{"taxonomy":"product_cat","embeddable":true,"href":"https:\/\/potetourstransferpuntacana.com\/index.php?rest_route=%2Fwp%2Fv2%2Fproduct_cat&post=4522"},{"taxonomy":"product_tag","embeddable":true,"href":"https:\/\/potetourstransferpuntacana.com\/index.php?rest_route=%2Fwp%2Fv2%2Fproduct_tag&post=4522"}],"curies":[{"name":"wp","href":"https:\/\/api.w.org\/{rel}","templated":true}]}}