{"id":4517,"date":"2021-03-31T13:08:22","date_gmt":"2021-03-31T13:08:22","guid":{"rendered":"https:\/\/potetourstransferpuntacana.com\/?post_type=product&#038;p=4517"},"modified":"2023-02-10T02:59:11","modified_gmt":"2023-02-10T06:59:11","slug":"jets-sky-en-punta-cana","status":"publish","type":"product","link":"https:\/\/potetourstransferpuntacana.com\/?product=jets-sky-en-punta-cana","title":{"rendered":"JETS SKY EN PUNTA CANA"},"content":{"rendered":"<section id=\"section-11-1988\" class=\" ct-section\">\n<div class=\"ct-section-inner-wrap\">\n<div id=\"new_columns-12-1988\" class=\"ct-new-columns\">\n<div id=\"div_block-13-1988\" class=\"ct-div-block\">\n<div id=\"div_block-28-1988\" class=\"ct-div-block\">\n<div id=\"_rich_text-59-1988\" class=\"oxy-rich-text\">\n<p>\u00bfEst\u00e1s preparado para\u00a0<strong>atravesar las aguas<\/strong>\u00a0del mar Caribe\u00a0<strong>a toda velocidad<\/strong>? La adrenalina es el principal componente de esta actividad que comienza en tu hotel en Punta Cana.<\/p>\n<p>Gracias a nuestros gu\u00edas profesionales, podr\u00e1s recorrer las\u00a0<strong>playas y cayos<\/strong>\u00a0de la costa\u00a0<strong>de Sabana de la Mar<\/strong>, una de las m\u00e1s v\u00edrgenes en toda la Rep\u00fablica Dominicana.<\/p>\n<p>Olv\u00eddate de tener que depender de otras personas para poder moverte por el mar abierto.\u00a0<strong>Te pondr\u00e1s al volante<\/strong>\u00a0de algunos de los\u00a0<em><strong>Jet Ski<\/strong><\/em>\u00a0m\u00e1s r\u00e1pidos del pa\u00eds, sintiendo la velocidad sobre las olas.<\/p>\n<p>Adem\u00e1s, visitar\u00e1s lugares a los que solo se puede acceder desde el mar. Los incre\u00edbles cayos de\u00a0<strong>La Bocaina<\/strong>\u00a0y\u00a0<strong>San Esteban<\/strong>, rodeados de manglares que podr\u00e1s disfrutar en exclusiva.<\/p>\n<p>O la\u00a0<strong>piscina natural<\/strong>\u00a0cerca de Miches, en la que sentir\u00e1s la calma en medio de la fren\u00e9tica aceleraci\u00f3n de los\u00a0<em>Jet Ski<\/em>. Para terminar, nada mejor que visitar la\u00a0<strong>playa de El Mo\u00f1o<\/strong>, una de las m\u00e1s virgen de la zona, en la que estar\u00e1s pr\u00e1cticamente solo para sentirte en el aut\u00e9ntico para\u00edso.<\/p>\n<p>Todo ello en mitad de la bah\u00eda de Saman\u00e1, uno de los fen\u00f3menos naturales m\u00e1s relevantes de toda la Rep\u00fablica Dominicana. \u00bfTe atreves a conocerlo todo sobre un\u00a0<em>Jet Ski<\/em>?<\/p>\n<\/div>\n<\/div>\n<div id=\"div_block-60-1988\" class=\"ct-div-block\">\n<h2 id=\"headline-61-1988\" class=\"ct-headline\">\u00bfPor qu\u00e9 no te puedes perder esta actividad?<\/h2>\n<div id=\"_rich_text-62-1988\" class=\"oxy-rich-text\">\n<p>La posibilidad de poder conducir\u00a0 una moto de agua no surge cada d\u00eda. Y qu\u00e9 mejor que hacerlo por primera vez en las aguas de la Rep\u00fablica Dominicana.<\/p>\n<p>Alejada de las grandes zonas tur\u00edsticas del pa\u00eds, la localidad de Sabana de la Mar es el lugar de salida hacia una de las costas m\u00e1s bonitas de la isla.<\/p>\n<p>Lo es por su\u00a0<strong>vegetaci\u00f3n de manglar<\/strong>, que crece sobre el mar de una de las maneras m\u00e1s curiosas que propone la naturaleza. Entre los manglares, encontramos\u00a0<strong>peque\u00f1as playas v\u00edrgenes<\/strong>\u00a0que muchas veces estar\u00e1n ah\u00ed exclusivamente para ti.<\/p>\n<p>Otro de los motivos para no perderte esta actividad es la posibilidad de\u00a0<strong>navegar con un\u00a0<em>Jet Ski<\/em><\/strong>. Si es la primera vez que lo haces, gracias a los\u00a0<strong>gu\u00edas profesionales<\/strong>\u00a0podr\u00e1s conocer el funcionamiento de este m\u00e9todo de transporte muy r\u00e1pidamente. \u00a1Aprender a hacer algo desde cero es realmente fascinante!<\/p>\n<\/div>\n<\/div>\n<\/div>\n<div id=\"div_block-31-1988\" class=\"ct-div-block\">\n<div id=\"div_block-49-1988\" class=\"ct-div-block nitro-offscreen\">\n<div id=\"div_block-50-1988\" class=\"ct-div-block\">\n<div id=\"text_block-51-1988\" class=\"ct-text-block\"><img decoding=\"async\" class=\"emoji\" role=\"img\" draggable=\"false\" src=\"https:\/\/cdn-dhnkp.nitrocdn.com\/aDdVAvheblxMQJkSnanCVhgzxKRiEyyu\/assets\/images\/optimized\/rev-83eca4f\/images\/core\/emoji\/14.0.0\/svg\/1f449.svg\" alt=\"\ud83d\udc49\" \/>\u00a0<b>Desde\u00a0$220<\/b><\/div>\n<\/div>\n<div id=\"div_block-52-1988\" class=\"ct-div-block\">\n<div id=\"text_block-54-1988\" class=\"ct-text-block oxel_icon_button_text\"><b><img decoding=\"async\" class=\"emoji\" role=\"img\" draggable=\"false\" src=\"https:\/\/cdn-dhnkp.nitrocdn.com\/aDdVAvheblxMQJkSnanCVhgzxKRiEyyu\/assets\/images\/optimized\/rev-83eca4f\/images\/core\/emoji\/14.0.0\/svg\/1f3e8.svg\" alt=\"\ud83c\udfe8\" \/>\u00a0 Zonas de hoteles<\/b><\/div>\n<\/div>\n<\/div>\n<div id=\"code_block-173-1988\" class=\"ct-code-block nitro-offscreen\">\n<div class=\"loading-turitop\" data-service=\"P23\" data-lang=\"es\" data-embed=\"box\" data-category=\" \" data-version=\" \" data-datepickeravailability=\" \" data-servicename=\" \"><\/div>\n<\/div>\n<div id=\"div_block-33-1988\" class=\"ct-div-block nitro-offscreen\">\n<div id=\"div_block-34-1988\" class=\"ct-div-block\">\n<div id=\"fancy_icon-35-1988\" class=\"ct-fancy-icon\"><\/div>\n<h3 id=\"headline-36-1988\" class=\"ct-headline Caracteristicas\">Duraci\u00f3n de excursi\u00f3n: 5:30h<\/h3>\n<\/div>\n<div id=\"div_block-37-1988\" class=\"ct-div-block\">\n<div id=\"fancy_icon-38-1988\" class=\"ct-fancy-icon\"><\/div>\n<h3 id=\"headline-39-1988\" class=\"ct-headline Caracteristicas\">Horario de salida: Depende del hotel<\/h3>\n<\/div>\n<div id=\"div_block-40-1988\" class=\"ct-div-block\">\n<div id=\"fancy_icon-41-1988\" class=\"ct-fancy-icon\"><\/div>\n<h3 id=\"headline-42-1988\" class=\"ct-headline Caracteristicas\">Recogida en hoteles<\/h3>\n<\/div>\n<div id=\"div_block-43-1988\" class=\"ct-div-block\">\n<div id=\"fancy_icon-44-1988\" class=\"ct-fancy-icon\"><\/div>\n<h3 id=\"headline-45-1988\" class=\"ct-headline Caracteristicas\">Todos los d\u00edas<\/h3>\n<\/div>\n<div id=\"div_block-46-1988\" class=\"ct-div-block\">\n<div id=\"fancy_icon-47-1988\" class=\"ct-fancy-icon\"><\/div>\n<h3 id=\"headline-48-1988\" class=\"ct-headline Caracteristicas\">M\u00ednimo 4 personas por reserva<\/h3>\n<p>&nbsp;<\/p>\n<\/div>\n<\/div>\n<\/div>\n<\/div>\n<\/div>\n<\/section>\n<section id=\"section-64-1988\" class=\"ct-section nitro-offscreen\">\n<div class=\"ct-section-inner-wrap\">\n<h2 id=\"headline-65-1988\" class=\"ct-headline\">Itinerario de la actividad de Jet Ski<\/h2>\n<div id=\"_rich_text-67-1988\" class=\"oxy-rich-text\">\n<ul>\n<li><strong>08:00<\/strong>\u00a0\u2013 Inicio de la recogida desde los hoteles hacia Sabana de la Mar, donde comenzar\u00e1 nuestra aventura en\u00a0<em>Jet Ski<\/em>.<\/li>\n<li><strong>10:00<\/strong>\u00a0\u2013 Llegados a Sabana de la Mar, nuestros\u00a0<strong>gu\u00edas profesionales<\/strong>\u00a0ser\u00e1n los encargados de dar las instrucciones adecuadas para iniciar la actividad.<\/li>\n<li><strong>10:30<\/strong>\u00a0\u2013 Inicio del tour, donde visitaremos los siguientes lugares:\n<ul>\n<li>Llegamos a nuestra primera parada que es cayo La Bocaina, donde podr\u00e1s disfrutar de un\u00a0<strong>paisaje de manglares<\/strong>\u00a0realmente \u00fanico.<\/li>\n<li>A continuaci\u00f3n visitaremos cayo San Esteban, otro lugar impresionante.<\/li>\n<li>Llegada a la\u00a0<strong>piscina natural de Miches<\/strong>, donde te bajar\u00e1s del\u00a0<em>Jet Ski<\/em>\u00a0para disfrutar de sus tranquilas aguas donde podr\u00e1s interactuar con las famosas estrellas de mar.<\/li>\n<li>Visita a la playa El Mo\u00f1o,\u00a0<strong>un paraje virgen<\/strong>\u00a0que tendr\u00e1s solo para ti.<\/li>\n<li>Vuelta a Sabana de la Mar, desde d\u00f3nde te llevaremos de vuelta hacia tu hotel.<\/li>\n<\/ul>\n<\/li>\n<li><strong>12:30<\/strong>\u00a0\u2013 Fin de la actividad.<\/li>\n<li><strong>14:30<\/strong>\u00a0\u2013 Llegada al hotel.<\/li>\n<\/ul>\n<\/div>\n<\/div>\n<\/section>\n<p>https:\/\/m.facebook.com\/100068257890348\/videos\/jet-ski-globalist-international-punta-cana\/536385988118526\/<\/p>\n","protected":false},"excerpt":{"rendered":"<p>\u00bfEst\u00e1s preparado para\u00a0atravesar las aguas\u00a0del mar Caribe\u00a0a toda velocidad? La adrenalina es el principal componente de esta actividad que comienza en tu hotel en Punta Cana. Gracias a nuestros gu\u00edas profesionales, podr\u00e1s recorrer las\u00a0playas y cayos\u00a0de la costa\u00a0de Sabana de la Mar, una de las m\u00e1s v\u00edrgenes en toda la Rep\u00fablica Dominicana. Olv\u00eddate de tener [&hellip;]<\/p>\n","protected":false},"featured_media":6339,"comment_status":"open","ping_status":"closed","template":"","meta":{"content-type":"","_uag_custom_page_level_css":"","site-sidebar-layout":"no-sidebar","site-content-layout":"default","ast-site-content-layout":"","site-content-style":"default","site-sidebar-style":"default","ast-global-header-display":"","ast-banner-title-visibility":"","ast-main-header-display":"","ast-hfb-above-header-display":"","ast-hfb-below-header-display":"","ast-hfb-mobile-header-display":"","site-post-title":"","ast-breadcrumbs-content":"","ast-featured-img":"","footer-sml-layout":"","theme-transparent-header-meta":"default","adv-header-id-meta":"","stick-header-meta":"","header-above-stick-meta":"","header-main-stick-meta":"","header-below-stick-meta":"","astra-migrate-meta-layouts":"default","ast-page-background-enabled":"default","ast-page-background-meta":{"desktop":{"background-color":"","background-image":"","background-repeat":"repeat","background-position":"center center","background-size":"auto","background-attachment":"scroll","background-type":"","background-media":"","overlay-type":"","overlay-color":"","overlay-opacity":"","overlay-gradient":""},"tablet":{"background-color":"","background-image":"","background-repeat":"repeat","background-position":"center center","background-size":"auto","background-attachment":"scroll","background-type":"","background-media":"","overlay-type":"","overlay-color":"","overlay-opacity":"","overlay-gradient":""},"mobile":{"background-color":"","background-image":"","background-repeat":"repeat","background-position":"center center","background-size":"auto","background-attachment":"scroll","background-type":"","background-media":"","overlay-type":"","overlay-color":"","overlay-opacity":"","overlay-gradient":""}},"ast-content-background-meta":{"desktop":{"background-color":"var(--ast-global-color-5)","background-image":"","background-repeat":"repeat","background-position":"center center","background-size":"auto","background-attachment":"scroll","background-type":"","background-media":"","overlay-type":"","overlay-color":"","overlay-opacity":"","overlay-gradient":""},"tablet":{"background-color":"var(--ast-global-color-5)","background-image":"","background-repeat":"repeat","background-position":"center center","background-size":"auto","background-attachment":"scroll","background-type":"","background-media":"","overlay-type":"","overlay-color":"","overlay-opacity":"","overlay-gradient":""},"mobile":{"background-color":"var(--ast-global-color-5)","background-image":"","background-repeat":"repeat","background-position":"center center","background-size":"auto","background-attachment":"scroll","background-type":"","background-media":"","overlay-type":"","overlay-color":"","overlay-opacity":"","overlay-gradient":""}}},"product_cat":[44],"product_tag":[70],"class_list":{"0":"post-4517","1":"product","2":"type-product","3":"status-publish","4":"has-post-thumbnail","6":"product_cat-excursiones","7":"product_tag-por-tierra","8":"wt_location-punta-cana","9":"desktop-align-left","10":"tablet-align-left","11":"mobile-align-left","13":"first","14":"instock","15":"sale","16":"featured","17":"sold-individually","18":"shipping-taxable","19":"purchasable","20":"product-type-simple"},"uagb_featured_image_src":{"full":["https:\/\/potetourstransferpuntacana.com\/wp-content\/uploads\/2021\/03\/Jet-ski-Dominican-Republic3.jpg",1280,841,false],"thumbnail":["https:\/\/potetourstransferpuntacana.com\/wp-content\/uploads\/2021\/03\/Jet-ski-Dominican-Republic3.jpg",128,84,false],"medium":["https:\/\/potetourstransferpuntacana.com\/wp-content\/uploads\/2021\/03\/Jet-ski-Dominican-Republic3.jpg",1280,841,false],"medium_large":["https:\/\/potetourstransferpuntacana.com\/wp-content\/uploads\/2021\/03\/Jet-ski-Dominican-Republic3-768x505.jpg",768,505,true],"large":["https:\/\/potetourstransferpuntacana.com\/wp-content\/uploads\/2021\/03\/Jet-ski-Dominican-Republic3.jpg",1280,841,false],"1536x1536":["https:\/\/potetourstransferpuntacana.com\/wp-content\/uploads\/2021\/03\/Jet-ski-Dominican-Republic3.jpg",1280,841,false],"2048x2048":["https:\/\/potetourstransferpuntacana.com\/wp-content\/uploads\/2021\/03\/Jet-ski-Dominican-Republic3.jpg",1280,841,false],"thumb_150x160":["https:\/\/potetourstransferpuntacana.com\/wp-content\/uploads\/2021\/03\/Jet-ski-Dominican-Republic3-150x160.jpg",150,160,true],"thumb_100x150":["https:\/\/potetourstransferpuntacana.com\/wp-content\/uploads\/2021\/03\/Jet-ski-Dominican-Republic3-100x150.jpg",100,150,true],"wethumb_204x153":["https:\/\/potetourstransferpuntacana.com\/wp-content\/uploads\/2021\/03\/Jet-ski-Dominican-Republic3-204x153.jpg",204,153,true],"wethumb_460x307":["https:\/\/potetourstransferpuntacana.com\/wp-content\/uploads\/2021\/03\/Jet-ski-Dominican-Republic3-460x307.jpg",460,307,true],"wethumb_85x85":["https:\/\/potetourstransferpuntacana.com\/wp-content\/uploads\/2021\/03\/Jet-ski-Dominican-Republic3-85x85.jpg",85,85,true],"woocommerce_thumbnail":["https:\/\/potetourstransferpuntacana.com\/wp-content\/uploads\/2021\/03\/Jet-ski-Dominican-Republic3-300x300.jpg",300,300,true],"woocommerce_single":["https:\/\/potetourstransferpuntacana.com\/wp-content\/uploads\/2021\/03\/Jet-ski-Dominican-Republic3-600x394.jpg",600,394,true],"woocommerce_gallery_thumbnail":["https:\/\/potetourstransferpuntacana.com\/wp-content\/uploads\/2021\/03\/Jet-ski-Dominican-Republic3-100x100.jpg",100,100,true]},"uagb_author_info":{"display_name":"KELYN MEJIA","author_link":"https:\/\/potetourstransferpuntacana.com\/?author=0"},"uagb_comment_info":0,"uagb_excerpt":"\u00bfEst\u00e1s preparado para\u00a0atravesar las aguas\u00a0del mar Caribe\u00a0a toda velocidad? La adrenalina es el principal componente de esta actividad que comienza en tu hotel en Punta Cana. Gracias a nuestros gu\u00edas profesionales, podr\u00e1s recorrer las\u00a0playas y cayos\u00a0de la costa\u00a0de Sabana de la Mar, una de las m\u00e1s v\u00edrgenes en toda la Rep\u00fablica Dominicana. Olv\u00eddate de tener&hellip;","_links":{"self":[{"href":"https:\/\/potetourstransferpuntacana.com\/index.php?rest_route=\/wp\/v2\/product\/4517","targetHints":{"allow":["GET"]}}],"collection":[{"href":"https:\/\/potetourstransferpuntacana.com\/index.php?rest_route=\/wp\/v2\/product"}],"about":[{"href":"https:\/\/potetourstransferpuntacana.com\/index.php?rest_route=\/wp\/v2\/types\/product"}],"replies":[{"embeddable":true,"href":"https:\/\/potetourstransferpuntacana.com\/index.php?rest_route=%2Fwp%2Fv2%2Fcomments&post=4517"}],"wp:featuredmedia":[{"embeddable":true,"href":"https:\/\/potetourstransferpuntacana.com\/index.php?rest_route=\/wp\/v2\/media\/6339"}],"wp:attachment":[{"href":"https:\/\/potetourstransferpuntacana.com\/index.php?rest_route=%2Fwp%2Fv2%2Fmedia&parent=4517"}],"wp:term":[{"taxonomy":"product_cat","embeddable":true,"href":"https:\/\/potetourstransferpuntacana.com\/index.php?rest_route=%2Fwp%2Fv2%2Fproduct_cat&post=4517"},{"taxonomy":"product_tag","embeddable":true,"href":"https:\/\/potetourstransferpuntacana.com\/index.php?rest_route=%2Fwp%2Fv2%2Fproduct_tag&post=4517"}],"curies":[{"name":"wp","href":"https:\/\/api.w.org\/{rel}","templated":true}]}}