{"id":4510,"date":"2021-03-30T16:48:09","date_gmt":"2021-03-30T16:48:09","guid":{"rendered":"https:\/\/potetourstransferpuntacana.com\/?post_type=product&#038;p=4510"},"modified":"2021-04-29T05:00:24","modified_gmt":"2021-04-29T05:00:24","slug":"parque-nacional-los-haitises-montana-redonda","status":"publish","type":"product","link":"https:\/\/potetourstransferpuntacana.com\/?product=parque-nacional-los-haitises-montana-redonda","title":{"rendered":"Parque Nacional Los Haitises \u2013 Monta\u00f1a Redonda"},"content":{"rendered":"<p>Cuando quieras conocer un verdadero para\u00edso natural, no busque m\u00e1s y ven\u00a0<strong>al Parque Nacional Los Haitises.<\/strong><\/p>\n<p>Este ecosistema \u00fanico abarca m\u00e1s de 3.600 kil\u00f3metros de selva tropical, con manglares y playas solitarias intercaladas en su l\u00ednea costera. Los Haitises es el hogar de m\u00e1s de 100 especies de aves, incluido la rara \u00e1guila azor negra. La l\u00ednea costera est\u00e1 llena de cuevas en las que viv\u00edan los indios ta\u00ednos locales quienes las decoraron con pictograf\u00edas y pinturas que se pueden ver todav\u00eda hoy.<\/p>\n<p>Descubre tambi\u00e9n los manglares que adornan la belleza natural de este para\u00edso tropical, formando un incre\u00edble y m\u00e1gico paisaje.<\/p>\n<p>Para conectarte genuinamente con la historia, cultura y belleza natural de la Rep\u00fablica Dominicana, \u00fanete a nosotros en esta aventura \u00fanica al Parque Nacional Los Haitises.<\/p>\n<p><strong>Lugares a visitar:<\/strong><\/p>\n<ul>\n<li>Tres (2) Cavernas<\/li>\n<li>Manglar y Bosque H\u00famedo<\/li>\n<li>Cayo de Los P\u00e1jaros<\/li>\n<li>Muelle Antiguo<\/li>\n<li>Monta\u00f1a Redonda<\/li>\n<li>Para\u00edso Ca\u00f1o Hondo<\/li>\n<li>Casa T\u00edpica el Conuco de Do\u00f1a Ana<\/li>\n<\/ul>\n<h3>Qu\u00e9 incluye la excursi\u00f3n al Parque Nacional Los Haitises \u2013 Monta\u00f1a Redonda:<\/h3>\n<ul>\n<li>Gu\u00eda Oficial de Turismo.<\/li>\n<li>Desayuno.<\/li>\n<li>Almuerzo. Men\u00fa: Arroz, Habichuela, Carne de Res, Carne de Pollo, Pasta, Vegetales, Pan, Ensaladas, Caf\u00e9, Frutas, Ron, Agua y Cola<\/li>\n<li>Bebidas Nacionales (Run, Cola y Agua).<\/li>\n<li>Transporte Terrestre y Mar\u00edtimo.<\/li>\n<li>Seguro de accidentes incluido.<\/li>\n<li>El seguro de accidentes (Asistencia en Viaje), incluido al contratar vuestro viaje os cubre de accidentes en cualquiera de nuestras excursiones en Punta Cana (con excepci\u00f3n del BUCEO para el que contamos con un seguro aparte).<\/li>\n<\/ul>\n<h3>Restricciones:<\/h3>\n<ul>\n<li>Mujeres embarazadas,\u00a0<span lang=\"ES\">independientemente el tiempo de gestaci\u00f3n<\/span>.<\/li>\n<\/ul>\n<p>https:\/\/www.youtube.com\/watch?v=0yb2e3MxX48<\/p>\n","protected":false},"excerpt":{"rendered":"<p>Cuando quieras conocer un verdadero para\u00edso natural, no busque m\u00e1s y ven\u00a0al Parque Nacional Los Haitises. Este ecosistema \u00fanico abarca m\u00e1s de 3.600 kil\u00f3metros de selva tropical, con manglares y playas solitarias intercaladas en su l\u00ednea costera. Los Haitises es el hogar de m\u00e1s de 100 especies de aves, incluido la rara \u00e1guila azor negra. [&hellip;]<\/p>\n","protected":false},"featured_media":4622,"comment_status":"open","ping_status":"closed","template":"","meta":{"content-type":"","_uag_custom_page_level_css":"","site-sidebar-layout":"no-sidebar","site-content-layout":"default","ast-site-content-layout":"","site-content-style":"default","site-sidebar-style":"default","ast-global-header-display":"","ast-banner-title-visibility":"","ast-main-header-display":"","ast-hfb-above-header-display":"","ast-hfb-below-header-display":"","ast-hfb-mobile-header-display":"","site-post-title":"","ast-breadcrumbs-content":"","ast-featured-img":"","footer-sml-layout":"","theme-transparent-header-meta":"default","adv-header-id-meta":"","stick-header-meta":"","header-above-stick-meta":"","header-main-stick-meta":"","header-below-stick-meta":"","astra-migrate-meta-layouts":"default","ast-page-background-enabled":"default","ast-page-background-meta":{"desktop":{"background-color":"","background-image":"","background-repeat":"repeat","background-position":"center center","background-size":"auto","background-attachment":"scroll","background-type":"","background-media":"","overlay-type":"","overlay-color":"","overlay-opacity":"","overlay-gradient":""},"tablet":{"background-color":"","background-image":"","background-repeat":"repeat","background-position":"center center","background-size":"auto","background-attachment":"scroll","background-type":"","background-media":"","overlay-type":"","overlay-color":"","overlay-opacity":"","overlay-gradient":""},"mobile":{"background-color":"","background-image":"","background-repeat":"repeat","background-position":"center center","background-size":"auto","background-attachment":"scroll","background-type":"","background-media":"","overlay-type":"","overlay-color":"","overlay-opacity":"","overlay-gradient":""}},"ast-content-background-meta":{"desktop":{"background-color":"var(--ast-global-color-5)","background-image":"","background-repeat":"repeat","background-position":"center center","background-size":"auto","background-attachment":"scroll","background-type":"","background-media":"","overlay-type":"","overlay-color":"","overlay-opacity":"","overlay-gradient":""},"tablet":{"background-color":"var(--ast-global-color-5)","background-image":"","background-repeat":"repeat","background-position":"center center","background-size":"auto","background-attachment":"scroll","background-type":"","background-media":"","overlay-type":"","overlay-color":"","overlay-opacity":"","overlay-gradient":""},"mobile":{"background-color":"var(--ast-global-color-5)","background-image":"","background-repeat":"repeat","background-position":"center center","background-size":"auto","background-attachment":"scroll","background-type":"","background-media":"","overlay-type":"","overlay-color":"","overlay-opacity":"","overlay-gradient":""}}},"product_cat":[44],"product_tag":[58,70],"class_list":{"0":"post-4510","1":"product","2":"type-product","3":"status-publish","4":"has-post-thumbnail","6":"product_cat-excursiones","7":"product_tag-por-mar","8":"product_tag-por-tierra","9":"wt_location-samana","10":"desktop-align-left","11":"tablet-align-left","12":"mobile-align-left","14":"first","15":"instock","16":"sale","17":"sold-individually","18":"shipping-taxable","19":"purchasable","20":"product-type-simple"},"uagb_featured_image_src":{"full":["https:\/\/potetourstransferpuntacana.com\/wp-content\/uploads\/2021\/03\/Parque-Nacional-Los-Haitises-\u2013-Montana-Redonda-SAMANA-Tour-Excursion-1357x905px.jpg",1357,905,false],"thumbnail":["https:\/\/potetourstransferpuntacana.com\/wp-content\/uploads\/2021\/03\/Parque-Nacional-Los-Haitises-\u2013-Montana-Redonda-SAMANA-Tour-Excursion-1357x905px.jpg",128,85,false],"medium":["https:\/\/potetourstransferpuntacana.com\/wp-content\/uploads\/2021\/03\/Parque-Nacional-Los-Haitises-\u2013-Montana-Redonda-SAMANA-Tour-Excursion-1357x905px.jpg",1357,905,false],"medium_large":["https:\/\/potetourstransferpuntacana.com\/wp-content\/uploads\/2021\/03\/Parque-Nacional-Los-Haitises-\u2013-Montana-Redonda-SAMANA-Tour-Excursion-1357x905px-768x512.jpg",768,512,true],"large":["https:\/\/potetourstransferpuntacana.com\/wp-content\/uploads\/2021\/03\/Parque-Nacional-Los-Haitises-\u2013-Montana-Redonda-SAMANA-Tour-Excursion-1357x905px.jpg",1357,905,false],"1536x1536":["https:\/\/potetourstransferpuntacana.com\/wp-content\/uploads\/2021\/03\/Parque-Nacional-Los-Haitises-\u2013-Montana-Redonda-SAMANA-Tour-Excursion-1357x905px.jpg",1357,905,false],"2048x2048":["https:\/\/potetourstransferpuntacana.com\/wp-content\/uploads\/2021\/03\/Parque-Nacional-Los-Haitises-\u2013-Montana-Redonda-SAMANA-Tour-Excursion-1357x905px.jpg",1357,905,false],"thumb_150x160":["https:\/\/potetourstransferpuntacana.com\/wp-content\/uploads\/2021\/03\/Parque-Nacional-Los-Haitises-\u2013-Montana-Redonda-SAMANA-Tour-Excursion-1357x905px-150x160.jpg",150,160,true],"thumb_100x150":["https:\/\/potetourstransferpuntacana.com\/wp-content\/uploads\/2021\/03\/Parque-Nacional-Los-Haitises-\u2013-Montana-Redonda-SAMANA-Tour-Excursion-1357x905px-100x150.jpg",100,150,true],"wethumb_204x153":["https:\/\/potetourstransferpuntacana.com\/wp-content\/uploads\/2021\/03\/Parque-Nacional-Los-Haitises-\u2013-Montana-Redonda-SAMANA-Tour-Excursion-1357x905px-204x153.jpg",204,153,true],"wethumb_460x307":["https:\/\/potetourstransferpuntacana.com\/wp-content\/uploads\/2021\/03\/Parque-Nacional-Los-Haitises-\u2013-Montana-Redonda-SAMANA-Tour-Excursion-1357x905px-460x307.jpg",460,307,true],"wethumb_85x85":["https:\/\/potetourstransferpuntacana.com\/wp-content\/uploads\/2021\/03\/Parque-Nacional-Los-Haitises-\u2013-Montana-Redonda-SAMANA-Tour-Excursion-1357x905px-85x85.jpg",85,85,true],"woocommerce_thumbnail":["https:\/\/potetourstransferpuntacana.com\/wp-content\/uploads\/2021\/03\/Parque-Nacional-Los-Haitises-\u2013-Montana-Redonda-SAMANA-Tour-Excursion-1357x905px-300x300.jpg",300,300,true],"woocommerce_single":["https:\/\/potetourstransferpuntacana.com\/wp-content\/uploads\/2021\/03\/Parque-Nacional-Los-Haitises-\u2013-Montana-Redonda-SAMANA-Tour-Excursion-1357x905px-600x400.jpg",600,400,true],"woocommerce_gallery_thumbnail":["https:\/\/potetourstransferpuntacana.com\/wp-content\/uploads\/2021\/03\/Parque-Nacional-Los-Haitises-\u2013-Montana-Redonda-SAMANA-Tour-Excursion-1357x905px-100x100.jpg",100,100,true]},"uagb_author_info":{"display_name":"KELYN MEJIA","author_link":"https:\/\/potetourstransferpuntacana.com\/?author=0"},"uagb_comment_info":0,"uagb_excerpt":"Cuando quieras conocer un verdadero para\u00edso natural, no busque m\u00e1s y ven\u00a0al Parque Nacional Los Haitises. Este ecosistema \u00fanico abarca m\u00e1s de 3.600 kil\u00f3metros de selva tropical, con manglares y playas solitarias intercaladas en su l\u00ednea costera. Los Haitises es el hogar de m\u00e1s de 100 especies de aves, incluido la rara \u00e1guila azor negra.&hellip;","_links":{"self":[{"href":"https:\/\/potetourstransferpuntacana.com\/index.php?rest_route=\/wp\/v2\/product\/4510","targetHints":{"allow":["GET"]}}],"collection":[{"href":"https:\/\/potetourstransferpuntacana.com\/index.php?rest_route=\/wp\/v2\/product"}],"about":[{"href":"https:\/\/potetourstransferpuntacana.com\/index.php?rest_route=\/wp\/v2\/types\/product"}],"replies":[{"embeddable":true,"href":"https:\/\/potetourstransferpuntacana.com\/index.php?rest_route=%2Fwp%2Fv2%2Fcomments&post=4510"}],"wp:featuredmedia":[{"embeddable":true,"href":"https:\/\/potetourstransferpuntacana.com\/index.php?rest_route=\/wp\/v2\/media\/4622"}],"wp:attachment":[{"href":"https:\/\/potetourstransferpuntacana.com\/index.php?rest_route=%2Fwp%2Fv2%2Fmedia&parent=4510"}],"wp:term":[{"taxonomy":"product_cat","embeddable":true,"href":"https:\/\/potetourstransferpuntacana.com\/index.php?rest_route=%2Fwp%2Fv2%2Fproduct_cat&post=4510"},{"taxonomy":"product_tag","embeddable":true,"href":"https:\/\/potetourstransferpuntacana.com\/index.php?rest_route=%2Fwp%2Fv2%2Fproduct_tag&post=4510"}],"curies":[{"name":"wp","href":"https:\/\/api.w.org\/{rel}","templated":true}]}}