{"id":4469,"date":"2021-04-22T22:17:26","date_gmt":"2021-04-23T02:17:26","guid":{"rendered":"https:\/\/potetourstransferpuntacana.com\/?post_type=product&#038;p=4469"},"modified":"2023-02-10T02:44:34","modified_gmt":"2023-02-10T06:44:34","slug":"hacienda-tuko-adventure-park","status":"publish","type":"product","link":"https:\/\/potetourstransferpuntacana.com\/?product=hacienda-tuko-adventure-park","title":{"rendered":"Hacienda Tuko Adventure Park"},"content":{"rendered":"<ul>\n<li>\n<div class=\"wpb_text_column wpb_content_element\">\n<div class=\"wpb_wrapper\">\n<p>UNA EXPERIENCIA \u00daNICA EN EL PA\u00cdS, DONDE PUEDES COMBINAR NUESTRAS TRES ATRACCIONES ZIPLINE, BUGGIES Y MONTAR A CABALLO.<\/p>\n<\/div>\n<\/div>\n<div class=\"vc_empty_space\"><\/div>\n<div class=\"wpb_text_column wpb_content_element\">\n<div class=\"wpb_wrapper\">\n<p>Hacienda Tuko ofrece 8 tirolesas de carbono y un puente colgante entre dos \u00e1rboles. Viajar\u00e1 a trav\u00e9s de nuestro espacio a\u00e9reo panor\u00e1mico en 8 l\u00edneas de fibra de carbono diferentes (La PRIMERA y \u00fanica aventura de tirolesa en Rep\u00fablica Dominicana construida con cables de fibra de carbono) y (Certificado ACCT).<\/p>\n<p>Tambi\u00e9n disfrutar\u00e1 de nuestras dos majestuosas torres de madera # 1 y # 8.<\/p>\n<p>Despegue de la torre n\u00famero 1 donde su plataforma se encuentra a 45 pies del suelo, ofreci\u00e9ndole una hermosa vista panor\u00e1mica de nuestras instalaciones.<\/p>\n<p>Despegue de la torre n\u00famero 8, donde su plataforma est\u00e1 a 60 pies del suelo, donde podr\u00e1 disfrutar de nuestras vistas panor\u00e1micas por millas.<\/p>\n<p>&nbsp;<\/p>\n<p>AVENTURA DUNE BUGGIES<br \/>\nNuestra experiencia de Buggies en Hacienda Tuko lo llevar\u00e1 a trav\u00e9s de una experiencia panor\u00e1mica y emocionante. Nuestros caminos de tierra lo llevar\u00e1n por senderos, cerros, ranchos, polvo y un poco de barro para el alma. \u00bfY qu\u00e9 es un paseo en Buggie si no hay un r\u00edo para darse un chapuz\u00f3n antes de continuar para m\u00e1s emoci\u00f3n?<\/p>\n<p>&nbsp;<\/p>\n<p>PASEO A CABALLO<br \/>\nNuestra excursi\u00f3n a caballo lo llevar\u00e1 a trav\u00e9s de senderos entre ranchos, cerros, lechos de r\u00edos y un ecosistema cubierto de \u00e1rboles. Tambi\u00e9n visitar\u00e1 nuestra propia casa de campo t\u00edpica dominicana ubicada en medio de una plantaci\u00f3n de cacao entre muchos otros \u00e1rboles tropicales, all\u00ed le daremos una presentaci\u00f3n sobre los usos e historia de los \u00e1rboles de cacao, caf\u00e9, coco, vainilla y muchos otros. Como guayaba, carambola, maracuy\u00e1 chinola, mango y aguacates.<\/p>\n<p>&nbsp;<\/p>\n<p>No lo dudes y disfruta de la belleza salvaje de la Rep\u00fablica Dominicana con nuestras excursiones en Hacienda Tuko Adventure Park<\/p>\n<p>&nbsp;<\/p>\n<\/div>\n<\/div>\n<\/li>\n<\/ul>\n<div class=\"ast-oembed-container \" style=\"height: 100%;\"><iframe loading=\"lazy\" title=\"Hacienda Tuko\" width=\"500\" height=\"281\" src=\"https:\/\/www.youtube.com\/embed\/SqW4pYStFlU?feature=oembed\" frameborder=\"0\" allow=\"accelerometer; autoplay; clipboard-write; encrypted-media; gyroscope; picture-in-picture; web-share\" referrerpolicy=\"strict-origin-when-cross-origin\" allowfullscreen><\/iframe><\/div>\n","protected":false},"excerpt":{"rendered":"<p>UNA EXPERIENCIA \u00daNICA EN EL PA\u00cdS, DONDE PUEDES COMBINAR NUESTRAS TRES ATRACCIONES ZIPLINE, BUGGIES Y MONTAR A CABALLO. Hacienda Tuko ofrece 8 tirolesas de carbono y un puente colgante entre dos \u00e1rboles. Viajar\u00e1 a trav\u00e9s de nuestro espacio a\u00e9reo panor\u00e1mico en 8 l\u00edneas de fibra de carbono diferentes (La PRIMERA y \u00fanica aventura de tirolesa [&hellip;]<\/p>\n","protected":false},"featured_media":6326,"comment_status":"open","ping_status":"closed","template":"","meta":{"content-type":"","_uag_custom_page_level_css":"","site-sidebar-layout":"no-sidebar","site-content-layout":"default","ast-site-content-layout":"","site-content-style":"default","site-sidebar-style":"default","ast-global-header-display":"","ast-banner-title-visibility":"","ast-main-header-display":"","ast-hfb-above-header-display":"","ast-hfb-below-header-display":"","ast-hfb-mobile-header-display":"","site-post-title":"","ast-breadcrumbs-content":"","ast-featured-img":"","footer-sml-layout":"","theme-transparent-header-meta":"default","adv-header-id-meta":"","stick-header-meta":"","header-above-stick-meta":"","header-main-stick-meta":"","header-below-stick-meta":"","astra-migrate-meta-layouts":"default","ast-page-background-enabled":"default","ast-page-background-meta":{"desktop":{"background-color":"","background-image":"","background-repeat":"repeat","background-position":"center center","background-size":"auto","background-attachment":"scroll","background-type":"","background-media":"","overlay-type":"","overlay-color":"","overlay-opacity":"","overlay-gradient":""},"tablet":{"background-color":"","background-image":"","background-repeat":"repeat","background-position":"center center","background-size":"auto","background-attachment":"scroll","background-type":"","background-media":"","overlay-type":"","overlay-color":"","overlay-opacity":"","overlay-gradient":""},"mobile":{"background-color":"","background-image":"","background-repeat":"repeat","background-position":"center center","background-size":"auto","background-attachment":"scroll","background-type":"","background-media":"","overlay-type":"","overlay-color":"","overlay-opacity":"","overlay-gradient":""}},"ast-content-background-meta":{"desktop":{"background-color":"var(--ast-global-color-5)","background-image":"","background-repeat":"repeat","background-position":"center center","background-size":"auto","background-attachment":"scroll","background-type":"","background-media":"","overlay-type":"","overlay-color":"","overlay-opacity":"","overlay-gradient":""},"tablet":{"background-color":"var(--ast-global-color-5)","background-image":"","background-repeat":"repeat","background-position":"center center","background-size":"auto","background-attachment":"scroll","background-type":"","background-media":"","overlay-type":"","overlay-color":"","overlay-opacity":"","overlay-gradient":""},"mobile":{"background-color":"var(--ast-global-color-5)","background-image":"","background-repeat":"repeat","background-position":"center center","background-size":"auto","background-attachment":"scroll","background-type":"","background-media":"","overlay-type":"","overlay-color":"","overlay-opacity":"","overlay-gradient":""}}},"product_cat":[44],"product_tag":[70],"class_list":{"0":"post-4469","1":"product","2":"type-product","3":"status-publish","4":"has-post-thumbnail","6":"product_cat-excursiones","7":"product_tag-por-tierra","8":"wt_location-punta-cana","9":"desktop-align-left","10":"tablet-align-left","11":"mobile-align-left","13":"first","14":"instock","15":"sale","16":"featured","17":"sold-individually","18":"shipping-taxable","19":"purchasable","20":"product-type-simple"},"uagb_featured_image_src":{"full":["https:\/\/potetourstransferpuntacana.com\/wp-content\/uploads\/2021\/04\/m11-scaled.jpg",2560,1707,false],"thumbnail":["https:\/\/potetourstransferpuntacana.com\/wp-content\/uploads\/2021\/04\/m11-scaled.jpg",128,85,false],"medium":["https:\/\/potetourstransferpuntacana.com\/wp-content\/uploads\/2021\/04\/m11-scaled.jpg",2560,1707,false],"medium_large":["https:\/\/potetourstransferpuntacana.com\/wp-content\/uploads\/2021\/04\/m11-768x512.jpg",768,512,true],"large":["https:\/\/potetourstransferpuntacana.com\/wp-content\/uploads\/2021\/04\/m11-scaled.jpg",2560,1707,false],"1536x1536":["https:\/\/potetourstransferpuntacana.com\/wp-content\/uploads\/2021\/04\/m11-1536x1024.jpg",1536,1024,true],"2048x2048":["https:\/\/potetourstransferpuntacana.com\/wp-content\/uploads\/2021\/04\/m11-2048x1365.jpg",2048,1365,true],"thumb_150x160":["https:\/\/potetourstransferpuntacana.com\/wp-content\/uploads\/2021\/04\/m11-150x160.jpg",150,160,true],"thumb_100x150":["https:\/\/potetourstransferpuntacana.com\/wp-content\/uploads\/2021\/04\/m11-100x150.jpg",100,150,true],"wethumb_204x153":["https:\/\/potetourstransferpuntacana.com\/wp-content\/uploads\/2021\/04\/m11-204x153.jpg",204,153,true],"wethumb_460x307":["https:\/\/potetourstransferpuntacana.com\/wp-content\/uploads\/2021\/04\/m11-460x307.jpg",460,307,true],"wethumb_85x85":["https:\/\/potetourstransferpuntacana.com\/wp-content\/uploads\/2021\/04\/m11-85x85.jpg",85,85,true],"woocommerce_thumbnail":["https:\/\/potetourstransferpuntacana.com\/wp-content\/uploads\/2021\/04\/m11-300x300.jpg",300,300,true],"woocommerce_single":["https:\/\/potetourstransferpuntacana.com\/wp-content\/uploads\/2021\/04\/m11-600x400.jpg",600,400,true],"woocommerce_gallery_thumbnail":["https:\/\/potetourstransferpuntacana.com\/wp-content\/uploads\/2021\/04\/m11-100x100.jpg",100,100,true]},"uagb_author_info":{"display_name":"KELYN MEJIA","author_link":"https:\/\/potetourstransferpuntacana.com\/?author=0"},"uagb_comment_info":0,"uagb_excerpt":"UNA EXPERIENCIA \u00daNICA EN EL PA\u00cdS, DONDE PUEDES COMBINAR NUESTRAS TRES ATRACCIONES ZIPLINE, BUGGIES Y MONTAR A CABALLO. Hacienda Tuko ofrece 8 tirolesas de carbono y un puente colgante entre dos \u00e1rboles. Viajar\u00e1 a trav\u00e9s de nuestro espacio a\u00e9reo panor\u00e1mico en 8 l\u00edneas de fibra de carbono diferentes (La PRIMERA y \u00fanica aventura de tirolesa&hellip;","_links":{"self":[{"href":"https:\/\/potetourstransferpuntacana.com\/index.php?rest_route=\/wp\/v2\/product\/4469","targetHints":{"allow":["GET"]}}],"collection":[{"href":"https:\/\/potetourstransferpuntacana.com\/index.php?rest_route=\/wp\/v2\/product"}],"about":[{"href":"https:\/\/potetourstransferpuntacana.com\/index.php?rest_route=\/wp\/v2\/types\/product"}],"replies":[{"embeddable":true,"href":"https:\/\/potetourstransferpuntacana.com\/index.php?rest_route=%2Fwp%2Fv2%2Fcomments&post=4469"}],"wp:featuredmedia":[{"embeddable":true,"href":"https:\/\/potetourstransferpuntacana.com\/index.php?rest_route=\/wp\/v2\/media\/6326"}],"wp:attachment":[{"href":"https:\/\/potetourstransferpuntacana.com\/index.php?rest_route=%2Fwp%2Fv2%2Fmedia&parent=4469"}],"wp:term":[{"taxonomy":"product_cat","embeddable":true,"href":"https:\/\/potetourstransferpuntacana.com\/index.php?rest_route=%2Fwp%2Fv2%2Fproduct_cat&post=4469"},{"taxonomy":"product_tag","embeddable":true,"href":"https:\/\/potetourstransferpuntacana.com\/index.php?rest_route=%2Fwp%2Fv2%2Fproduct_tag&post=4469"}],"curies":[{"name":"wp","href":"https:\/\/api.w.org\/{rel}","templated":true}]}}