{"id":4430,"date":"2021-05-31T01:04:14","date_gmt":"2021-05-31T05:04:14","guid":{"rendered":"https:\/\/potetourstransferpuntacana.com\/?post_type=product&#038;p=4430"},"modified":"2023-08-22T10:34:14","modified_gmt":"2023-08-22T14:34:14","slug":"santo-domingo-city-tour","status":"publish","type":"product","link":"https:\/\/potetourstransferpuntacana.com\/?product=santo-domingo-city-tour","title":{"rendered":"Santo Domingo &#8211; City Tour"},"content":{"rendered":"<p><strong>Santo Domingo de Guzm\u00e1n es, sin duda, una de las ciudades m\u00e1s fascinantes del Caribe<\/strong>, y la primera ciudad fundada en el Nuevo Mundo en 1496. Esta hermosa ciudad capital, ubicada a dos horas y media de Punta Cana, te invita a explorar sus encantos, y con nuestra excursi\u00f3n lo conseguir\u00e1s.<\/p>\n<p>Nuestra Nuestro recorrido inicia visitando \u201cLos Tres Ojos\u201d, una combinaci\u00f3n de cavernas y cenotes, los cuales tienen un alto contenido de azufre y una belleza indescriptible.<\/p>\n<p>Luego continuamos hacia la Zona Colonial, en donde se encuentran las edificaciones m\u00e1s importantes e imponentes del periodo de la colonizaci\u00f3n. Te permitir\u00e1 la visita a la\u00a0<strong>primera catedral del nuevo mundo<\/strong>, el\u00a0<strong>Alc\u00e1zar de Diego Col\u00f3n<\/strong>, la famosa\u00a0<strong>calle Las Damas<\/strong>\u00a0y algunos otros monumentos coloniales del\u00a0<strong>siglo XV<\/strong>. Disfruta de las panor\u00e1micas vistas del centro de la ciudad, las \u00e1reas residenciales y el\u00a0<strong>Palacio Presidencial Nacional<\/strong>. Tu mejor opci\u00f3n para hacer compras ser\u00e1 en el colorido mercado.\u00a0<strong>El almuerzo est\u00e1 incluido en un restaurante t\u00edpico dominicano.<\/strong><\/p>\n<p>Tu excursi\u00f3n por esta ciudad impregnada de la cultura y el patrimonio dominicano comienza temprano en la ma\u00f1ana cuando te recogemos por tu hotel de Punta Cana para llevarte a\u00a0<strong>Santo Domingo<\/strong>, la capital y el coraz\u00f3n cultural de la Rep\u00fablica Dominicana. La ciudad ofrece una mezcla vibrante de vistas y arquitectura con cargadas de historia, pero tambi\u00e9n de construcciones con mucha modernidad.<\/p>\n<p>Con la ayuda de un experto gu\u00eda,<strong>\u00a0<\/strong><strong>pasear\u00e1s por la\u00a0<\/strong><strong>Zona Colonial<\/strong><strong>\u00a0para ver los monumentos y la arquitectura m\u00e1s destacados<\/strong>. Descubrir\u00e1s c\u00f3mo viv\u00edan los conquistadores espa\u00f1oles con una visita al Alc\u00e1zar de Diego Col\u00f3n, la fortaleza donde viv\u00eda la familia del Gran Almirante.<\/p>\n<p>Tambi\u00e9n visitar\u00e1s monumentos m\u00e1s ic\u00f3nicos, como la\u00a0<strong>Universidad Aut\u00f3noma de Santo Domingo<\/strong>\u00a0(UASD), el\u00a0<strong>Palacio de Bellas Artes<\/strong>, el\u00a0<strong>Teatro Nacional Eduardo Brito<\/strong>, el\u00a0<strong>Palacio Nacional<\/strong>, la\u00a0<strong>Catedral Metropolitana Santa Mar\u00eda de la Encarnaci\u00f3n<\/strong>, la\u00a0<strong>Iglesia de los Jesuitas<\/strong>, el\u00a0<strong>Pante\u00f3n Nacional<\/strong>\u00a0y el\u00a0<strong>Parque de Col\u00f3n<\/strong>.<\/p>\n<p>Todas estas visitas pueden realmente abrir el apetito.\u00a0<strong>Qu\u00e9 mejor lugar para comer que en un restaurante tradicional en Santo Domingo<\/strong>. Despu\u00e9s, d\u00e9jate tentar por lo t\u00edpicos souvenirs que se ofrecen en las coloridas tiendas y boutiques de la\u00a0<strong>Plaza Columbus<\/strong>.<\/p>\n<p>\u00a1Santo Domingo te permitir\u00e1 dejar tu mundo atr\u00e1s y sumergirte en la magia de esta majestuosa ciudad caribe\u00f1a!<\/p>\n<h3>Qu\u00e9 incluye esta excursi\u00f3n para Zona Colonial &#8211; Santo Domingo:<\/h3>\n<ul>\n<li>Almuerzo Buffet.<\/li>\n<li>Visita en la Zona Colonial.<\/li>\n<li>Visita al Mercado Artesanal.<\/li>\n<li>Entradas a los monumentos nacionales y al Parque Los Tres Ojos.<\/li>\n<li>Gu\u00eda nacional de turismo.<\/li>\n<li>Seguro de accidentes incluido en las excursiones en Punta Cana.<\/li>\n<li>El seguro de accidentes (Asistencia en Viaje), incluido al contratar vuestro viaje os cubre de accidentes en cualquiera de nuestras excursiones en Punta Cana (con excepci\u00f3n del BUCEO para el que contamos con un seguro aparte).<\/li>\n<\/ul>\n<div class=\"ast-oembed-container \" style=\"height: 100%;\"><iframe loading=\"lazy\" title=\"Walking Santo Domingo (Zona Colonial) | Dominican Republic Real Streets Tour\" width=\"500\" height=\"281\" src=\"https:\/\/www.youtube.com\/embed\/3xE-rJK8f90?feature=oembed\" frameborder=\"0\" allow=\"accelerometer; autoplay; clipboard-write; encrypted-media; gyroscope; picture-in-picture; web-share\" referrerpolicy=\"strict-origin-when-cross-origin\" allowfullscreen><\/iframe><\/div>\n","protected":false},"excerpt":{"rendered":"<p>Santo Domingo de Guzm\u00e1n es, sin duda, una de las ciudades m\u00e1s fascinantes del Caribe, y la primera ciudad fundada en el Nuevo Mundo en 1496. Esta hermosa ciudad capital, ubicada a dos horas y media de Punta Cana, te invita a explorar sus encantos, y con nuestra excursi\u00f3n lo conseguir\u00e1s. Nuestra Nuestro recorrido inicia [&hellip;]<\/p>\n","protected":false},"featured_media":4617,"comment_status":"open","ping_status":"closed","template":"","meta":{"content-type":"","_uag_custom_page_level_css":"","site-sidebar-layout":"no-sidebar","site-content-layout":"default","ast-site-content-layout":"default","site-content-style":"default","site-sidebar-style":"default","ast-global-header-display":"","ast-banner-title-visibility":"","ast-main-header-display":"","ast-hfb-above-header-display":"","ast-hfb-below-header-display":"","ast-hfb-mobile-header-display":"","site-post-title":"","ast-breadcrumbs-content":"","ast-featured-img":"","footer-sml-layout":"","theme-transparent-header-meta":"default","adv-header-id-meta":"","stick-header-meta":"","header-above-stick-meta":"","header-main-stick-meta":"","header-below-stick-meta":"","astra-migrate-meta-layouts":"set","ast-page-background-enabled":"default","ast-page-background-meta":{"desktop":{"background-color":"","background-image":"","background-repeat":"repeat","background-position":"center center","background-size":"auto","background-attachment":"scroll","background-type":"","background-media":"","overlay-type":"","overlay-color":"","overlay-opacity":"","overlay-gradient":""},"tablet":{"background-color":"","background-image":"","background-repeat":"repeat","background-position":"center center","background-size":"auto","background-attachment":"scroll","background-type":"","background-media":"","overlay-type":"","overlay-color":"","overlay-opacity":"","overlay-gradient":""},"mobile":{"background-color":"","background-image":"","background-repeat":"repeat","background-position":"center center","background-size":"auto","background-attachment":"scroll","background-type":"","background-media":"","overlay-type":"","overlay-color":"","overlay-opacity":"","overlay-gradient":""}},"ast-content-background-meta":{"desktop":{"background-color":"var(--ast-global-color-5)","background-image":"","background-repeat":"repeat","background-position":"center center","background-size":"auto","background-attachment":"scroll","background-type":"","background-media":"","overlay-type":"","overlay-color":"","overlay-opacity":"","overlay-gradient":""},"tablet":{"background-color":"var(--ast-global-color-5)","background-image":"","background-repeat":"repeat","background-position":"center center","background-size":"auto","background-attachment":"scroll","background-type":"","background-media":"","overlay-type":"","overlay-color":"","overlay-opacity":"","overlay-gradient":""},"mobile":{"background-color":"var(--ast-global-color-5)","background-image":"","background-repeat":"repeat","background-position":"center center","background-size":"auto","background-attachment":"scroll","background-type":"","background-media":"","overlay-type":"","overlay-color":"","overlay-opacity":"","overlay-gradient":""}}},"product_cat":[44],"product_tag":[70],"class_list":{"0":"post-4430","1":"product","2":"type-product","3":"status-publish","4":"has-post-thumbnail","6":"product_cat-excursiones","7":"product_tag-por-tierra","8":"wt_location-punta-cana","9":"wt_location-santo-domingo","10":"desktop-align-left","11":"tablet-align-left","12":"mobile-align-left","14":"first","15":"instock","16":"sale","17":"sold-individually","18":"shipping-taxable","19":"purchasable","20":"product-type-simple"},"uagb_featured_image_src":{"full":["https:\/\/potetourstransferpuntacana.com\/wp-content\/uploads\/2021\/03\/City-Tours-Zona-Colonial-Tour-Santo-Domingo-1357x905px-Stay-Happy-RD.jpg",1357,905,false],"thumbnail":["https:\/\/potetourstransferpuntacana.com\/wp-content\/uploads\/2021\/03\/City-Tours-Zona-Colonial-Tour-Santo-Domingo-1357x905px-Stay-Happy-RD.jpg",128,85,false],"medium":["https:\/\/potetourstransferpuntacana.com\/wp-content\/uploads\/2021\/03\/City-Tours-Zona-Colonial-Tour-Santo-Domingo-1357x905px-Stay-Happy-RD.jpg",1357,905,false],"medium_large":["https:\/\/potetourstransferpuntacana.com\/wp-content\/uploads\/2021\/03\/City-Tours-Zona-Colonial-Tour-Santo-Domingo-1357x905px-Stay-Happy-RD-768x512.jpg",768,512,true],"large":["https:\/\/potetourstransferpuntacana.com\/wp-content\/uploads\/2021\/03\/City-Tours-Zona-Colonial-Tour-Santo-Domingo-1357x905px-Stay-Happy-RD.jpg",1357,905,false],"1536x1536":["https:\/\/potetourstransferpuntacana.com\/wp-content\/uploads\/2021\/03\/City-Tours-Zona-Colonial-Tour-Santo-Domingo-1357x905px-Stay-Happy-RD.jpg",1357,905,false],"2048x2048":["https:\/\/potetourstransferpuntacana.com\/wp-content\/uploads\/2021\/03\/City-Tours-Zona-Colonial-Tour-Santo-Domingo-1357x905px-Stay-Happy-RD.jpg",1357,905,false],"thumb_150x160":["https:\/\/potetourstransferpuntacana.com\/wp-content\/uploads\/2021\/03\/City-Tours-Zona-Colonial-Tour-Santo-Domingo-1357x905px-Stay-Happy-RD-150x160.jpg",150,160,true],"thumb_100x150":["https:\/\/potetourstransferpuntacana.com\/wp-content\/uploads\/2021\/03\/City-Tours-Zona-Colonial-Tour-Santo-Domingo-1357x905px-Stay-Happy-RD-100x150.jpg",100,150,true],"wethumb_204x153":["https:\/\/potetourstransferpuntacana.com\/wp-content\/uploads\/2021\/03\/City-Tours-Zona-Colonial-Tour-Santo-Domingo-1357x905px-Stay-Happy-RD-204x153.jpg",204,153,true],"wethumb_460x307":["https:\/\/potetourstransferpuntacana.com\/wp-content\/uploads\/2021\/03\/City-Tours-Zona-Colonial-Tour-Santo-Domingo-1357x905px-Stay-Happy-RD-460x307.jpg",460,307,true],"wethumb_85x85":["https:\/\/potetourstransferpuntacana.com\/wp-content\/uploads\/2021\/03\/City-Tours-Zona-Colonial-Tour-Santo-Domingo-1357x905px-Stay-Happy-RD-85x85.jpg",85,85,true],"woocommerce_thumbnail":["https:\/\/potetourstransferpuntacana.com\/wp-content\/uploads\/2021\/03\/City-Tours-Zona-Colonial-Tour-Santo-Domingo-1357x905px-Stay-Happy-RD-300x300.jpg",300,300,true],"woocommerce_single":["https:\/\/potetourstransferpuntacana.com\/wp-content\/uploads\/2021\/03\/City-Tours-Zona-Colonial-Tour-Santo-Domingo-1357x905px-Stay-Happy-RD-600x400.jpg",600,400,true],"woocommerce_gallery_thumbnail":["https:\/\/potetourstransferpuntacana.com\/wp-content\/uploads\/2021\/03\/City-Tours-Zona-Colonial-Tour-Santo-Domingo-1357x905px-Stay-Happy-RD-100x100.jpg",100,100,true]},"uagb_author_info":{"display_name":"KELYN MEJIA","author_link":"https:\/\/potetourstransferpuntacana.com\/?author=0"},"uagb_comment_info":0,"uagb_excerpt":"Santo Domingo de Guzm\u00e1n es, sin duda, una de las ciudades m\u00e1s fascinantes del Caribe, y la primera ciudad fundada en el Nuevo Mundo en 1496. Esta hermosa ciudad capital, ubicada a dos horas y media de Punta Cana, te invita a explorar sus encantos, y con nuestra excursi\u00f3n lo conseguir\u00e1s. Nuestra Nuestro recorrido inicia&hellip;","_links":{"self":[{"href":"https:\/\/potetourstransferpuntacana.com\/index.php?rest_route=\/wp\/v2\/product\/4430","targetHints":{"allow":["GET"]}}],"collection":[{"href":"https:\/\/potetourstransferpuntacana.com\/index.php?rest_route=\/wp\/v2\/product"}],"about":[{"href":"https:\/\/potetourstransferpuntacana.com\/index.php?rest_route=\/wp\/v2\/types\/product"}],"replies":[{"embeddable":true,"href":"https:\/\/potetourstransferpuntacana.com\/index.php?rest_route=%2Fwp%2Fv2%2Fcomments&post=4430"}],"wp:featuredmedia":[{"embeddable":true,"href":"https:\/\/potetourstransferpuntacana.com\/index.php?rest_route=\/wp\/v2\/media\/4617"}],"wp:attachment":[{"href":"https:\/\/potetourstransferpuntacana.com\/index.php?rest_route=%2Fwp%2Fv2%2Fmedia&parent=4430"}],"wp:term":[{"taxonomy":"product_cat","embeddable":true,"href":"https:\/\/potetourstransferpuntacana.com\/index.php?rest_route=%2Fwp%2Fv2%2Fproduct_cat&post=4430"},{"taxonomy":"product_tag","embeddable":true,"href":"https:\/\/potetourstransferpuntacana.com\/index.php?rest_route=%2Fwp%2Fv2%2Fproduct_tag&post=4430"}],"curies":[{"name":"wp","href":"https:\/\/api.w.org\/{rel}","templated":true}]}}