{"id":4426,"date":"2021-04-20T21:30:02","date_gmt":"2021-04-21T01:30:02","guid":{"rendered":"https:\/\/potetourstransferpuntacana.com\/?post_type=product&#038;p=4426"},"modified":"2021-05-30T21:37:29","modified_gmt":"2021-05-31T01:37:29","slug":"parasail-en-bavaro","status":"publish","type":"product","link":"https:\/\/potetourstransferpuntacana.com\/?product=parasail-en-bavaro","title":{"rendered":"Parasail en B\u00e1varo"},"content":{"rendered":"<p>\u00bfAlguna vez has so\u00f1ado con volar en el cielo? Esta es tu oportunidad! En esta actividad, tu parasail se sujeta firmemente a una lancha de alta velocidad que navegar\u00e1 a lo largo de la costa de Playa B\u00e1varo.<\/p>\n<p>Marav\u00edllate con espectaculares vistas a\u00e9reas de Punta Cana, con sus aguas color turquesa y sus playas de arenas blancas y palmeras, y siente la sensaci\u00f3n de libertad de estar en el aire. En pocas palabras: una experiencia absolutamente impresionante y divertida para todos los miembros de la familia!<\/p>\n<p><strong>Imagina que eres levantado a m\u00e1s de 40 metros en el aire, el viento fresco acariciando tu cara mientras te relajas con una vista espectacular.<\/strong>\u00a0Deja de imaginar y \u00fanete a nosotros en la m\u00e1s emocionante excursi\u00f3n en parapente o parasail, una experiencia verdaderamente inolvidable.<\/p>\n<h3>Qu\u00e9 incluye esta excursi\u00f3n a Dolphin Funtastic:<\/h3>\n<ul>\n<li>Duraci\u00f3n 40 minutos.<\/li>\n<li>N\u00famero m\u00e1ximo de personas por grupo: 20.<\/li>\n<li>Actividad con un delf\u00edn.<\/li>\n<li>Edad recomendada: de 1 a 99.<\/li>\n<li><strong>Nado:<\/strong> Principiantes.<\/li>\n<li>Las embarazadas pueden realizar el nado hasta los seis meses de gestaci\u00f3n.<\/li>\n<li>INCLUYE SHOW LEON MARINO Y SHOW CON AVES.<\/li>\n<li>Seguro de accidentes incluido en las excursiones en Punta Cana.<\/li>\n<\/ul>\n<div class=\"ast-oembed-container \" style=\"height: 100%;\"><iframe loading=\"lazy\" title=\"Parasailing Punta Cana 2019\" width=\"500\" height=\"281\" src=\"https:\/\/www.youtube.com\/embed\/NhKXA4Vh0Ek?feature=oembed\" frameborder=\"0\" allow=\"accelerometer; autoplay; clipboard-write; encrypted-media; gyroscope; picture-in-picture; web-share\" referrerpolicy=\"strict-origin-when-cross-origin\" allowfullscreen><\/iframe><\/div>\n","protected":false},"excerpt":{"rendered":"<p>\u00bfAlguna vez has so\u00f1ado con volar en el cielo? Esta es tu oportunidad! En esta actividad, tu parasail se sujeta firmemente a una lancha de alta velocidad que navegar\u00e1 a lo largo de la costa de Playa B\u00e1varo. Marav\u00edllate con espectaculares vistas a\u00e9reas de Punta Cana, con sus aguas color turquesa y sus playas de [&hellip;]<\/p>\n","protected":false},"featured_media":4621,"comment_status":"open","ping_status":"closed","template":"","meta":{"content-type":"","_uag_custom_page_level_css":"","site-sidebar-layout":"no-sidebar","site-content-layout":"default","ast-site-content-layout":"","site-content-style":"default","site-sidebar-style":"default","ast-global-header-display":"","ast-banner-title-visibility":"","ast-main-header-display":"","ast-hfb-above-header-display":"","ast-hfb-below-header-display":"","ast-hfb-mobile-header-display":"","site-post-title":"","ast-breadcrumbs-content":"","ast-featured-img":"","footer-sml-layout":"","theme-transparent-header-meta":"default","adv-header-id-meta":"","stick-header-meta":"","header-above-stick-meta":"","header-main-stick-meta":"","header-below-stick-meta":"","astra-migrate-meta-layouts":"default","ast-page-background-enabled":"default","ast-page-background-meta":{"desktop":{"background-color":"","background-image":"","background-repeat":"repeat","background-position":"center center","background-size":"auto","background-attachment":"scroll","background-type":"","background-media":"","overlay-type":"","overlay-color":"","overlay-opacity":"","overlay-gradient":""},"tablet":{"background-color":"","background-image":"","background-repeat":"repeat","background-position":"center center","background-size":"auto","background-attachment":"scroll","background-type":"","background-media":"","overlay-type":"","overlay-color":"","overlay-opacity":"","overlay-gradient":""},"mobile":{"background-color":"","background-image":"","background-repeat":"repeat","background-position":"center center","background-size":"auto","background-attachment":"scroll","background-type":"","background-media":"","overlay-type":"","overlay-color":"","overlay-opacity":"","overlay-gradient":""}},"ast-content-background-meta":{"desktop":{"background-color":"var(--ast-global-color-5)","background-image":"","background-repeat":"repeat","background-position":"center center","background-size":"auto","background-attachment":"scroll","background-type":"","background-media":"","overlay-type":"","overlay-color":"","overlay-opacity":"","overlay-gradient":""},"tablet":{"background-color":"var(--ast-global-color-5)","background-image":"","background-repeat":"repeat","background-position":"center center","background-size":"auto","background-attachment":"scroll","background-type":"","background-media":"","overlay-type":"","overlay-color":"","overlay-opacity":"","overlay-gradient":""},"mobile":{"background-color":"var(--ast-global-color-5)","background-image":"","background-repeat":"repeat","background-position":"center center","background-size":"auto","background-attachment":"scroll","background-type":"","background-media":"","overlay-type":"","overlay-color":"","overlay-opacity":"","overlay-gradient":""}}},"product_cat":[44],"product_tag":[59,58],"class_list":{"0":"post-4426","1":"product","2":"type-product","3":"status-publish","4":"has-post-thumbnail","6":"product_cat-excursiones","7":"product_tag-por-aire","8":"product_tag-por-mar","9":"wt_location-punta-cana","10":"desktop-align-left","11":"tablet-align-left","12":"mobile-align-left","14":"first","15":"instock","16":"sold-individually","17":"shipping-taxable","18":"purchasable","19":"product-type-simple"},"uagb_featured_image_src":{"full":["https:\/\/potetourstransferpuntacana.com\/wp-content\/uploads\/2021\/03\/PARASAIL-EN-BAVARO-TOUR-PUNTA-CANA-EXCURSION-1357x905px-STAY-HAPPY-RD-1.jpg",1357,905,false],"thumbnail":["https:\/\/potetourstransferpuntacana.com\/wp-content\/uploads\/2021\/03\/PARASAIL-EN-BAVARO-TOUR-PUNTA-CANA-EXCURSION-1357x905px-STAY-HAPPY-RD-1.jpg",128,85,false],"medium":["https:\/\/potetourstransferpuntacana.com\/wp-content\/uploads\/2021\/03\/PARASAIL-EN-BAVARO-TOUR-PUNTA-CANA-EXCURSION-1357x905px-STAY-HAPPY-RD-1.jpg",1357,905,false],"medium_large":["https:\/\/potetourstransferpuntacana.com\/wp-content\/uploads\/2021\/03\/PARASAIL-EN-BAVARO-TOUR-PUNTA-CANA-EXCURSION-1357x905px-STAY-HAPPY-RD-1-768x512.jpg",768,512,true],"large":["https:\/\/potetourstransferpuntacana.com\/wp-content\/uploads\/2021\/03\/PARASAIL-EN-BAVARO-TOUR-PUNTA-CANA-EXCURSION-1357x905px-STAY-HAPPY-RD-1.jpg",1357,905,false],"1536x1536":["https:\/\/potetourstransferpuntacana.com\/wp-content\/uploads\/2021\/03\/PARASAIL-EN-BAVARO-TOUR-PUNTA-CANA-EXCURSION-1357x905px-STAY-HAPPY-RD-1.jpg",1357,905,false],"2048x2048":["https:\/\/potetourstransferpuntacana.com\/wp-content\/uploads\/2021\/03\/PARASAIL-EN-BAVARO-TOUR-PUNTA-CANA-EXCURSION-1357x905px-STAY-HAPPY-RD-1.jpg",1357,905,false],"thumb_150x160":["https:\/\/potetourstransferpuntacana.com\/wp-content\/uploads\/2021\/03\/PARASAIL-EN-BAVARO-TOUR-PUNTA-CANA-EXCURSION-1357x905px-STAY-HAPPY-RD-1-150x160.jpg",150,160,true],"thumb_100x150":["https:\/\/potetourstransferpuntacana.com\/wp-content\/uploads\/2021\/03\/PARASAIL-EN-BAVARO-TOUR-PUNTA-CANA-EXCURSION-1357x905px-STAY-HAPPY-RD-1-100x150.jpg",100,150,true],"wethumb_204x153":["https:\/\/potetourstransferpuntacana.com\/wp-content\/uploads\/2021\/03\/PARASAIL-EN-BAVARO-TOUR-PUNTA-CANA-EXCURSION-1357x905px-STAY-HAPPY-RD-1-204x153.jpg",204,153,true],"wethumb_460x307":["https:\/\/potetourstransferpuntacana.com\/wp-content\/uploads\/2021\/03\/PARASAIL-EN-BAVARO-TOUR-PUNTA-CANA-EXCURSION-1357x905px-STAY-HAPPY-RD-1-460x307.jpg",460,307,true],"wethumb_85x85":["https:\/\/potetourstransferpuntacana.com\/wp-content\/uploads\/2021\/03\/PARASAIL-EN-BAVARO-TOUR-PUNTA-CANA-EXCURSION-1357x905px-STAY-HAPPY-RD-1-85x85.jpg",85,85,true],"woocommerce_thumbnail":["https:\/\/potetourstransferpuntacana.com\/wp-content\/uploads\/2021\/03\/PARASAIL-EN-BAVARO-TOUR-PUNTA-CANA-EXCURSION-1357x905px-STAY-HAPPY-RD-1-300x300.jpg",300,300,true],"woocommerce_single":["https:\/\/potetourstransferpuntacana.com\/wp-content\/uploads\/2021\/03\/PARASAIL-EN-BAVARO-TOUR-PUNTA-CANA-EXCURSION-1357x905px-STAY-HAPPY-RD-1-600x400.jpg",600,400,true],"woocommerce_gallery_thumbnail":["https:\/\/potetourstransferpuntacana.com\/wp-content\/uploads\/2021\/03\/PARASAIL-EN-BAVARO-TOUR-PUNTA-CANA-EXCURSION-1357x905px-STAY-HAPPY-RD-1-100x100.jpg",100,100,true]},"uagb_author_info":{"display_name":"KELYN MEJIA","author_link":"https:\/\/potetourstransferpuntacana.com\/?author=0"},"uagb_comment_info":0,"uagb_excerpt":"\u00bfAlguna vez has so\u00f1ado con volar en el cielo? Esta es tu oportunidad! En esta actividad, tu parasail se sujeta firmemente a una lancha de alta velocidad que navegar\u00e1 a lo largo de la costa de Playa B\u00e1varo. Marav\u00edllate con espectaculares vistas a\u00e9reas de Punta Cana, con sus aguas color turquesa y sus playas de&hellip;","_links":{"self":[{"href":"https:\/\/potetourstransferpuntacana.com\/index.php?rest_route=\/wp\/v2\/product\/4426","targetHints":{"allow":["GET"]}}],"collection":[{"href":"https:\/\/potetourstransferpuntacana.com\/index.php?rest_route=\/wp\/v2\/product"}],"about":[{"href":"https:\/\/potetourstransferpuntacana.com\/index.php?rest_route=\/wp\/v2\/types\/product"}],"replies":[{"embeddable":true,"href":"https:\/\/potetourstransferpuntacana.com\/index.php?rest_route=%2Fwp%2Fv2%2Fcomments&post=4426"}],"wp:featuredmedia":[{"embeddable":true,"href":"https:\/\/potetourstransferpuntacana.com\/index.php?rest_route=\/wp\/v2\/media\/4621"}],"wp:attachment":[{"href":"https:\/\/potetourstransferpuntacana.com\/index.php?rest_route=%2Fwp%2Fv2%2Fmedia&parent=4426"}],"wp:term":[{"taxonomy":"product_cat","embeddable":true,"href":"https:\/\/potetourstransferpuntacana.com\/index.php?rest_route=%2Fwp%2Fv2%2Fproduct_cat&post=4426"},{"taxonomy":"product_tag","embeddable":true,"href":"https:\/\/potetourstransferpuntacana.com\/index.php?rest_route=%2Fwp%2Fv2%2Fproduct_tag&post=4426"}],"curies":[{"name":"wp","href":"https:\/\/api.w.org\/{rel}","templated":true}]}}