{"id":4420,"date":"2021-04-19T21:15:43","date_gmt":"2021-04-20T01:15:43","guid":{"rendered":"https:\/\/potetourstransferpuntacana.com\/?post_type=product&#038;p=4420"},"modified":"2021-05-30T21:38:04","modified_gmt":"2021-05-31T01:38:04","slug":"dolphin-basico","status":"publish","type":"product","link":"https:\/\/potetourstransferpuntacana.com\/?product=dolphin-basico","title":{"rendered":"Dolphin B\u00e1sico"},"content":{"rendered":"<p>Los delfines son mam\u00edferos marinos extremadamente inteligentes y juguetones. \u00bfAlguna vez has fantaseado con nadar junto a uno de ellos? \u00a1Con esta excursi\u00f3n ahora puedes<strong>! Una aventura sin igual para grandes y chicos!<\/strong>\u00a0Una experiencia inolvidable nadando con delfines en las cristalinas aguas de Punta Cana.<\/p>\n<p><strong>El Parque Dolphin<\/strong>\u00a0es el lugar indicado para pasar un d\u00eda distinto, un parque natural ubicado en Punta Cana, cuyo atractivo principal es el nado e interacci\u00f3n con delfines en el mar. Una actividad fuera de lo com\u00fan llena de intensas emociones, en la que no s\u00f3lo podr\u00e1s nadar e interactuar con amistosos delfines y lobos marinos sino tambi\u00e9n ver tiburones, mantarrayas y aves tropicales en su h\u00e1bitat natural.<\/p>\n<p><strong>Este programa es ideal para disfrutar con los m\u00e1s peque\u00f1os dado que no es necesario saber nadar, todos pueden participar.<\/strong><\/p>\n<p>Entra en el agua e interactua con este maravilloso animal! Una de las experiencias m\u00e1s memorables que tendr\u00e1s en tu vida. El intelecto, la belleza y la agilidad de los delfines son simplemente notables, y estamos seguros que con esta experiencia desarrollar\u00e1s un mayor aprecio y respeto por estos majestuosos animales marinos.<\/p>\n<p>Para que no tengas que preocuparte por nada, te pasar\u00e1n a recoger por el hotel de B\u00e1varo-Punta Cana donde est\u00e9s alojado y al final te regresar\u00e1n al hotel de origen.<\/p>\n<p>Al llegar al Parque Dolphin, te explicar\u00e1n las normas b\u00e1sicas para tu convivencia con delfines y otros animales.<\/p>\n<p>Ya en el agua\u00a0<strong>-recuerda que no es necesario saber nadar-<\/strong>\u00a0y durante 40 minutos tendr\u00e1s un contacto directo con uno de nuestros simp\u00e1ticos delfines, en el transcurso de los cuales este alegre mam\u00edfero te dar\u00e1 la bienvenida con sus amigables aletas y podr\u00e1s disfrutar de un m\u00e1gico momento al besar a un delf\u00edn.<\/p>\n<p>Vive la emoci\u00f3n de jugar con ellos como si fueras un entrenador, mientras nuestro personal te ense\u00f1a sobre su anatom\u00eda, su h\u00e1bitat y su dieta. Disfruta las habilidades de estos majestuosos mam\u00edferos que te agradecer\u00e1n tu visita mediante una serie de aplausos, acrobacias y una cari\u00f1osa despedida.<\/p>\n<p><strong>Si vienes con ni\u00f1os de vacaciones a Punta Cana, no te puedes perder esta fant\u00e1stica experiencia!<\/strong><\/p>\n<h3>Qu\u00e9 incluye esta excursi\u00f3n a Dolphin Funtastic:<\/h3>\n<ul>\n<li>Duraci\u00f3n 40 minutos.<\/li>\n<li>N\u00famero m\u00e1ximo de personas por grupo: 20.<\/li>\n<li>Actividad con un delf\u00edn.<\/li>\n<li>Edad recomendada: de 1 a 99.<\/li>\n<li>Nado: Principiantes.<\/li>\n<li>Las embarazadas pueden realizar el nado hasta los seis meses de gestaci\u00f3n.<\/li>\n<li>INCLUYE SHOW LEON MARINO Y SHOW CON AVES.<\/li>\n<li>Seguro de accidentes incluido en las excursiones en Punta Cana.<\/li>\n<\/ul>\n<div class=\"ast-oembed-container \" style=\"height: 100%;\"><iframe loading=\"lazy\" title=\"Dolphin Explorer Punta Cana excellence.mov\" width=\"500\" height=\"375\" src=\"https:\/\/www.youtube.com\/embed\/rcbiPQR8pBs?feature=oembed\" frameborder=\"0\" allow=\"accelerometer; autoplay; clipboard-write; encrypted-media; gyroscope; picture-in-picture; web-share\" referrerpolicy=\"strict-origin-when-cross-origin\" allowfullscreen><\/iframe><\/div>\n","protected":false},"excerpt":{"rendered":"<p>Los delfines son mam\u00edferos marinos extremadamente inteligentes y juguetones. \u00bfAlguna vez has fantaseado con nadar junto a uno de ellos? \u00a1Con esta excursi\u00f3n ahora puedes! Una aventura sin igual para grandes y chicos!\u00a0Una experiencia inolvidable nadando con delfines en las cristalinas aguas de Punta Cana. El Parque Dolphin\u00a0es el lugar indicado para pasar un d\u00eda [&hellip;]<\/p>\n","protected":false},"featured_media":4646,"comment_status":"open","ping_status":"closed","template":"","meta":{"content-type":"","_uag_custom_page_level_css":"","site-sidebar-layout":"no-sidebar","site-content-layout":"default","ast-site-content-layout":"","site-content-style":"default","site-sidebar-style":"default","ast-global-header-display":"","ast-banner-title-visibility":"","ast-main-header-display":"","ast-hfb-above-header-display":"","ast-hfb-below-header-display":"","ast-hfb-mobile-header-display":"","site-post-title":"","ast-breadcrumbs-content":"","ast-featured-img":"","footer-sml-layout":"","theme-transparent-header-meta":"default","adv-header-id-meta":"","stick-header-meta":"","header-above-stick-meta":"","header-main-stick-meta":"","header-below-stick-meta":"","astra-migrate-meta-layouts":"default","ast-page-background-enabled":"default","ast-page-background-meta":{"desktop":{"background-color":"","background-image":"","background-repeat":"repeat","background-position":"center center","background-size":"auto","background-attachment":"scroll","background-type":"","background-media":"","overlay-type":"","overlay-color":"","overlay-opacity":"","overlay-gradient":""},"tablet":{"background-color":"","background-image":"","background-repeat":"repeat","background-position":"center center","background-size":"auto","background-attachment":"scroll","background-type":"","background-media":"","overlay-type":"","overlay-color":"","overlay-opacity":"","overlay-gradient":""},"mobile":{"background-color":"","background-image":"","background-repeat":"repeat","background-position":"center center","background-size":"auto","background-attachment":"scroll","background-type":"","background-media":"","overlay-type":"","overlay-color":"","overlay-opacity":"","overlay-gradient":""}},"ast-content-background-meta":{"desktop":{"background-color":"var(--ast-global-color-5)","background-image":"","background-repeat":"repeat","background-position":"center center","background-size":"auto","background-attachment":"scroll","background-type":"","background-media":"","overlay-type":"","overlay-color":"","overlay-opacity":"","overlay-gradient":""},"tablet":{"background-color":"var(--ast-global-color-5)","background-image":"","background-repeat":"repeat","background-position":"center center","background-size":"auto","background-attachment":"scroll","background-type":"","background-media":"","overlay-type":"","overlay-color":"","overlay-opacity":"","overlay-gradient":""},"mobile":{"background-color":"var(--ast-global-color-5)","background-image":"","background-repeat":"repeat","background-position":"center center","background-size":"auto","background-attachment":"scroll","background-type":"","background-media":"","overlay-type":"","overlay-color":"","overlay-opacity":"","overlay-gradient":""}}},"product_cat":[44],"product_tag":[58],"class_list":{"0":"post-4420","1":"product","2":"type-product","3":"status-publish","4":"has-post-thumbnail","6":"product_cat-excursiones","7":"product_tag-por-mar","8":"wt_location-punta-cana","9":"desktop-align-left","10":"tablet-align-left","11":"mobile-align-left","13":"first","14":"instock","15":"sale","16":"sold-individually","17":"shipping-taxable","18":"purchasable","19":"product-type-simple"},"uagb_featured_image_src":{"full":["https:\/\/potetourstransferpuntacana.com\/wp-content\/uploads\/2021\/03\/Dolphin-Basico-Punta-Cana-Tour-Excursion-1357x905px-Stayhappyrd-1.jpg",1357,905,false],"thumbnail":["https:\/\/potetourstransferpuntacana.com\/wp-content\/uploads\/2021\/03\/Dolphin-Basico-Punta-Cana-Tour-Excursion-1357x905px-Stayhappyrd-1.jpg",128,85,false],"medium":["https:\/\/potetourstransferpuntacana.com\/wp-content\/uploads\/2021\/03\/Dolphin-Basico-Punta-Cana-Tour-Excursion-1357x905px-Stayhappyrd-1.jpg",1357,905,false],"medium_large":["https:\/\/potetourstransferpuntacana.com\/wp-content\/uploads\/2021\/03\/Dolphin-Basico-Punta-Cana-Tour-Excursion-1357x905px-Stayhappyrd-1-768x512.jpg",768,512,true],"large":["https:\/\/potetourstransferpuntacana.com\/wp-content\/uploads\/2021\/03\/Dolphin-Basico-Punta-Cana-Tour-Excursion-1357x905px-Stayhappyrd-1.jpg",1357,905,false],"1536x1536":["https:\/\/potetourstransferpuntacana.com\/wp-content\/uploads\/2021\/03\/Dolphin-Basico-Punta-Cana-Tour-Excursion-1357x905px-Stayhappyrd-1.jpg",1357,905,false],"2048x2048":["https:\/\/potetourstransferpuntacana.com\/wp-content\/uploads\/2021\/03\/Dolphin-Basico-Punta-Cana-Tour-Excursion-1357x905px-Stayhappyrd-1.jpg",1357,905,false],"thumb_150x160":["https:\/\/potetourstransferpuntacana.com\/wp-content\/uploads\/2021\/03\/Dolphin-Basico-Punta-Cana-Tour-Excursion-1357x905px-Stayhappyrd-1-150x160.jpg",150,160,true],"thumb_100x150":["https:\/\/potetourstransferpuntacana.com\/wp-content\/uploads\/2021\/03\/Dolphin-Basico-Punta-Cana-Tour-Excursion-1357x905px-Stayhappyrd-1-100x150.jpg",100,150,true],"wethumb_204x153":["https:\/\/potetourstransferpuntacana.com\/wp-content\/uploads\/2021\/03\/Dolphin-Basico-Punta-Cana-Tour-Excursion-1357x905px-Stayhappyrd-1-204x153.jpg",204,153,true],"wethumb_460x307":["https:\/\/potetourstransferpuntacana.com\/wp-content\/uploads\/2021\/03\/Dolphin-Basico-Punta-Cana-Tour-Excursion-1357x905px-Stayhappyrd-1-460x307.jpg",460,307,true],"wethumb_85x85":["https:\/\/potetourstransferpuntacana.com\/wp-content\/uploads\/2021\/03\/Dolphin-Basico-Punta-Cana-Tour-Excursion-1357x905px-Stayhappyrd-1-85x85.jpg",85,85,true],"woocommerce_thumbnail":["https:\/\/potetourstransferpuntacana.com\/wp-content\/uploads\/2021\/03\/Dolphin-Basico-Punta-Cana-Tour-Excursion-1357x905px-Stayhappyrd-1-300x300.jpg",300,300,true],"woocommerce_single":["https:\/\/potetourstransferpuntacana.com\/wp-content\/uploads\/2021\/03\/Dolphin-Basico-Punta-Cana-Tour-Excursion-1357x905px-Stayhappyrd-1-600x400.jpg",600,400,true],"woocommerce_gallery_thumbnail":["https:\/\/potetourstransferpuntacana.com\/wp-content\/uploads\/2021\/03\/Dolphin-Basico-Punta-Cana-Tour-Excursion-1357x905px-Stayhappyrd-1-100x100.jpg",100,100,true]},"uagb_author_info":{"display_name":"KELYN MEJIA","author_link":"https:\/\/potetourstransferpuntacana.com\/?author=0"},"uagb_comment_info":0,"uagb_excerpt":"Los delfines son mam\u00edferos marinos extremadamente inteligentes y juguetones. \u00bfAlguna vez has fantaseado con nadar junto a uno de ellos? \u00a1Con esta excursi\u00f3n ahora puedes! Una aventura sin igual para grandes y chicos!\u00a0Una experiencia inolvidable nadando con delfines en las cristalinas aguas de Punta Cana. El Parque Dolphin\u00a0es el lugar indicado para pasar un d\u00eda&hellip;","_links":{"self":[{"href":"https:\/\/potetourstransferpuntacana.com\/index.php?rest_route=\/wp\/v2\/product\/4420","targetHints":{"allow":["GET"]}}],"collection":[{"href":"https:\/\/potetourstransferpuntacana.com\/index.php?rest_route=\/wp\/v2\/product"}],"about":[{"href":"https:\/\/potetourstransferpuntacana.com\/index.php?rest_route=\/wp\/v2\/types\/product"}],"replies":[{"embeddable":true,"href":"https:\/\/potetourstransferpuntacana.com\/index.php?rest_route=%2Fwp%2Fv2%2Fcomments&post=4420"}],"wp:featuredmedia":[{"embeddable":true,"href":"https:\/\/potetourstransferpuntacana.com\/index.php?rest_route=\/wp\/v2\/media\/4646"}],"wp:attachment":[{"href":"https:\/\/potetourstransferpuntacana.com\/index.php?rest_route=%2Fwp%2Fv2%2Fmedia&parent=4420"}],"wp:term":[{"taxonomy":"product_cat","embeddable":true,"href":"https:\/\/potetourstransferpuntacana.com\/index.php?rest_route=%2Fwp%2Fv2%2Fproduct_cat&post=4420"},{"taxonomy":"product_tag","embeddable":true,"href":"https:\/\/potetourstransferpuntacana.com\/index.php?rest_route=%2Fwp%2Fv2%2Fproduct_tag&post=4420"}],"curies":[{"name":"wp","href":"https:\/\/api.w.org\/{rel}","templated":true}]}}