{"id":4417,"date":"2021-03-26T20:28:14","date_gmt":"2021-03-26T20:28:14","guid":{"rendered":"https:\/\/potetourstransferpuntacana.com\/?post_type=product&#038;p=4417"},"modified":"2021-04-29T18:26:27","modified_gmt":"2021-04-29T18:26:27","slug":"dolphin-intermedio","status":"publish","type":"product","link":"https:\/\/potetourstransferpuntacana.com\/?product=dolphin-intermedio","title":{"rendered":"Dolphin Intermedio"},"content":{"rendered":"<p>La experiencia Explorer de<strong>\u00a0interactuar con delfines es una de las m\u00e1s exclusivas y, seguramente, una de las m\u00e1s inolvidables de tu vida<\/strong>. Estos mam\u00edferos marinos son extremadamente inteligentes y juguetones y con esta excursi\u00f3n ahora puedes nadar junto a uno de ellos en las cristalinas aguas de Punta Cana. Una aventura sin igual para grandes y chicos!<\/p>\n<p><strong>El parque Dolphin es el lugar indicado para pasar un d\u00eda distinto, un parque natural ubicado en Punta Cana<\/strong>, cuyo atractivo principal es el nado e interacci\u00f3n con delfines en el mar.<\/p>\n<p>Una actividad fuera de lo com\u00fan llena de intensas emociones, en la que no s\u00f3lo podr\u00e1s nadar e relacionarte con los amistosos delfines sino tambi\u00e9n ver lobos marinos, tiburones, mantarrayas y aves tropicales en su h\u00e1bitat natural.<\/p>\n<p>La experiencia Explorer es una de las experiencias m\u00e1s memorables que tendr\u00e1s en tu vida. El intelecto, la belleza y la agilidad de los delfines son simplemente notables; y estamos seguros que, al regresar a casa, tendr\u00e1s un mayor aprecio y respeto por estos majestuosos animales marinos.<\/p>\n<p><strong>Con este programa pasar\u00e1s 50 minutos en el agua, a pura diversi\u00f3n junto a los delfines<\/strong>. Prep\u00e1rate para nadar con estos simp\u00e1ticos mam\u00edferos y descubrir su asombrosa fuerza, pero tambi\u00e9n su gentileza. Bailar\u00e1s y jugar\u00e1s con ellos para luego recibir un tierno beso de delf\u00edn. Adem\u00e1s realizar\u00e1s famosas interacciones como el\u00a0<strong>belly ride<\/strong>\u00a0y el\u00a0<strong>dorsal ride<\/strong>, todo en el hermoso entorno marino de Punta Cana.<\/p>\n<p>Tambi\u00e9n disfrutar\u00e1s de un show con leones marinos y otro con aves, incluidos en el paquete!<\/p>\n<p>Con un m\u00e1ximo de 12 personas por grupo y un delf\u00edn por grupo, este programa es apto para nadadores de un nivel intermedio o m\u00e1s. No se permiten embarazadas.<\/p>\n<p>\u00a1No te pierdas la hermosa excursi\u00f3n que te permitir\u00e1 la experiencia de nadar con delfines mientras est\u00e1s de vacaciones en Punta Cana!<\/p>\n<h3>Qu\u00e9 incluye esta excursi\u00f3n a Dolphin Explorer:<\/h3>\n<ul>\n<li>Este programa incluye 50 minutos de tiempo de agua con los delfines.<\/li>\n<li>Este programa est\u00e1 dise\u00f1ado para un m\u00e1ximo de 12 personas por grupo.<\/li>\n<li>Habr\u00e1 un delf\u00edn por grupo.<\/li>\n<li>Este programa est\u00e1 dise\u00f1ado para el nadador de un nivel intermedio en adelante.<\/li>\n<li><span style=\"color: #a50305;\"><strong>No se permiten embarazadas.<\/strong><\/span><\/li>\n<li>INCLUYE SHOW LEON MARINO Y SHOW CON AVES<\/li>\n<\/ul>\n<div class=\"ast-oembed-container \" style=\"height: 100%;\"><iframe loading=\"lazy\" title=\"Dolphin Explorer Punta Cana excellence.mov\" width=\"500\" height=\"375\" src=\"https:\/\/www.youtube.com\/embed\/rcbiPQR8pBs?feature=oembed\" frameborder=\"0\" allow=\"accelerometer; autoplay; clipboard-write; encrypted-media; gyroscope; picture-in-picture; web-share\" referrerpolicy=\"strict-origin-when-cross-origin\" allowfullscreen><\/iframe><\/div>\n","protected":false},"excerpt":{"rendered":"<p>La experiencia Explorer de\u00a0interactuar con delfines es una de las m\u00e1s exclusivas y, seguramente, una de las m\u00e1s inolvidables de tu vida. Estos mam\u00edferos marinos son extremadamente inteligentes y juguetones y con esta excursi\u00f3n ahora puedes nadar junto a uno de ellos en las cristalinas aguas de Punta Cana. Una aventura sin igual para grandes [&hellip;]<\/p>\n","protected":false},"featured_media":4642,"comment_status":"open","ping_status":"closed","template":"","meta":{"content-type":"","_uag_custom_page_level_css":"","site-sidebar-layout":"no-sidebar","site-content-layout":"default","ast-site-content-layout":"","site-content-style":"default","site-sidebar-style":"default","ast-global-header-display":"","ast-banner-title-visibility":"","ast-main-header-display":"","ast-hfb-above-header-display":"","ast-hfb-below-header-display":"","ast-hfb-mobile-header-display":"","site-post-title":"","ast-breadcrumbs-content":"","ast-featured-img":"","footer-sml-layout":"","theme-transparent-header-meta":"default","adv-header-id-meta":"","stick-header-meta":"","header-above-stick-meta":"","header-main-stick-meta":"","header-below-stick-meta":"","astra-migrate-meta-layouts":"default","ast-page-background-enabled":"default","ast-page-background-meta":{"desktop":{"background-color":"","background-image":"","background-repeat":"repeat","background-position":"center center","background-size":"auto","background-attachment":"scroll","background-type":"","background-media":"","overlay-type":"","overlay-color":"","overlay-opacity":"","overlay-gradient":""},"tablet":{"background-color":"","background-image":"","background-repeat":"repeat","background-position":"center center","background-size":"auto","background-attachment":"scroll","background-type":"","background-media":"","overlay-type":"","overlay-color":"","overlay-opacity":"","overlay-gradient":""},"mobile":{"background-color":"","background-image":"","background-repeat":"repeat","background-position":"center center","background-size":"auto","background-attachment":"scroll","background-type":"","background-media":"","overlay-type":"","overlay-color":"","overlay-opacity":"","overlay-gradient":""}},"ast-content-background-meta":{"desktop":{"background-color":"var(--ast-global-color-5)","background-image":"","background-repeat":"repeat","background-position":"center center","background-size":"auto","background-attachment":"scroll","background-type":"","background-media":"","overlay-type":"","overlay-color":"","overlay-opacity":"","overlay-gradient":""},"tablet":{"background-color":"var(--ast-global-color-5)","background-image":"","background-repeat":"repeat","background-position":"center center","background-size":"auto","background-attachment":"scroll","background-type":"","background-media":"","overlay-type":"","overlay-color":"","overlay-opacity":"","overlay-gradient":""},"mobile":{"background-color":"var(--ast-global-color-5)","background-image":"","background-repeat":"repeat","background-position":"center center","background-size":"auto","background-attachment":"scroll","background-type":"","background-media":"","overlay-type":"","overlay-color":"","overlay-opacity":"","overlay-gradient":""}}},"product_cat":[44],"product_tag":[58],"class_list":{"0":"post-4417","1":"product","2":"type-product","3":"status-publish","4":"has-post-thumbnail","6":"product_cat-excursiones","7":"product_tag-por-mar","8":"wt_location-punta-cana","9":"desktop-align-left","10":"tablet-align-left","11":"mobile-align-left","13":"first","14":"instock","15":"sale","16":"sold-individually","17":"shipping-taxable","18":"purchasable","19":"product-type-simple"},"uagb_featured_image_src":{"full":["https:\/\/potetourstransferpuntacana.com\/wp-content\/uploads\/2021\/03\/Dolphin-Intermedio-Punta-Cana-Tour-Excursion-1357x905px-Stayhappyrd-1.jpg",1357,905,false],"thumbnail":["https:\/\/potetourstransferpuntacana.com\/wp-content\/uploads\/2021\/03\/Dolphin-Intermedio-Punta-Cana-Tour-Excursion-1357x905px-Stayhappyrd-1.jpg",128,85,false],"medium":["https:\/\/potetourstransferpuntacana.com\/wp-content\/uploads\/2021\/03\/Dolphin-Intermedio-Punta-Cana-Tour-Excursion-1357x905px-Stayhappyrd-1.jpg",1357,905,false],"medium_large":["https:\/\/potetourstransferpuntacana.com\/wp-content\/uploads\/2021\/03\/Dolphin-Intermedio-Punta-Cana-Tour-Excursion-1357x905px-Stayhappyrd-1-768x512.jpg",768,512,true],"large":["https:\/\/potetourstransferpuntacana.com\/wp-content\/uploads\/2021\/03\/Dolphin-Intermedio-Punta-Cana-Tour-Excursion-1357x905px-Stayhappyrd-1.jpg",1357,905,false],"1536x1536":["https:\/\/potetourstransferpuntacana.com\/wp-content\/uploads\/2021\/03\/Dolphin-Intermedio-Punta-Cana-Tour-Excursion-1357x905px-Stayhappyrd-1.jpg",1357,905,false],"2048x2048":["https:\/\/potetourstransferpuntacana.com\/wp-content\/uploads\/2021\/03\/Dolphin-Intermedio-Punta-Cana-Tour-Excursion-1357x905px-Stayhappyrd-1.jpg",1357,905,false],"thumb_150x160":["https:\/\/potetourstransferpuntacana.com\/wp-content\/uploads\/2021\/03\/Dolphin-Intermedio-Punta-Cana-Tour-Excursion-1357x905px-Stayhappyrd-1-150x160.jpg",150,160,true],"thumb_100x150":["https:\/\/potetourstransferpuntacana.com\/wp-content\/uploads\/2021\/03\/Dolphin-Intermedio-Punta-Cana-Tour-Excursion-1357x905px-Stayhappyrd-1-100x150.jpg",100,150,true],"wethumb_204x153":["https:\/\/potetourstransferpuntacana.com\/wp-content\/uploads\/2021\/03\/Dolphin-Intermedio-Punta-Cana-Tour-Excursion-1357x905px-Stayhappyrd-1-204x153.jpg",204,153,true],"wethumb_460x307":["https:\/\/potetourstransferpuntacana.com\/wp-content\/uploads\/2021\/03\/Dolphin-Intermedio-Punta-Cana-Tour-Excursion-1357x905px-Stayhappyrd-1-460x307.jpg",460,307,true],"wethumb_85x85":["https:\/\/potetourstransferpuntacana.com\/wp-content\/uploads\/2021\/03\/Dolphin-Intermedio-Punta-Cana-Tour-Excursion-1357x905px-Stayhappyrd-1-85x85.jpg",85,85,true],"woocommerce_thumbnail":["https:\/\/potetourstransferpuntacana.com\/wp-content\/uploads\/2021\/03\/Dolphin-Intermedio-Punta-Cana-Tour-Excursion-1357x905px-Stayhappyrd-1-300x300.jpg",300,300,true],"woocommerce_single":["https:\/\/potetourstransferpuntacana.com\/wp-content\/uploads\/2021\/03\/Dolphin-Intermedio-Punta-Cana-Tour-Excursion-1357x905px-Stayhappyrd-1-600x400.jpg",600,400,true],"woocommerce_gallery_thumbnail":["https:\/\/potetourstransferpuntacana.com\/wp-content\/uploads\/2021\/03\/Dolphin-Intermedio-Punta-Cana-Tour-Excursion-1357x905px-Stayhappyrd-1-100x100.jpg",100,100,true]},"uagb_author_info":{"display_name":"KELYN MEJIA","author_link":"https:\/\/potetourstransferpuntacana.com\/?author=0"},"uagb_comment_info":0,"uagb_excerpt":"La experiencia Explorer de\u00a0interactuar con delfines es una de las m\u00e1s exclusivas y, seguramente, una de las m\u00e1s inolvidables de tu vida. Estos mam\u00edferos marinos son extremadamente inteligentes y juguetones y con esta excursi\u00f3n ahora puedes nadar junto a uno de ellos en las cristalinas aguas de Punta Cana. Una aventura sin igual para grandes&hellip;","_links":{"self":[{"href":"https:\/\/potetourstransferpuntacana.com\/index.php?rest_route=\/wp\/v2\/product\/4417","targetHints":{"allow":["GET"]}}],"collection":[{"href":"https:\/\/potetourstransferpuntacana.com\/index.php?rest_route=\/wp\/v2\/product"}],"about":[{"href":"https:\/\/potetourstransferpuntacana.com\/index.php?rest_route=\/wp\/v2\/types\/product"}],"replies":[{"embeddable":true,"href":"https:\/\/potetourstransferpuntacana.com\/index.php?rest_route=%2Fwp%2Fv2%2Fcomments&post=4417"}],"wp:featuredmedia":[{"embeddable":true,"href":"https:\/\/potetourstransferpuntacana.com\/index.php?rest_route=\/wp\/v2\/media\/4642"}],"wp:attachment":[{"href":"https:\/\/potetourstransferpuntacana.com\/index.php?rest_route=%2Fwp%2Fv2%2Fmedia&parent=4417"}],"wp:term":[{"taxonomy":"product_cat","embeddable":true,"href":"https:\/\/potetourstransferpuntacana.com\/index.php?rest_route=%2Fwp%2Fv2%2Fproduct_cat&post=4417"},{"taxonomy":"product_tag","embeddable":true,"href":"https:\/\/potetourstransferpuntacana.com\/index.php?rest_route=%2Fwp%2Fv2%2Fproduct_tag&post=4417"}],"curies":[{"name":"wp","href":"https:\/\/api.w.org\/{rel}","templated":true}]}}