{"id":4413,"date":"2021-03-26T17:24:24","date_gmt":"2021-03-26T17:24:24","guid":{"rendered":"https:\/\/potetourstransferpuntacana.com\/?post_type=product&#038;p=4413"},"modified":"2021-04-29T15:16:45","modified_gmt":"2021-04-29T15:16:45","slug":"discoteca-coco-bongo","status":"publish","type":"product","link":"https:\/\/potetourstransferpuntacana.com\/?product=discoteca-coco-bongo","title":{"rendered":"Discoteca Coco Bongo"},"content":{"rendered":"<p>Los mejores espect\u00e1culos del Caribe!<\/p>\n<p><strong>Hay ciertos hitos que no puedes perderte cuando est\u00e1s de vacaciones en Punta Cana. Uno de ellos es la discoteca Coco Bongo.<\/strong><\/p>\n<p><strong>Coco Bongo es el club nocturno m\u00e1s famoso de Punta Cana<\/strong>, con efectos especiales y una puesta en escena deslumbrante, como nunca antes has visto. Acr\u00f3batas volando, congas sobre las barras, burbujas de jab\u00f3n, globos, confeti, serpentinas, enormes pantallas de v\u00eddeo, imitadores de celebridades y una extraordinaria mezcla de m\u00fasica de los 70s, 80s, Trance, Hip Hop y Rave \u2013 hacen de Coco Bongo el club nocturno n\u00famero 1 en Latinoam\u00e9rica.<\/p>\n<p>Un lugar lleno de diversi\u00f3n que cuenta con innumerables actuaciones \u00fanicas e inigualables, con nuevos shows que se a\u00f1aden cada noche.<\/p>\n<p>Con m\u00e1s de cuarenta actores, m\u00fasicos, artistas y acr\u00f3batas voladores en escena, sonidos y videos de alta tecnolog\u00eda, las actuaciones y los shows dejan sin aliento y el entretenimiento es pura emoci\u00f3n. Ven al lugar donde los mejores artistas se unen para crear un espect\u00e1culo de categor\u00eda internacional, que nunca falla a la hora de llenar el ambiente de la noche, con magia y energ\u00eda.<\/p>\n<p>Entre algunos de los innumerables shows que podr\u00e1s disfrutar est\u00e1n las recreaciones de famosas pel\u00edculas como<strong>\u00a0\u201cLa M\u00e1scara\u201d, \u201cMoulin Rouge\u201d, \u201cChicago\u201d, \u201cEl Fantasma de la \u00f3pera\u201d, \u201cBatman\u201d, \u201cSpiderman\u201d, \u201cTron\u201d o \u201cSaturday Night Fever\u201d; asombrosas imitaciones de artistas como Beyonc\u00e9, Madonna, Michael Jackson, LMFAO, Jennifer L\u00f3pez y Pitbull y, por supuesto samba y carnavales a pura diversi\u00f3n, m\u00fasica y color.<\/strong><\/p>\n<p>Coco Bongo es definitivamente el lugar para estar en la noche dominicana.<\/p>\n<p>Este s\u00faper club ofrece m\u00faltiples niveles con una capacidad de hasta un millar de personas, y se encuentra justo en el coraz\u00f3n del centro de Punta Cana. Disfruta de lo \u00faltimo en alta tecnolog\u00eda de audio y video de entretenimiento, en la mejor fiesta nocturna de Punta Cana.<\/p>\n<p>Disponemos de dos modalidades de entrada a Coco Bongo:<\/p>\n<div>\n<h4><i class=\"fas fa-ticket-alt\"><\/i> Coco Bongo Open Bar<\/h4>\n<p>Si reservas la modalidad de OPEN BAR, podr\u00e1s disfrutar de espect\u00e1culos y bebidas nacionales ilimitadas.<\/p>\n<h4><i class=\"fas fa-ticket-alt\"><\/i> Coco Bongo Gold Member<\/h4>\n<p>Vive con Excursiones Punta Cana la mejor diversi\u00f3n en COCO BONGO\u00a0 con la entrada\u00a0<strong>GOLD MEMBER<\/strong>, disfrutar\u00e1s de\u00a0 una noche llena de emociones con los mejores espect\u00e1culos de interpretaciones, m\u00fasica y luces como , CABARET , MADONNA, MICHAEL JACKSON y muchos m\u00e1s. La discoteca m\u00e1s solicitada de la zona hotelera.<\/p>\n<p><strong>Aprovecha con el GOLD MEMBER sus ventajas que son entrada exclusiva sin hacer colas y servicio de camareros con bebidas PREMIUM.<\/strong><\/p>\n<\/div>\n<p>En cualquiera de los casos, tu experiencia en Coco Bongo est\u00e1 destinada a convertirse en una noche que recordar\u00e1s durante mucho tiempo y que sin duda vas a querer repetir.<\/p>\n<p>Y para que disfrutes al m\u00e1ximo de la noche,\u00a0<strong>te pasaremos a buscar por el hotel donde te alojes y al final se te devolver\u00e1 al hotel de origen.<\/strong><\/p>\n<h3>Qu\u00e9 incluye la actividad Coco Bongo:<\/h3>\n<ul>\n<li>Traslados ida y vuelta al hotel.<\/li>\n<li>Entrada seg\u00fan su preferencia (Open Bar o Gold Member).<\/li>\n<li>Para traslados desde Bayah\u00edbe se agrega el suplemento por persona de $15usd a todos los productos.<\/li>\n<li>Seguro de accidentes incluido en las excursiones en Punta Cana<\/li>\n<\/ul>\n<div class=\"ast-oembed-container \" style=\"height: 100%;\"><iframe loading=\"lazy\" title=\"Disco Coco Bongo Punta Cana - Mayo 2018\" width=\"500\" height=\"281\" src=\"https:\/\/www.youtube.com\/embed\/kQwakxprc4o?feature=oembed\" frameborder=\"0\" allow=\"accelerometer; autoplay; clipboard-write; encrypted-media; gyroscope; picture-in-picture; web-share\" referrerpolicy=\"strict-origin-when-cross-origin\" allowfullscreen><\/iframe><\/div>\n","protected":false},"excerpt":{"rendered":"<p>Los mejores espect\u00e1culos del Caribe! Hay ciertos hitos que no puedes perderte cuando est\u00e1s de vacaciones en Punta Cana. Uno de ellos es la discoteca Coco Bongo. Coco Bongo es el club nocturno m\u00e1s famoso de Punta Cana, con efectos especiales y una puesta en escena deslumbrante, como nunca antes has visto. Acr\u00f3batas volando, congas [&hellip;]<\/p>\n","protected":false},"featured_media":4638,"comment_status":"open","ping_status":"closed","template":"","meta":{"content-type":"","_uag_custom_page_level_css":"","site-sidebar-layout":"no-sidebar","site-content-layout":"default","ast-site-content-layout":"","site-content-style":"default","site-sidebar-style":"default","ast-global-header-display":"","ast-banner-title-visibility":"","ast-main-header-display":"","ast-hfb-above-header-display":"","ast-hfb-below-header-display":"","ast-hfb-mobile-header-display":"","site-post-title":"","ast-breadcrumbs-content":"","ast-featured-img":"","footer-sml-layout":"","theme-transparent-header-meta":"default","adv-header-id-meta":"","stick-header-meta":"","header-above-stick-meta":"","header-main-stick-meta":"","header-below-stick-meta":"","astra-migrate-meta-layouts":"default","ast-page-background-enabled":"default","ast-page-background-meta":{"desktop":{"background-color":"","background-image":"","background-repeat":"repeat","background-position":"center center","background-size":"auto","background-attachment":"scroll","background-type":"","background-media":"","overlay-type":"","overlay-color":"","overlay-opacity":"","overlay-gradient":""},"tablet":{"background-color":"","background-image":"","background-repeat":"repeat","background-position":"center center","background-size":"auto","background-attachment":"scroll","background-type":"","background-media":"","overlay-type":"","overlay-color":"","overlay-opacity":"","overlay-gradient":""},"mobile":{"background-color":"","background-image":"","background-repeat":"repeat","background-position":"center center","background-size":"auto","background-attachment":"scroll","background-type":"","background-media":"","overlay-type":"","overlay-color":"","overlay-opacity":"","overlay-gradient":""}},"ast-content-background-meta":{"desktop":{"background-color":"var(--ast-global-color-5)","background-image":"","background-repeat":"repeat","background-position":"center center","background-size":"auto","background-attachment":"scroll","background-type":"","background-media":"","overlay-type":"","overlay-color":"","overlay-opacity":"","overlay-gradient":""},"tablet":{"background-color":"var(--ast-global-color-5)","background-image":"","background-repeat":"repeat","background-position":"center center","background-size":"auto","background-attachment":"scroll","background-type":"","background-media":"","overlay-type":"","overlay-color":"","overlay-opacity":"","overlay-gradient":""},"mobile":{"background-color":"var(--ast-global-color-5)","background-image":"","background-repeat":"repeat","background-position":"center center","background-size":"auto","background-attachment":"scroll","background-type":"","background-media":"","overlay-type":"","overlay-color":"","overlay-opacity":"","overlay-gradient":""}}},"product_cat":[44],"product_tag":[71,70],"class_list":{"0":"post-4413","1":"product","2":"type-product","3":"status-publish","4":"has-post-thumbnail","6":"product_cat-excursiones","7":"product_tag-discotecas","8":"product_tag-por-tierra","9":"wt_location-punta-cana","10":"desktop-align-left","11":"tablet-align-left","12":"mobile-align-left","14":"first","15":"instock","16":"sold-individually","17":"shipping-taxable","18":"purchasable","19":"product-type-variable"},"uagb_featured_image_src":{"full":["https:\/\/potetourstransferpuntacana.com\/wp-content\/uploads\/2021\/03\/Discoteca-Coco-Bongo-Punta-Cana-Tour-Excursion-1357x905px-Stayhappyrd-1.jpg",1357,905,false],"thumbnail":["https:\/\/potetourstransferpuntacana.com\/wp-content\/uploads\/2021\/03\/Discoteca-Coco-Bongo-Punta-Cana-Tour-Excursion-1357x905px-Stayhappyrd-1.jpg",128,85,false],"medium":["https:\/\/potetourstransferpuntacana.com\/wp-content\/uploads\/2021\/03\/Discoteca-Coco-Bongo-Punta-Cana-Tour-Excursion-1357x905px-Stayhappyrd-1.jpg",1357,905,false],"medium_large":["https:\/\/potetourstransferpuntacana.com\/wp-content\/uploads\/2021\/03\/Discoteca-Coco-Bongo-Punta-Cana-Tour-Excursion-1357x905px-Stayhappyrd-1-768x512.jpg",768,512,true],"large":["https:\/\/potetourstransferpuntacana.com\/wp-content\/uploads\/2021\/03\/Discoteca-Coco-Bongo-Punta-Cana-Tour-Excursion-1357x905px-Stayhappyrd-1.jpg",1357,905,false],"1536x1536":["https:\/\/potetourstransferpuntacana.com\/wp-content\/uploads\/2021\/03\/Discoteca-Coco-Bongo-Punta-Cana-Tour-Excursion-1357x905px-Stayhappyrd-1.jpg",1357,905,false],"2048x2048":["https:\/\/potetourstransferpuntacana.com\/wp-content\/uploads\/2021\/03\/Discoteca-Coco-Bongo-Punta-Cana-Tour-Excursion-1357x905px-Stayhappyrd-1.jpg",1357,905,false],"thumb_150x160":["https:\/\/potetourstransferpuntacana.com\/wp-content\/uploads\/2021\/03\/Discoteca-Coco-Bongo-Punta-Cana-Tour-Excursion-1357x905px-Stayhappyrd-1-150x160.jpg",150,160,true],"thumb_100x150":["https:\/\/potetourstransferpuntacana.com\/wp-content\/uploads\/2021\/03\/Discoteca-Coco-Bongo-Punta-Cana-Tour-Excursion-1357x905px-Stayhappyrd-1-100x150.jpg",100,150,true],"wethumb_204x153":["https:\/\/potetourstransferpuntacana.com\/wp-content\/uploads\/2021\/03\/Discoteca-Coco-Bongo-Punta-Cana-Tour-Excursion-1357x905px-Stayhappyrd-1-204x153.jpg",204,153,true],"wethumb_460x307":["https:\/\/potetourstransferpuntacana.com\/wp-content\/uploads\/2021\/03\/Discoteca-Coco-Bongo-Punta-Cana-Tour-Excursion-1357x905px-Stayhappyrd-1-460x307.jpg",460,307,true],"wethumb_85x85":["https:\/\/potetourstransferpuntacana.com\/wp-content\/uploads\/2021\/03\/Discoteca-Coco-Bongo-Punta-Cana-Tour-Excursion-1357x905px-Stayhappyrd-1-85x85.jpg",85,85,true],"woocommerce_thumbnail":["https:\/\/potetourstransferpuntacana.com\/wp-content\/uploads\/2021\/03\/Discoteca-Coco-Bongo-Punta-Cana-Tour-Excursion-1357x905px-Stayhappyrd-1-300x300.jpg",300,300,true],"woocommerce_single":["https:\/\/potetourstransferpuntacana.com\/wp-content\/uploads\/2021\/03\/Discoteca-Coco-Bongo-Punta-Cana-Tour-Excursion-1357x905px-Stayhappyrd-1-600x400.jpg",600,400,true],"woocommerce_gallery_thumbnail":["https:\/\/potetourstransferpuntacana.com\/wp-content\/uploads\/2021\/03\/Discoteca-Coco-Bongo-Punta-Cana-Tour-Excursion-1357x905px-Stayhappyrd-1-100x100.jpg",100,100,true]},"uagb_author_info":{"display_name":"KELYN MEJIA","author_link":"https:\/\/potetourstransferpuntacana.com\/?author=0"},"uagb_comment_info":0,"uagb_excerpt":"Los mejores espect\u00e1culos del Caribe! Hay ciertos hitos que no puedes perderte cuando est\u00e1s de vacaciones en Punta Cana. Uno de ellos es la discoteca Coco Bongo. Coco Bongo es el club nocturno m\u00e1s famoso de Punta Cana, con efectos especiales y una puesta en escena deslumbrante, como nunca antes has visto. Acr\u00f3batas volando, congas&hellip;","_links":{"self":[{"href":"https:\/\/potetourstransferpuntacana.com\/index.php?rest_route=\/wp\/v2\/product\/4413","targetHints":{"allow":["GET"]}}],"collection":[{"href":"https:\/\/potetourstransferpuntacana.com\/index.php?rest_route=\/wp\/v2\/product"}],"about":[{"href":"https:\/\/potetourstransferpuntacana.com\/index.php?rest_route=\/wp\/v2\/types\/product"}],"replies":[{"embeddable":true,"href":"https:\/\/potetourstransferpuntacana.com\/index.php?rest_route=%2Fwp%2Fv2%2Fcomments&post=4413"}],"wp:featuredmedia":[{"embeddable":true,"href":"https:\/\/potetourstransferpuntacana.com\/index.php?rest_route=\/wp\/v2\/media\/4638"}],"wp:attachment":[{"href":"https:\/\/potetourstransferpuntacana.com\/index.php?rest_route=%2Fwp%2Fv2%2Fmedia&parent=4413"}],"wp:term":[{"taxonomy":"product_cat","embeddable":true,"href":"https:\/\/potetourstransferpuntacana.com\/index.php?rest_route=%2Fwp%2Fv2%2Fproduct_cat&post=4413"},{"taxonomy":"product_tag","embeddable":true,"href":"https:\/\/potetourstransferpuntacana.com\/index.php?rest_route=%2Fwp%2Fv2%2Fproduct_tag&post=4413"}],"curies":[{"name":"wp","href":"https:\/\/api.w.org\/{rel}","templated":true}]}}