{"id":4408,"date":"2021-05-30T14:44:43","date_gmt":"2021-05-30T18:44:43","guid":{"rendered":"https:\/\/potetourstransferpuntacana.com\/?post_type=product&#038;p=4408"},"modified":"2021-05-30T21:28:46","modified_gmt":"2021-05-31T01:28:46","slug":"buggys-macao","status":"publish","type":"product","link":"https:\/\/potetourstransferpuntacana.com\/?product=buggys-macao","title":{"rendered":"Buggys Macao"},"content":{"rendered":"<p><strong>La escursi\u00f3n con Buggys a Macao es una de las excursiones m\u00e1s populares de Punta Cana<\/strong>, es esta inolvidable aventura de medio d\u00eda, conduciremos un Buggy a trav\u00e9s de los caminos del interior dominicano.<strong>\u00a0Un recorrido de pura diversi\u00f3n, adrenalina, barro y agua, donde tendr\u00e1s la oportunidad de descubrir un poco de la verdadera Rep\u00fablica Dominicana.<\/strong><\/p>\n<p>Conduciremos campo a trav\u00e9s hasta alcanzar una impresionante vista de la\u00a0<strong>playa de Macao<\/strong>, donde pararemos para darnos un ba\u00f1o en sus fascinantes aguas azules. Luego\u00a0<strong>visitaremos una t\u00edpica casa dominicana para ver c\u00f3mo es el proceso de producci\u00f3n del cacao y el caf\u00e9<\/strong>. Aceleramos nuevamente hasta llegar a un cenote, donde nos adentraremos en su caverna para explorarla y nadar en su agua cristalina y fresca como si estuvi\u00e9ramos\u00a0 en una piscina natural.<\/p>\n<p>Una excursi\u00f3n con Buggys de pura diversi\u00f3n!<\/p>\n<p><strong>NOTA: Precio desde 39$ por persona (M\u00ednimo 2 personas)<\/strong><\/p>\n<h3>Qu\u00e9 incluye esta excursi\u00f3n Buggys en Macao:<\/h3>\n<ul>\n<li>Traslados ida y vuelta al hotel.<\/li>\n<li>Recorrido en Buggy.<\/li>\n<li>Paradas en playa Macao.<\/li>\n<li>Parada en Rancho t\u00edpico de caf\u00e9.<\/li>\n<li>Visita a la Cueva Ta\u00edna (Cenote).<\/li>\n<li>Seguro de accidentes incluido.<\/li>\n<li>El seguro de accidentes (Asistencia en Viaje), incluido al contratar vuestro viaje os cubre de accidentes en cualquiera de nuestras excursiones en Punta Cana (con excepci\u00f3n del BUCEO para el que contamos con un seguro aparte).<\/li>\n<\/ul>\n<div class=\"ast-oembed-container \" style=\"height: 100%;\"><iframe loading=\"lazy\" title=\"Aventura en buggy - Punta Cana, playa Macao, Cueva Taina y Pearl Beach Club\" width=\"500\" height=\"281\" src=\"https:\/\/www.youtube.com\/embed\/4dx97D1Mz_g?feature=oembed\" frameborder=\"0\" allow=\"accelerometer; autoplay; clipboard-write; encrypted-media; gyroscope; picture-in-picture; web-share\" referrerpolicy=\"strict-origin-when-cross-origin\" allowfullscreen><\/iframe><\/div>\n","protected":false},"excerpt":{"rendered":"<p>La escursi\u00f3n con Buggys a Macao es una de las excursiones m\u00e1s populares de Punta Cana, es esta inolvidable aventura de medio d\u00eda, conduciremos un Buggy a trav\u00e9s de los caminos del interior dominicano.\u00a0Un recorrido de pura diversi\u00f3n, adrenalina, barro y agua, donde tendr\u00e1s la oportunidad de descubrir un poco de la verdadera Rep\u00fablica Dominicana. [&hellip;]<\/p>\n","protected":false},"featured_media":4637,"comment_status":"open","ping_status":"closed","template":"","meta":{"content-type":"","_uag_custom_page_level_css":"","site-sidebar-layout":"no-sidebar","site-content-layout":"default","ast-site-content-layout":"","site-content-style":"default","site-sidebar-style":"default","ast-global-header-display":"","ast-banner-title-visibility":"","ast-main-header-display":"","ast-hfb-above-header-display":"","ast-hfb-below-header-display":"","ast-hfb-mobile-header-display":"","site-post-title":"","ast-breadcrumbs-content":"","ast-featured-img":"","footer-sml-layout":"","theme-transparent-header-meta":"default","adv-header-id-meta":"","stick-header-meta":"","header-above-stick-meta":"","header-main-stick-meta":"","header-below-stick-meta":"","astra-migrate-meta-layouts":"default","ast-page-background-enabled":"default","ast-page-background-meta":{"desktop":{"background-color":"","background-image":"","background-repeat":"repeat","background-position":"center center","background-size":"auto","background-attachment":"scroll","background-type":"","background-media":"","overlay-type":"","overlay-color":"","overlay-opacity":"","overlay-gradient":""},"tablet":{"background-color":"","background-image":"","background-repeat":"repeat","background-position":"center center","background-size":"auto","background-attachment":"scroll","background-type":"","background-media":"","overlay-type":"","overlay-color":"","overlay-opacity":"","overlay-gradient":""},"mobile":{"background-color":"","background-image":"","background-repeat":"repeat","background-position":"center center","background-size":"auto","background-attachment":"scroll","background-type":"","background-media":"","overlay-type":"","overlay-color":"","overlay-opacity":"","overlay-gradient":""}},"ast-content-background-meta":{"desktop":{"background-color":"var(--ast-global-color-5)","background-image":"","background-repeat":"repeat","background-position":"center center","background-size":"auto","background-attachment":"scroll","background-type":"","background-media":"","overlay-type":"","overlay-color":"","overlay-opacity":"","overlay-gradient":""},"tablet":{"background-color":"var(--ast-global-color-5)","background-image":"","background-repeat":"repeat","background-position":"center center","background-size":"auto","background-attachment":"scroll","background-type":"","background-media":"","overlay-type":"","overlay-color":"","overlay-opacity":"","overlay-gradient":""},"mobile":{"background-color":"var(--ast-global-color-5)","background-image":"","background-repeat":"repeat","background-position":"center center","background-size":"auto","background-attachment":"scroll","background-type":"","background-media":"","overlay-type":"","overlay-color":"","overlay-opacity":"","overlay-gradient":""}}},"product_cat":[44],"product_tag":[70],"class_list":{"0":"post-4408","1":"product","2":"type-product","3":"status-publish","4":"has-post-thumbnail","6":"product_cat-excursiones","7":"product_tag-por-tierra","8":"wt_location-punta-cana","9":"desktop-align-left","10":"tablet-align-left","11":"mobile-align-left","13":"first","14":"instock","15":"sold-individually","16":"shipping-taxable","17":"purchasable","18":"product-type-variable"},"uagb_featured_image_src":{"full":["https:\/\/potetourstransferpuntacana.com\/wp-content\/uploads\/2021\/03\/Buggys-Macao-Punta-Cana-Tour-Excursion-1357x905px-Stayhappyrd-1.jpg",1357,905,false],"thumbnail":["https:\/\/potetourstransferpuntacana.com\/wp-content\/uploads\/2021\/03\/Buggys-Macao-Punta-Cana-Tour-Excursion-1357x905px-Stayhappyrd-1.jpg",128,85,false],"medium":["https:\/\/potetourstransferpuntacana.com\/wp-content\/uploads\/2021\/03\/Buggys-Macao-Punta-Cana-Tour-Excursion-1357x905px-Stayhappyrd-1.jpg",1357,905,false],"medium_large":["https:\/\/potetourstransferpuntacana.com\/wp-content\/uploads\/2021\/03\/Buggys-Macao-Punta-Cana-Tour-Excursion-1357x905px-Stayhappyrd-1-768x512.jpg",768,512,true],"large":["https:\/\/potetourstransferpuntacana.com\/wp-content\/uploads\/2021\/03\/Buggys-Macao-Punta-Cana-Tour-Excursion-1357x905px-Stayhappyrd-1.jpg",1357,905,false],"1536x1536":["https:\/\/potetourstransferpuntacana.com\/wp-content\/uploads\/2021\/03\/Buggys-Macao-Punta-Cana-Tour-Excursion-1357x905px-Stayhappyrd-1.jpg",1357,905,false],"2048x2048":["https:\/\/potetourstransferpuntacana.com\/wp-content\/uploads\/2021\/03\/Buggys-Macao-Punta-Cana-Tour-Excursion-1357x905px-Stayhappyrd-1.jpg",1357,905,false],"thumb_150x160":["https:\/\/potetourstransferpuntacana.com\/wp-content\/uploads\/2021\/03\/Buggys-Macao-Punta-Cana-Tour-Excursion-1357x905px-Stayhappyrd-1-150x160.jpg",150,160,true],"thumb_100x150":["https:\/\/potetourstransferpuntacana.com\/wp-content\/uploads\/2021\/03\/Buggys-Macao-Punta-Cana-Tour-Excursion-1357x905px-Stayhappyrd-1-100x150.jpg",100,150,true],"wethumb_204x153":["https:\/\/potetourstransferpuntacana.com\/wp-content\/uploads\/2021\/03\/Buggys-Macao-Punta-Cana-Tour-Excursion-1357x905px-Stayhappyrd-1-204x153.jpg",204,153,true],"wethumb_460x307":["https:\/\/potetourstransferpuntacana.com\/wp-content\/uploads\/2021\/03\/Buggys-Macao-Punta-Cana-Tour-Excursion-1357x905px-Stayhappyrd-1-460x307.jpg",460,307,true],"wethumb_85x85":["https:\/\/potetourstransferpuntacana.com\/wp-content\/uploads\/2021\/03\/Buggys-Macao-Punta-Cana-Tour-Excursion-1357x905px-Stayhappyrd-1-85x85.jpg",85,85,true],"woocommerce_thumbnail":["https:\/\/potetourstransferpuntacana.com\/wp-content\/uploads\/2021\/03\/Buggys-Macao-Punta-Cana-Tour-Excursion-1357x905px-Stayhappyrd-1-300x300.jpg",300,300,true],"woocommerce_single":["https:\/\/potetourstransferpuntacana.com\/wp-content\/uploads\/2021\/03\/Buggys-Macao-Punta-Cana-Tour-Excursion-1357x905px-Stayhappyrd-1-600x400.jpg",600,400,true],"woocommerce_gallery_thumbnail":["https:\/\/potetourstransferpuntacana.com\/wp-content\/uploads\/2021\/03\/Buggys-Macao-Punta-Cana-Tour-Excursion-1357x905px-Stayhappyrd-1-100x100.jpg",100,100,true]},"uagb_author_info":{"display_name":"KELYN MEJIA","author_link":"https:\/\/potetourstransferpuntacana.com\/?author=0"},"uagb_comment_info":0,"uagb_excerpt":"La escursi\u00f3n con Buggys a Macao es una de las excursiones m\u00e1s populares de Punta Cana, es esta inolvidable aventura de medio d\u00eda, conduciremos un Buggy a trav\u00e9s de los caminos del interior dominicano.\u00a0Un recorrido de pura diversi\u00f3n, adrenalina, barro y agua, donde tendr\u00e1s la oportunidad de descubrir un poco de la verdadera Rep\u00fablica Dominicana.&hellip;","_links":{"self":[{"href":"https:\/\/potetourstransferpuntacana.com\/index.php?rest_route=\/wp\/v2\/product\/4408","targetHints":{"allow":["GET"]}}],"collection":[{"href":"https:\/\/potetourstransferpuntacana.com\/index.php?rest_route=\/wp\/v2\/product"}],"about":[{"href":"https:\/\/potetourstransferpuntacana.com\/index.php?rest_route=\/wp\/v2\/types\/product"}],"replies":[{"embeddable":true,"href":"https:\/\/potetourstransferpuntacana.com\/index.php?rest_route=%2Fwp%2Fv2%2Fcomments&post=4408"}],"wp:featuredmedia":[{"embeddable":true,"href":"https:\/\/potetourstransferpuntacana.com\/index.php?rest_route=\/wp\/v2\/media\/4637"}],"wp:attachment":[{"href":"https:\/\/potetourstransferpuntacana.com\/index.php?rest_route=%2Fwp%2Fv2%2Fmedia&parent=4408"}],"wp:term":[{"taxonomy":"product_cat","embeddable":true,"href":"https:\/\/potetourstransferpuntacana.com\/index.php?rest_route=%2Fwp%2Fv2%2Fproduct_cat&post=4408"},{"taxonomy":"product_tag","embeddable":true,"href":"https:\/\/potetourstransferpuntacana.com\/index.php?rest_route=%2Fwp%2Fv2%2Fproduct_tag&post=4408"}],"curies":[{"name":"wp","href":"https:\/\/api.w.org\/{rel}","templated":true}]}}