{"id":4324,"date":"2021-05-31T01:01:44","date_gmt":"2021-05-31T05:01:44","guid":{"rendered":"https:\/\/potetourstransferpuntacana.com\/?post_type=product&#038;p=4324"},"modified":"2021-05-31T16:33:41","modified_gmt":"2021-05-31T20:33:41","slug":"buceo-isla-catalina","status":"publish","type":"product","link":"https:\/\/potetourstransferpuntacana.com\/?product=buceo-isla-catalina","title":{"rendered":"Buceo Isla Catalina"},"content":{"rendered":"<p>Si te gusta bucear, y deseas encontrar un para\u00edso en el Caribe, no busques m\u00e1s, el para\u00edso se encuentra en\u00a0<strong>Isla Catalina, una de las m\u00e1s bellas del Caribe<\/strong>, un verdadero lugar de ensue\u00f1o.<\/p>\n<p>Catalina es una peque\u00f1a isla de menos de 10 kil\u00f3metros cuadrados frente a las costas de La Romana, desde donde se divisa. La isla est\u00e1 formada por impresionantes arrecifes de coral y rodeada por uno de los ecosistemas m\u00e1s diversos del Mar Caribe.\u00a0<strong>Est\u00e1 clasificada como Parque Natural Protegido y est\u00e1 pr\u00e1cticamente deshabitada<\/strong>,<strong>\u00a0por lo que es un lugar muy popular para practicar buceo, pesca y snorkel<\/strong>, admirando su exuberante fondo marino repleto de corales, esponjas de mar y peces tropicales.<\/p>\n<p>A pesar de su tama\u00f1o, la isla tiene muchas hermosas playas de arena blanca, muy protegidas del viento, gracias a lo cual, su mar turquesa y cristalino se encuentra siempre en absoluta calma.<\/p>\n<p>En\u00a0<strong>Isla Catalina se encuentran dos de los mejores lugares para bucear en Rep\u00fablica Dominicana y que son reconocidos mundialmente<\/strong>. Se trata del \u201cMuro\u201d y el Acuario\u201d. Muy distintos entre ellos, ambos son, sin embargo, dignos de explorar.<\/p>\n<p><strong>El Muro<\/strong>\u00a0es una impresionante pared que se sumerge en el mar Caribe, alcanzando una profundidad de unos 100 metros, aunque marcada por dos escalones, a 25 y a 40 metros respectivamente, que permiten un descenso m\u00e1s gradual.<\/p>\n<p>El segundo punto es\u00a0<strong>el Acuario<\/strong>\u00a0y el nombre es m\u00e1s que indicativo. La profundidad de este punto de buceo es de 11 metros, literalmente tapizados de formaciones de coral, donde nadan y viven las especies m\u00e1s t\u00edpicas del mar Caribe como los caballitos de mar, el famoso pez le\u00f3n y el pez sapo, entre otros.<\/p>\n<p>Y un \u00faltimo detalle a tener en cuenta por los amantes del buceo:\u00a0<strong>la Isla Catalina tiene \u00f3ptimas condiciones clim\u00e1ticas casi todo el a\u00f1o.<\/strong><\/p>\n<p>Un d\u00eda de diversi\u00f3n buceando en Isla Catalina!<\/p>\n<h3>Qu\u00e9 incluye esta excursi\u00f3n de Buceo en la Isla Catalina:<\/h3>\n<ul>\n<li>Traslados ida y vuelta al hotel.<\/li>\n<li>Equipo de buceo.<\/li>\n<li>Viaje de ida y vuelta a isla Catalina en catamar\u00e1n.<\/li>\n<li>Comida y bebidas incluidas.<\/li>\n<li>2 buceos (1\u00ba en el muro hasta 30mts y 2\u00ba en el acuario 11mts.)<\/li>\n<li>Seguro de accidentes incluido en las excursiones en Punta Cana<\/li>\n<li>El seguro de accidentes (Asistencia en Viaje), incluido al contratar vuestro viaje os cubre de accidentes en cualquiera de nuestras excursiones en Punta Cana (con excepci\u00f3n del BUCEO para el que contamos con un seguro aparte).<\/li>\n<\/ul>\n<div class=\"ast-oembed-container \" style=\"height: 100%;\"><iframe loading=\"lazy\" title=\"La Pared Isla Catalina y Naufragio del Capitan Kidd (1699). Buceo. Lo mejor de Rep. Dom. Bayahibe.\" width=\"500\" height=\"281\" src=\"https:\/\/www.youtube.com\/embed\/9DyFS5oqADE?feature=oembed\" frameborder=\"0\" allow=\"accelerometer; autoplay; clipboard-write; encrypted-media; gyroscope; picture-in-picture; web-share\" referrerpolicy=\"strict-origin-when-cross-origin\" allowfullscreen><\/iframe><\/div>\n","protected":false},"excerpt":{"rendered":"<p>Si te gusta bucear, y deseas encontrar un para\u00edso en el Caribe, no busques m\u00e1s, el para\u00edso se encuentra en\u00a0Isla Catalina, una de las m\u00e1s bellas del Caribe, un verdadero lugar de ensue\u00f1o. Catalina es una peque\u00f1a isla de menos de 10 kil\u00f3metros cuadrados frente a las costas de La Romana, desde donde se divisa. [&hellip;]<\/p>\n","protected":false},"featured_media":4616,"comment_status":"open","ping_status":"closed","template":"","meta":{"content-type":"","_uag_custom_page_level_css":"","site-sidebar-layout":"no-sidebar","site-content-layout":"default","ast-site-content-layout":"","site-content-style":"default","site-sidebar-style":"default","ast-global-header-display":"","ast-banner-title-visibility":"","ast-main-header-display":"","ast-hfb-above-header-display":"","ast-hfb-below-header-display":"","ast-hfb-mobile-header-display":"","site-post-title":"","ast-breadcrumbs-content":"","ast-featured-img":"","footer-sml-layout":"","theme-transparent-header-meta":"default","adv-header-id-meta":"","stick-header-meta":"","header-above-stick-meta":"","header-main-stick-meta":"","header-below-stick-meta":"","astra-migrate-meta-layouts":"default","ast-page-background-enabled":"default","ast-page-background-meta":{"desktop":{"background-color":"","background-image":"","background-repeat":"repeat","background-position":"center center","background-size":"auto","background-attachment":"scroll","background-type":"","background-media":"","overlay-type":"","overlay-color":"","overlay-opacity":"","overlay-gradient":""},"tablet":{"background-color":"","background-image":"","background-repeat":"repeat","background-position":"center center","background-size":"auto","background-attachment":"scroll","background-type":"","background-media":"","overlay-type":"","overlay-color":"","overlay-opacity":"","overlay-gradient":""},"mobile":{"background-color":"","background-image":"","background-repeat":"repeat","background-position":"center center","background-size":"auto","background-attachment":"scroll","background-type":"","background-media":"","overlay-type":"","overlay-color":"","overlay-opacity":"","overlay-gradient":""}},"ast-content-background-meta":{"desktop":{"background-color":"var(--ast-global-color-5)","background-image":"","background-repeat":"repeat","background-position":"center center","background-size":"auto","background-attachment":"scroll","background-type":"","background-media":"","overlay-type":"","overlay-color":"","overlay-opacity":"","overlay-gradient":""},"tablet":{"background-color":"var(--ast-global-color-5)","background-image":"","background-repeat":"repeat","background-position":"center center","background-size":"auto","background-attachment":"scroll","background-type":"","background-media":"","overlay-type":"","overlay-color":"","overlay-opacity":"","overlay-gradient":""},"mobile":{"background-color":"var(--ast-global-color-5)","background-image":"","background-repeat":"repeat","background-position":"center center","background-size":"auto","background-attachment":"scroll","background-type":"","background-media":"","overlay-type":"","overlay-color":"","overlay-opacity":"","overlay-gradient":""}}},"product_cat":[44],"product_tag":[68,58],"class_list":{"0":"post-4324","1":"product","2":"type-product","3":"status-publish","4":"has-post-thumbnail","6":"product_cat-excursiones","7":"product_tag-buceo","8":"product_tag-por-mar","9":"wt_location-la-romana","10":"wt_location-punta-cana","11":"desktop-align-left","12":"tablet-align-left","13":"mobile-align-left","15":"first","16":"instock","17":"sale","18":"sold-individually","19":"shipping-taxable","20":"purchasable","21":"product-type-simple"},"uagb_featured_image_src":{"full":["https:\/\/potetourstransferpuntacana.com\/wp-content\/uploads\/2021\/03\/BUCEO-ISLA-CATALINA-1357x905px-Stay-Happy-RD.jpg",1357,905,false],"thumbnail":["https:\/\/potetourstransferpuntacana.com\/wp-content\/uploads\/2021\/03\/BUCEO-ISLA-CATALINA-1357x905px-Stay-Happy-RD.jpg",128,85,false],"medium":["https:\/\/potetourstransferpuntacana.com\/wp-content\/uploads\/2021\/03\/BUCEO-ISLA-CATALINA-1357x905px-Stay-Happy-RD.jpg",1357,905,false],"medium_large":["https:\/\/potetourstransferpuntacana.com\/wp-content\/uploads\/2021\/03\/BUCEO-ISLA-CATALINA-1357x905px-Stay-Happy-RD-768x512.jpg",768,512,true],"large":["https:\/\/potetourstransferpuntacana.com\/wp-content\/uploads\/2021\/03\/BUCEO-ISLA-CATALINA-1357x905px-Stay-Happy-RD.jpg",1357,905,false],"1536x1536":["https:\/\/potetourstransferpuntacana.com\/wp-content\/uploads\/2021\/03\/BUCEO-ISLA-CATALINA-1357x905px-Stay-Happy-RD.jpg",1357,905,false],"2048x2048":["https:\/\/potetourstransferpuntacana.com\/wp-content\/uploads\/2021\/03\/BUCEO-ISLA-CATALINA-1357x905px-Stay-Happy-RD.jpg",1357,905,false],"thumb_150x160":["https:\/\/potetourstransferpuntacana.com\/wp-content\/uploads\/2021\/03\/BUCEO-ISLA-CATALINA-1357x905px-Stay-Happy-RD-150x160.jpg",150,160,true],"thumb_100x150":["https:\/\/potetourstransferpuntacana.com\/wp-content\/uploads\/2021\/03\/BUCEO-ISLA-CATALINA-1357x905px-Stay-Happy-RD-100x150.jpg",100,150,true],"wethumb_204x153":["https:\/\/potetourstransferpuntacana.com\/wp-content\/uploads\/2021\/03\/BUCEO-ISLA-CATALINA-1357x905px-Stay-Happy-RD-204x153.jpg",204,153,true],"wethumb_460x307":["https:\/\/potetourstransferpuntacana.com\/wp-content\/uploads\/2021\/03\/BUCEO-ISLA-CATALINA-1357x905px-Stay-Happy-RD-460x307.jpg",460,307,true],"wethumb_85x85":["https:\/\/potetourstransferpuntacana.com\/wp-content\/uploads\/2021\/03\/BUCEO-ISLA-CATALINA-1357x905px-Stay-Happy-RD-85x85.jpg",85,85,true],"woocommerce_thumbnail":["https:\/\/potetourstransferpuntacana.com\/wp-content\/uploads\/2021\/03\/BUCEO-ISLA-CATALINA-1357x905px-Stay-Happy-RD-300x300.jpg",300,300,true],"woocommerce_single":["https:\/\/potetourstransferpuntacana.com\/wp-content\/uploads\/2021\/03\/BUCEO-ISLA-CATALINA-1357x905px-Stay-Happy-RD-600x400.jpg",600,400,true],"woocommerce_gallery_thumbnail":["https:\/\/potetourstransferpuntacana.com\/wp-content\/uploads\/2021\/03\/BUCEO-ISLA-CATALINA-1357x905px-Stay-Happy-RD-100x100.jpg",100,100,true]},"uagb_author_info":{"display_name":"KELYN MEJIA","author_link":"https:\/\/potetourstransferpuntacana.com\/?author=0"},"uagb_comment_info":0,"uagb_excerpt":"Si te gusta bucear, y deseas encontrar un para\u00edso en el Caribe, no busques m\u00e1s, el para\u00edso se encuentra en\u00a0Isla Catalina, una de las m\u00e1s bellas del Caribe, un verdadero lugar de ensue\u00f1o. Catalina es una peque\u00f1a isla de menos de 10 kil\u00f3metros cuadrados frente a las costas de La Romana, desde donde se divisa.&hellip;","_links":{"self":[{"href":"https:\/\/potetourstransferpuntacana.com\/index.php?rest_route=\/wp\/v2\/product\/4324","targetHints":{"allow":["GET"]}}],"collection":[{"href":"https:\/\/potetourstransferpuntacana.com\/index.php?rest_route=\/wp\/v2\/product"}],"about":[{"href":"https:\/\/potetourstransferpuntacana.com\/index.php?rest_route=\/wp\/v2\/types\/product"}],"replies":[{"embeddable":true,"href":"https:\/\/potetourstransferpuntacana.com\/index.php?rest_route=%2Fwp%2Fv2%2Fcomments&post=4324"}],"wp:featuredmedia":[{"embeddable":true,"href":"https:\/\/potetourstransferpuntacana.com\/index.php?rest_route=\/wp\/v2\/media\/4616"}],"wp:attachment":[{"href":"https:\/\/potetourstransferpuntacana.com\/index.php?rest_route=%2Fwp%2Fv2%2Fmedia&parent=4324"}],"wp:term":[{"taxonomy":"product_cat","embeddable":true,"href":"https:\/\/potetourstransferpuntacana.com\/index.php?rest_route=%2Fwp%2Fv2%2Fproduct_cat&post=4324"},{"taxonomy":"product_tag","embeddable":true,"href":"https:\/\/potetourstransferpuntacana.com\/index.php?rest_route=%2Fwp%2Fv2%2Fproduct_tag&post=4324"}],"curies":[{"name":"wp","href":"https:\/\/api.w.org\/{rel}","templated":true}]}}