{"id":4323,"date":"2021-05-31T01:03:43","date_gmt":"2021-05-31T05:03:43","guid":{"rendered":"https:\/\/potetourstransferpuntacana.com\/?post_type=product&#038;p=4323"},"modified":"2021-05-31T16:34:06","modified_gmt":"2021-05-31T20:34:06","slug":"isla-catalina","status":"publish","type":"product","link":"https:\/\/potetourstransferpuntacana.com\/?product=isla-catalina","title":{"rendered":"Isla Catalina"},"content":{"rendered":"<p>En nuestra excursi\u00f3n a Isla Catalina con snorkel te invitamos a explorar el m\u00e1s bello ecosistema submarino de Rep\u00fablica Dominicana.<\/p>\n<p>En la Isla Catalina, con sus aguas de color turquesa, experimentar\u00e1s un d\u00eda inolvidable en el para\u00edso, disfrutando de sus playas, la brisa fresca, vistas alucinantes y una selecci\u00f3n de comidas y bebidas incluidas en la excursi\u00f3n, siempre con el inmenso mar caribe\u00f1o como tel\u00f3n de fondo.<\/p>\n<p>Catalina es una peque\u00f1a isla de menos de 10 kil\u00f3metros cuadrados frente a las costas de La Romana, desde donde puede ser vista. La isla est\u00e1 formada por piedras coralinas y rodeada por uno de los ecosistemas m\u00e1s diversos del Mar Caribe. Est\u00e1 clasificada como Parque Natural Protegido y est\u00e1 pr\u00e1cticamente deshabitada, por lo que es un lugar muy popular para practicar buceo, pesca y snorkel, admirando su exuberante fondo marino repleto de corales, esponjas de mar y multitud de peces tropicales.<\/p>\n<p>A pesar de su tama\u00f1o, la isla tiene muchas hermosas playas de arena blanca muy protegidas del viento, gracias a lo cual, su mar turquesa y cristalino se encuentra siempre en absoluta calma y proporciona el medio ideal para practicar snorkel, viendo por primera vez eso con lo que siempre so\u00f1aste: formaciones de coral, peces tropicales de impactantes colores, espectaculares esponjas de mar, caballitos de mar, o tal vez los famosos pez le\u00f3n y pez sapo.<\/p>\n<p>Dicen que si no cierras los ojos bajo el mar, el agua te pica. Sin embargo, si haces snorkel alrededor de Isla Catalina, los ojos te pican si no los abres para descubrir una fauna marina de lo m\u00e1s exuberante.<\/p>\n<p>Y un \u00faltimo detalle a tener en cuenta por los amantes del buceo: la Isla Catalina tiene \u00f3ptimas condiciones clim\u00e1ticas casi todo el a\u00f1o.<\/p>\n<p>Un d\u00eda de pura diversi\u00f3n en Isla Catalina practicando snorkel!<\/p>\n<p><strong>NOTA:<\/strong>\u00a0Para poder realizar este buceo se requiere m\u00ednimo dos personas<\/p>\n<h3>Qu\u00e9 incluye esta excursi\u00f3n a la Isla Catalina:<\/h3>\n<ul>\n<li>Traslados ida y vuelta al hotel.<\/li>\n<li>Visita a isla Catalina.<\/li>\n<li>Tasas de entrada al Parque Nacional Protegido.<\/li>\n<li>Equipo de snorkel.<\/li>\n<li>Almuerzo Buffet (comida t\u00edpica criolla caribe\u00f1a).<\/li>\n<li>Open Bar (bebidas nacionales).<\/li>\n<li>Seguro de accidentes incluido.<\/li>\n<li>El seguro de accidentes (Asistencia en Viaje), incluido al contratar vuestro viaje os cubre de accidentes en cualquiera de nuestras excursiones en Punta Cana (con excepci\u00f3n del BUCEO para el que contamos con un seguro aparte).<\/li>\n<\/ul>\n<div class=\"ast-oembed-container \" style=\"height: 100%;\"><iframe loading=\"lazy\" title=\"Catalina Island Snorkeling April 2018 (Isla Catalina) Dominican Republic\" width=\"500\" height=\"281\" src=\"https:\/\/www.youtube.com\/embed\/nSSfhyLLqtU?feature=oembed\" frameborder=\"0\" allow=\"accelerometer; autoplay; clipboard-write; encrypted-media; gyroscope; picture-in-picture; web-share\" referrerpolicy=\"strict-origin-when-cross-origin\" allowfullscreen><\/iframe><\/div>\n","protected":false},"excerpt":{"rendered":"<p>En nuestra excursi\u00f3n a Isla Catalina con snorkel te invitamos a explorar el m\u00e1s bello ecosistema submarino de Rep\u00fablica Dominicana. En la Isla Catalina, con sus aguas de color turquesa, experimentar\u00e1s un d\u00eda inolvidable en el para\u00edso, disfrutando de sus playas, la brisa fresca, vistas alucinantes y una selecci\u00f3n de comidas y bebidas incluidas en [&hellip;]<\/p>\n","protected":false},"featured_media":4615,"comment_status":"open","ping_status":"closed","template":"","meta":{"content-type":"","_uag_custom_page_level_css":"","site-sidebar-layout":"no-sidebar","site-content-layout":"default","ast-site-content-layout":"","site-content-style":"default","site-sidebar-style":"default","ast-global-header-display":"","ast-banner-title-visibility":"","ast-main-header-display":"","ast-hfb-above-header-display":"","ast-hfb-below-header-display":"","ast-hfb-mobile-header-display":"","site-post-title":"","ast-breadcrumbs-content":"","ast-featured-img":"","footer-sml-layout":"","theme-transparent-header-meta":"default","adv-header-id-meta":"","stick-header-meta":"","header-above-stick-meta":"","header-main-stick-meta":"","header-below-stick-meta":"","astra-migrate-meta-layouts":"default","ast-page-background-enabled":"default","ast-page-background-meta":{"desktop":{"background-color":"","background-image":"","background-repeat":"repeat","background-position":"center center","background-size":"auto","background-attachment":"scroll","background-type":"","background-media":"","overlay-type":"","overlay-color":"","overlay-opacity":"","overlay-gradient":""},"tablet":{"background-color":"","background-image":"","background-repeat":"repeat","background-position":"center center","background-size":"auto","background-attachment":"scroll","background-type":"","background-media":"","overlay-type":"","overlay-color":"","overlay-opacity":"","overlay-gradient":""},"mobile":{"background-color":"","background-image":"","background-repeat":"repeat","background-position":"center center","background-size":"auto","background-attachment":"scroll","background-type":"","background-media":"","overlay-type":"","overlay-color":"","overlay-opacity":"","overlay-gradient":""}},"ast-content-background-meta":{"desktop":{"background-color":"var(--ast-global-color-5)","background-image":"","background-repeat":"repeat","background-position":"center center","background-size":"auto","background-attachment":"scroll","background-type":"","background-media":"","overlay-type":"","overlay-color":"","overlay-opacity":"","overlay-gradient":""},"tablet":{"background-color":"var(--ast-global-color-5)","background-image":"","background-repeat":"repeat","background-position":"center center","background-size":"auto","background-attachment":"scroll","background-type":"","background-media":"","overlay-type":"","overlay-color":"","overlay-opacity":"","overlay-gradient":""},"mobile":{"background-color":"var(--ast-global-color-5)","background-image":"","background-repeat":"repeat","background-position":"center center","background-size":"auto","background-attachment":"scroll","background-type":"","background-media":"","overlay-type":"","overlay-color":"","overlay-opacity":"","overlay-gradient":""}}},"product_cat":[44],"product_tag":[58,69],"class_list":{"0":"post-4323","1":"product","2":"type-product","3":"status-publish","4":"has-post-thumbnail","6":"product_cat-excursiones","7":"product_tag-por-mar","8":"product_tag-snorkel","9":"wt_location-la-romana","10":"wt_location-punta-cana","11":"desktop-align-left","12":"tablet-align-left","13":"mobile-align-left","15":"first","16":"instock","17":"sold-individually","18":"shipping-taxable","19":"purchasable","20":"product-type-simple"},"uagb_featured_image_src":{"full":["https:\/\/potetourstransferpuntacana.com\/wp-content\/uploads\/2021\/03\/SNORKEL-ISLA-CATALINA-1357x905px-Stay-Happy-RD.jpg",1357,905,false],"thumbnail":["https:\/\/potetourstransferpuntacana.com\/wp-content\/uploads\/2021\/03\/SNORKEL-ISLA-CATALINA-1357x905px-Stay-Happy-RD.jpg",128,85,false],"medium":["https:\/\/potetourstransferpuntacana.com\/wp-content\/uploads\/2021\/03\/SNORKEL-ISLA-CATALINA-1357x905px-Stay-Happy-RD.jpg",1357,905,false],"medium_large":["https:\/\/potetourstransferpuntacana.com\/wp-content\/uploads\/2021\/03\/SNORKEL-ISLA-CATALINA-1357x905px-Stay-Happy-RD-768x512.jpg",768,512,true],"large":["https:\/\/potetourstransferpuntacana.com\/wp-content\/uploads\/2021\/03\/SNORKEL-ISLA-CATALINA-1357x905px-Stay-Happy-RD.jpg",1357,905,false],"1536x1536":["https:\/\/potetourstransferpuntacana.com\/wp-content\/uploads\/2021\/03\/SNORKEL-ISLA-CATALINA-1357x905px-Stay-Happy-RD.jpg",1357,905,false],"2048x2048":["https:\/\/potetourstransferpuntacana.com\/wp-content\/uploads\/2021\/03\/SNORKEL-ISLA-CATALINA-1357x905px-Stay-Happy-RD.jpg",1357,905,false],"thumb_150x160":["https:\/\/potetourstransferpuntacana.com\/wp-content\/uploads\/2021\/03\/SNORKEL-ISLA-CATALINA-1357x905px-Stay-Happy-RD-150x160.jpg",150,160,true],"thumb_100x150":["https:\/\/potetourstransferpuntacana.com\/wp-content\/uploads\/2021\/03\/SNORKEL-ISLA-CATALINA-1357x905px-Stay-Happy-RD-100x150.jpg",100,150,true],"wethumb_204x153":["https:\/\/potetourstransferpuntacana.com\/wp-content\/uploads\/2021\/03\/SNORKEL-ISLA-CATALINA-1357x905px-Stay-Happy-RD-204x153.jpg",204,153,true],"wethumb_460x307":["https:\/\/potetourstransferpuntacana.com\/wp-content\/uploads\/2021\/03\/SNORKEL-ISLA-CATALINA-1357x905px-Stay-Happy-RD-460x307.jpg",460,307,true],"wethumb_85x85":["https:\/\/potetourstransferpuntacana.com\/wp-content\/uploads\/2021\/03\/SNORKEL-ISLA-CATALINA-1357x905px-Stay-Happy-RD-85x85.jpg",85,85,true],"woocommerce_thumbnail":["https:\/\/potetourstransferpuntacana.com\/wp-content\/uploads\/2021\/03\/SNORKEL-ISLA-CATALINA-1357x905px-Stay-Happy-RD-300x300.jpg",300,300,true],"woocommerce_single":["https:\/\/potetourstransferpuntacana.com\/wp-content\/uploads\/2021\/03\/SNORKEL-ISLA-CATALINA-1357x905px-Stay-Happy-RD-600x400.jpg",600,400,true],"woocommerce_gallery_thumbnail":["https:\/\/potetourstransferpuntacana.com\/wp-content\/uploads\/2021\/03\/SNORKEL-ISLA-CATALINA-1357x905px-Stay-Happy-RD-100x100.jpg",100,100,true]},"uagb_author_info":{"display_name":"KELYN MEJIA","author_link":"https:\/\/potetourstransferpuntacana.com\/?author=0"},"uagb_comment_info":0,"uagb_excerpt":"En nuestra excursi\u00f3n a Isla Catalina con snorkel te invitamos a explorar el m\u00e1s bello ecosistema submarino de Rep\u00fablica Dominicana. En la Isla Catalina, con sus aguas de color turquesa, experimentar\u00e1s un d\u00eda inolvidable en el para\u00edso, disfrutando de sus playas, la brisa fresca, vistas alucinantes y una selecci\u00f3n de comidas y bebidas incluidas en&hellip;","_links":{"self":[{"href":"https:\/\/potetourstransferpuntacana.com\/index.php?rest_route=\/wp\/v2\/product\/4323","targetHints":{"allow":["GET"]}}],"collection":[{"href":"https:\/\/potetourstransferpuntacana.com\/index.php?rest_route=\/wp\/v2\/product"}],"about":[{"href":"https:\/\/potetourstransferpuntacana.com\/index.php?rest_route=\/wp\/v2\/types\/product"}],"replies":[{"embeddable":true,"href":"https:\/\/potetourstransferpuntacana.com\/index.php?rest_route=%2Fwp%2Fv2%2Fcomments&post=4323"}],"wp:featuredmedia":[{"embeddable":true,"href":"https:\/\/potetourstransferpuntacana.com\/index.php?rest_route=\/wp\/v2\/media\/4615"}],"wp:attachment":[{"href":"https:\/\/potetourstransferpuntacana.com\/index.php?rest_route=%2Fwp%2Fv2%2Fmedia&parent=4323"}],"wp:term":[{"taxonomy":"product_cat","embeddable":true,"href":"https:\/\/potetourstransferpuntacana.com\/index.php?rest_route=%2Fwp%2Fv2%2Fproduct_cat&post=4323"},{"taxonomy":"product_tag","embeddable":true,"href":"https:\/\/potetourstransferpuntacana.com\/index.php?rest_route=%2Fwp%2Fv2%2Fproduct_tag&post=4323"}],"curies":[{"name":"wp","href":"https:\/\/api.w.org\/{rel}","templated":true}]}}