{"id":431,"date":"2021-05-31T01:02:20","date_gmt":"2021-05-31T05:02:20","guid":{"rendered":"https:\/\/potetourstransferpuntacana.com\/?post_type=product&#038;p=431"},"modified":"2021-06-05T09:11:03","modified_gmt":"2021-06-05T13:11:03","slug":"excursion-isla-saona-vip","status":"publish","type":"product","link":"https:\/\/potetourstransferpuntacana.com\/?product=excursion-isla-saona-vip","title":{"rendered":"Excursi\u00f3n Isla Saona VIP"},"content":{"rendered":"<p>La Excursi\u00f3n isla Saona vip en rep\u00fablica dominicana el tours, saldr\u00e1 en autob\u00fas desde su hotel,<br \/>\nLa duraci\u00f3n de esta excursi\u00f3n es aproximadamente de 8 a 9 horas, incluyendo la salida y la llegada a su hotel.<\/p>\n<p>Este d\u00eda perfecto incluye una impresionante navegaci\u00f3n, un chapuz\u00f3n en una piscina natural con estrellas de mar, un bar abierto y un almuerzo que incluye 1 libra langosta. Su excursi\u00f3n inicia desde Bayah\u00edbe, donde viajar\u00e1 a bordo de un barco de lujo para navegar por la costa sur de la Rep\u00fablica Dominicana.<\/p>\n<p>Disfrute de bocadillos y una bebida perfecta en la barra libre del bote mientras la brisa del oc\u00e9ano lo acaricia. Una vez que est\u00e9 en el medio del mar azul del Caribe, la embarcaci\u00f3n se detendr\u00e1 en un lugar donde experimentar\u00e1 una memorable aventura de nataci\u00f3n: una piscina natural donde podr\u00e1 ver hermosas estrellas de mar.<\/p>\n<p>Esta playa est\u00e1 reservada para los hu\u00e9spedes de esta excursi\u00f3n VIP, para que pueda tener una experiencia m\u00e1s exclusiva. Tambi\u00e9n la Excursi\u00f3n incluye El buffet Regular de pollo a la parrilla, caracol y pescado fresco. Arroz dominicano, Tostones (papas fritas), papas, pasta, ensalada, frutas y panes. y las bebidas nacionales tambi\u00e9n que incluyen todo el ron a\u00f1ejo, la cerveza Presidente, los refrescos y el agua que pueden beber durante todo el tiempo que permanecen en la isla. , regresa a tu embarcaci\u00f3n y navega de regreso a Bayah\u00edbe, donde tu veh\u00edculo estar\u00e1 listo para llevarte de regreso a tu resort.<\/p>\n<h3>Qu\u00e9 incluye esta excursi\u00f3n a Isla Saona:<\/h3>\n<ul>\n<li>Asistencia de Personal<\/li>\n<li>Transporte Privado desde Hotel<\/li>\n<li>Visita la piscina Natural<\/li>\n<li>Tiempo de tomar fotos con las Estrellas<\/li>\n<li>1 Libra de Langosta por Persona<\/li>\n<li>1 Botella de Vino por Pareja<\/li>\n<li>Paseo en Catamaran y Lancha Rapida<\/li>\n<li>Area Vip en la Isla<\/li>\n<li>Guia en su idioma en el tour<\/li>\n<\/ul>\n<h3><span style=\"color: #a50303;\">Observaciones:<\/span><\/h3>\n<ul>\n<li>No es aconsejable para persona embarazada.<\/li>\n<li>Recomendamos que los ni\u00f1os tengan m\u00ednimo un a\u00f1o de edad en adelante.<\/li>\n<\/ul>\n<div class=\"ast-oembed-container \" style=\"height: 100%;\"><iframe loading=\"lazy\" title=\"Isla Saona: El Secreto QUE LOS TURISTAS NO SABEN del Para\u00edso de Rep\u00fablica Dominicana\" width=\"500\" height=\"281\" src=\"https:\/\/www.youtube.com\/embed\/YY6bKvD2gns?feature=oembed\" frameborder=\"0\" allow=\"accelerometer; autoplay; clipboard-write; encrypted-media; gyroscope; picture-in-picture; web-share\" referrerpolicy=\"strict-origin-when-cross-origin\" allowfullscreen><\/iframe><\/div>\n","protected":false},"excerpt":{"rendered":"<p>La Excursi\u00f3n isla Saona vip en rep\u00fablica dominicana el tours, saldr\u00e1 en autob\u00fas desde su hotel, La duraci\u00f3n de esta excursi\u00f3n es aproximadamente de 8 a 9 horas, incluyendo la salida y la llegada a su hotel. Este d\u00eda perfecto incluye una impresionante navegaci\u00f3n, un chapuz\u00f3n en una piscina natural con estrellas de mar, un [&hellip;]<\/p>\n","protected":false},"featured_media":5955,"comment_status":"open","ping_status":"closed","template":"","meta":{"content-type":"","_uag_custom_page_level_css":"","site-sidebar-layout":"no-sidebar","site-content-layout":"default","ast-site-content-layout":"","site-content-style":"default","site-sidebar-style":"default","ast-global-header-display":"","ast-banner-title-visibility":"","ast-main-header-display":"","ast-hfb-above-header-display":"","ast-hfb-below-header-display":"","ast-hfb-mobile-header-display":"","site-post-title":"","ast-breadcrumbs-content":"","ast-featured-img":"","footer-sml-layout":"","theme-transparent-header-meta":"default","adv-header-id-meta":"","stick-header-meta":"","header-above-stick-meta":"","header-main-stick-meta":"","header-below-stick-meta":"","astra-migrate-meta-layouts":"default","ast-page-background-enabled":"default","ast-page-background-meta":{"desktop":{"background-color":"","background-image":"","background-repeat":"repeat","background-position":"center center","background-size":"auto","background-attachment":"scroll","background-type":"","background-media":"","overlay-type":"","overlay-color":"","overlay-opacity":"","overlay-gradient":""},"tablet":{"background-color":"","background-image":"","background-repeat":"repeat","background-position":"center center","background-size":"auto","background-attachment":"scroll","background-type":"","background-media":"","overlay-type":"","overlay-color":"","overlay-opacity":"","overlay-gradient":""},"mobile":{"background-color":"","background-image":"","background-repeat":"repeat","background-position":"center center","background-size":"auto","background-attachment":"scroll","background-type":"","background-media":"","overlay-type":"","overlay-color":"","overlay-opacity":"","overlay-gradient":""}},"ast-content-background-meta":{"desktop":{"background-color":"var(--ast-global-color-5)","background-image":"","background-repeat":"repeat","background-position":"center center","background-size":"auto","background-attachment":"scroll","background-type":"","background-media":"","overlay-type":"","overlay-color":"","overlay-opacity":"","overlay-gradient":""},"tablet":{"background-color":"var(--ast-global-color-5)","background-image":"","background-repeat":"repeat","background-position":"center center","background-size":"auto","background-attachment":"scroll","background-type":"","background-media":"","overlay-type":"","overlay-color":"","overlay-opacity":"","overlay-gradient":""},"mobile":{"background-color":"var(--ast-global-color-5)","background-image":"","background-repeat":"repeat","background-position":"center center","background-size":"auto","background-attachment":"scroll","background-type":"","background-media":"","overlay-type":"","overlay-color":"","overlay-opacity":"","overlay-gradient":""}}},"product_cat":[44],"product_tag":[58],"class_list":{"0":"post-431","1":"product","2":"type-product","3":"status-publish","4":"has-post-thumbnail","6":"product_cat-excursiones","7":"product_tag-por-mar","8":"wt_location-punta-cana","9":"wt_location-saona-y-bayahibe","10":"desktop-align-left","11":"tablet-align-left","12":"mobile-align-left","14":"first","15":"instock","16":"sale","17":"sold-individually","18":"shipping-taxable","19":"purchasable","20":"product-type-simple"},"uagb_featured_image_src":{"full":["https:\/\/potetourstransferpuntacana.com\/wp-content\/uploads\/2021\/05\/Estrella-de-Mar-2-Saona-VIP-1357x905px-Stay-Happy-RD.jpg",1357,905,false],"thumbnail":["https:\/\/potetourstransferpuntacana.com\/wp-content\/uploads\/2021\/05\/Estrella-de-Mar-2-Saona-VIP-1357x905px-Stay-Happy-RD.jpg",128,85,false],"medium":["https:\/\/potetourstransferpuntacana.com\/wp-content\/uploads\/2021\/05\/Estrella-de-Mar-2-Saona-VIP-1357x905px-Stay-Happy-RD.jpg",1357,905,false],"medium_large":["https:\/\/potetourstransferpuntacana.com\/wp-content\/uploads\/2021\/05\/Estrella-de-Mar-2-Saona-VIP-1357x905px-Stay-Happy-RD-768x512.jpg",768,512,true],"large":["https:\/\/potetourstransferpuntacana.com\/wp-content\/uploads\/2021\/05\/Estrella-de-Mar-2-Saona-VIP-1357x905px-Stay-Happy-RD.jpg",1357,905,false],"1536x1536":["https:\/\/potetourstransferpuntacana.com\/wp-content\/uploads\/2021\/05\/Estrella-de-Mar-2-Saona-VIP-1357x905px-Stay-Happy-RD.jpg",1357,905,false],"2048x2048":["https:\/\/potetourstransferpuntacana.com\/wp-content\/uploads\/2021\/05\/Estrella-de-Mar-2-Saona-VIP-1357x905px-Stay-Happy-RD.jpg",1357,905,false],"thumb_150x160":["https:\/\/potetourstransferpuntacana.com\/wp-content\/uploads\/2021\/05\/Estrella-de-Mar-2-Saona-VIP-1357x905px-Stay-Happy-RD-150x160.jpg",150,160,true],"thumb_100x150":["https:\/\/potetourstransferpuntacana.com\/wp-content\/uploads\/2021\/05\/Estrella-de-Mar-2-Saona-VIP-1357x905px-Stay-Happy-RD-100x150.jpg",100,150,true],"wethumb_204x153":["https:\/\/potetourstransferpuntacana.com\/wp-content\/uploads\/2021\/05\/Estrella-de-Mar-2-Saona-VIP-1357x905px-Stay-Happy-RD-204x153.jpg",204,153,true],"wethumb_460x307":["https:\/\/potetourstransferpuntacana.com\/wp-content\/uploads\/2021\/05\/Estrella-de-Mar-2-Saona-VIP-1357x905px-Stay-Happy-RD-460x307.jpg",460,307,true],"wethumb_85x85":["https:\/\/potetourstransferpuntacana.com\/wp-content\/uploads\/2021\/05\/Estrella-de-Mar-2-Saona-VIP-1357x905px-Stay-Happy-RD-85x85.jpg",85,85,true],"woocommerce_thumbnail":["https:\/\/potetourstransferpuntacana.com\/wp-content\/uploads\/2021\/05\/Estrella-de-Mar-2-Saona-VIP-1357x905px-Stay-Happy-RD-300x300.jpg",300,300,true],"woocommerce_single":["https:\/\/potetourstransferpuntacana.com\/wp-content\/uploads\/2021\/05\/Estrella-de-Mar-2-Saona-VIP-1357x905px-Stay-Happy-RD-600x400.jpg",600,400,true],"woocommerce_gallery_thumbnail":["https:\/\/potetourstransferpuntacana.com\/wp-content\/uploads\/2021\/05\/Estrella-de-Mar-2-Saona-VIP-1357x905px-Stay-Happy-RD-100x100.jpg",100,100,true]},"uagb_author_info":{"display_name":"KELYN MEJIA","author_link":"https:\/\/potetourstransferpuntacana.com\/?author=0"},"uagb_comment_info":0,"uagb_excerpt":"La Excursi\u00f3n isla Saona vip en rep\u00fablica dominicana el tours, saldr\u00e1 en autob\u00fas desde su hotel, La duraci\u00f3n de esta excursi\u00f3n es aproximadamente de 8 a 9 horas, incluyendo la salida y la llegada a su hotel. Este d\u00eda perfecto incluye una impresionante navegaci\u00f3n, un chapuz\u00f3n en una piscina natural con estrellas de mar, un&hellip;","_links":{"self":[{"href":"https:\/\/potetourstransferpuntacana.com\/index.php?rest_route=\/wp\/v2\/product\/431","targetHints":{"allow":["GET"]}}],"collection":[{"href":"https:\/\/potetourstransferpuntacana.com\/index.php?rest_route=\/wp\/v2\/product"}],"about":[{"href":"https:\/\/potetourstransferpuntacana.com\/index.php?rest_route=\/wp\/v2\/types\/product"}],"replies":[{"embeddable":true,"href":"https:\/\/potetourstransferpuntacana.com\/index.php?rest_route=%2Fwp%2Fv2%2Fcomments&post=431"}],"wp:featuredmedia":[{"embeddable":true,"href":"https:\/\/potetourstransferpuntacana.com\/index.php?rest_route=\/wp\/v2\/media\/5955"}],"wp:attachment":[{"href":"https:\/\/potetourstransferpuntacana.com\/index.php?rest_route=%2Fwp%2Fv2%2Fmedia&parent=431"}],"wp:term":[{"taxonomy":"product_cat","embeddable":true,"href":"https:\/\/potetourstransferpuntacana.com\/index.php?rest_route=%2Fwp%2Fv2%2Fproduct_cat&post=431"},{"taxonomy":"product_tag","embeddable":true,"href":"https:\/\/potetourstransferpuntacana.com\/index.php?rest_route=%2Fwp%2Fv2%2Fproduct_tag&post=431"}],"curies":[{"name":"wp","href":"https:\/\/api.w.org\/{rel}","templated":true}]}}