{"id":4298,"date":"2021-03-25T14:54:19","date_gmt":"2021-03-25T14:54:19","guid":{"rendered":"https:\/\/potetourstransferpuntacana.com\/?post_type=product&#038;p=4298"},"modified":"2021-04-29T14:52:15","modified_gmt":"2021-04-29T14:52:15","slug":"vista-aerea-de-punta-cana-en-helicoptero","status":"publish","type":"product","link":"https:\/\/potetourstransferpuntacana.com\/?product=vista-aerea-de-punta-cana-en-helicoptero","title":{"rendered":"Vista A\u00e9rea de Punta Cana en Helic\u00f3ptero"},"content":{"rendered":"<p>Descubre Punta Cana desde el aire.<\/p>\n<p>Disfruta de la majestuosa vista del mar y todos los alrededores de Punta Cana desde el aire con nuestro vuelos tur\u00edsticos de 10, 15, 20, 30 y 40 minutos. Una experiencia premium \u00fanica como lo son Saona, Salto La Jalda, Champagne Nightflight y el Heli Ranch Vip<\/p>\n<h3>Qu\u00e9 incluye esta excursi\u00f3n por Punta Cana en Helic\u00f3ptero:<\/h3>\n<ul>\n<li>Seguro de accidentes incluido en las excursiones en Punta Cana<\/li>\n<li>El seguro de accidentes (Asistencia en Viaje), incluido al contratar vuestro viaje os cubre de accidentes en cualquiera de nuestras excursiones en Punta Cana (con excepci\u00f3n del BUCEO para el que contamos con un seguro aparte).<\/li>\n<\/ul>\n<div class=\"ast-oembed-container \" style=\"height: 100%;\"><iframe loading=\"lazy\" title=\"viaje en helicoptero por punta cana\" width=\"500\" height=\"281\" src=\"https:\/\/www.youtube.com\/embed\/gnFmQyc30Z0?feature=oembed\" frameborder=\"0\" allow=\"accelerometer; autoplay; clipboard-write; encrypted-media; gyroscope; picture-in-picture; web-share\" referrerpolicy=\"strict-origin-when-cross-origin\" allowfullscreen><\/iframe><\/div>\n","protected":false},"excerpt":{"rendered":"<p>Descubre Punta Cana desde el aire. Disfruta de la majestuosa vista del mar y todos los alrededores de Punta Cana desde el aire con nuestro vuelos tur\u00edsticos de 10, 15, 20, 30 y 40 minutos. Una experiencia premium \u00fanica como lo son Saona, Salto La Jalda, Champagne Nightflight y el Heli Ranch Vip Qu\u00e9 incluye [&hellip;]<\/p>\n","protected":false},"featured_media":4634,"comment_status":"open","ping_status":"closed","template":"","meta":{"content-type":"","_uag_custom_page_level_css":"","site-sidebar-layout":"no-sidebar","site-content-layout":"default","ast-site-content-layout":"","site-content-style":"default","site-sidebar-style":"default","ast-global-header-display":"","ast-banner-title-visibility":"","ast-main-header-display":"","ast-hfb-above-header-display":"","ast-hfb-below-header-display":"","ast-hfb-mobile-header-display":"","site-post-title":"","ast-breadcrumbs-content":"","ast-featured-img":"","footer-sml-layout":"","theme-transparent-header-meta":"default","adv-header-id-meta":"","stick-header-meta":"","header-above-stick-meta":"","header-main-stick-meta":"","header-below-stick-meta":"","astra-migrate-meta-layouts":"default","ast-page-background-enabled":"default","ast-page-background-meta":{"desktop":{"background-color":"","background-image":"","background-repeat":"repeat","background-position":"center center","background-size":"auto","background-attachment":"scroll","background-type":"","background-media":"","overlay-type":"","overlay-color":"","overlay-opacity":"","overlay-gradient":""},"tablet":{"background-color":"","background-image":"","background-repeat":"repeat","background-position":"center center","background-size":"auto","background-attachment":"scroll","background-type":"","background-media":"","overlay-type":"","overlay-color":"","overlay-opacity":"","overlay-gradient":""},"mobile":{"background-color":"","background-image":"","background-repeat":"repeat","background-position":"center center","background-size":"auto","background-attachment":"scroll","background-type":"","background-media":"","overlay-type":"","overlay-color":"","overlay-opacity":"","overlay-gradient":""}},"ast-content-background-meta":{"desktop":{"background-color":"var(--ast-global-color-5)","background-image":"","background-repeat":"repeat","background-position":"center center","background-size":"auto","background-attachment":"scroll","background-type":"","background-media":"","overlay-type":"","overlay-color":"","overlay-opacity":"","overlay-gradient":""},"tablet":{"background-color":"var(--ast-global-color-5)","background-image":"","background-repeat":"repeat","background-position":"center center","background-size":"auto","background-attachment":"scroll","background-type":"","background-media":"","overlay-type":"","overlay-color":"","overlay-opacity":"","overlay-gradient":""},"mobile":{"background-color":"var(--ast-global-color-5)","background-image":"","background-repeat":"repeat","background-position":"center center","background-size":"auto","background-attachment":"scroll","background-type":"","background-media":"","overlay-type":"","overlay-color":"","overlay-opacity":"","overlay-gradient":""}}},"product_cat":[44],"product_tag":[59],"class_list":{"0":"post-4298","1":"product","2":"type-product","3":"status-publish","4":"has-post-thumbnail","6":"product_cat-excursiones","7":"product_tag-por-aire","8":"wt_location-punta-cana","9":"desktop-align-left","10":"tablet-align-left","11":"mobile-align-left","13":"first","14":"instock","15":"sold-individually","16":"shipping-taxable","17":"purchasable","18":"product-type-variable"},"uagb_featured_image_src":{"full":["https:\/\/potetourstransferpuntacana.com\/wp-content\/uploads\/2021\/03\/Vista-Aerea-en-Helicoptero-Punta-Cana-Tour-Excursion-1357x905px-Stayhappyrd-3.jpg",1357,905,false],"thumbnail":["https:\/\/potetourstransferpuntacana.com\/wp-content\/uploads\/2021\/03\/Vista-Aerea-en-Helicoptero-Punta-Cana-Tour-Excursion-1357x905px-Stayhappyrd-3.jpg",128,85,false],"medium":["https:\/\/potetourstransferpuntacana.com\/wp-content\/uploads\/2021\/03\/Vista-Aerea-en-Helicoptero-Punta-Cana-Tour-Excursion-1357x905px-Stayhappyrd-3.jpg",1357,905,false],"medium_large":["https:\/\/potetourstransferpuntacana.com\/wp-content\/uploads\/2021\/03\/Vista-Aerea-en-Helicoptero-Punta-Cana-Tour-Excursion-1357x905px-Stayhappyrd-3-768x512.jpg",768,512,true],"large":["https:\/\/potetourstransferpuntacana.com\/wp-content\/uploads\/2021\/03\/Vista-Aerea-en-Helicoptero-Punta-Cana-Tour-Excursion-1357x905px-Stayhappyrd-3.jpg",1357,905,false],"1536x1536":["https:\/\/potetourstransferpuntacana.com\/wp-content\/uploads\/2021\/03\/Vista-Aerea-en-Helicoptero-Punta-Cana-Tour-Excursion-1357x905px-Stayhappyrd-3.jpg",1357,905,false],"2048x2048":["https:\/\/potetourstransferpuntacana.com\/wp-content\/uploads\/2021\/03\/Vista-Aerea-en-Helicoptero-Punta-Cana-Tour-Excursion-1357x905px-Stayhappyrd-3.jpg",1357,905,false],"thumb_150x160":["https:\/\/potetourstransferpuntacana.com\/wp-content\/uploads\/2021\/03\/Vista-Aerea-en-Helicoptero-Punta-Cana-Tour-Excursion-1357x905px-Stayhappyrd-3-150x160.jpg",150,160,true],"thumb_100x150":["https:\/\/potetourstransferpuntacana.com\/wp-content\/uploads\/2021\/03\/Vista-Aerea-en-Helicoptero-Punta-Cana-Tour-Excursion-1357x905px-Stayhappyrd-3-100x150.jpg",100,150,true],"wethumb_204x153":["https:\/\/potetourstransferpuntacana.com\/wp-content\/uploads\/2021\/03\/Vista-Aerea-en-Helicoptero-Punta-Cana-Tour-Excursion-1357x905px-Stayhappyrd-3-204x153.jpg",204,153,true],"wethumb_460x307":["https:\/\/potetourstransferpuntacana.com\/wp-content\/uploads\/2021\/03\/Vista-Aerea-en-Helicoptero-Punta-Cana-Tour-Excursion-1357x905px-Stayhappyrd-3-460x307.jpg",460,307,true],"wethumb_85x85":["https:\/\/potetourstransferpuntacana.com\/wp-content\/uploads\/2021\/03\/Vista-Aerea-en-Helicoptero-Punta-Cana-Tour-Excursion-1357x905px-Stayhappyrd-3-85x85.jpg",85,85,true],"woocommerce_thumbnail":["https:\/\/potetourstransferpuntacana.com\/wp-content\/uploads\/2021\/03\/Vista-Aerea-en-Helicoptero-Punta-Cana-Tour-Excursion-1357x905px-Stayhappyrd-3-300x300.jpg",300,300,true],"woocommerce_single":["https:\/\/potetourstransferpuntacana.com\/wp-content\/uploads\/2021\/03\/Vista-Aerea-en-Helicoptero-Punta-Cana-Tour-Excursion-1357x905px-Stayhappyrd-3-600x400.jpg",600,400,true],"woocommerce_gallery_thumbnail":["https:\/\/potetourstransferpuntacana.com\/wp-content\/uploads\/2021\/03\/Vista-Aerea-en-Helicoptero-Punta-Cana-Tour-Excursion-1357x905px-Stayhappyrd-3-100x100.jpg",100,100,true]},"uagb_author_info":{"display_name":"KELYN MEJIA","author_link":"https:\/\/potetourstransferpuntacana.com\/?author=0"},"uagb_comment_info":0,"uagb_excerpt":"Descubre Punta Cana desde el aire. Disfruta de la majestuosa vista del mar y todos los alrededores de Punta Cana desde el aire con nuestro vuelos tur\u00edsticos de 10, 15, 20, 30 y 40 minutos. Una experiencia premium \u00fanica como lo son Saona, Salto La Jalda, Champagne Nightflight y el Heli Ranch Vip Qu\u00e9 incluye&hellip;","_links":{"self":[{"href":"https:\/\/potetourstransferpuntacana.com\/index.php?rest_route=\/wp\/v2\/product\/4298","targetHints":{"allow":["GET"]}}],"collection":[{"href":"https:\/\/potetourstransferpuntacana.com\/index.php?rest_route=\/wp\/v2\/product"}],"about":[{"href":"https:\/\/potetourstransferpuntacana.com\/index.php?rest_route=\/wp\/v2\/types\/product"}],"replies":[{"embeddable":true,"href":"https:\/\/potetourstransferpuntacana.com\/index.php?rest_route=%2Fwp%2Fv2%2Fcomments&post=4298"}],"wp:featuredmedia":[{"embeddable":true,"href":"https:\/\/potetourstransferpuntacana.com\/index.php?rest_route=\/wp\/v2\/media\/4634"}],"wp:attachment":[{"href":"https:\/\/potetourstransferpuntacana.com\/index.php?rest_route=%2Fwp%2Fv2%2Fmedia&parent=4298"}],"wp:term":[{"taxonomy":"product_cat","embeddable":true,"href":"https:\/\/potetourstransferpuntacana.com\/index.php?rest_route=%2Fwp%2Fv2%2Fproduct_cat&post=4298"},{"taxonomy":"product_tag","embeddable":true,"href":"https:\/\/potetourstransferpuntacana.com\/index.php?rest_route=%2Fwp%2Fv2%2Fproduct_tag&post=4298"}],"curies":[{"name":"wp","href":"https:\/\/api.w.org\/{rel}","templated":true}]}}