{"id":4295,"date":"2021-05-31T01:05:19","date_gmt":"2021-05-31T05:05:19","guid":{"rendered":"https:\/\/potetourstransferpuntacana.com\/?post_type=product&#038;p=4295"},"modified":"2024-09-13T07:41:04","modified_gmt":"2024-09-13T11:41:04","slug":"isla-saona-clasica","status":"publish","type":"product","link":"https:\/\/potetourstransferpuntacana.com\/?product=isla-saona-clasica","title":{"rendered":"Isla Saona Cl\u00e1sica"},"content":{"rendered":"<blockquote><p>La isla forma parte del parque natural protegido llamado Parque Natural del Este. Por su incre\u00edble belleza natural, te aseguramos que quedaras impresionado ya sea en tierra, en el mar o bajo la superficie. \u00a1Te garantizamos que eventualmente te enamorar\u00e1s de esta isla y su incre\u00edble arrecife de coral!<\/p><\/blockquote>\n<p>Ven a visitar junto a nosotros de este peque\u00f1o para\u00edso tropical, nuestra incre\u00edble Isla Saona.<\/p>\n<p>Luego de recogerte en tu hotel empezara nuestra aventura embarcando en el muelle de Bayahibe y navegando por las hermosas aguas del mar caribe en un incre\u00edble catamar\u00e1n de vela con barra libre camino a la piscina natural; un banco de arena justo en medio del mar (este lugar es el preferido para tomarse fotos con las estrellas de mar). Despu\u00e9s partimos a la exclusiva playa catuano de la Isla Saona donde disfrutaremos de un almuerzo Dominicano tipo Bufett que incluye: bebidas nacionales, arroz blanco, arroz con vegetales, pollo a la barbacoa, chuletas de cerdo a la parrilla, ensalada verde, ensalada de papa y spaguetti y con bebidas nacionales premium, langostas y mariscos disponibles por un precio adicional. Luego regresamos en una lancha r\u00e1pida hacia las costas de Bayahibe para regresar en autob\u00fas a sus hoteles.<\/p>\n<p>La Isla Saona super ideal para tumbarse en sus arenas blancas, caminar y nadar en sus aguas turquesas.<\/p>\n<h3>Qu\u00e9 incluye esta excursi\u00f3n a Isla Saona Clasica:<\/h3>\n<ul>\n<li>Transporte ida y vuelta<\/li>\n<li>Gu\u00eda Tur\u00edstico en su idioma<\/li>\n<li>Snorkeling En el mar Caribe<\/li>\n<li>Brindis en Piscina Natural<\/li>\n<li>Navegaci\u00f3n en lancha r\u00e1pida y Catamaran<\/li>\n<li>Almuerzo Buffet en la Playa<\/li>\n<li>Barra libre y animaci\u00f3n a bordo y en la playa<\/li>\n<li>2.5 hrs. de playa (Aprox)<\/li>\n<\/ul>\n<div class=\"ast-oembed-container \" style=\"height: 100%;\"><iframe loading=\"lazy\" title=\"Isla Saona (Rep\u00fablica Dominicana) 4K\" width=\"500\" height=\"281\" src=\"https:\/\/www.youtube.com\/embed\/4yKmKvTh1N4?feature=oembed\" frameborder=\"0\" allow=\"accelerometer; autoplay; clipboard-write; encrypted-media; gyroscope; picture-in-picture; web-share\" referrerpolicy=\"strict-origin-when-cross-origin\" allowfullscreen><\/iframe><\/div>\n","protected":false},"excerpt":{"rendered":"<p>La isla forma parte del parque natural protegido llamado Parque Natural del Este. Por su incre\u00edble belleza natural, te aseguramos que quedaras impresionado ya sea en tierra, en el mar o bajo la superficie. \u00a1Te garantizamos que eventualmente te enamorar\u00e1s de esta isla y su incre\u00edble arrecife de coral! Ven a visitar junto a nosotros [&hellip;]<\/p>\n","protected":false},"featured_media":4594,"comment_status":"open","ping_status":"closed","template":"","meta":{"content-type":"","_uag_custom_page_level_css":"","site-sidebar-layout":"no-sidebar","site-content-layout":"default","ast-site-content-layout":"default","site-content-style":"default","site-sidebar-style":"default","ast-global-header-display":"","ast-banner-title-visibility":"","ast-main-header-display":"","ast-hfb-above-header-display":"","ast-hfb-below-header-display":"","ast-hfb-mobile-header-display":"","site-post-title":"","ast-breadcrumbs-content":"","ast-featured-img":"","footer-sml-layout":"","theme-transparent-header-meta":"default","adv-header-id-meta":"","stick-header-meta":"","header-above-stick-meta":"","header-main-stick-meta":"","header-below-stick-meta":"","astra-migrate-meta-layouts":"set","ast-page-background-enabled":"default","ast-page-background-meta":{"desktop":{"background-color":"","background-image":"","background-repeat":"repeat","background-position":"center center","background-size":"auto","background-attachment":"scroll","background-type":"","background-media":"","overlay-type":"","overlay-color":"","overlay-opacity":"","overlay-gradient":""},"tablet":{"background-color":"","background-image":"","background-repeat":"repeat","background-position":"center center","background-size":"auto","background-attachment":"scroll","background-type":"","background-media":"","overlay-type":"","overlay-color":"","overlay-opacity":"","overlay-gradient":""},"mobile":{"background-color":"","background-image":"","background-repeat":"repeat","background-position":"center center","background-size":"auto","background-attachment":"scroll","background-type":"","background-media":"","overlay-type":"","overlay-color":"","overlay-opacity":"","overlay-gradient":""}},"ast-content-background-meta":{"desktop":{"background-color":"var(--ast-global-color-5)","background-image":"","background-repeat":"repeat","background-position":"center center","background-size":"auto","background-attachment":"scroll","background-type":"","background-media":"","overlay-type":"","overlay-color":"","overlay-opacity":"","overlay-gradient":""},"tablet":{"background-color":"var(--ast-global-color-5)","background-image":"","background-repeat":"repeat","background-position":"center center","background-size":"auto","background-attachment":"scroll","background-type":"","background-media":"","overlay-type":"","overlay-color":"","overlay-opacity":"","overlay-gradient":""},"mobile":{"background-color":"var(--ast-global-color-5)","background-image":"","background-repeat":"repeat","background-position":"center center","background-size":"auto","background-attachment":"scroll","background-type":"","background-media":"","overlay-type":"","overlay-color":"","overlay-opacity":"","overlay-gradient":""}}},"product_cat":[44],"product_tag":[58],"class_list":{"0":"post-4295","1":"product","2":"type-product","3":"status-publish","4":"has-post-thumbnail","6":"product_cat-excursiones","7":"product_tag-por-mar","8":"wt_location-punta-cana","9":"wt_location-saona-y-bayahibe","10":"desktop-align-left","11":"tablet-align-left","12":"mobile-align-left","14":"first","15":"instock","16":"sale","17":"sold-individually","18":"shipping-taxable","19":"purchasable","20":"product-type-simple"},"uagb_featured_image_src":{"full":["https:\/\/potetourstransferpuntacana.com\/wp-content\/uploads\/2021\/03\/Katamaran-1-Saona-Clasica-Stay-Happy-RD.jpg",960,720,false],"thumbnail":["https:\/\/potetourstransferpuntacana.com\/wp-content\/uploads\/2021\/03\/Katamaran-1-Saona-Clasica-Stay-Happy-RD.jpg",128,96,false],"medium":["https:\/\/potetourstransferpuntacana.com\/wp-content\/uploads\/2021\/03\/Katamaran-1-Saona-Clasica-Stay-Happy-RD.jpg",960,720,false],"medium_large":["https:\/\/potetourstransferpuntacana.com\/wp-content\/uploads\/2021\/03\/Katamaran-1-Saona-Clasica-Stay-Happy-RD-768x576.jpg",768,576,true],"large":["https:\/\/potetourstransferpuntacana.com\/wp-content\/uploads\/2021\/03\/Katamaran-1-Saona-Clasica-Stay-Happy-RD.jpg",960,720,false],"1536x1536":["https:\/\/potetourstransferpuntacana.com\/wp-content\/uploads\/2021\/03\/Katamaran-1-Saona-Clasica-Stay-Happy-RD.jpg",960,720,false],"2048x2048":["https:\/\/potetourstransferpuntacana.com\/wp-content\/uploads\/2021\/03\/Katamaran-1-Saona-Clasica-Stay-Happy-RD.jpg",960,720,false],"thumb_150x160":["https:\/\/potetourstransferpuntacana.com\/wp-content\/uploads\/2021\/03\/Katamaran-1-Saona-Clasica-Stay-Happy-RD-150x160.jpg",150,160,true],"thumb_100x150":["https:\/\/potetourstransferpuntacana.com\/wp-content\/uploads\/2021\/03\/Katamaran-1-Saona-Clasica-Stay-Happy-RD-100x150.jpg",100,150,true],"wethumb_204x153":["https:\/\/potetourstransferpuntacana.com\/wp-content\/uploads\/2021\/03\/Katamaran-1-Saona-Clasica-Stay-Happy-RD-204x153.jpg",204,153,true],"wethumb_460x307":["https:\/\/potetourstransferpuntacana.com\/wp-content\/uploads\/2021\/03\/Katamaran-1-Saona-Clasica-Stay-Happy-RD-460x307.jpg",460,307,true],"wethumb_85x85":["https:\/\/potetourstransferpuntacana.com\/wp-content\/uploads\/2021\/03\/Katamaran-1-Saona-Clasica-Stay-Happy-RD-85x85.jpg",85,85,true],"woocommerce_thumbnail":["https:\/\/potetourstransferpuntacana.com\/wp-content\/uploads\/2021\/03\/Katamaran-1-Saona-Clasica-Stay-Happy-RD-300x300.jpg",300,300,true],"woocommerce_single":["https:\/\/potetourstransferpuntacana.com\/wp-content\/uploads\/2021\/03\/Katamaran-1-Saona-Clasica-Stay-Happy-RD-600x450.jpg",600,450,true],"woocommerce_gallery_thumbnail":["https:\/\/potetourstransferpuntacana.com\/wp-content\/uploads\/2021\/03\/Katamaran-1-Saona-Clasica-Stay-Happy-RD-100x100.jpg",100,100,true]},"uagb_author_info":{"display_name":"KELYN MEJIA","author_link":"https:\/\/potetourstransferpuntacana.com\/?author=0"},"uagb_comment_info":0,"uagb_excerpt":"La isla forma parte del parque natural protegido llamado Parque Natural del Este. Por su incre\u00edble belleza natural, te aseguramos que quedaras impresionado ya sea en tierra, en el mar o bajo la superficie. \u00a1Te garantizamos que eventualmente te enamorar\u00e1s de esta isla y su incre\u00edble arrecife de coral! Ven a visitar junto a nosotros&hellip;","_links":{"self":[{"href":"https:\/\/potetourstransferpuntacana.com\/index.php?rest_route=\/wp\/v2\/product\/4295","targetHints":{"allow":["GET"]}}],"collection":[{"href":"https:\/\/potetourstransferpuntacana.com\/index.php?rest_route=\/wp\/v2\/product"}],"about":[{"href":"https:\/\/potetourstransferpuntacana.com\/index.php?rest_route=\/wp\/v2\/types\/product"}],"replies":[{"embeddable":true,"href":"https:\/\/potetourstransferpuntacana.com\/index.php?rest_route=%2Fwp%2Fv2%2Fcomments&post=4295"}],"wp:featuredmedia":[{"embeddable":true,"href":"https:\/\/potetourstransferpuntacana.com\/index.php?rest_route=\/wp\/v2\/media\/4594"}],"wp:attachment":[{"href":"https:\/\/potetourstransferpuntacana.com\/index.php?rest_route=%2Fwp%2Fv2%2Fmedia&parent=4295"}],"wp:term":[{"taxonomy":"product_cat","embeddable":true,"href":"https:\/\/potetourstransferpuntacana.com\/index.php?rest_route=%2Fwp%2Fv2%2Fproduct_cat&post=4295"},{"taxonomy":"product_tag","embeddable":true,"href":"https:\/\/potetourstransferpuntacana.com\/index.php?rest_route=%2Fwp%2Fv2%2Fproduct_tag&post=4295"}],"curies":[{"name":"wp","href":"https:\/\/api.w.org\/{rel}","templated":true}]}}