{"id":4271,"date":"2021-03-25T11:25:34","date_gmt":"2021-03-25T11:25:34","guid":{"rendered":"https:\/\/potetourstransferpuntacana.com\/?post_type=product&#038;p=4271"},"modified":"2021-04-28T20:16:50","modified_gmt":"2021-04-28T20:16:50","slug":"jarabacoa","status":"publish","type":"product","link":"https:\/\/potetourstransferpuntacana.com\/?product=jarabacoa","title":{"rendered":"Jarabacoa"},"content":{"rendered":"<p>Ubicado en el mismo centro de la cordillera central, Jarabacoa se levanta en una altiplanicie de 525 msnm.<\/p>\n<p>Tres son los principales r\u00edos que pasan por Jarabacoa: El Yaque del Norte, el Jimenoa y el Baiguate. El municipio posee tambi\u00e9n tres impresionantes saltos de agua: el Salto de Jimenoa 1, Salto de Jimenoa 2 y el Salto Baiguate, y constituye la v\u00eda de acceso principal hacia el Pico Duarte (el m\u00e1s grande de las Antillas con 3.175 msnm).<\/p>\n<p>Limita al norte con la Concepci\u00f3n de La Vega, al sur con Constanza, al este con Monse\u00f1or Nouel, y al oeste con Santiago.<\/p>\n<p>Clima Esta localidad presenta un clima tropical lluvioso; aunque est\u00e1 atenuado debido a su altitud, unos 500 metros sobre el nivel del mar.<\/p>\n<p>Las temperaturas presentan poca variaci\u00f3n, pero en general entre marzo y noviembre las madrugadas y las ma\u00f1anas son agradables, las tardes son calurosas y las noches templadas; en tanto que entre diciembre y febrero las madrugadas y las ma\u00f1anas son frescas o ligeramente fr\u00edas, las tardes son templadas y las noches agradables.<\/p>\n<p><strong>Excursi\u00f3n:<\/strong> Podr\u00e1n visitar a los principales r\u00edos, hacer senderismo, rafting, montar four wheels, parapente, caballos y si prefieren pasar la noche en la monta\u00f1a tenemos disponibilidad hotel confortable llamado Diana Victoria donde dependiendo del clima se har\u00e1n fogatas. Comida t\u00edpica. Bebida y habitaciones en oferta para nuestros clientes.<\/p>\n<div class=\"ast-oembed-container \" style=\"height: 100%;\"><iframe loading=\"lazy\" title=\"JARABACOA Y SU ENCANTADORA HISTORIA \u201cLA CIUDAD DE LA ETERNA PRIMAVERA ]RosaTips\" width=\"500\" height=\"281\" src=\"https:\/\/www.youtube.com\/embed\/Wnz0kb6AneA?feature=oembed\" frameborder=\"0\" allow=\"accelerometer; autoplay; clipboard-write; encrypted-media; gyroscope; picture-in-picture; web-share\" referrerpolicy=\"strict-origin-when-cross-origin\" allowfullscreen><\/iframe><\/div>\n","protected":false},"excerpt":{"rendered":"<p>Ubicado en el mismo centro de la cordillera central, Jarabacoa se levanta en una altiplanicie de 525 msnm. Tres son los principales r\u00edos que pasan por Jarabacoa: El Yaque del Norte, el Jimenoa y el Baiguate. El municipio posee tambi\u00e9n tres impresionantes saltos de agua: el Salto de Jimenoa 1, Salto de Jimenoa 2 y [&hellip;]<\/p>\n","protected":false},"featured_media":4620,"comment_status":"open","ping_status":"closed","template":"","meta":{"content-type":"","_uag_custom_page_level_css":"","site-sidebar-layout":"no-sidebar","site-content-layout":"default","ast-site-content-layout":"","site-content-style":"default","site-sidebar-style":"default","ast-global-header-display":"","ast-banner-title-visibility":"","ast-main-header-display":"","ast-hfb-above-header-display":"","ast-hfb-below-header-display":"","ast-hfb-mobile-header-display":"","site-post-title":"","ast-breadcrumbs-content":"","ast-featured-img":"","footer-sml-layout":"","theme-transparent-header-meta":"default","adv-header-id-meta":"","stick-header-meta":"","header-above-stick-meta":"","header-main-stick-meta":"","header-below-stick-meta":"","astra-migrate-meta-layouts":"default","ast-page-background-enabled":"default","ast-page-background-meta":{"desktop":{"background-color":"","background-image":"","background-repeat":"repeat","background-position":"center center","background-size":"auto","background-attachment":"scroll","background-type":"","background-media":"","overlay-type":"","overlay-color":"","overlay-opacity":"","overlay-gradient":""},"tablet":{"background-color":"","background-image":"","background-repeat":"repeat","background-position":"center center","background-size":"auto","background-attachment":"scroll","background-type":"","background-media":"","overlay-type":"","overlay-color":"","overlay-opacity":"","overlay-gradient":""},"mobile":{"background-color":"","background-image":"","background-repeat":"repeat","background-position":"center center","background-size":"auto","background-attachment":"scroll","background-type":"","background-media":"","overlay-type":"","overlay-color":"","overlay-opacity":"","overlay-gradient":""}},"ast-content-background-meta":{"desktop":{"background-color":"var(--ast-global-color-5)","background-image":"","background-repeat":"repeat","background-position":"center center","background-size":"auto","background-attachment":"scroll","background-type":"","background-media":"","overlay-type":"","overlay-color":"","overlay-opacity":"","overlay-gradient":""},"tablet":{"background-color":"var(--ast-global-color-5)","background-image":"","background-repeat":"repeat","background-position":"center center","background-size":"auto","background-attachment":"scroll","background-type":"","background-media":"","overlay-type":"","overlay-color":"","overlay-opacity":"","overlay-gradient":""},"mobile":{"background-color":"var(--ast-global-color-5)","background-image":"","background-repeat":"repeat","background-position":"center center","background-size":"auto","background-attachment":"scroll","background-type":"","background-media":"","overlay-type":"","overlay-color":"","overlay-opacity":"","overlay-gradient":""}}},"product_cat":[44],"product_tag":[],"class_list":{"0":"post-4271","1":"product","2":"type-product","3":"status-publish","4":"has-post-thumbnail","6":"product_cat-excursiones","7":"wt_location-jarabacoa","8":"desktop-align-left","9":"tablet-align-left","10":"mobile-align-left","12":"first","13":"instock","14":"sold-individually","15":"shipping-taxable","16":"purchasable","17":"product-type-simple"},"uagb_featured_image_src":{"full":["https:\/\/potetourstransferpuntacana.com\/wp-content\/uploads\/2021\/03\/Jarabacoa-Tour-Excursiones-1357x905px-Stay-Happy-RD.jpg",1357,905,false],"thumbnail":["https:\/\/potetourstransferpuntacana.com\/wp-content\/uploads\/2021\/03\/Jarabacoa-Tour-Excursiones-1357x905px-Stay-Happy-RD.jpg",128,85,false],"medium":["https:\/\/potetourstransferpuntacana.com\/wp-content\/uploads\/2021\/03\/Jarabacoa-Tour-Excursiones-1357x905px-Stay-Happy-RD.jpg",1357,905,false],"medium_large":["https:\/\/potetourstransferpuntacana.com\/wp-content\/uploads\/2021\/03\/Jarabacoa-Tour-Excursiones-1357x905px-Stay-Happy-RD-768x512.jpg",768,512,true],"large":["https:\/\/potetourstransferpuntacana.com\/wp-content\/uploads\/2021\/03\/Jarabacoa-Tour-Excursiones-1357x905px-Stay-Happy-RD.jpg",1357,905,false],"1536x1536":["https:\/\/potetourstransferpuntacana.com\/wp-content\/uploads\/2021\/03\/Jarabacoa-Tour-Excursiones-1357x905px-Stay-Happy-RD.jpg",1357,905,false],"2048x2048":["https:\/\/potetourstransferpuntacana.com\/wp-content\/uploads\/2021\/03\/Jarabacoa-Tour-Excursiones-1357x905px-Stay-Happy-RD.jpg",1357,905,false],"thumb_150x160":["https:\/\/potetourstransferpuntacana.com\/wp-content\/uploads\/2021\/03\/Jarabacoa-Tour-Excursiones-1357x905px-Stay-Happy-RD-150x160.jpg",150,160,true],"thumb_100x150":["https:\/\/potetourstransferpuntacana.com\/wp-content\/uploads\/2021\/03\/Jarabacoa-Tour-Excursiones-1357x905px-Stay-Happy-RD-100x150.jpg",100,150,true],"wethumb_204x153":["https:\/\/potetourstransferpuntacana.com\/wp-content\/uploads\/2021\/03\/Jarabacoa-Tour-Excursiones-1357x905px-Stay-Happy-RD-204x153.jpg",204,153,true],"wethumb_460x307":["https:\/\/potetourstransferpuntacana.com\/wp-content\/uploads\/2021\/03\/Jarabacoa-Tour-Excursiones-1357x905px-Stay-Happy-RD-460x307.jpg",460,307,true],"wethumb_85x85":["https:\/\/potetourstransferpuntacana.com\/wp-content\/uploads\/2021\/03\/Jarabacoa-Tour-Excursiones-1357x905px-Stay-Happy-RD-85x85.jpg",85,85,true],"woocommerce_thumbnail":["https:\/\/potetourstransferpuntacana.com\/wp-content\/uploads\/2021\/03\/Jarabacoa-Tour-Excursiones-1357x905px-Stay-Happy-RD-300x300.jpg",300,300,true],"woocommerce_single":["https:\/\/potetourstransferpuntacana.com\/wp-content\/uploads\/2021\/03\/Jarabacoa-Tour-Excursiones-1357x905px-Stay-Happy-RD-600x400.jpg",600,400,true],"woocommerce_gallery_thumbnail":["https:\/\/potetourstransferpuntacana.com\/wp-content\/uploads\/2021\/03\/Jarabacoa-Tour-Excursiones-1357x905px-Stay-Happy-RD-100x100.jpg",100,100,true]},"uagb_author_info":{"display_name":"KELYN MEJIA","author_link":"https:\/\/potetourstransferpuntacana.com\/?author=0"},"uagb_comment_info":0,"uagb_excerpt":"Ubicado en el mismo centro de la cordillera central, Jarabacoa se levanta en una altiplanicie de 525 msnm. Tres son los principales r\u00edos que pasan por Jarabacoa: El Yaque del Norte, el Jimenoa y el Baiguate. El municipio posee tambi\u00e9n tres impresionantes saltos de agua: el Salto de Jimenoa 1, Salto de Jimenoa 2 y&hellip;","_links":{"self":[{"href":"https:\/\/potetourstransferpuntacana.com\/index.php?rest_route=\/wp\/v2\/product\/4271","targetHints":{"allow":["GET"]}}],"collection":[{"href":"https:\/\/potetourstransferpuntacana.com\/index.php?rest_route=\/wp\/v2\/product"}],"about":[{"href":"https:\/\/potetourstransferpuntacana.com\/index.php?rest_route=\/wp\/v2\/types\/product"}],"replies":[{"embeddable":true,"href":"https:\/\/potetourstransferpuntacana.com\/index.php?rest_route=%2Fwp%2Fv2%2Fcomments&post=4271"}],"wp:featuredmedia":[{"embeddable":true,"href":"https:\/\/potetourstransferpuntacana.com\/index.php?rest_route=\/wp\/v2\/media\/4620"}],"wp:attachment":[{"href":"https:\/\/potetourstransferpuntacana.com\/index.php?rest_route=%2Fwp%2Fv2%2Fmedia&parent=4271"}],"wp:term":[{"taxonomy":"product_cat","embeddable":true,"href":"https:\/\/potetourstransferpuntacana.com\/index.php?rest_route=%2Fwp%2Fv2%2Fproduct_cat&post=4271"},{"taxonomy":"product_tag","embeddable":true,"href":"https:\/\/potetourstransferpuntacana.com\/index.php?rest_route=%2Fwp%2Fv2%2Fproduct_tag&post=4271"}],"curies":[{"name":"wp","href":"https:\/\/api.w.org\/{rel}","templated":true}]}}