{"id":4270,"date":"2021-03-25T11:22:33","date_gmt":"2021-03-25T11:22:33","guid":{"rendered":"https:\/\/potetourstransferpuntacana.com\/?post_type=product&#038;p=4270"},"modified":"2023-02-10T02:26:23","modified_gmt":"2023-02-10T06:26:23","slug":"ballenas-jorobadas-samana","status":"publish","type":"product","link":"https:\/\/potetourstransferpuntacana.com\/?product=ballenas-jorobadas-samana","title":{"rendered":"Ballenas Jorobadas SAMANA"},"content":{"rendered":"<p>Nuestras amigas, las ballenas jorobadas se preparan a dejar las aguas fr\u00edas del gran norte, y a realizar as\u00ed un viaje extraordinario. Algunas ya son \u00ab en marcha \u00bb.<\/p>\n<p>Cada a\u00f1o, son varias millares que vienen en las aguas calientes y tranquilas del Caribe, al fin de acoplarse o de parir. Vienen as\u00ed en la Bah\u00eda de Saman\u00e1, considerada como uno de los mejores lugares del mundo para observarlas, entre mediados de enero y finales de marzo.<\/p>\n<p>Las ballenas jorobadas forman parte de las grandes ballenas. Miden una quincena de metros y pesan 40 toneladas por t\u00e9rmino medio.<\/p>\n<p>Las Ballenas Jorobadas son Mam\u00edferos marinos, respiran aire y a tal efecto, suben regularmente a la superficie. Permanecen en apnea una veintena de minutos (en promedio), pero pueden permanecer bajo el agua hasta cuarenta minutos.<\/p>\n<p>Despu\u00e9s del largo viaje que realizan y durante el cual no se alimentan, pasan una parte del invierno en nuestra regi\u00f3n, todav\u00eda sin comer. As\u00ed van a perder el quinto de su peso.<\/p>\n<p>https:\/\/www.youtube.com\/watch?v=WvB0olXXqec<\/p>\n","protected":false},"excerpt":{"rendered":"<p>Nuestras amigas, las ballenas jorobadas se preparan a dejar las aguas fr\u00edas del gran norte, y a realizar as\u00ed un viaje extraordinario. Algunas ya son \u00ab en marcha \u00bb. Cada a\u00f1o, son varias millares que vienen en las aguas calientes y tranquilas del Caribe, al fin de acoplarse o de parir. Vienen as\u00ed en la [&hellip;]<\/p>\n","protected":false},"featured_media":4629,"comment_status":"open","ping_status":"closed","template":"","meta":{"content-type":"","_uag_custom_page_level_css":"","site-sidebar-layout":"no-sidebar","site-content-layout":"default","ast-site-content-layout":"","site-content-style":"default","site-sidebar-style":"default","ast-global-header-display":"","ast-banner-title-visibility":"","ast-main-header-display":"","ast-hfb-above-header-display":"","ast-hfb-below-header-display":"","ast-hfb-mobile-header-display":"","site-post-title":"","ast-breadcrumbs-content":"","ast-featured-img":"","footer-sml-layout":"","theme-transparent-header-meta":"default","adv-header-id-meta":"","stick-header-meta":"","header-above-stick-meta":"","header-main-stick-meta":"","header-below-stick-meta":"","astra-migrate-meta-layouts":"default","ast-page-background-enabled":"default","ast-page-background-meta":{"desktop":{"background-color":"","background-image":"","background-repeat":"repeat","background-position":"center center","background-size":"auto","background-attachment":"scroll","background-type":"","background-media":"","overlay-type":"","overlay-color":"","overlay-opacity":"","overlay-gradient":""},"tablet":{"background-color":"","background-image":"","background-repeat":"repeat","background-position":"center center","background-size":"auto","background-attachment":"scroll","background-type":"","background-media":"","overlay-type":"","overlay-color":"","overlay-opacity":"","overlay-gradient":""},"mobile":{"background-color":"","background-image":"","background-repeat":"repeat","background-position":"center center","background-size":"auto","background-attachment":"scroll","background-type":"","background-media":"","overlay-type":"","overlay-color":"","overlay-opacity":"","overlay-gradient":""}},"ast-content-background-meta":{"desktop":{"background-color":"var(--ast-global-color-5)","background-image":"","background-repeat":"repeat","background-position":"center center","background-size":"auto","background-attachment":"scroll","background-type":"","background-media":"","overlay-type":"","overlay-color":"","overlay-opacity":"","overlay-gradient":""},"tablet":{"background-color":"var(--ast-global-color-5)","background-image":"","background-repeat":"repeat","background-position":"center center","background-size":"auto","background-attachment":"scroll","background-type":"","background-media":"","overlay-type":"","overlay-color":"","overlay-opacity":"","overlay-gradient":""},"mobile":{"background-color":"var(--ast-global-color-5)","background-image":"","background-repeat":"repeat","background-position":"center center","background-size":"auto","background-attachment":"scroll","background-type":"","background-media":"","overlay-type":"","overlay-color":"","overlay-opacity":"","overlay-gradient":""}}},"product_cat":[44],"product_tag":[58],"class_list":{"0":"post-4270","1":"product","2":"type-product","3":"status-publish","4":"has-post-thumbnail","6":"product_cat-excursiones","7":"product_tag-por-mar","8":"wt_location-samana","9":"desktop-align-left","10":"tablet-align-left","11":"mobile-align-left","13":"first","14":"instock","15":"featured","16":"sold-individually","17":"shipping-taxable","18":"purchasable","19":"product-type-simple"},"uagb_featured_image_src":{"full":["https:\/\/potetourstransferpuntacana.com\/wp-content\/uploads\/2021\/03\/Ballenas-Jorobadas-SAMANA-Tour-Excursion-1357x905px-STAYHAPPYRD-1.jpg",1357,905,false],"thumbnail":["https:\/\/potetourstransferpuntacana.com\/wp-content\/uploads\/2021\/03\/Ballenas-Jorobadas-SAMANA-Tour-Excursion-1357x905px-STAYHAPPYRD-1.jpg",128,85,false],"medium":["https:\/\/potetourstransferpuntacana.com\/wp-content\/uploads\/2021\/03\/Ballenas-Jorobadas-SAMANA-Tour-Excursion-1357x905px-STAYHAPPYRD-1.jpg",1357,905,false],"medium_large":["https:\/\/potetourstransferpuntacana.com\/wp-content\/uploads\/2021\/03\/Ballenas-Jorobadas-SAMANA-Tour-Excursion-1357x905px-STAYHAPPYRD-1-768x512.jpg",768,512,true],"large":["https:\/\/potetourstransferpuntacana.com\/wp-content\/uploads\/2021\/03\/Ballenas-Jorobadas-SAMANA-Tour-Excursion-1357x905px-STAYHAPPYRD-1.jpg",1357,905,false],"1536x1536":["https:\/\/potetourstransferpuntacana.com\/wp-content\/uploads\/2021\/03\/Ballenas-Jorobadas-SAMANA-Tour-Excursion-1357x905px-STAYHAPPYRD-1.jpg",1357,905,false],"2048x2048":["https:\/\/potetourstransferpuntacana.com\/wp-content\/uploads\/2021\/03\/Ballenas-Jorobadas-SAMANA-Tour-Excursion-1357x905px-STAYHAPPYRD-1.jpg",1357,905,false],"thumb_150x160":["https:\/\/potetourstransferpuntacana.com\/wp-content\/uploads\/2021\/03\/Ballenas-Jorobadas-SAMANA-Tour-Excursion-1357x905px-STAYHAPPYRD-1-150x160.jpg",150,160,true],"thumb_100x150":["https:\/\/potetourstransferpuntacana.com\/wp-content\/uploads\/2021\/03\/Ballenas-Jorobadas-SAMANA-Tour-Excursion-1357x905px-STAYHAPPYRD-1-100x150.jpg",100,150,true],"wethumb_204x153":["https:\/\/potetourstransferpuntacana.com\/wp-content\/uploads\/2021\/03\/Ballenas-Jorobadas-SAMANA-Tour-Excursion-1357x905px-STAYHAPPYRD-1-204x153.jpg",204,153,true],"wethumb_460x307":["https:\/\/potetourstransferpuntacana.com\/wp-content\/uploads\/2021\/03\/Ballenas-Jorobadas-SAMANA-Tour-Excursion-1357x905px-STAYHAPPYRD-1-460x307.jpg",460,307,true],"wethumb_85x85":["https:\/\/potetourstransferpuntacana.com\/wp-content\/uploads\/2021\/03\/Ballenas-Jorobadas-SAMANA-Tour-Excursion-1357x905px-STAYHAPPYRD-1-85x85.jpg",85,85,true],"woocommerce_thumbnail":["https:\/\/potetourstransferpuntacana.com\/wp-content\/uploads\/2021\/03\/Ballenas-Jorobadas-SAMANA-Tour-Excursion-1357x905px-STAYHAPPYRD-1-300x300.jpg",300,300,true],"woocommerce_single":["https:\/\/potetourstransferpuntacana.com\/wp-content\/uploads\/2021\/03\/Ballenas-Jorobadas-SAMANA-Tour-Excursion-1357x905px-STAYHAPPYRD-1-600x400.jpg",600,400,true],"woocommerce_gallery_thumbnail":["https:\/\/potetourstransferpuntacana.com\/wp-content\/uploads\/2021\/03\/Ballenas-Jorobadas-SAMANA-Tour-Excursion-1357x905px-STAYHAPPYRD-1-100x100.jpg",100,100,true]},"uagb_author_info":{"display_name":"KELYN MEJIA","author_link":"https:\/\/potetourstransferpuntacana.com\/?author=0"},"uagb_comment_info":0,"uagb_excerpt":"Nuestras amigas, las ballenas jorobadas se preparan a dejar las aguas fr\u00edas del gran norte, y a realizar as\u00ed un viaje extraordinario. Algunas ya son \u00ab en marcha \u00bb. Cada a\u00f1o, son varias millares que vienen en las aguas calientes y tranquilas del Caribe, al fin de acoplarse o de parir. Vienen as\u00ed en la&hellip;","_links":{"self":[{"href":"https:\/\/potetourstransferpuntacana.com\/index.php?rest_route=\/wp\/v2\/product\/4270","targetHints":{"allow":["GET"]}}],"collection":[{"href":"https:\/\/potetourstransferpuntacana.com\/index.php?rest_route=\/wp\/v2\/product"}],"about":[{"href":"https:\/\/potetourstransferpuntacana.com\/index.php?rest_route=\/wp\/v2\/types\/product"}],"replies":[{"embeddable":true,"href":"https:\/\/potetourstransferpuntacana.com\/index.php?rest_route=%2Fwp%2Fv2%2Fcomments&post=4270"}],"wp:featuredmedia":[{"embeddable":true,"href":"https:\/\/potetourstransferpuntacana.com\/index.php?rest_route=\/wp\/v2\/media\/4629"}],"wp:attachment":[{"href":"https:\/\/potetourstransferpuntacana.com\/index.php?rest_route=%2Fwp%2Fv2%2Fmedia&parent=4270"}],"wp:term":[{"taxonomy":"product_cat","embeddable":true,"href":"https:\/\/potetourstransferpuntacana.com\/index.php?rest_route=%2Fwp%2Fv2%2Fproduct_cat&post=4270"},{"taxonomy":"product_tag","embeddable":true,"href":"https:\/\/potetourstransferpuntacana.com\/index.php?rest_route=%2Fwp%2Fv2%2Fproduct_tag&post=4270"}],"curies":[{"name":"wp","href":"https:\/\/api.w.org\/{rel}","templated":true}]}}