{"id":4269,"date":"2021-03-25T11:21:43","date_gmt":"2021-03-25T11:21:43","guid":{"rendered":"https:\/\/potetourstransferpuntacana.com\/?post_type=product&#038;p=4269"},"modified":"2023-02-10T02:27:45","modified_gmt":"2023-02-10T06:27:45","slug":"zipline-park-sto-domingo","status":"publish","type":"product","link":"https:\/\/potetourstransferpuntacana.com\/?product=zipline-park-sto-domingo","title":{"rendered":"Zipline Park STO DOMINGO"},"content":{"rendered":"<p>La historia de\u00a0<strong>Zipline Park<\/strong>\u00a0surge hace aproximadamente 6 a\u00f1os, cuando su ide\u00f3logo el se\u00f1or Reynaldo Paredes viaja a Brasil, donde visita un parque de aventura extrema. Desde entonces se queda con la motivaci\u00f3n y el entusiasmo de hacer un lugar parecido en su pa\u00eds Rep\u00fablica Dominicana. Este deseo se queda en sus pensamientos hasta el a\u00f1o 2010, cuando decide iniciar el proyecto en los alrededores de su casa de veraneo conocida como el Rancho T\u00edo Pancho, a pocos kil\u00f3metros del centro de la ciudad de Santo Domingo.<\/p>\n<p>Antes de iniciar el proceso de construcci\u00f3n del parque, Reynaldo Paredes viaja a Centroam\u00e9rica con el prop\u00f3sito detomar ideas y hacer algo diferente a lo que estaban acostumbrados los habitantes de su pa\u00eds.<\/p>\n<p>Al regresar a Rep\u00fablica Dominicana, hace todas las gestiones requeridas para dar inicio a la construcci\u00f3n del tan anhelado parque de aventura extrema que hab\u00eda permanecido en sus pensamientos por tantos anos.<\/p>\n<p>Para la realizaci\u00f3n de este, se tomaron en cuenta muchos aspectos, como \u00e1reas para toda la familia, adem\u00e1s como prioridad principal el uso de los mejores equipos de seguridad para la realizaci\u00f3n de cada una de las actividades extremas que se desarrollar\u00edan en el parque, y la preservaci\u00f3n del ambiente natural.<\/p>\n<p>A mediados del 2011, luego de casi un a\u00f1o de intenso trabajo y sacrificio culmina la construcci\u00f3n del tan anhelado parque de aventura, con un concepto innovador y juvenil, tal y como el deseaba.<\/p>\n<p><strong>Zipline Park Extreme Adventure<\/strong>, se convierte en el nuevo lugar de entretenimiento y relajaci\u00f3n para los habitantes y turistas de la ciudad de Santo Domingo y todo el pa\u00eds.<\/p>\n<p><em>\u201cLas limitaciones son mentales, se puede cuando se quiere\u2026. nada es imposible si el coraz\u00f3n y la cabeza trabajan juntas\u201d<\/em>\u00a0as\u00ed se expresa el director ejecutivo de Zipline Park al ver su sue\u00f1o hecho realidad.<\/p>\n<div class=\"ast-oembed-container \" style=\"height: 100%;\"><iframe loading=\"lazy\" title=\"ZipLine Park\" width=\"500\" height=\"281\" src=\"https:\/\/www.youtube.com\/embed\/uGOEODFf01U?feature=oembed\" frameborder=\"0\" allow=\"accelerometer; autoplay; clipboard-write; encrypted-media; gyroscope; picture-in-picture; web-share\" referrerpolicy=\"strict-origin-when-cross-origin\" allowfullscreen><\/iframe><\/div>\n","protected":false},"excerpt":{"rendered":"<p>La historia de\u00a0Zipline Park\u00a0surge hace aproximadamente 6 a\u00f1os, cuando su ide\u00f3logo el se\u00f1or Reynaldo Paredes viaja a Brasil, donde visita un parque de aventura extrema. Desde entonces se queda con la motivaci\u00f3n y el entusiasmo de hacer un lugar parecido en su pa\u00eds Rep\u00fablica Dominicana. Este deseo se queda en sus pensamientos hasta el a\u00f1o [&hellip;]<\/p>\n","protected":false},"featured_media":4631,"comment_status":"open","ping_status":"closed","template":"","meta":{"content-type":"","_uag_custom_page_level_css":"","site-sidebar-layout":"no-sidebar","site-content-layout":"default","ast-site-content-layout":"","site-content-style":"default","site-sidebar-style":"default","ast-global-header-display":"","ast-banner-title-visibility":"","ast-main-header-display":"","ast-hfb-above-header-display":"","ast-hfb-below-header-display":"","ast-hfb-mobile-header-display":"","site-post-title":"","ast-breadcrumbs-content":"","ast-featured-img":"","footer-sml-layout":"","theme-transparent-header-meta":"default","adv-header-id-meta":"","stick-header-meta":"","header-above-stick-meta":"","header-main-stick-meta":"","header-below-stick-meta":"","astra-migrate-meta-layouts":"default","ast-page-background-enabled":"default","ast-page-background-meta":{"desktop":{"background-color":"","background-image":"","background-repeat":"repeat","background-position":"center center","background-size":"auto","background-attachment":"scroll","background-type":"","background-media":"","overlay-type":"","overlay-color":"","overlay-opacity":"","overlay-gradient":""},"tablet":{"background-color":"","background-image":"","background-repeat":"repeat","background-position":"center center","background-size":"auto","background-attachment":"scroll","background-type":"","background-media":"","overlay-type":"","overlay-color":"","overlay-opacity":"","overlay-gradient":""},"mobile":{"background-color":"","background-image":"","background-repeat":"repeat","background-position":"center center","background-size":"auto","background-attachment":"scroll","background-type":"","background-media":"","overlay-type":"","overlay-color":"","overlay-opacity":"","overlay-gradient":""}},"ast-content-background-meta":{"desktop":{"background-color":"var(--ast-global-color-5)","background-image":"","background-repeat":"repeat","background-position":"center center","background-size":"auto","background-attachment":"scroll","background-type":"","background-media":"","overlay-type":"","overlay-color":"","overlay-opacity":"","overlay-gradient":""},"tablet":{"background-color":"var(--ast-global-color-5)","background-image":"","background-repeat":"repeat","background-position":"center center","background-size":"auto","background-attachment":"scroll","background-type":"","background-media":"","overlay-type":"","overlay-color":"","overlay-opacity":"","overlay-gradient":""},"mobile":{"background-color":"var(--ast-global-color-5)","background-image":"","background-repeat":"repeat","background-position":"center center","background-size":"auto","background-attachment":"scroll","background-type":"","background-media":"","overlay-type":"","overlay-color":"","overlay-opacity":"","overlay-gradient":""}}},"product_cat":[44],"product_tag":[],"class_list":{"0":"post-4269","1":"product","2":"type-product","3":"status-publish","4":"has-post-thumbnail","6":"product_cat-excursiones","7":"wt_location-punta-cana","8":"desktop-align-left","9":"tablet-align-left","10":"mobile-align-left","12":"first","13":"instock","14":"sold-individually","15":"shipping-taxable","16":"purchasable","17":"product-type-simple"},"uagb_featured_image_src":{"full":["https:\/\/potetourstransferpuntacana.com\/wp-content\/uploads\/2021\/03\/Zipline-Park-Punta-Cana-Tour-Excursion-1357x905px-Stayhappyrd-1.jpg",1357,905,false],"thumbnail":["https:\/\/potetourstransferpuntacana.com\/wp-content\/uploads\/2021\/03\/Zipline-Park-Punta-Cana-Tour-Excursion-1357x905px-Stayhappyrd-1.jpg",128,85,false],"medium":["https:\/\/potetourstransferpuntacana.com\/wp-content\/uploads\/2021\/03\/Zipline-Park-Punta-Cana-Tour-Excursion-1357x905px-Stayhappyrd-1.jpg",1357,905,false],"medium_large":["https:\/\/potetourstransferpuntacana.com\/wp-content\/uploads\/2021\/03\/Zipline-Park-Punta-Cana-Tour-Excursion-1357x905px-Stayhappyrd-1-768x512.jpg",768,512,true],"large":["https:\/\/potetourstransferpuntacana.com\/wp-content\/uploads\/2021\/03\/Zipline-Park-Punta-Cana-Tour-Excursion-1357x905px-Stayhappyrd-1.jpg",1357,905,false],"1536x1536":["https:\/\/potetourstransferpuntacana.com\/wp-content\/uploads\/2021\/03\/Zipline-Park-Punta-Cana-Tour-Excursion-1357x905px-Stayhappyrd-1.jpg",1357,905,false],"2048x2048":["https:\/\/potetourstransferpuntacana.com\/wp-content\/uploads\/2021\/03\/Zipline-Park-Punta-Cana-Tour-Excursion-1357x905px-Stayhappyrd-1.jpg",1357,905,false],"thumb_150x160":["https:\/\/potetourstransferpuntacana.com\/wp-content\/uploads\/2021\/03\/Zipline-Park-Punta-Cana-Tour-Excursion-1357x905px-Stayhappyrd-1-150x160.jpg",150,160,true],"thumb_100x150":["https:\/\/potetourstransferpuntacana.com\/wp-content\/uploads\/2021\/03\/Zipline-Park-Punta-Cana-Tour-Excursion-1357x905px-Stayhappyrd-1-100x150.jpg",100,150,true],"wethumb_204x153":["https:\/\/potetourstransferpuntacana.com\/wp-content\/uploads\/2021\/03\/Zipline-Park-Punta-Cana-Tour-Excursion-1357x905px-Stayhappyrd-1-204x153.jpg",204,153,true],"wethumb_460x307":["https:\/\/potetourstransferpuntacana.com\/wp-content\/uploads\/2021\/03\/Zipline-Park-Punta-Cana-Tour-Excursion-1357x905px-Stayhappyrd-1-460x307.jpg",460,307,true],"wethumb_85x85":["https:\/\/potetourstransferpuntacana.com\/wp-content\/uploads\/2021\/03\/Zipline-Park-Punta-Cana-Tour-Excursion-1357x905px-Stayhappyrd-1-85x85.jpg",85,85,true],"woocommerce_thumbnail":["https:\/\/potetourstransferpuntacana.com\/wp-content\/uploads\/2021\/03\/Zipline-Park-Punta-Cana-Tour-Excursion-1357x905px-Stayhappyrd-1-300x300.jpg",300,300,true],"woocommerce_single":["https:\/\/potetourstransferpuntacana.com\/wp-content\/uploads\/2021\/03\/Zipline-Park-Punta-Cana-Tour-Excursion-1357x905px-Stayhappyrd-1-600x400.jpg",600,400,true],"woocommerce_gallery_thumbnail":["https:\/\/potetourstransferpuntacana.com\/wp-content\/uploads\/2021\/03\/Zipline-Park-Punta-Cana-Tour-Excursion-1357x905px-Stayhappyrd-1-100x100.jpg",100,100,true]},"uagb_author_info":{"display_name":"KELYN MEJIA","author_link":"https:\/\/potetourstransferpuntacana.com\/?author=0"},"uagb_comment_info":0,"uagb_excerpt":"La historia de\u00a0Zipline Park\u00a0surge hace aproximadamente 6 a\u00f1os, cuando su ide\u00f3logo el se\u00f1or Reynaldo Paredes viaja a Brasil, donde visita un parque de aventura extrema. Desde entonces se queda con la motivaci\u00f3n y el entusiasmo de hacer un lugar parecido en su pa\u00eds Rep\u00fablica Dominicana. Este deseo se queda en sus pensamientos hasta el a\u00f1o&hellip;","_links":{"self":[{"href":"https:\/\/potetourstransferpuntacana.com\/index.php?rest_route=\/wp\/v2\/product\/4269","targetHints":{"allow":["GET"]}}],"collection":[{"href":"https:\/\/potetourstransferpuntacana.com\/index.php?rest_route=\/wp\/v2\/product"}],"about":[{"href":"https:\/\/potetourstransferpuntacana.com\/index.php?rest_route=\/wp\/v2\/types\/product"}],"replies":[{"embeddable":true,"href":"https:\/\/potetourstransferpuntacana.com\/index.php?rest_route=%2Fwp%2Fv2%2Fcomments&post=4269"}],"wp:featuredmedia":[{"embeddable":true,"href":"https:\/\/potetourstransferpuntacana.com\/index.php?rest_route=\/wp\/v2\/media\/4631"}],"wp:attachment":[{"href":"https:\/\/potetourstransferpuntacana.com\/index.php?rest_route=%2Fwp%2Fv2%2Fmedia&parent=4269"}],"wp:term":[{"taxonomy":"product_cat","embeddable":true,"href":"https:\/\/potetourstransferpuntacana.com\/index.php?rest_route=%2Fwp%2Fv2%2Fproduct_cat&post=4269"},{"taxonomy":"product_tag","embeddable":true,"href":"https:\/\/potetourstransferpuntacana.com\/index.php?rest_route=%2Fwp%2Fv2%2Fproduct_tag&post=4269"}],"curies":[{"name":"wp","href":"https:\/\/api.w.org\/{rel}","templated":true}]}}