{"id":4267,"date":"2021-03-25T11:17:13","date_gmt":"2021-03-25T11:17:13","guid":{"rendered":"https:\/\/potetourstransferpuntacana.com\/?post_type=product&#038;p=4267"},"modified":"2021-05-05T16:36:47","modified_gmt":"2021-05-05T16:36:47","slug":"playa-las-galeras-de-samana","status":"publish","type":"product","link":"https:\/\/potetourstransferpuntacana.com\/?product=playa-las-galeras-de-samana","title":{"rendered":"Playa Las Galeras de Saman\u00e1"},"content":{"rendered":"<p>Las Galeras est\u00e1 ubicada en la pen\u00ednsula de Saman\u00e1, Republica Dominicana es un peque\u00f1o pueblo de pescadores todav\u00eda alejado del desarrollo tur\u00edstico para los amantes del mar y de la natura. Para vacaciones inolvidables, numerosas playas de arena blanca en el medio de una vegetaci\u00f3n salvaje y tropical.<\/p>\n<p>Todos los a\u00f1os, entre fin de Enero hasta fin de Marzo, 4500 ballenas se reencuentran en la bah\u00eda de Saman\u00e1.<\/p>\n<p>El nombre de Las Galeras le fue dado en honor a que a mediados del siglo XVI anclaban dos galeras. Otro de los encantos que tiene playa Las Galeras es la visita que hacen m\u00e1s de 4,500 ballenas cada a\u00f1o. Este gran acontecimiento sucede entre enero y marzo, que se reencuentran en la\u00a0<a href=\"https:\/\/es.wikipedia.org\/wiki\/Bah%C3%ADa_de_Saman%C3%A1\" target=\"_blank\" rel=\"nofollow noopener\">Bah\u00eda de Saman\u00e1<\/a>.<\/p>\n<p>La Galera, una playa paradis\u00edaca en un lugar para vacaciones inolvidables, en el medio de una vegetaci\u00f3n salvaje y tropical. Esta hermosa playa de arena blanca y de aguas hermosas de temperaturas c\u00e1lida, es muy buena opci\u00f3n para aquellos que quieren escapar de la rutina.<\/p>\n<p>Algo que hace que este lugar sea una gran opci\u00f3n, es la gran variedad de opciones gastron\u00f3micas que est\u00e1n en sus alrededores para aquellos amantes de la comida.<\/p>\n<p>Las Galeras es un polo tur\u00edstico muy peque\u00f1o y todav\u00eda mantiene la imagen de un pueblo de pescadores muy tranquilo y familiar.<\/p>\n<p>Cuentan con playas bonitas con arenas blancas y aguas transparentes.<\/p>\n<p>Las Galeras est\u00e1n ubicada en la pen\u00ednsula de\u00a0<a href=\"https:\/\/dehovi.com\/ciudad\/republica-dominicana\/samana\/\">Saman\u00e1<\/a>, Rep\u00fablica Dominicana. Este hermoso lugar est\u00e1 conformada por un peque\u00f1o pueblo de pescadores que a\u00fan permanece apartado del desarrollo tur\u00edstico. Para los amantes del mar y de la naturaleza esta es una gran opci\u00f3n para aventurarse a la belleza del mar.<\/p>\n<div class=\"ast-oembed-container \" style=\"height: 100%;\"><iframe loading=\"lazy\" title=\"Las Galeras, Samana, Most beautiful beach on earth: Playa Rincon\" width=\"500\" height=\"281\" src=\"https:\/\/www.youtube.com\/embed\/WRP1p8cJgq8?feature=oembed\" frameborder=\"0\" allow=\"accelerometer; autoplay; clipboard-write; encrypted-media; gyroscope; picture-in-picture; web-share\" referrerpolicy=\"strict-origin-when-cross-origin\" allowfullscreen><\/iframe><\/div>\n","protected":false},"excerpt":{"rendered":"<p>Las Galeras est\u00e1 ubicada en la pen\u00ednsula de Saman\u00e1, Republica Dominicana es un peque\u00f1o pueblo de pescadores todav\u00eda alejado del desarrollo tur\u00edstico para los amantes del mar y de la natura. Para vacaciones inolvidables, numerosas playas de arena blanca en el medio de una vegetaci\u00f3n salvaje y tropical. Todos los a\u00f1os, entre fin de Enero [&hellip;]<\/p>\n","protected":false},"featured_media":4627,"comment_status":"open","ping_status":"closed","template":"","meta":{"content-type":"","_uag_custom_page_level_css":"","site-sidebar-layout":"no-sidebar","site-content-layout":"default","ast-site-content-layout":"","site-content-style":"default","site-sidebar-style":"default","ast-global-header-display":"","ast-banner-title-visibility":"","ast-main-header-display":"","ast-hfb-above-header-display":"","ast-hfb-below-header-display":"","ast-hfb-mobile-header-display":"","site-post-title":"","ast-breadcrumbs-content":"","ast-featured-img":"","footer-sml-layout":"","theme-transparent-header-meta":"default","adv-header-id-meta":"","stick-header-meta":"","header-above-stick-meta":"","header-main-stick-meta":"","header-below-stick-meta":"","astra-migrate-meta-layouts":"default","ast-page-background-enabled":"default","ast-page-background-meta":{"desktop":{"background-color":"","background-image":"","background-repeat":"repeat","background-position":"center center","background-size":"auto","background-attachment":"scroll","background-type":"","background-media":"","overlay-type":"","overlay-color":"","overlay-opacity":"","overlay-gradient":""},"tablet":{"background-color":"","background-image":"","background-repeat":"repeat","background-position":"center center","background-size":"auto","background-attachment":"scroll","background-type":"","background-media":"","overlay-type":"","overlay-color":"","overlay-opacity":"","overlay-gradient":""},"mobile":{"background-color":"","background-image":"","background-repeat":"repeat","background-position":"center center","background-size":"auto","background-attachment":"scroll","background-type":"","background-media":"","overlay-type":"","overlay-color":"","overlay-opacity":"","overlay-gradient":""}},"ast-content-background-meta":{"desktop":{"background-color":"var(--ast-global-color-5)","background-image":"","background-repeat":"repeat","background-position":"center center","background-size":"auto","background-attachment":"scroll","background-type":"","background-media":"","overlay-type":"","overlay-color":"","overlay-opacity":"","overlay-gradient":""},"tablet":{"background-color":"var(--ast-global-color-5)","background-image":"","background-repeat":"repeat","background-position":"center center","background-size":"auto","background-attachment":"scroll","background-type":"","background-media":"","overlay-type":"","overlay-color":"","overlay-opacity":"","overlay-gradient":""},"mobile":{"background-color":"var(--ast-global-color-5)","background-image":"","background-repeat":"repeat","background-position":"center center","background-size":"auto","background-attachment":"scroll","background-type":"","background-media":"","overlay-type":"","overlay-color":"","overlay-opacity":"","overlay-gradient":""}}},"product_cat":[44],"product_tag":[],"class_list":{"0":"post-4267","1":"product","2":"type-product","3":"status-publish","4":"has-post-thumbnail","6":"product_cat-excursiones","7":"wt_location-samana","8":"desktop-align-left","9":"tablet-align-left","10":"mobile-align-left","12":"first","13":"instock","14":"sold-individually","15":"shipping-taxable","16":"purchasable","17":"product-type-simple"},"uagb_featured_image_src":{"full":["https:\/\/potetourstransferpuntacana.com\/wp-content\/uploads\/2021\/03\/Las-Galeras-SAMANA-Tour-Excursion-1357x905px-STAYHAPPYRD-1.jpg",1357,905,false],"thumbnail":["https:\/\/potetourstransferpuntacana.com\/wp-content\/uploads\/2021\/03\/Las-Galeras-SAMANA-Tour-Excursion-1357x905px-STAYHAPPYRD-1.jpg",128,85,false],"medium":["https:\/\/potetourstransferpuntacana.com\/wp-content\/uploads\/2021\/03\/Las-Galeras-SAMANA-Tour-Excursion-1357x905px-STAYHAPPYRD-1.jpg",1357,905,false],"medium_large":["https:\/\/potetourstransferpuntacana.com\/wp-content\/uploads\/2021\/03\/Las-Galeras-SAMANA-Tour-Excursion-1357x905px-STAYHAPPYRD-1-768x512.jpg",768,512,true],"large":["https:\/\/potetourstransferpuntacana.com\/wp-content\/uploads\/2021\/03\/Las-Galeras-SAMANA-Tour-Excursion-1357x905px-STAYHAPPYRD-1.jpg",1357,905,false],"1536x1536":["https:\/\/potetourstransferpuntacana.com\/wp-content\/uploads\/2021\/03\/Las-Galeras-SAMANA-Tour-Excursion-1357x905px-STAYHAPPYRD-1.jpg",1357,905,false],"2048x2048":["https:\/\/potetourstransferpuntacana.com\/wp-content\/uploads\/2021\/03\/Las-Galeras-SAMANA-Tour-Excursion-1357x905px-STAYHAPPYRD-1.jpg",1357,905,false],"thumb_150x160":["https:\/\/potetourstransferpuntacana.com\/wp-content\/uploads\/2021\/03\/Las-Galeras-SAMANA-Tour-Excursion-1357x905px-STAYHAPPYRD-1-150x160.jpg",150,160,true],"thumb_100x150":["https:\/\/potetourstransferpuntacana.com\/wp-content\/uploads\/2021\/03\/Las-Galeras-SAMANA-Tour-Excursion-1357x905px-STAYHAPPYRD-1-100x150.jpg",100,150,true],"wethumb_204x153":["https:\/\/potetourstransferpuntacana.com\/wp-content\/uploads\/2021\/03\/Las-Galeras-SAMANA-Tour-Excursion-1357x905px-STAYHAPPYRD-1-204x153.jpg",204,153,true],"wethumb_460x307":["https:\/\/potetourstransferpuntacana.com\/wp-content\/uploads\/2021\/03\/Las-Galeras-SAMANA-Tour-Excursion-1357x905px-STAYHAPPYRD-1-460x307.jpg",460,307,true],"wethumb_85x85":["https:\/\/potetourstransferpuntacana.com\/wp-content\/uploads\/2021\/03\/Las-Galeras-SAMANA-Tour-Excursion-1357x905px-STAYHAPPYRD-1-85x85.jpg",85,85,true],"woocommerce_thumbnail":["https:\/\/potetourstransferpuntacana.com\/wp-content\/uploads\/2021\/03\/Las-Galeras-SAMANA-Tour-Excursion-1357x905px-STAYHAPPYRD-1-300x300.jpg",300,300,true],"woocommerce_single":["https:\/\/potetourstransferpuntacana.com\/wp-content\/uploads\/2021\/03\/Las-Galeras-SAMANA-Tour-Excursion-1357x905px-STAYHAPPYRD-1-600x400.jpg",600,400,true],"woocommerce_gallery_thumbnail":["https:\/\/potetourstransferpuntacana.com\/wp-content\/uploads\/2021\/03\/Las-Galeras-SAMANA-Tour-Excursion-1357x905px-STAYHAPPYRD-1-100x100.jpg",100,100,true]},"uagb_author_info":{"display_name":"KELYN MEJIA","author_link":"https:\/\/potetourstransferpuntacana.com\/?author=0"},"uagb_comment_info":0,"uagb_excerpt":"Las Galeras est\u00e1 ubicada en la pen\u00ednsula de Saman\u00e1, Republica Dominicana es un peque\u00f1o pueblo de pescadores todav\u00eda alejado del desarrollo tur\u00edstico para los amantes del mar y de la natura. Para vacaciones inolvidables, numerosas playas de arena blanca en el medio de una vegetaci\u00f3n salvaje y tropical. Todos los a\u00f1os, entre fin de Enero&hellip;","_links":{"self":[{"href":"https:\/\/potetourstransferpuntacana.com\/index.php?rest_route=\/wp\/v2\/product\/4267","targetHints":{"allow":["GET"]}}],"collection":[{"href":"https:\/\/potetourstransferpuntacana.com\/index.php?rest_route=\/wp\/v2\/product"}],"about":[{"href":"https:\/\/potetourstransferpuntacana.com\/index.php?rest_route=\/wp\/v2\/types\/product"}],"replies":[{"embeddable":true,"href":"https:\/\/potetourstransferpuntacana.com\/index.php?rest_route=%2Fwp%2Fv2%2Fcomments&post=4267"}],"wp:featuredmedia":[{"embeddable":true,"href":"https:\/\/potetourstransferpuntacana.com\/index.php?rest_route=\/wp\/v2\/media\/4627"}],"wp:attachment":[{"href":"https:\/\/potetourstransferpuntacana.com\/index.php?rest_route=%2Fwp%2Fv2%2Fmedia&parent=4267"}],"wp:term":[{"taxonomy":"product_cat","embeddable":true,"href":"https:\/\/potetourstransferpuntacana.com\/index.php?rest_route=%2Fwp%2Fv2%2Fproduct_cat&post=4267"},{"taxonomy":"product_tag","embeddable":true,"href":"https:\/\/potetourstransferpuntacana.com\/index.php?rest_route=%2Fwp%2Fv2%2Fproduct_tag&post=4267"}],"curies":[{"name":"wp","href":"https:\/\/api.w.org\/{rel}","templated":true}]}}