{"id":4260,"date":"2021-03-23T17:15:00","date_gmt":"2021-03-23T17:15:00","guid":{"rendered":"https:\/\/potetourstransferpuntacana.com\/?post_type=product&#038;p=4260"},"modified":"2021-05-05T16:57:13","modified_gmt":"2021-05-05T16:57:13","slug":"cascada-salto-de-el-limon","status":"publish","type":"product","link":"https:\/\/potetourstransferpuntacana.com\/?product=cascada-salto-de-el-limon","title":{"rendered":"Cascada (salto de el lim\u00f3n)"},"content":{"rendered":"<p>La Cascada Lim\u00f3n, es un ostentoso salto que mide 50 metros de alto, con una hermosa piscina natural debajo, localizada en la comunidad de Lim\u00f3n en Saman\u00e1, al Noreste de Republica Dominicana. Esta Excursi\u00f3n dura a pr\u00f3ximamente unas de 4 horas.<\/p>\n<p>La Cascada el Lim\u00f3n est\u00e1 inmersa en una vegetaci\u00f3n tropical en la pen\u00ednsula de Saman\u00e1.<\/p>\n<p><strong>Stayhappyrd<\/strong> les ofrece esta agradable excursi\u00f3n una experiencia jam\u00e1s olvidar\u00e1; Un paseo de una a dos horas en burros, a trav\u00e9s de un bosque tropical, le conducir\u00e1 al pie de una impresionante cascada de 55 metros de altura.<\/p>\n<p>Este sensacional salto de aguas cristalinas localizado en la comunidad del Lim\u00f3n en Saman\u00e1, en la pen\u00ednsula del mismo nombre. Es visitado por miles de eco turistas cada a\u00f1o. El Lim\u00f3n, cabellera cristalina de la sierra de Saman\u00e1. Cascada del Lim\u00f3n, carcajada eterna de la abrupta geograf\u00eda de Saman\u00e1.<\/p>\n<p>Te presentamos esta excursi\u00f3n al Salto del Lim\u00f3n con un agradable y tranquilo paseo de una o dos horas a caballo por medio de un consistente bosque calido.<\/p>\n<p><strong>Stayhappyrd<\/strong> es una empresa que protege y promociona la protecci\u00f3n de los bosques y parques naturales de Republica Dominicana, protegiendo las reservas naturales, bosques, flora y fauna.<\/p>\n<h2>La Excursi\u00f3n a la Cascada El Lim\u00f3n incluye:<\/h2>\n<ul>\n<li>Transporte en autobuses con aire acondicionado desde los hoteles de Saman\u00e1, Las Terrenas y Cayacoa.<\/li>\n<li>Paseo a Caballo hasta llegar al Salto El Lim\u00f3n.<\/li>\n<li>Gu\u00edas expertos que les acompa\u00f1aran en toda su aventura.<\/li>\n<li>Impuestos Incluidos<\/li>\n<\/ul>\n<p><strong>Delicioso almuerzo buffet en un Rancho cerca del Lim\u00f3n, Saman\u00e1.<\/strong><\/p>\n<h2>Men\u00fa del buffet en la Excursi\u00f3n Salto El Lim\u00f3n:<\/h2>\n<ul>\n<li>Carnes<\/li>\n<li>Pan<\/li>\n<li>Caf\u00e9<\/li>\n<li>Pasta fr\u00eda<\/li>\n<li>Ensalada Rusa<\/li>\n<li>Arroz blanco, arroz<\/li>\n<li>Pescado a la Saman\u00e1<\/li>\n<li>Frutas tropicales<\/li>\n<li>Pollo a la BBQ<\/li>\n<\/ul>\n<h2>Duraci\u00f3n de la Excursi\u00f3n<\/h2>\n<ul>\n<li>5 Horas desde Las Terrenas<\/li>\n<li>6 Horas desde Saman\u00e1<\/li>\n<\/ul>\n<div class=\"ast-oembed-container \" style=\"height: 100%;\"><iframe loading=\"lazy\" title=\"Cascada Lim\u00f3n (Rep\u00fablica Dominicana) 4K\" width=\"500\" height=\"281\" src=\"https:\/\/www.youtube.com\/embed\/_McYWLvoEnA?feature=oembed\" frameborder=\"0\" allow=\"accelerometer; autoplay; clipboard-write; encrypted-media; gyroscope; picture-in-picture; web-share\" referrerpolicy=\"strict-origin-when-cross-origin\" allowfullscreen><\/iframe><\/div>\n","protected":false},"excerpt":{"rendered":"<p>La Cascada Lim\u00f3n, es un ostentoso salto que mide 50 metros de alto, con una hermosa piscina natural debajo, localizada en la comunidad de Lim\u00f3n en Saman\u00e1, al Noreste de Republica Dominicana. Esta Excursi\u00f3n dura a pr\u00f3ximamente unas de 4 horas. La Cascada el Lim\u00f3n est\u00e1 inmersa en una vegetaci\u00f3n tropical en la pen\u00ednsula de [&hellip;]<\/p>\n","protected":false},"featured_media":4626,"comment_status":"open","ping_status":"closed","template":"","meta":{"content-type":"","_uag_custom_page_level_css":"","site-sidebar-layout":"no-sidebar","site-content-layout":"default","ast-site-content-layout":"","site-content-style":"default","site-sidebar-style":"default","ast-global-header-display":"","ast-banner-title-visibility":"","ast-main-header-display":"","ast-hfb-above-header-display":"","ast-hfb-below-header-display":"","ast-hfb-mobile-header-display":"","site-post-title":"","ast-breadcrumbs-content":"","ast-featured-img":"","footer-sml-layout":"","theme-transparent-header-meta":"default","adv-header-id-meta":"","stick-header-meta":"","header-above-stick-meta":"","header-main-stick-meta":"","header-below-stick-meta":"","astra-migrate-meta-layouts":"default","ast-page-background-enabled":"default","ast-page-background-meta":{"desktop":{"background-color":"","background-image":"","background-repeat":"repeat","background-position":"center center","background-size":"auto","background-attachment":"scroll","background-type":"","background-media":"","overlay-type":"","overlay-color":"","overlay-opacity":"","overlay-gradient":""},"tablet":{"background-color":"","background-image":"","background-repeat":"repeat","background-position":"center center","background-size":"auto","background-attachment":"scroll","background-type":"","background-media":"","overlay-type":"","overlay-color":"","overlay-opacity":"","overlay-gradient":""},"mobile":{"background-color":"","background-image":"","background-repeat":"repeat","background-position":"center center","background-size":"auto","background-attachment":"scroll","background-type":"","background-media":"","overlay-type":"","overlay-color":"","overlay-opacity":"","overlay-gradient":""}},"ast-content-background-meta":{"desktop":{"background-color":"var(--ast-global-color-5)","background-image":"","background-repeat":"repeat","background-position":"center center","background-size":"auto","background-attachment":"scroll","background-type":"","background-media":"","overlay-type":"","overlay-color":"","overlay-opacity":"","overlay-gradient":""},"tablet":{"background-color":"var(--ast-global-color-5)","background-image":"","background-repeat":"repeat","background-position":"center center","background-size":"auto","background-attachment":"scroll","background-type":"","background-media":"","overlay-type":"","overlay-color":"","overlay-opacity":"","overlay-gradient":""},"mobile":{"background-color":"var(--ast-global-color-5)","background-image":"","background-repeat":"repeat","background-position":"center center","background-size":"auto","background-attachment":"scroll","background-type":"","background-media":"","overlay-type":"","overlay-color":"","overlay-opacity":"","overlay-gradient":""}}},"product_cat":[44],"product_tag":[],"class_list":{"0":"post-4260","1":"product","2":"type-product","3":"status-publish","4":"has-post-thumbnail","6":"product_cat-excursiones","7":"wt_location-samana","8":"desktop-align-left","9":"tablet-align-left","10":"mobile-align-left","12":"first","13":"instock","14":"sold-individually","15":"shipping-taxable","16":"purchasable","17":"product-type-simple"},"uagb_featured_image_src":{"full":["https:\/\/potetourstransferpuntacana.com\/wp-content\/uploads\/2021\/03\/Salto-del-Limon-Cascada-SAMANA-Tour-Excursion-1357x905px-STAYHAPPYRD-1.jpg",1357,905,false],"thumbnail":["https:\/\/potetourstransferpuntacana.com\/wp-content\/uploads\/2021\/03\/Salto-del-Limon-Cascada-SAMANA-Tour-Excursion-1357x905px-STAYHAPPYRD-1.jpg",128,85,false],"medium":["https:\/\/potetourstransferpuntacana.com\/wp-content\/uploads\/2021\/03\/Salto-del-Limon-Cascada-SAMANA-Tour-Excursion-1357x905px-STAYHAPPYRD-1.jpg",1357,905,false],"medium_large":["https:\/\/potetourstransferpuntacana.com\/wp-content\/uploads\/2021\/03\/Salto-del-Limon-Cascada-SAMANA-Tour-Excursion-1357x905px-STAYHAPPYRD-1-768x512.jpg",768,512,true],"large":["https:\/\/potetourstransferpuntacana.com\/wp-content\/uploads\/2021\/03\/Salto-del-Limon-Cascada-SAMANA-Tour-Excursion-1357x905px-STAYHAPPYRD-1.jpg",1357,905,false],"1536x1536":["https:\/\/potetourstransferpuntacana.com\/wp-content\/uploads\/2021\/03\/Salto-del-Limon-Cascada-SAMANA-Tour-Excursion-1357x905px-STAYHAPPYRD-1.jpg",1357,905,false],"2048x2048":["https:\/\/potetourstransferpuntacana.com\/wp-content\/uploads\/2021\/03\/Salto-del-Limon-Cascada-SAMANA-Tour-Excursion-1357x905px-STAYHAPPYRD-1.jpg",1357,905,false],"thumb_150x160":["https:\/\/potetourstransferpuntacana.com\/wp-content\/uploads\/2021\/03\/Salto-del-Limon-Cascada-SAMANA-Tour-Excursion-1357x905px-STAYHAPPYRD-1-150x160.jpg",150,160,true],"thumb_100x150":["https:\/\/potetourstransferpuntacana.com\/wp-content\/uploads\/2021\/03\/Salto-del-Limon-Cascada-SAMANA-Tour-Excursion-1357x905px-STAYHAPPYRD-1-100x150.jpg",100,150,true],"wethumb_204x153":["https:\/\/potetourstransferpuntacana.com\/wp-content\/uploads\/2021\/03\/Salto-del-Limon-Cascada-SAMANA-Tour-Excursion-1357x905px-STAYHAPPYRD-1-204x153.jpg",204,153,true],"wethumb_460x307":["https:\/\/potetourstransferpuntacana.com\/wp-content\/uploads\/2021\/03\/Salto-del-Limon-Cascada-SAMANA-Tour-Excursion-1357x905px-STAYHAPPYRD-1-460x307.jpg",460,307,true],"wethumb_85x85":["https:\/\/potetourstransferpuntacana.com\/wp-content\/uploads\/2021\/03\/Salto-del-Limon-Cascada-SAMANA-Tour-Excursion-1357x905px-STAYHAPPYRD-1-85x85.jpg",85,85,true],"woocommerce_thumbnail":["https:\/\/potetourstransferpuntacana.com\/wp-content\/uploads\/2021\/03\/Salto-del-Limon-Cascada-SAMANA-Tour-Excursion-1357x905px-STAYHAPPYRD-1-300x300.jpg",300,300,true],"woocommerce_single":["https:\/\/potetourstransferpuntacana.com\/wp-content\/uploads\/2021\/03\/Salto-del-Limon-Cascada-SAMANA-Tour-Excursion-1357x905px-STAYHAPPYRD-1-600x400.jpg",600,400,true],"woocommerce_gallery_thumbnail":["https:\/\/potetourstransferpuntacana.com\/wp-content\/uploads\/2021\/03\/Salto-del-Limon-Cascada-SAMANA-Tour-Excursion-1357x905px-STAYHAPPYRD-1-100x100.jpg",100,100,true]},"uagb_author_info":{"display_name":"KELYN MEJIA","author_link":"https:\/\/potetourstransferpuntacana.com\/?author=0"},"uagb_comment_info":0,"uagb_excerpt":"La Cascada Lim\u00f3n, es un ostentoso salto que mide 50 metros de alto, con una hermosa piscina natural debajo, localizada en la comunidad de Lim\u00f3n en Saman\u00e1, al Noreste de Republica Dominicana. Esta Excursi\u00f3n dura a pr\u00f3ximamente unas de 4 horas. La Cascada el Lim\u00f3n est\u00e1 inmersa en una vegetaci\u00f3n tropical en la pen\u00ednsula de&hellip;","_links":{"self":[{"href":"https:\/\/potetourstransferpuntacana.com\/index.php?rest_route=\/wp\/v2\/product\/4260","targetHints":{"allow":["GET"]}}],"collection":[{"href":"https:\/\/potetourstransferpuntacana.com\/index.php?rest_route=\/wp\/v2\/product"}],"about":[{"href":"https:\/\/potetourstransferpuntacana.com\/index.php?rest_route=\/wp\/v2\/types\/product"}],"replies":[{"embeddable":true,"href":"https:\/\/potetourstransferpuntacana.com\/index.php?rest_route=%2Fwp%2Fv2%2Fcomments&post=4260"}],"wp:featuredmedia":[{"embeddable":true,"href":"https:\/\/potetourstransferpuntacana.com\/index.php?rest_route=\/wp\/v2\/media\/4626"}],"wp:attachment":[{"href":"https:\/\/potetourstransferpuntacana.com\/index.php?rest_route=%2Fwp%2Fv2%2Fmedia&parent=4260"}],"wp:term":[{"taxonomy":"product_cat","embeddable":true,"href":"https:\/\/potetourstransferpuntacana.com\/index.php?rest_route=%2Fwp%2Fv2%2Fproduct_cat&post=4260"},{"taxonomy":"product_tag","embeddable":true,"href":"https:\/\/potetourstransferpuntacana.com\/index.php?rest_route=%2Fwp%2Fv2%2Fproduct_tag&post=4260"}],"curies":[{"name":"wp","href":"https:\/\/api.w.org\/{rel}","templated":true}]}}