{"id":4259,"date":"2021-03-23T17:10:50","date_gmt":"2021-03-23T17:10:50","guid":{"rendered":"https:\/\/potetourstransferpuntacana.com\/?post_type=product&#038;p=4259"},"modified":"2021-05-05T16:44:05","modified_gmt":"2021-05-05T16:44:05","slug":"playa-rincon","status":"publish","type":"product","link":"https:\/\/potetourstransferpuntacana.com\/?product=playa-rincon","title":{"rendered":"Playa Rinc\u00f3n &#8211; Saman\u00e1"},"content":{"rendered":"<p>Clasificada como una de las diez playas m\u00e1s bellas del mundo, Playa Rinc\u00f3n es una playa de arena blanca, que bordea la bah\u00eda de aguas color azul turquesa, con cocoteros, que llaman la atenci\u00f3n de los Turistas.<\/p>\n<p>A tan s\u00f3lo 15 minutos desde Las Galeras, o a un paso en bote, este es uno de los lugares m\u00e1s visitados de la Pen\u00ednsula de Saman\u00e1, con un bello paisaje tropical.<\/p>\n<p>El viaje comienza desde el \u00e1rea de Saman\u00e1 o Las Galeras. Una de las excursiones m\u00e1s bellas de la pen\u00ednsula de Saman\u00e1.<\/p>\n<p>Encontrar\u00e1 \u00e1reas para degustar un buen almuerzo donde se le servir\u00e1 una comida completa que incluye un plato de pescado, acompa\u00f1ado de bebidas locales y c\u00f3cteles.<\/p>\n<p>Playa Rinc\u00f3n es un lugar de arena blanca de una amplia extensi\u00f3n, bordeando la costa con una vista maravillosa monta\u00f1as y cocoteros.<\/p>\n<p>Estas aguas son s\u00faper claras, un bonito tono azul y los arrecifes de corales que los rodean aseguran que la playa sea muy segura diversi\u00f3n y para las personas que disfrutan nadar.<\/p>\n<h3>\u00a1Te Esperamos!<\/h3>\n<div class=\"ast-oembed-container \" style=\"height: 100%;\"><iframe loading=\"lazy\" title=\"Playa Rincon Beach Ca\u00f1o Frio Samana  Dominican Republic\" width=\"500\" height=\"281\" src=\"https:\/\/www.youtube.com\/embed\/T8Y-cQKFvIs?feature=oembed\" frameborder=\"0\" allow=\"accelerometer; autoplay; clipboard-write; encrypted-media; gyroscope; picture-in-picture; web-share\" referrerpolicy=\"strict-origin-when-cross-origin\" allowfullscreen><\/iframe><\/div>\n","protected":false},"excerpt":{"rendered":"<p>Clasificada como una de las diez playas m\u00e1s bellas del mundo, Playa Rinc\u00f3n es una playa de arena blanca, que bordea la bah\u00eda de aguas color azul turquesa, con cocoteros, que llaman la atenci\u00f3n de los Turistas. A tan s\u00f3lo 15 minutos desde Las Galeras, o a un paso en bote, este es uno de [&hellip;]<\/p>\n","protected":false},"featured_media":4624,"comment_status":"open","ping_status":"closed","template":"","meta":{"content-type":"","_uag_custom_page_level_css":"","site-sidebar-layout":"no-sidebar","site-content-layout":"default","ast-site-content-layout":"","site-content-style":"default","site-sidebar-style":"default","ast-global-header-display":"","ast-banner-title-visibility":"","ast-main-header-display":"","ast-hfb-above-header-display":"","ast-hfb-below-header-display":"","ast-hfb-mobile-header-display":"","site-post-title":"","ast-breadcrumbs-content":"","ast-featured-img":"","footer-sml-layout":"","theme-transparent-header-meta":"default","adv-header-id-meta":"","stick-header-meta":"","header-above-stick-meta":"","header-main-stick-meta":"","header-below-stick-meta":"","astra-migrate-meta-layouts":"default","ast-page-background-enabled":"default","ast-page-background-meta":{"desktop":{"background-color":"","background-image":"","background-repeat":"repeat","background-position":"center center","background-size":"auto","background-attachment":"scroll","background-type":"","background-media":"","overlay-type":"","overlay-color":"","overlay-opacity":"","overlay-gradient":""},"tablet":{"background-color":"","background-image":"","background-repeat":"repeat","background-position":"center center","background-size":"auto","background-attachment":"scroll","background-type":"","background-media":"","overlay-type":"","overlay-color":"","overlay-opacity":"","overlay-gradient":""},"mobile":{"background-color":"","background-image":"","background-repeat":"repeat","background-position":"center center","background-size":"auto","background-attachment":"scroll","background-type":"","background-media":"","overlay-type":"","overlay-color":"","overlay-opacity":"","overlay-gradient":""}},"ast-content-background-meta":{"desktop":{"background-color":"var(--ast-global-color-5)","background-image":"","background-repeat":"repeat","background-position":"center center","background-size":"auto","background-attachment":"scroll","background-type":"","background-media":"","overlay-type":"","overlay-color":"","overlay-opacity":"","overlay-gradient":""},"tablet":{"background-color":"var(--ast-global-color-5)","background-image":"","background-repeat":"repeat","background-position":"center center","background-size":"auto","background-attachment":"scroll","background-type":"","background-media":"","overlay-type":"","overlay-color":"","overlay-opacity":"","overlay-gradient":""},"mobile":{"background-color":"var(--ast-global-color-5)","background-image":"","background-repeat":"repeat","background-position":"center center","background-size":"auto","background-attachment":"scroll","background-type":"","background-media":"","overlay-type":"","overlay-color":"","overlay-opacity":"","overlay-gradient":""}}},"product_cat":[44],"product_tag":[],"class_list":{"0":"post-4259","1":"product","2":"type-product","3":"status-publish","4":"has-post-thumbnail","6":"product_cat-excursiones","7":"wt_location-samana","8":"desktop-align-left","9":"tablet-align-left","10":"mobile-align-left","12":"first","13":"instock","14":"sold-individually","15":"shipping-taxable","16":"purchasable","17":"product-type-simple"},"uagb_featured_image_src":{"full":["https:\/\/potetourstransferpuntacana.com\/wp-content\/uploads\/2021\/03\/Parque-Nacional-Los-Haitises-\u2013-Playa-Rincon-SAMANA-Tour-Excursion-1357x905px-STAYHAPPYRD-1.jpg",1357,905,false],"thumbnail":["https:\/\/potetourstransferpuntacana.com\/wp-content\/uploads\/2021\/03\/Parque-Nacional-Los-Haitises-\u2013-Playa-Rincon-SAMANA-Tour-Excursion-1357x905px-STAYHAPPYRD-1.jpg",128,85,false],"medium":["https:\/\/potetourstransferpuntacana.com\/wp-content\/uploads\/2021\/03\/Parque-Nacional-Los-Haitises-\u2013-Playa-Rincon-SAMANA-Tour-Excursion-1357x905px-STAYHAPPYRD-1.jpg",1357,905,false],"medium_large":["https:\/\/potetourstransferpuntacana.com\/wp-content\/uploads\/2021\/03\/Parque-Nacional-Los-Haitises-\u2013-Playa-Rincon-SAMANA-Tour-Excursion-1357x905px-STAYHAPPYRD-1-768x512.jpg",768,512,true],"large":["https:\/\/potetourstransferpuntacana.com\/wp-content\/uploads\/2021\/03\/Parque-Nacional-Los-Haitises-\u2013-Playa-Rincon-SAMANA-Tour-Excursion-1357x905px-STAYHAPPYRD-1.jpg",1357,905,false],"1536x1536":["https:\/\/potetourstransferpuntacana.com\/wp-content\/uploads\/2021\/03\/Parque-Nacional-Los-Haitises-\u2013-Playa-Rincon-SAMANA-Tour-Excursion-1357x905px-STAYHAPPYRD-1.jpg",1357,905,false],"2048x2048":["https:\/\/potetourstransferpuntacana.com\/wp-content\/uploads\/2021\/03\/Parque-Nacional-Los-Haitises-\u2013-Playa-Rincon-SAMANA-Tour-Excursion-1357x905px-STAYHAPPYRD-1.jpg",1357,905,false],"thumb_150x160":["https:\/\/potetourstransferpuntacana.com\/wp-content\/uploads\/2021\/03\/Parque-Nacional-Los-Haitises-\u2013-Playa-Rincon-SAMANA-Tour-Excursion-1357x905px-STAYHAPPYRD-1-150x160.jpg",150,160,true],"thumb_100x150":["https:\/\/potetourstransferpuntacana.com\/wp-content\/uploads\/2021\/03\/Parque-Nacional-Los-Haitises-\u2013-Playa-Rincon-SAMANA-Tour-Excursion-1357x905px-STAYHAPPYRD-1-100x150.jpg",100,150,true],"wethumb_204x153":["https:\/\/potetourstransferpuntacana.com\/wp-content\/uploads\/2021\/03\/Parque-Nacional-Los-Haitises-\u2013-Playa-Rincon-SAMANA-Tour-Excursion-1357x905px-STAYHAPPYRD-1-204x153.jpg",204,153,true],"wethumb_460x307":["https:\/\/potetourstransferpuntacana.com\/wp-content\/uploads\/2021\/03\/Parque-Nacional-Los-Haitises-\u2013-Playa-Rincon-SAMANA-Tour-Excursion-1357x905px-STAYHAPPYRD-1-460x307.jpg",460,307,true],"wethumb_85x85":["https:\/\/potetourstransferpuntacana.com\/wp-content\/uploads\/2021\/03\/Parque-Nacional-Los-Haitises-\u2013-Playa-Rincon-SAMANA-Tour-Excursion-1357x905px-STAYHAPPYRD-1-85x85.jpg",85,85,true],"woocommerce_thumbnail":["https:\/\/potetourstransferpuntacana.com\/wp-content\/uploads\/2021\/03\/Parque-Nacional-Los-Haitises-\u2013-Playa-Rincon-SAMANA-Tour-Excursion-1357x905px-STAYHAPPYRD-1-300x300.jpg",300,300,true],"woocommerce_single":["https:\/\/potetourstransferpuntacana.com\/wp-content\/uploads\/2021\/03\/Parque-Nacional-Los-Haitises-\u2013-Playa-Rincon-SAMANA-Tour-Excursion-1357x905px-STAYHAPPYRD-1-600x400.jpg",600,400,true],"woocommerce_gallery_thumbnail":["https:\/\/potetourstransferpuntacana.com\/wp-content\/uploads\/2021\/03\/Parque-Nacional-Los-Haitises-\u2013-Playa-Rincon-SAMANA-Tour-Excursion-1357x905px-STAYHAPPYRD-1-100x100.jpg",100,100,true]},"uagb_author_info":{"display_name":"KELYN MEJIA","author_link":"https:\/\/potetourstransferpuntacana.com\/?author=0"},"uagb_comment_info":0,"uagb_excerpt":"Clasificada como una de las diez playas m\u00e1s bellas del mundo, Playa Rinc\u00f3n es una playa de arena blanca, que bordea la bah\u00eda de aguas color azul turquesa, con cocoteros, que llaman la atenci\u00f3n de los Turistas. A tan s\u00f3lo 15 minutos desde Las Galeras, o a un paso en bote, este es uno de&hellip;","_links":{"self":[{"href":"https:\/\/potetourstransferpuntacana.com\/index.php?rest_route=\/wp\/v2\/product\/4259","targetHints":{"allow":["GET"]}}],"collection":[{"href":"https:\/\/potetourstransferpuntacana.com\/index.php?rest_route=\/wp\/v2\/product"}],"about":[{"href":"https:\/\/potetourstransferpuntacana.com\/index.php?rest_route=\/wp\/v2\/types\/product"}],"replies":[{"embeddable":true,"href":"https:\/\/potetourstransferpuntacana.com\/index.php?rest_route=%2Fwp%2Fv2%2Fcomments&post=4259"}],"wp:featuredmedia":[{"embeddable":true,"href":"https:\/\/potetourstransferpuntacana.com\/index.php?rest_route=\/wp\/v2\/media\/4624"}],"wp:attachment":[{"href":"https:\/\/potetourstransferpuntacana.com\/index.php?rest_route=%2Fwp%2Fv2%2Fmedia&parent=4259"}],"wp:term":[{"taxonomy":"product_cat","embeddable":true,"href":"https:\/\/potetourstransferpuntacana.com\/index.php?rest_route=%2Fwp%2Fv2%2Fproduct_cat&post=4259"},{"taxonomy":"product_tag","embeddable":true,"href":"https:\/\/potetourstransferpuntacana.com\/index.php?rest_route=%2Fwp%2Fv2%2Fproduct_tag&post=4259"}],"curies":[{"name":"wp","href":"https:\/\/api.w.org\/{rel}","templated":true}]}}