{"id":4257,"date":"2021-03-23T16:40:57","date_gmt":"2021-03-23T16:40:57","guid":{"rendered":"https:\/\/potetourstransferpuntacana.com\/?post_type=product&#038;p=4257"},"modified":"2021-05-05T16:30:00","modified_gmt":"2021-05-05T16:30:00","slug":"cayo-levantado-los-haitises","status":"publish","type":"product","link":"https:\/\/potetourstransferpuntacana.com\/?product=cayo-levantado-los-haitises","title":{"rendered":"Cayo Levantado (Los Haitises)"},"content":{"rendered":"<p style=\"text-align: left;\">Acomp\u00e1\u00f1anos al hallazgo m\u00e1s rico de la naturaleza y la cultura ind\u00edgena!<\/p>\n<p style=\"text-align: left;\">La Traves\u00eda comienza en el muelle de Sabana de La Mar a bordo de una embarcaci\u00f3n en la cual cruzaremos el m\u00e1s grande bosque de \u201cManglares\u201d de la Am\u00e9rica Latina<\/p>\n<p style=\"text-align: left;\"><strong>LOS HAITISES:<\/strong> Es un parque que est\u00e1 ubicado <strong>al ESTE de la bah\u00eda de Saman\u00e1<\/strong>. Aqu\u00ed las aves end\u00e9micas, y otras especies adem\u00e1s de sus diferentes ecosistemas, y atascaderos que hacen de este lugar una localizaci\u00f3n perfecta para vivir una experiencia <strong>ECO TURISTICA.<\/strong><\/p>\n<p style=\"text-align: left;\">Este parque ecol\u00f3gico contiene la m\u00e1s grande intensidad de aguas subterr\u00e1neas, donde encuentran una mezcla de agua dulce y salada donde habitan varias especies de crust\u00e1ceos.<\/p>\n<p style=\"text-align: left;\">Su vegetaci\u00f3n nos invitara a dar un paseo por las diferentes cuevas donde los Piratas del Caribe ocultaban sus tesoros.<\/p>\n<p style=\"text-align: left;\">Para los que optan por el descanso, las hamacas en los Cocoteros dejaran que la suave brisa acaricie su piel.<\/p>\n<h3 style=\"text-align: left;\">En Los Haitises y Cayo Levantado \u00a1Descubrir\u00e1s un aut\u00e9ntico para\u00edso!<\/h3>\n<p style=\"text-align: left;\"><strong>Punto de partida a las 8:45 horas frente al puerto de Saman\u00e1 e iniciaremos la excursi\u00f3n al Parque Nacional Los Haitises subiendo a un bote. Iremos hacia el sur y atravesaremos la bah\u00eda de Saman\u00e1.<\/strong><\/p>\n<p style=\"text-align: left;\">En este corto viaje nos desplazaremos en las aguas del mar Atl\u00e1ntico, nos profundizaremos en el Parque Nacional Los Haitises, una de las joyas naturales de la Rep\u00fablica Dominicana.<\/p>\n<p style=\"text-align: left;\"><strong>Nuestro viaje ser\u00e1 de unas 4 horas de recorrido.<\/strong><\/p>\n<h2>Men\u00fa del buffet en la playa de Cayo Levantado:<\/h2>\n<ul>\n<li>Pasta<\/li>\n<li>Ensaladas Variadas<\/li>\n<li>Arroz Blanco, Moro de Gandules Vegetales<\/li>\n<li>Pollo a la BBQ<\/li>\n<li><span style=\"font-size: 16px;\">Carnes<\/span><\/li>\n<li><span style=\"font-size: 16px;\">Pescado con coco<\/span><\/li>\n<li><span style=\"font-size: 16px;\">Frutas tropicales<\/span><\/li>\n<li><span style=\"font-size: 16px;\">Pan<\/span><\/li>\n<li><span style=\"font-size: 16px;\">Caf\u00e9<\/span><\/li>\n<li><span style=\"font-size: 16px;\">B<\/span><span style=\"font-size: 16px;\">ebidas, cervezas y refrescos, nacionales<\/span><\/li>\n<li><span style=\"font-size: 16px;\">Postre<\/span><\/li>\n<\/ul>\n<div class=\"ast-oembed-container \" style=\"height: 100%;\"><iframe loading=\"lazy\" title=\"Cayo Levantado, Samana, Dominican Republic\" width=\"500\" height=\"281\" src=\"https:\/\/www.youtube.com\/embed\/jDsEsLmxUos?feature=oembed\" frameborder=\"0\" allow=\"accelerometer; autoplay; clipboard-write; encrypted-media; gyroscope; picture-in-picture; web-share\" referrerpolicy=\"strict-origin-when-cross-origin\" allowfullscreen><\/iframe><\/div>\n","protected":false},"excerpt":{"rendered":"<p>Acomp\u00e1\u00f1anos al hallazgo m\u00e1s rico de la naturaleza y la cultura ind\u00edgena! La Traves\u00eda comienza en el muelle de Sabana de La Mar a bordo de una embarcaci\u00f3n en la cual cruzaremos el m\u00e1s grande bosque de \u201cManglares\u201d de la Am\u00e9rica Latina LOS HAITISES: Es un parque que est\u00e1 ubicado al ESTE de la bah\u00eda [&hellip;]<\/p>\n","protected":false},"featured_media":4623,"comment_status":"open","ping_status":"closed","template":"","meta":{"content-type":"","_uag_custom_page_level_css":"","site-sidebar-layout":"no-sidebar","site-content-layout":"default","ast-site-content-layout":"","site-content-style":"default","site-sidebar-style":"default","ast-global-header-display":"","ast-banner-title-visibility":"","ast-main-header-display":"","ast-hfb-above-header-display":"","ast-hfb-below-header-display":"","ast-hfb-mobile-header-display":"","site-post-title":"","ast-breadcrumbs-content":"","ast-featured-img":"","footer-sml-layout":"","theme-transparent-header-meta":"default","adv-header-id-meta":"","stick-header-meta":"","header-above-stick-meta":"","header-main-stick-meta":"","header-below-stick-meta":"","astra-migrate-meta-layouts":"default","ast-page-background-enabled":"default","ast-page-background-meta":{"desktop":{"background-color":"","background-image":"","background-repeat":"repeat","background-position":"center center","background-size":"auto","background-attachment":"scroll","background-type":"","background-media":"","overlay-type":"","overlay-color":"","overlay-opacity":"","overlay-gradient":""},"tablet":{"background-color":"","background-image":"","background-repeat":"repeat","background-position":"center center","background-size":"auto","background-attachment":"scroll","background-type":"","background-media":"","overlay-type":"","overlay-color":"","overlay-opacity":"","overlay-gradient":""},"mobile":{"background-color":"","background-image":"","background-repeat":"repeat","background-position":"center center","background-size":"auto","background-attachment":"scroll","background-type":"","background-media":"","overlay-type":"","overlay-color":"","overlay-opacity":"","overlay-gradient":""}},"ast-content-background-meta":{"desktop":{"background-color":"var(--ast-global-color-5)","background-image":"","background-repeat":"repeat","background-position":"center center","background-size":"auto","background-attachment":"scroll","background-type":"","background-media":"","overlay-type":"","overlay-color":"","overlay-opacity":"","overlay-gradient":""},"tablet":{"background-color":"var(--ast-global-color-5)","background-image":"","background-repeat":"repeat","background-position":"center center","background-size":"auto","background-attachment":"scroll","background-type":"","background-media":"","overlay-type":"","overlay-color":"","overlay-opacity":"","overlay-gradient":""},"mobile":{"background-color":"var(--ast-global-color-5)","background-image":"","background-repeat":"repeat","background-position":"center center","background-size":"auto","background-attachment":"scroll","background-type":"","background-media":"","overlay-type":"","overlay-color":"","overlay-opacity":"","overlay-gradient":""}}},"product_cat":[44],"product_tag":[],"class_list":{"0":"post-4257","1":"product","2":"type-product","3":"status-publish","4":"has-post-thumbnail","6":"product_cat-excursiones","7":"wt_location-samana","8":"desktop-align-left","9":"tablet-align-left","10":"mobile-align-left","12":"first","13":"instock","14":"sold-individually","15":"shipping-taxable","16":"purchasable","17":"product-type-simple"},"uagb_featured_image_src":{"full":["https:\/\/potetourstransferpuntacana.com\/wp-content\/uploads\/2021\/03\/Parque-Nacional-Los-Haitises-\u2013-Cayo-Levantado-SAMANA-Tour-Excursion-1357x905px-STAYHAPPYRD.jpg",1357,905,false],"thumbnail":["https:\/\/potetourstransferpuntacana.com\/wp-content\/uploads\/2021\/03\/Parque-Nacional-Los-Haitises-\u2013-Cayo-Levantado-SAMANA-Tour-Excursion-1357x905px-STAYHAPPYRD.jpg",128,85,false],"medium":["https:\/\/potetourstransferpuntacana.com\/wp-content\/uploads\/2021\/03\/Parque-Nacional-Los-Haitises-\u2013-Cayo-Levantado-SAMANA-Tour-Excursion-1357x905px-STAYHAPPYRD.jpg",1357,905,false],"medium_large":["https:\/\/potetourstransferpuntacana.com\/wp-content\/uploads\/2021\/03\/Parque-Nacional-Los-Haitises-\u2013-Cayo-Levantado-SAMANA-Tour-Excursion-1357x905px-STAYHAPPYRD-768x512.jpg",768,512,true],"large":["https:\/\/potetourstransferpuntacana.com\/wp-content\/uploads\/2021\/03\/Parque-Nacional-Los-Haitises-\u2013-Cayo-Levantado-SAMANA-Tour-Excursion-1357x905px-STAYHAPPYRD.jpg",1357,905,false],"1536x1536":["https:\/\/potetourstransferpuntacana.com\/wp-content\/uploads\/2021\/03\/Parque-Nacional-Los-Haitises-\u2013-Cayo-Levantado-SAMANA-Tour-Excursion-1357x905px-STAYHAPPYRD.jpg",1357,905,false],"2048x2048":["https:\/\/potetourstransferpuntacana.com\/wp-content\/uploads\/2021\/03\/Parque-Nacional-Los-Haitises-\u2013-Cayo-Levantado-SAMANA-Tour-Excursion-1357x905px-STAYHAPPYRD.jpg",1357,905,false],"thumb_150x160":["https:\/\/potetourstransferpuntacana.com\/wp-content\/uploads\/2021\/03\/Parque-Nacional-Los-Haitises-\u2013-Cayo-Levantado-SAMANA-Tour-Excursion-1357x905px-STAYHAPPYRD-150x160.jpg",150,160,true],"thumb_100x150":["https:\/\/potetourstransferpuntacana.com\/wp-content\/uploads\/2021\/03\/Parque-Nacional-Los-Haitises-\u2013-Cayo-Levantado-SAMANA-Tour-Excursion-1357x905px-STAYHAPPYRD-100x150.jpg",100,150,true],"wethumb_204x153":["https:\/\/potetourstransferpuntacana.com\/wp-content\/uploads\/2021\/03\/Parque-Nacional-Los-Haitises-\u2013-Cayo-Levantado-SAMANA-Tour-Excursion-1357x905px-STAYHAPPYRD-204x153.jpg",204,153,true],"wethumb_460x307":["https:\/\/potetourstransferpuntacana.com\/wp-content\/uploads\/2021\/03\/Parque-Nacional-Los-Haitises-\u2013-Cayo-Levantado-SAMANA-Tour-Excursion-1357x905px-STAYHAPPYRD-460x307.jpg",460,307,true],"wethumb_85x85":["https:\/\/potetourstransferpuntacana.com\/wp-content\/uploads\/2021\/03\/Parque-Nacional-Los-Haitises-\u2013-Cayo-Levantado-SAMANA-Tour-Excursion-1357x905px-STAYHAPPYRD-85x85.jpg",85,85,true],"woocommerce_thumbnail":["https:\/\/potetourstransferpuntacana.com\/wp-content\/uploads\/2021\/03\/Parque-Nacional-Los-Haitises-\u2013-Cayo-Levantado-SAMANA-Tour-Excursion-1357x905px-STAYHAPPYRD-300x300.jpg",300,300,true],"woocommerce_single":["https:\/\/potetourstransferpuntacana.com\/wp-content\/uploads\/2021\/03\/Parque-Nacional-Los-Haitises-\u2013-Cayo-Levantado-SAMANA-Tour-Excursion-1357x905px-STAYHAPPYRD-600x400.jpg",600,400,true],"woocommerce_gallery_thumbnail":["https:\/\/potetourstransferpuntacana.com\/wp-content\/uploads\/2021\/03\/Parque-Nacional-Los-Haitises-\u2013-Cayo-Levantado-SAMANA-Tour-Excursion-1357x905px-STAYHAPPYRD-100x100.jpg",100,100,true]},"uagb_author_info":{"display_name":"KELYN MEJIA","author_link":"https:\/\/potetourstransferpuntacana.com\/?author=0"},"uagb_comment_info":0,"uagb_excerpt":"Acomp\u00e1\u00f1anos al hallazgo m\u00e1s rico de la naturaleza y la cultura ind\u00edgena! La Traves\u00eda comienza en el muelle de Sabana de La Mar a bordo de una embarcaci\u00f3n en la cual cruzaremos el m\u00e1s grande bosque de \u201cManglares\u201d de la Am\u00e9rica Latina LOS HAITISES: Es un parque que est\u00e1 ubicado al ESTE de la bah\u00eda&hellip;","_links":{"self":[{"href":"https:\/\/potetourstransferpuntacana.com\/index.php?rest_route=\/wp\/v2\/product\/4257","targetHints":{"allow":["GET"]}}],"collection":[{"href":"https:\/\/potetourstransferpuntacana.com\/index.php?rest_route=\/wp\/v2\/product"}],"about":[{"href":"https:\/\/potetourstransferpuntacana.com\/index.php?rest_route=\/wp\/v2\/types\/product"}],"replies":[{"embeddable":true,"href":"https:\/\/potetourstransferpuntacana.com\/index.php?rest_route=%2Fwp%2Fv2%2Fcomments&post=4257"}],"wp:featuredmedia":[{"embeddable":true,"href":"https:\/\/potetourstransferpuntacana.com\/index.php?rest_route=\/wp\/v2\/media\/4623"}],"wp:attachment":[{"href":"https:\/\/potetourstransferpuntacana.com\/index.php?rest_route=%2Fwp%2Fv2%2Fmedia&parent=4257"}],"wp:term":[{"taxonomy":"product_cat","embeddable":true,"href":"https:\/\/potetourstransferpuntacana.com\/index.php?rest_route=%2Fwp%2Fv2%2Fproduct_cat&post=4257"},{"taxonomy":"product_tag","embeddable":true,"href":"https:\/\/potetourstransferpuntacana.com\/index.php?rest_route=%2Fwp%2Fv2%2Fproduct_tag&post=4257"}],"curies":[{"name":"wp","href":"https:\/\/api.w.org\/{rel}","templated":true}]}}