{"id":4243,"date":"2021-03-23T15:09:36","date_gmt":"2021-03-23T15:09:36","guid":{"rendered":"https:\/\/potetourstransferpuntacana.com\/?post_type=product&#038;p=4243"},"modified":"2021-05-30T21:43:04","modified_gmt":"2021-05-31T01:43:04","slug":"altos-de-chavon-la-romana","status":"publish","type":"product","link":"https:\/\/potetourstransferpuntacana.com\/?product=altos-de-chavon-la-romana","title":{"rendered":"Altos de Chav\u00f3n &#8211; La Romana"},"content":{"rendered":"<p>Esta peque\u00f1a localidad es una imitaci\u00f3n a un pueblo italiano medieval de casas construidas en piedra caliza. Es refugio de muchos artistas internacionales y desde el pueblo hay unas vistas fant\u00e1sticas del r\u00edo Chav\u00f3n. El peque\u00f1o pueblo de Altos de Chav\u00f3n cuenta con varios restaurantes, una iglesia donde c\u00e9lebres personajes han contra\u00eddo matrimonio&#8230;incluso hasta \u00abMichael Jackson\u00bb, boutiques de lujo, un Museo Arqueol\u00f3gico Regional con una gran colecci\u00f3n de objetos ta\u00ednos y una filial de la escuela de Dise\u00f1o Parsons de Nueva York.<\/p>\n<p>Adem\u00e1s de todo esto Altos de Chav\u00f3n cuenta con un espectacular anfiteatro de piedra, al m\u00e1s estilo romano, con aforo para m\u00e1s de 4.000 personas. El anfiteatro se utiliza para celebrar diferentes eventos y conciertos. Frank Sinatra fue el primero en estrenarlo y dar un concierto. Julio Iglesias, Juan Luis Guerra, Marc Anthony, y famosos cantantes y bandas de merengue, salsa y bachata han actuado en este lugar. A tan s\u00f3lo 20 minutos de La Romana se encuentra Bayah\u00edbe.<\/p>\n<div class=\"ast-oembed-container \" style=\"height: 100%;\"><iframe loading=\"lazy\" title=\"Altos de Chav\u00f3n, La Romana, Dominican Republic\" width=\"500\" height=\"281\" src=\"https:\/\/www.youtube.com\/embed\/DXzm2ApukN4?feature=oembed\" frameborder=\"0\" allow=\"accelerometer; autoplay; clipboard-write; encrypted-media; gyroscope; picture-in-picture; web-share\" referrerpolicy=\"strict-origin-when-cross-origin\" allowfullscreen><\/iframe><\/div>\n","protected":false},"excerpt":{"rendered":"<p>Esta peque\u00f1a localidad es una imitaci\u00f3n a un pueblo italiano medieval de casas construidas en piedra caliza. Es refugio de muchos artistas internacionales y desde el pueblo hay unas vistas fant\u00e1sticas del r\u00edo Chav\u00f3n. El peque\u00f1o pueblo de Altos de Chav\u00f3n cuenta con varios restaurantes, una iglesia donde c\u00e9lebres personajes han contra\u00eddo matrimonio&#8230;incluso hasta \u00abMichael [&hellip;]<\/p>\n","protected":false},"featured_media":4610,"comment_status":"open","ping_status":"closed","template":"","meta":{"content-type":"","_uag_custom_page_level_css":"","site-sidebar-layout":"no-sidebar","site-content-layout":"default","ast-site-content-layout":"","site-content-style":"default","site-sidebar-style":"default","ast-global-header-display":"","ast-banner-title-visibility":"","ast-main-header-display":"","ast-hfb-above-header-display":"","ast-hfb-below-header-display":"","ast-hfb-mobile-header-display":"","site-post-title":"","ast-breadcrumbs-content":"","ast-featured-img":"","footer-sml-layout":"","theme-transparent-header-meta":"default","adv-header-id-meta":"","stick-header-meta":"","header-above-stick-meta":"","header-main-stick-meta":"","header-below-stick-meta":"","astra-migrate-meta-layouts":"default","ast-page-background-enabled":"default","ast-page-background-meta":{"desktop":{"background-color":"","background-image":"","background-repeat":"repeat","background-position":"center center","background-size":"auto","background-attachment":"scroll","background-type":"","background-media":"","overlay-type":"","overlay-color":"","overlay-opacity":"","overlay-gradient":""},"tablet":{"background-color":"","background-image":"","background-repeat":"repeat","background-position":"center center","background-size":"auto","background-attachment":"scroll","background-type":"","background-media":"","overlay-type":"","overlay-color":"","overlay-opacity":"","overlay-gradient":""},"mobile":{"background-color":"","background-image":"","background-repeat":"repeat","background-position":"center center","background-size":"auto","background-attachment":"scroll","background-type":"","background-media":"","overlay-type":"","overlay-color":"","overlay-opacity":"","overlay-gradient":""}},"ast-content-background-meta":{"desktop":{"background-color":"var(--ast-global-color-5)","background-image":"","background-repeat":"repeat","background-position":"center center","background-size":"auto","background-attachment":"scroll","background-type":"","background-media":"","overlay-type":"","overlay-color":"","overlay-opacity":"","overlay-gradient":""},"tablet":{"background-color":"var(--ast-global-color-5)","background-image":"","background-repeat":"repeat","background-position":"center center","background-size":"auto","background-attachment":"scroll","background-type":"","background-media":"","overlay-type":"","overlay-color":"","overlay-opacity":"","overlay-gradient":""},"mobile":{"background-color":"var(--ast-global-color-5)","background-image":"","background-repeat":"repeat","background-position":"center center","background-size":"auto","background-attachment":"scroll","background-type":"","background-media":"","overlay-type":"","overlay-color":"","overlay-opacity":"","overlay-gradient":""}}},"product_cat":[44],"product_tag":[],"class_list":{"0":"post-4243","1":"product","2":"type-product","3":"status-publish","4":"has-post-thumbnail","6":"product_cat-excursiones","7":"wt_location-la-romana","8":"desktop-align-left","9":"tablet-align-left","10":"mobile-align-left","12":"first","13":"instock","14":"sold-individually","15":"shipping-taxable","16":"purchasable","17":"product-type-simple"},"uagb_featured_image_src":{"full":["https:\/\/potetourstransferpuntacana.com\/wp-content\/uploads\/2021\/03\/Iglesia-1-Tours-Excursion-Altos-de-Chavon-1357x905px-Stay-Happy-RD.jpg",1357,905,false],"thumbnail":["https:\/\/potetourstransferpuntacana.com\/wp-content\/uploads\/2021\/03\/Iglesia-1-Tours-Excursion-Altos-de-Chavon-1357x905px-Stay-Happy-RD.jpg",128,85,false],"medium":["https:\/\/potetourstransferpuntacana.com\/wp-content\/uploads\/2021\/03\/Iglesia-1-Tours-Excursion-Altos-de-Chavon-1357x905px-Stay-Happy-RD.jpg",1357,905,false],"medium_large":["https:\/\/potetourstransferpuntacana.com\/wp-content\/uploads\/2021\/03\/Iglesia-1-Tours-Excursion-Altos-de-Chavon-1357x905px-Stay-Happy-RD-768x512.jpg",768,512,true],"large":["https:\/\/potetourstransferpuntacana.com\/wp-content\/uploads\/2021\/03\/Iglesia-1-Tours-Excursion-Altos-de-Chavon-1357x905px-Stay-Happy-RD.jpg",1357,905,false],"1536x1536":["https:\/\/potetourstransferpuntacana.com\/wp-content\/uploads\/2021\/03\/Iglesia-1-Tours-Excursion-Altos-de-Chavon-1357x905px-Stay-Happy-RD.jpg",1357,905,false],"2048x2048":["https:\/\/potetourstransferpuntacana.com\/wp-content\/uploads\/2021\/03\/Iglesia-1-Tours-Excursion-Altos-de-Chavon-1357x905px-Stay-Happy-RD.jpg",1357,905,false],"thumb_150x160":["https:\/\/potetourstransferpuntacana.com\/wp-content\/uploads\/2021\/03\/Iglesia-1-Tours-Excursion-Altos-de-Chavon-1357x905px-Stay-Happy-RD-150x160.jpg",150,160,true],"thumb_100x150":["https:\/\/potetourstransferpuntacana.com\/wp-content\/uploads\/2021\/03\/Iglesia-1-Tours-Excursion-Altos-de-Chavon-1357x905px-Stay-Happy-RD-100x150.jpg",100,150,true],"wethumb_204x153":["https:\/\/potetourstransferpuntacana.com\/wp-content\/uploads\/2021\/03\/Iglesia-1-Tours-Excursion-Altos-de-Chavon-1357x905px-Stay-Happy-RD-204x153.jpg",204,153,true],"wethumb_460x307":["https:\/\/potetourstransferpuntacana.com\/wp-content\/uploads\/2021\/03\/Iglesia-1-Tours-Excursion-Altos-de-Chavon-1357x905px-Stay-Happy-RD-460x307.jpg",460,307,true],"wethumb_85x85":["https:\/\/potetourstransferpuntacana.com\/wp-content\/uploads\/2021\/03\/Iglesia-1-Tours-Excursion-Altos-de-Chavon-1357x905px-Stay-Happy-RD-85x85.jpg",85,85,true],"woocommerce_thumbnail":["https:\/\/potetourstransferpuntacana.com\/wp-content\/uploads\/2021\/03\/Iglesia-1-Tours-Excursion-Altos-de-Chavon-1357x905px-Stay-Happy-RD-300x300.jpg",300,300,true],"woocommerce_single":["https:\/\/potetourstransferpuntacana.com\/wp-content\/uploads\/2021\/03\/Iglesia-1-Tours-Excursion-Altos-de-Chavon-1357x905px-Stay-Happy-RD-600x400.jpg",600,400,true],"woocommerce_gallery_thumbnail":["https:\/\/potetourstransferpuntacana.com\/wp-content\/uploads\/2021\/03\/Iglesia-1-Tours-Excursion-Altos-de-Chavon-1357x905px-Stay-Happy-RD-100x100.jpg",100,100,true]},"uagb_author_info":{"display_name":"KELYN MEJIA","author_link":"https:\/\/potetourstransferpuntacana.com\/?author=0"},"uagb_comment_info":0,"uagb_excerpt":"Esta peque\u00f1a localidad es una imitaci\u00f3n a un pueblo italiano medieval de casas construidas en piedra caliza. Es refugio de muchos artistas internacionales y desde el pueblo hay unas vistas fant\u00e1sticas del r\u00edo Chav\u00f3n. El peque\u00f1o pueblo de Altos de Chav\u00f3n cuenta con varios restaurantes, una iglesia donde c\u00e9lebres personajes han contra\u00eddo matrimonio&#8230;incluso hasta \u00abMichael&hellip;","_links":{"self":[{"href":"https:\/\/potetourstransferpuntacana.com\/index.php?rest_route=\/wp\/v2\/product\/4243","targetHints":{"allow":["GET"]}}],"collection":[{"href":"https:\/\/potetourstransferpuntacana.com\/index.php?rest_route=\/wp\/v2\/product"}],"about":[{"href":"https:\/\/potetourstransferpuntacana.com\/index.php?rest_route=\/wp\/v2\/types\/product"}],"replies":[{"embeddable":true,"href":"https:\/\/potetourstransferpuntacana.com\/index.php?rest_route=%2Fwp%2Fv2%2Fcomments&post=4243"}],"wp:featuredmedia":[{"embeddable":true,"href":"https:\/\/potetourstransferpuntacana.com\/index.php?rest_route=\/wp\/v2\/media\/4610"}],"wp:attachment":[{"href":"https:\/\/potetourstransferpuntacana.com\/index.php?rest_route=%2Fwp%2Fv2%2Fmedia&parent=4243"}],"wp:term":[{"taxonomy":"product_cat","embeddable":true,"href":"https:\/\/potetourstransferpuntacana.com\/index.php?rest_route=%2Fwp%2Fv2%2Fproduct_cat&post=4243"},{"taxonomy":"product_tag","embeddable":true,"href":"https:\/\/potetourstransferpuntacana.com\/index.php?rest_route=%2Fwp%2Fv2%2Fproduct_tag&post=4243"}],"curies":[{"name":"wp","href":"https:\/\/api.w.org\/{rel}","templated":true}]}}