{"id":5676,"date":"2021-05-28T12:21:49","date_gmt":"2021-05-28T16:21:49","guid":{"rendered":"https:\/\/potetourstransferpuntacana.com\/?page_id=5676"},"modified":"2023-02-10T11:51:29","modified_gmt":"2023-02-10T15:51:29","slug":"politica-de-cookies","status":"publish","type":"page","link":"https:\/\/potetourstransferpuntacana.com\/?page_id=5676","title":{"rendered":"Pol\u00edtica de Cookies"},"content":{"rendered":"\n<h2 class=\"has-ast-global-color-4-color has-text-color wp-block-heading\">\u00bfQu\u00e9 son las cookies?<\/h2>\n\n\n\n<p class=\"has-ast-global-color-4-color has-text-color\">Una cookie es un fichero que se descarga en su ordenador cuando accedemos a determinados sitios web. Estas permiten, entre otras cosas, almacenar y recuperar informaci\u00f3n sobre los h\u00e1bitos de navegaci\u00f3n de un usuario o de su equipo y, dependiendo de esta informaci\u00f3n que almacene y de la forma en que utilice su equipo, pueden utilizarse para reconocer al usuario.<\/p>\n\n\n\n<h2 class=\"has-ast-global-color-4-color has-text-color wp-block-heading\">\u00bfQu\u00e9 tipos de cookies utiliza esta p\u00e1gina web?<\/h2>\n\n\n\n<p class=\"has-ast-global-color-4-color has-text-color\">\u2013 Cookies de rendimiento: Estas cookies se utilizan para mejorar tu experiencia de navegaci\u00f3n y optimizar el funcionamiento del sitio web. Almacenan configuraciones de servicios para que no tengas que reconfigurarlos cada vez que visitas este sitio web.<\/p>\n\n\n\n<p class=\"has-ast-global-color-4-color has-text-color\">\u2013 Cookies de an\u00e1lisis: Son aqu\u00e9llas que bien tratadas por nosotros o por terceros, nos permiten cuantificar el n\u00famero de usuarios y as\u00ed realizar la medici\u00f3n y an\u00e1lisis estad\u00edstico de la utilizaci\u00f3n que hacen los usuarios del servicio ofertado. Para ello se analiza su navegaci\u00f3n en nuestra p\u00e1gina web con el fin de mejorar la oferta de productos o servicios que le ofrecemos.<\/p>\n\n\n\n<p class=\"has-ast-global-color-4-color has-text-color\">\u2013 Cookies publicitarias: Son aqu\u00e9llas que, bien tratadas por nosotros o por terceros, nos permiten gestionar de la forma m\u00e1s eficaz posible la oferta de los espacios publicitarios que hay en la p\u00e1gina web, adecuando el contenido del anuncio al contenido del servicio solicitado o al uso que realice de nuestra p\u00e1gina web. Para ello podemos analizar sus h\u00e1bitos de navegaci\u00f3n en Internet y podemos mostrarle publicidad relacionada con su perfil de navegaci\u00f3n.<\/p>\n\n\n\n<h2 class=\"has-ast-global-color-4-color has-text-color wp-block-heading\">Como puede gestionar las cookies de su navegador<\/h2>\n\n\n\n<p class=\"has-ast-global-color-4-color has-text-color\">Puede usted permitir, bloquear o eliminar las cookies instaladas en su equipo mediante la configuraci\u00f3n de las opciones del navegador instalado en su ordenador.<\/p>\n\n\n\n<p class=\"has-ast-global-color-4-color has-text-color\">Internet Explorer\u2122 :<\/p>\n\n\n\n<p class=\"has-ast-global-color-4-color has-text-color\">Versi\u00f3n 5<br><a href=\"http:\/\/support.microsoft.com\/kb\/196955\/es\" target=\"_blank\" rel=\"noreferrer noopener\">http:\/\/support.microsoft.com\/kb\/196955\/es<\/a><\/p>\n\n\n\n<p class=\"has-ast-global-color-4-color has-text-color\">Versi\u00f3n 6<br><a href=\"http:\/\/support.microsoft.com\/kb\/283185\/es\" target=\"_blank\" rel=\"noreferrer noopener\">http:\/\/support.microsoft.com\/kb\/283185\/es<\/a><\/p>\n\n\n\n<p class=\"has-ast-global-color-4-color has-text-color\">Versi\u00f3n 7 y 8<br><a href=\"http:\/\/windows.microsoft.com\/es-ES\/windows-vista\/Block-or-allow-cookies\" target=\"_blank\" rel=\"noreferrer noopener\">http:\/\/windows.microsoft.com\/es-ES\/windows-vista\/Block-or-allow-cookies<\/a><\/p>\n\n\n\n<p class=\"has-ast-global-color-4-color has-text-color\">Versi\u00f3n 9<br><a href=\"http:\/\/windows.microsoft.com\/es-ES\/windows7\/How-to-manage-cookies-in-Internet-Explorer-9\" target=\"_blank\" rel=\"noreferrer noopener\">http:\/\/windows.microsoft.com\/es-ES\/windows7\/How-to-manage-cookies-in-Internet-Explorer-9<\/a><\/p>\n\n\n\n<p class=\"has-ast-global-color-4-color has-text-color\">Safari\u2122:<br><a href=\"http:\/\/support.apple.com\/kb\/PH5042?viewlocale=es_ES\" target=\"_blank\" rel=\"noreferrer noopener\">http:\/\/support.apple.com\/kb\/PH5042?viewlocale=es_ES<\/a>&nbsp;<a href=\"http:\/\/support.apple.com\/kb\/HT1677?viewlocale=es_ES\" target=\"_blank\" rel=\"noreferrer noopener\">http:\/\/support.apple.com\/kb\/HT1677?viewlocale=es_ES<\/a><\/p>\n\n\n\n<p class=\"has-ast-global-color-4-color has-text-color\">Google\u2122&nbsp;<a href=\"https:\/\/support.google.com\/chrome\/answer\/95647?hl=es&amp;hlrm=en\" target=\"_blank\" rel=\"noreferrer noopener\">https:\/\/support.google.com\/chrome\/answer\/95647?hl=es&amp;hlrm=en<\/a><\/p>\n\n\n\n<p class=\"has-ast-global-color-4-color has-text-color\">Firefox\u2122:<br><a href=\"http:\/\/support.mozilla.org\/es\/kb\/cookies-informacion-que-los-sitios-web-guardan-en-?redirectlocale=en-US&amp;redirectslug=Cookies\" target=\"_blank\" rel=\"noreferrer noopener\">http:\/\/support.mozilla.org\/es\/kb\/cookies-informacion-que-los-sitios-web-guardan-en-?redirectlocale=en-US&amp;redirectslug=Cookies<\/a><\/p>\n\n\n\n<p class=\"has-ast-global-color-4-color has-text-color\">Opera\u2122 :<br><a href=\"http:\/\/help.opera.com\/Windows\/11.50\/es-ES\/cookies.html\" target=\"_blank\" rel=\"noreferrer noopener\">http:\/\/help.opera.com\/Windows\/11.50\/es-ES\/cookies.html<\/a><\/p>\n\n\n\n<p class=\"has-ast-global-color-4-color has-text-color\">Android<br><a href=\"http:\/\/support.google.com\/android\/?hl=es\" target=\"_blank\" rel=\"noreferrer noopener\">http:\/\/support.google.com\/android\/?hl=es<\/a><\/p>\n\n\n\n<p class=\"has-ast-global-color-4-color has-text-color\">Windows Phone<br><a href=\"http:\/\/www.windowsphone.com\/es-ES\/how-to\/wp7\/web\/changing-privacy-and-other-browser-settings\" target=\"_blank\" rel=\"noreferrer noopener\">http:\/\/www.windowsphone.com\/es-ES\/how-to\/wp7\/web\/changing-privacy-and-other-browser-settings<\/a><\/p>\n\n\n\n<p class=\"has-ast-global-color-4-color has-text-color\">Blackberry<br><a href=\"http:\/\/docs.blackberry.com\/en\/smartphone_users\/deliverables\/18578\/Turn_off_cookies_in_the_browser_60_1072866_11.jsp\" target=\"_blank\" rel=\"noreferrer noopener\">http:\/\/docs.blackberry.com\/en\/smartphone_users\/deliverables\/18578\/Turn_off_cookies_in_the_browser_60_1072866_11.jsp<\/a><\/p>\n\n\n\n<h2 class=\"has-ast-global-color-4-color has-text-color wp-block-heading\">Aceptaci\u00f3n de cookies<\/h2>\n\n\n\n<p class=\"has-ast-global-color-4-color has-text-color\">Si usted contin\u00faa su navegaci\u00f3n una vez informado sobre la Pol\u00edtica de Cookies, entenderemos que acepta la utilizaci\u00f3n de las cookies por parte de la web y aplicaciones. Sin embargo, si usted quiere, puede cambiar la configuraci\u00f3n de cookies en cualquier momento, configurando su navegador para aceptar, o no, las cookies que recibe o para que el navegador le avise cuando un servidor quiera guardar una cookie.<\/p>\n\n\n\n<p class=\"has-ast-global-color-4-color has-text-color\">Le informamos que en el caso de bloquear o no aceptar la instalaci\u00f3n de cookies, es posible que ciertos servicios no est\u00e9n disponibles sin la utilizaci\u00f3n de \u00e9stas o que no pueda acceder a determinados servicios ni tampoco aprovechar por completo todo lo que nuestras webs y aplicaciones le ofrecen. Adem\u00e1s del uso de cookies propias, permitimos a terceros establecer cookies y acceder a ellas en su ordenador. El consentimiento del uso de las cookies de estas empresas est\u00e1 ligado a la navegaci\u00f3n por este sitio.<\/p>\n\n\n\n<p class=\"has-ast-global-color-4-color has-text-color\">Le agradecemos que consienta la aceptaci\u00f3n de cookies, esto nos ayuda a obtener datos m\u00e1s precisos que nos permiten mejorar el contenido<\/p>\n\n\n\n<p class=\"has-ast-global-color-4-color has-text-color\">En caso de que este sitio web prestara alg\u00fan tipo de servicio especial en el que determine unas previsiones espec\u00edficas diferentes a \u00e9stas en lo relativo a la protecci\u00f3n de datos personales y la utilizaci\u00f3n de cookies, prevalecer\u00e1n las normas particulares indicadas para ese servicio en particular sobre las presentes.<\/p>\n\n\n\n<p class=\"has-ast-global-color-4-color has-text-color\">Al acceder a este sitio web o aplicaci\u00f3n por primera vez, ver\u00e1 una ventana donde se le informa de la utilizaci\u00f3n de las cookies y donde puede consultar esta \u201cPol\u00edtica de cookies\u201d. Si usted consiente la utilizaci\u00f3n de cookies, contin\u00faa navegando o hace clic en alg\u00fan link se entender\u00e1 que usted ha consentido nuestra pol\u00edtica de cookies y por tanto la instalaci\u00f3n de las mismas en su equipo o dispositivo.<\/p>\n\n\n\n<h2 class=\"has-ast-global-color-4-color has-text-color wp-block-heading\">\u00bfActualizamos nuestra Pol\u00edtica de Cookies?<\/h2>\n\n\n\n<p class=\"has-ast-global-color-4-color has-text-color\">Es posible que hagamos una actualizaci\u00f3n de nuestra Pol\u00edtica de Cookies, por ello le recomendamos revisar esta pol\u00edtica cada vez que acceda a nuestro Sitio Web con el objetivo de estar adecuadamente informado sobre c\u00f3mo y para qu\u00e9 usamos las cookies en este site. Nuestra pol\u00edtica de Cookies fue actualizada el 28 de Mayo de 2021 por \u00faltima vez.<\/p>\n","protected":false},"excerpt":{"rendered":"<p>\u00bfQu\u00e9 son las cookies? Una cookie es un fichero que se descarga en su ordenador cuando accedemos a determinados sitios web. Estas permiten, entre otras cosas, almacenar y recuperar informaci\u00f3n sobre los h\u00e1bitos de navegaci\u00f3n de un usuario o de su equipo y, dependiendo de esta informaci\u00f3n que almacene y de la forma en que [&hellip;]<\/p>\n","protected":false},"author":4,"featured_media":5487,"parent":0,"menu_order":0,"comment_status":"closed","ping_status":"closed","template":"","meta":{"content-type":"","_uag_custom_page_level_css":"","site-sidebar-layout":"default","site-content-layout":"content-boxed-container","ast-site-content-layout":"","site-content-style":"default","site-sidebar-style":"default","ast-global-header-display":"","ast-banner-title-visibility":"","ast-main-header-display":"","ast-hfb-above-header-display":"","ast-hfb-below-header-display":"","ast-hfb-mobile-header-display":"","site-post-title":"","ast-breadcrumbs-content":"","ast-featured-img":"disabled","footer-sml-layout":"","theme-transparent-header-meta":"default","adv-header-id-meta":"","stick-header-meta":"","header-above-stick-meta":"","header-main-stick-meta":"","header-below-stick-meta":"","astra-migrate-meta-layouts":"default","ast-page-background-enabled":"default","ast-page-background-meta":{"desktop":{"background-color":"","background-image":"","background-repeat":"repeat","background-position":"center center","background-size":"auto","background-attachment":"scroll","background-type":"","background-media":"","overlay-type":"","overlay-color":"","overlay-opacity":"","overlay-gradient":""},"tablet":{"background-color":"","background-image":"","background-repeat":"repeat","background-position":"center center","background-size":"auto","background-attachment":"scroll","background-type":"","background-media":"","overlay-type":"","overlay-color":"","overlay-opacity":"","overlay-gradient":""},"mobile":{"background-color":"","background-image":"","background-repeat":"repeat","background-position":"center center","background-size":"auto","background-attachment":"scroll","background-type":"","background-media":"","overlay-type":"","overlay-color":"","overlay-opacity":"","overlay-gradient":""}},"ast-content-background-meta":{"desktop":{"background-color":"var(--ast-global-color-5)","background-image":"","background-repeat":"repeat","background-position":"center center","background-size":"auto","background-attachment":"scroll","background-type":"","background-media":"","overlay-type":"","overlay-color":"","overlay-opacity":"","overlay-gradient":""},"tablet":{"background-color":"var(--ast-global-color-5)","background-image":"","background-repeat":"repeat","background-position":"center center","background-size":"auto","background-attachment":"scroll","background-type":"","background-media":"","overlay-type":"","overlay-color":"","overlay-opacity":"","overlay-gradient":""},"mobile":{"background-color":"var(--ast-global-color-5)","background-image":"","background-repeat":"repeat","background-position":"center center","background-size":"auto","background-attachment":"scroll","background-type":"","background-media":"","overlay-type":"","overlay-color":"","overlay-opacity":"","overlay-gradient":""}},"footnotes":""},"class_list":["post-5676","page","type-page","status-publish","has-post-thumbnail","hentry"],"uagb_featured_image_src":{"full":["https:\/\/potetourstransferpuntacana.com\/wp-content\/uploads\/2021\/05\/Fondo-Avion-Volando-Pagina-Principal-1920x800px-Stayhappyrd-3-2.jpg",1920,800,false],"thumbnail":["https:\/\/potetourstransferpuntacana.com\/wp-content\/uploads\/2021\/05\/Fondo-Avion-Volando-Pagina-Principal-1920x800px-Stayhappyrd-3-2.jpg",128,53,false],"medium":["https:\/\/potetourstransferpuntacana.com\/wp-content\/uploads\/2021\/05\/Fondo-Avion-Volando-Pagina-Principal-1920x800px-Stayhappyrd-3-2.jpg",1920,800,false],"medium_large":["https:\/\/potetourstransferpuntacana.com\/wp-content\/uploads\/2021\/05\/Fondo-Avion-Volando-Pagina-Principal-1920x800px-Stayhappyrd-3-2-768x320.jpg",768,320,true],"large":["https:\/\/potetourstransferpuntacana.com\/wp-content\/uploads\/2021\/05\/Fondo-Avion-Volando-Pagina-Principal-1920x800px-Stayhappyrd-3-2.jpg",1920,800,false],"1536x1536":["https:\/\/potetourstransferpuntacana.com\/wp-content\/uploads\/2021\/05\/Fondo-Avion-Volando-Pagina-Principal-1920x800px-Stayhappyrd-3-2-1536x640.jpg",1536,640,true],"2048x2048":["https:\/\/potetourstransferpuntacana.com\/wp-content\/uploads\/2021\/05\/Fondo-Avion-Volando-Pagina-Principal-1920x800px-Stayhappyrd-3-2.jpg",1920,800,false],"thumb_150x160":["https:\/\/potetourstransferpuntacana.com\/wp-content\/uploads\/2021\/05\/Fondo-Avion-Volando-Pagina-Principal-1920x800px-Stayhappyrd-3-2-150x160.jpg",150,160,true],"thumb_100x150":["https:\/\/potetourstransferpuntacana.com\/wp-content\/uploads\/2021\/05\/Fondo-Avion-Volando-Pagina-Principal-1920x800px-Stayhappyrd-3-2-100x150.jpg",100,150,true],"wethumb_204x153":["https:\/\/potetourstransferpuntacana.com\/wp-content\/uploads\/2021\/05\/Fondo-Avion-Volando-Pagina-Principal-1920x800px-Stayhappyrd-3-2-204x153.jpg",204,153,true],"wethumb_460x307":["https:\/\/potetourstransferpuntacana.com\/wp-content\/uploads\/2021\/05\/Fondo-Avion-Volando-Pagina-Principal-1920x800px-Stayhappyrd-3-2-460x307.jpg",460,307,true],"wethumb_85x85":["https:\/\/potetourstransferpuntacana.com\/wp-content\/uploads\/2021\/05\/Fondo-Avion-Volando-Pagina-Principal-1920x800px-Stayhappyrd-3-2-85x85.jpg",85,85,true],"woocommerce_thumbnail":["https:\/\/potetourstransferpuntacana.com\/wp-content\/uploads\/2021\/05\/Fondo-Avion-Volando-Pagina-Principal-1920x800px-Stayhappyrd-3-2-300x300.jpg",300,300,true],"woocommerce_single":["https:\/\/potetourstransferpuntacana.com\/wp-content\/uploads\/2021\/05\/Fondo-Avion-Volando-Pagina-Principal-1920x800px-Stayhappyrd-3-2-600x250.jpg",600,250,true],"woocommerce_gallery_thumbnail":["https:\/\/potetourstransferpuntacana.com\/wp-content\/uploads\/2021\/05\/Fondo-Avion-Volando-Pagina-Principal-1920x800px-Stayhappyrd-3-2-100x100.jpg",100,100,true]},"uagb_author_info":{"display_name":"KELYN MEJIA","author_link":"https:\/\/potetourstransferpuntacana.com\/?author=4"},"uagb_comment_info":0,"uagb_excerpt":"\u00bfQu\u00e9 son las cookies? Una cookie es un fichero que se descarga en su ordenador cuando accedemos a determinados sitios web. Estas permiten, entre otras cosas, almacenar y recuperar informaci\u00f3n sobre los h\u00e1bitos de navegaci\u00f3n de un usuario o de su equipo y, dependiendo de esta informaci\u00f3n que almacene y de la forma en que&hellip;","_links":{"self":[{"href":"https:\/\/potetourstransferpuntacana.com\/index.php?rest_route=\/wp\/v2\/pages\/5676","targetHints":{"allow":["GET"]}}],"collection":[{"href":"https:\/\/potetourstransferpuntacana.com\/index.php?rest_route=\/wp\/v2\/pages"}],"about":[{"href":"https:\/\/potetourstransferpuntacana.com\/index.php?rest_route=\/wp\/v2\/types\/page"}],"author":[{"embeddable":true,"href":"https:\/\/potetourstransferpuntacana.com\/index.php?rest_route=\/wp\/v2\/users\/4"}],"replies":[{"embeddable":true,"href":"https:\/\/potetourstransferpuntacana.com\/index.php?rest_route=%2Fwp%2Fv2%2Fcomments&post=5676"}],"version-history":[{"count":2,"href":"https:\/\/potetourstransferpuntacana.com\/index.php?rest_route=\/wp\/v2\/pages\/5676\/revisions"}],"predecessor-version":[{"id":6358,"href":"https:\/\/potetourstransferpuntacana.com\/index.php?rest_route=\/wp\/v2\/pages\/5676\/revisions\/6358"}],"wp:featuredmedia":[{"embeddable":true,"href":"https:\/\/potetourstransferpuntacana.com\/index.php?rest_route=\/wp\/v2\/media\/5487"}],"wp:attachment":[{"href":"https:\/\/potetourstransferpuntacana.com\/index.php?rest_route=%2Fwp%2Fv2%2Fmedia&parent=5676"}],"curies":[{"name":"wp","href":"https:\/\/api.w.org\/{rel}","templated":true}]}}