{"id":4791,"date":"2021-05-14T06:53:22","date_gmt":"2021-05-14T06:53:22","guid":{"rendered":"https:\/\/potetourstransferpuntacana.com\/?page_id=4791"},"modified":"2023-02-10T01:57:15","modified_gmt":"2023-02-10T05:57:15","slug":"reservacion-de-villas","status":"publish","type":"page","link":"https:\/\/potetourstransferpuntacana.com\/?page_id=4791","title":{"rendered":"Reservaci\u00f3n de Villas"},"content":{"rendered":"\n<div class=\"wp-block-cover alignfull has-parallax\" style=\"min-height:350px;aspect-ratio:unset;\"><span aria-hidden=\"true\" class=\"wp-block-cover__background has-background-dim-60 has-background-dim\" style=\"background-color:#0f97f2\"><\/span><div role=\"img\" class=\"wp-block-cover__image-background wp-image-5148 has-parallax\" style=\"background-position:50% 50%;background-image:url(https:\/\/potetourstransferpuntacana.com\/wp-content\/uploads\/2021\/05\/Villas-Reservacion-Header-Titulos-2000x749px-Stay-Happy-2.jpg)\"><\/div><div class=\"wp-block-cover__inner-container is-layout-flow wp-block-cover-is-layout-flow\">\n<h1 class=\"alignfull has-text-align-center has-white-color has-text-color wp-block-heading\">Reservaci\u00f3n de Villas<\/h1>\n<\/div><\/div>\n\n\n\n<div style=\"height:40px\" aria-hidden=\"true\" class=\"wp-block-spacer\"><\/div>\n\n\n<div class=\"gb-container gb-container-a3193891 alignfull\"><div class=\"gb-inside-container\">\n\n<div class=\"wp-block-media-text is-stacked-on-mobile is-vertically-aligned-center alignwide\" style=\"grid-template-columns:44% auto\"><figure class=\"wp-block-media-text__media\"><img loading=\"lazy\" decoding=\"async\" width=\"1024\" height=\"683\" src=\"https:\/\/potetourstransferpuntacana.com\/wp-content\/uploads\/2021\/05\/Villa-con-Piscina-1-Reservacion-de-Villas-1024x683-Stayhappyrd.jpg\" alt=\"Villa con Piscina - 1 - Reservaci\u00f3n de Villas - Stayhappyrd.com\" class=\"wp-image-5373 size-full\" srcset=\"https:\/\/potetourstransferpuntacana.com\/wp-content\/uploads\/2021\/05\/Villa-con-Piscina-1-Reservacion-de-Villas-1024x683-Stayhappyrd.jpg 1024w, https:\/\/potetourstransferpuntacana.com\/wp-content\/uploads\/2021\/05\/Villa-con-Piscina-1-Reservacion-de-Villas-1024x683-Stayhappyrd-768x512.jpg 768w, https:\/\/potetourstransferpuntacana.com\/wp-content\/uploads\/2021\/05\/Villa-con-Piscina-1-Reservacion-de-Villas-1024x683-Stayhappyrd-460x307.jpg 460w, https:\/\/potetourstransferpuntacana.com\/wp-content\/uploads\/2021\/05\/Villa-con-Piscina-1-Reservacion-de-Villas-1024x683-Stayhappyrd-600x400.jpg 600w\" sizes=\"auto, (max-width: 1024px) 100vw, 1024px\" \/><\/figure><div class=\"wp-block-media-text__content\">\n<h2 class=\"wp-block-heading\"><strong>Pensamos en tu comodidad!<\/strong><\/h2>\n\n\n\n<p><strong>Incre\u00edbles&nbsp;Villas<\/strong><strong>&nbsp;de lujo en Alquiler para disfrutar unas vacaciones de ensue\u00f1o en Rep\u00fablica Dominicana.<\/strong><\/p>\n\n\n\n<p>Las villas privadas de lujo se encuentran a lo largo del sensacional territorio de la Republica Dominicana; Lugares y puntos Tur\u00edsticos con vista al mar y paisajes impresionantes.<\/p>\n<\/div><\/div>\n\n<\/div><\/div>\n\n\n<div style=\"height:50px\" aria-hidden=\"true\" class=\"wp-block-spacer\"><\/div>\n\n\n\n<div class=\"wp-block-cover alignfull is-light has-parallax\" style=\"min-height:850px;aspect-ratio:unset;\"><span aria-hidden=\"true\" class=\"wp-block-cover__background has-background-dim\"><\/span><div role=\"img\" class=\"wp-block-cover__image-background wp-image-5376 has-parallax\" style=\"background-position:50% 50%;background-image:url(https:\/\/potetourstransferpuntacana.com\/wp-content\/uploads\/2021\/05\/Villa-con-Piscina-2-Reservacion-de-Villas-1920x1080px-Stayhappyrd.jpg)\"><\/div><div class=\"wp-block-cover__inner-container is-layout-flow wp-block-cover-is-layout-flow\"><div class=\"gb-container gb-container-02667177\"><div class=\"gb-inside-container\">\n\n<div class=\"wp-block-media-text alignwide has-media-on-the-right is-stacked-on-mobile has-black-color has-white-background-color has-text-color has-background\"><div class=\"wp-block-media-text__content\">\n<p><strong>Tenemos villas en alquiler de todas las categor\u00edas:<\/strong> 2 &#8211; 4 habitaciones, con y sin piscina, y para el n\u00famero de personas que desee.<\/p>\n\n\n\n<p><strong>Las localidades m\u00e1s frecuentadas:<\/strong> Las Terrenas, Punta Cana, Puerto Plata, Jarabacoa, La Romana Casa de Campo.<\/p>\n<\/div><figure class=\"wp-block-media-text__media\"><img loading=\"lazy\" decoding=\"async\" width=\"1024\" height=\"683\" src=\"https:\/\/potetourstransferpuntacana.com\/wp-content\/uploads\/2021\/05\/Villa-con-Piscina-4-Reservacion-de-Villas-1024x683-Stayhappyrd.jpg\" alt=\"Villa con Piscina - 4 - Reservaci\u00f3n de Villas - Stayhappyrd.com\" class=\"wp-image-5379 size-full\" srcset=\"https:\/\/potetourstransferpuntacana.com\/wp-content\/uploads\/2021\/05\/Villa-con-Piscina-4-Reservacion-de-Villas-1024x683-Stayhappyrd.jpg 1024w, https:\/\/potetourstransferpuntacana.com\/wp-content\/uploads\/2021\/05\/Villa-con-Piscina-4-Reservacion-de-Villas-1024x683-Stayhappyrd-768x512.jpg 768w, https:\/\/potetourstransferpuntacana.com\/wp-content\/uploads\/2021\/05\/Villa-con-Piscina-4-Reservacion-de-Villas-1024x683-Stayhappyrd-460x307.jpg 460w, https:\/\/potetourstransferpuntacana.com\/wp-content\/uploads\/2021\/05\/Villa-con-Piscina-4-Reservacion-de-Villas-1024x683-Stayhappyrd-600x400.jpg 600w\" sizes=\"auto, (max-width: 1024px) 100vw, 1024px\" \/><\/figure><\/div>\n\n\n\n<div style=\"height:25px\" aria-hidden=\"true\" class=\"wp-block-spacer\"><\/div>\n\n\n\n<div class=\"wp-block-columns is-layout-flex wp-container-core-columns-is-layout-1 wp-block-columns-is-layout-flex\">\n<div class=\"wp-block-column is-layout-flow wp-block-column-is-layout-flow\">\n<figure class=\"wp-block-image size-large\"><img loading=\"lazy\" decoding=\"async\" width=\"1024\" height=\"683\" src=\"https:\/\/potetourstransferpuntacana.com\/wp-content\/uploads\/2021\/05\/Villa-con-Piscina-3-Reservacion-de-Villas-1024x683-Stayhappyrd.jpg\" alt=\"\" class=\"wp-image-5385\" srcset=\"https:\/\/potetourstransferpuntacana.com\/wp-content\/uploads\/2021\/05\/Villa-con-Piscina-3-Reservacion-de-Villas-1024x683-Stayhappyrd.jpg 1024w, https:\/\/potetourstransferpuntacana.com\/wp-content\/uploads\/2021\/05\/Villa-con-Piscina-3-Reservacion-de-Villas-1024x683-Stayhappyrd-768x512.jpg 768w, https:\/\/potetourstransferpuntacana.com\/wp-content\/uploads\/2021\/05\/Villa-con-Piscina-3-Reservacion-de-Villas-1024x683-Stayhappyrd-460x307.jpg 460w, https:\/\/potetourstransferpuntacana.com\/wp-content\/uploads\/2021\/05\/Villa-con-Piscina-3-Reservacion-de-Villas-1024x683-Stayhappyrd-600x400.jpg 600w\" sizes=\"auto, (max-width: 1024px) 100vw, 1024px\" \/><\/figure>\n<\/div>\n\n\n\n<div class=\"wp-block-column is-layout-flow wp-block-column-is-layout-flow\">\n<figure class=\"wp-block-image size-large\"><img loading=\"lazy\" decoding=\"async\" width=\"1024\" height=\"683\" src=\"https:\/\/potetourstransferpuntacana.com\/wp-content\/uploads\/2021\/05\/Villa-con-Piscina-5-Reservacion-de-Villas-1024x683-Stayhappyrd.jpg\" alt=\"\" class=\"wp-image-5386\" srcset=\"https:\/\/potetourstransferpuntacana.com\/wp-content\/uploads\/2021\/05\/Villa-con-Piscina-5-Reservacion-de-Villas-1024x683-Stayhappyrd.jpg 1024w, https:\/\/potetourstransferpuntacana.com\/wp-content\/uploads\/2021\/05\/Villa-con-Piscina-5-Reservacion-de-Villas-1024x683-Stayhappyrd-768x512.jpg 768w, https:\/\/potetourstransferpuntacana.com\/wp-content\/uploads\/2021\/05\/Villa-con-Piscina-5-Reservacion-de-Villas-1024x683-Stayhappyrd-460x307.jpg 460w, https:\/\/potetourstransferpuntacana.com\/wp-content\/uploads\/2021\/05\/Villa-con-Piscina-5-Reservacion-de-Villas-1024x683-Stayhappyrd-600x400.jpg 600w\" sizes=\"auto, (max-width: 1024px) 100vw, 1024px\" \/><\/figure>\n<\/div>\n\n\n\n<div class=\"wp-block-column is-layout-flow wp-block-column-is-layout-flow\">\n<figure class=\"wp-block-image size-large\"><img loading=\"lazy\" decoding=\"async\" width=\"1024\" height=\"683\" src=\"https:\/\/potetourstransferpuntacana.com\/wp-content\/uploads\/2021\/05\/Villa-con-Piscina-2-2-Reservacion-de-Villas-1024x683-Stayhappyrd.jpg\" alt=\"Villa con Piscina - 2 - 2 - Reservaci\u00f3n de Villas - Stayhappyrd.com\" class=\"wp-image-5387\" srcset=\"https:\/\/potetourstransferpuntacana.com\/wp-content\/uploads\/2021\/05\/Villa-con-Piscina-2-2-Reservacion-de-Villas-1024x683-Stayhappyrd.jpg 1024w, https:\/\/potetourstransferpuntacana.com\/wp-content\/uploads\/2021\/05\/Villa-con-Piscina-2-2-Reservacion-de-Villas-1024x683-Stayhappyrd-768x512.jpg 768w, https:\/\/potetourstransferpuntacana.com\/wp-content\/uploads\/2021\/05\/Villa-con-Piscina-2-2-Reservacion-de-Villas-1024x683-Stayhappyrd-460x307.jpg 460w, https:\/\/potetourstransferpuntacana.com\/wp-content\/uploads\/2021\/05\/Villa-con-Piscina-2-2-Reservacion-de-Villas-1024x683-Stayhappyrd-600x400.jpg 600w\" sizes=\"auto, (max-width: 1024px) 100vw, 1024px\" \/><\/figure>\n<\/div>\n<\/div>\n\n<\/div><\/div><\/div><\/div>\n\n\n\n<div style=\"height:100px\" aria-hidden=\"true\" class=\"wp-block-spacer\"><\/div>\n\n\n\n<h2 class=\"has-text-align-center wp-block-heading\"><strong><mark style=\"background-color:rgba(0, 0, 0, 0);color:#0f97f2\" class=\"has-inline-color\">Ven y disfruta<\/mark> de una grata acomodaci\u00f3n para t\u00ed,<\/strong><br><strong>tus familiares y amigos.<\/strong><\/h2>\n\n\n\n<div style=\"height:50px\" aria-hidden=\"true\" class=\"wp-block-spacer\"><\/div>\n\n\n<div class=\"gb-container gb-container-00cf4e5d\"><div class=\"gb-inside-container\">\n\n<p><mark style=\"background-color:rgba(0, 0, 0, 0)\" class=\"has-inline-color has-ast-global-color-0-color\">* Todos los campos marcados con asterisco son obligatorios.<\/mark><\/p>\n\n\n\n<div class=\"wp-block-contact-form-7-contact-form-selector\">\n<div class=\"wpcf7 no-js\" id=\"wpcf7-f5409-o1\" lang=\"es-ES\" dir=\"ltr\">\n<div class=\"screen-reader-response\"><p role=\"status\" aria-live=\"polite\" aria-atomic=\"true\"><\/p> <ul><\/ul><\/div>\n<form action=\"\/index.php?rest_route=%2Fwp%2Fv2%2Fpages%2F4791#wpcf7-f5409-o1\" method=\"post\" class=\"wpcf7-form init\" aria-label=\"Formulario de contacto\" novalidate=\"novalidate\" data-status=\"init\">\n<div style=\"display: none;\">\n<input type=\"hidden\" name=\"_wpcf7\" value=\"5409\" \/>\n<input type=\"hidden\" name=\"_wpcf7_version\" value=\"5.9.8\" \/>\n<input type=\"hidden\" name=\"_wpcf7_locale\" value=\"es_ES\" \/>\n<input type=\"hidden\" name=\"_wpcf7_unit_tag\" value=\"wpcf7-f5409-o1\" \/>\n<input type=\"hidden\" name=\"_wpcf7_container_post\" value=\"0\" \/>\n<input type=\"hidden\" name=\"_wpcf7_posted_data_hash\" value=\"\" \/>\n<input type=\"hidden\" name=\"_wpcf7cf_hidden_group_fields\" value=\"[]\" \/>\n<input type=\"hidden\" name=\"_wpcf7cf_hidden_groups\" value=\"[]\" \/>\n<input type=\"hidden\" name=\"_wpcf7cf_visible_groups\" value=\"[]\" \/>\n<input type=\"hidden\" name=\"_wpcf7cf_repeaters\" value=\"[]\" \/>\n<input type=\"hidden\" name=\"_wpcf7cf_steps\" value=\"{}\" \/>\n<input type=\"hidden\" name=\"_wpcf7cf_options\" value=\"{&quot;form_id&quot;:5409,&quot;conditions&quot;:[],&quot;settings&quot;:{&quot;animation&quot;:&quot;yes&quot;,&quot;animation_intime&quot;:200,&quot;animation_outtime&quot;:200,&quot;conditions_ui&quot;:&quot;normal&quot;,&quot;notice_dismissed&quot;:false}}\" \/>\n<input type=\"hidden\" name=\"_wpcf7_recaptcha_response\" value=\"\" \/>\n<\/div>\n<p><label> <strong>Nombre <span style=\"color:#df0000;\">*<\/span><\/strong><br \/>\n<span class=\"wpcf7-form-control-wrap\" data-name=\"nombre\"><input size=\"40\" maxlength=\"400\" class=\"wpcf7-form-control wpcf7-text wpcf7-validates-as-required\" aria-required=\"true\" aria-invalid=\"false\" value=\"\" type=\"text\" name=\"nombre\" \/><\/span> <\/label>\n<\/p>\n<p><label> <strong>Apellidos <span style=\"color:#df0000;\">*<\/span><\/strong><br \/>\n<span class=\"wpcf7-form-control-wrap\" data-name=\"apellidos\"><input size=\"40\" maxlength=\"400\" class=\"wpcf7-form-control wpcf7-text wpcf7-validates-as-required\" aria-required=\"true\" aria-invalid=\"false\" value=\"\" type=\"text\" name=\"apellidos\" \/><\/span> <\/label>\n<\/p>\n<p><label> <strong>Correo Electr\u00f3nico <span style=\"color:#df0000;\">*<\/span><\/strong><br \/>\n<span class=\"wpcf7-form-control-wrap\" data-name=\"email\"><input size=\"40\" maxlength=\"400\" class=\"wpcf7-form-control wpcf7-email wpcf7-validates-as-required wpcf7-text wpcf7-validates-as-email\" aria-required=\"true\" aria-invalid=\"false\" value=\"\" type=\"email\" name=\"email\" \/><\/span> <\/label>\n<\/p>\n<p><label> <strong>Movil \/ Celular <span style=\"color:#df0000;\">*<\/span><\/strong><br \/>\n<span class=\"wpcf7-form-control-wrap\" data-name=\"movil\"><input size=\"40\" maxlength=\"400\" class=\"wpcf7-form-control wpcf7-tel wpcf7-validates-as-required wpcf7-text wpcf7-validates-as-tel\" aria-required=\"true\" aria-invalid=\"false\" value=\"\" type=\"tel\" name=\"movil\" \/><\/span><\/label>\n<\/p>\n<p><label> <strong>Tel\u00e9fono<\/strong><br \/>\n<span class=\"wpcf7-form-control-wrap\" data-name=\"telefono\"><input size=\"40\" maxlength=\"400\" class=\"wpcf7-form-control wpcf7-tel wpcf7-text wpcf7-validates-as-tel\" aria-invalid=\"false\" value=\"\" type=\"tel\" name=\"telefono\" \/><\/span><\/label>\n<\/p>\n<p><label> <strong>Nacionalidad <span style=\"color:#df0000;\">*<\/span><\/strong><br \/>\n<span class=\"wpcf7-form-control-wrap\" data-name=\"nacionalidad\"><input size=\"40\" maxlength=\"400\" class=\"wpcf7-form-control wpcf7-text wpcf7-validates-as-required\" aria-required=\"true\" aria-invalid=\"false\" value=\"\" type=\"text\" name=\"nacionalidad\" \/><\/span> <\/label>\n<\/p>\n<p><label> <strong>Categor\u00eda de Villa <span style=\"color:#df0000;\">*<\/span><\/strong><br \/>\n<span class=\"wpcf7-form-control-wrap\" data-name=\"categoriaVilla\"><input size=\"40\" maxlength=\"400\" class=\"wpcf7-form-control wpcf7-text wpcf7-validates-as-required\" aria-required=\"true\" aria-invalid=\"false\" value=\"\" type=\"text\" name=\"categoriaVilla\" \/><\/span> <\/label>\n<\/p>\n<p><label> <strong>Numero de Habitaciones <span style=\"color:#df0000;\">*<\/span><\/strong><br \/>\n<span class=\"wpcf7-form-control-wrap\" data-name=\"numHabitaciones\"><input class=\"wpcf7-form-control wpcf7-number wpcf7-validates-as-required wpcf7-validates-as-number\" aria-required=\"true\" aria-invalid=\"false\" value=\"\" type=\"number\" name=\"numHabitaciones\" \/><\/span> <\/label>\n<\/p>\n<p><label> <strong>Cantidad de Personas <span style=\"color:#df0000;\">*<\/span><\/strong><br \/>\n<span class=\"wpcf7-form-control-wrap\" data-name=\"cantidadPersonas\"><input class=\"wpcf7-form-control wpcf7-number wpcf7-validates-as-required wpcf7-validates-as-number\" aria-required=\"true\" aria-invalid=\"false\" value=\"\" type=\"number\" name=\"cantidadPersonas\" \/><\/span> <\/label>\n<\/p>\n<p><strong>Piscina <span style=\"color:#df0000;\">*<\/span><\/strong><br \/>\n<span class=\"wpcf7-form-control-wrap\" data-name=\"piscinan\"><span class=\"wpcf7-form-control wpcf7-radio\"><span class=\"wpcf7-list-item first\"><label><input type=\"radio\" name=\"piscinan\" value=\"Si\" checked=\"checked\" \/><span class=\"wpcf7-list-item-label\">Si<\/span><\/label><\/span><span class=\"wpcf7-list-item last\"><label><input type=\"radio\" name=\"piscinan\" value=\"No\" \/><span class=\"wpcf7-list-item-label\">No<\/span><\/label><\/span><\/span><\/span>\n<\/p>\n<p><label> <strong>Localidad de la Villa (Dentro del Pais) <span style=\"color:#df0000;\">*<\/span><\/strong><br \/>\n<span class=\"wpcf7-form-control-wrap\" data-name=\"localidadVilla\"><input size=\"40\" maxlength=\"400\" class=\"wpcf7-form-control wpcf7-text wpcf7-validates-as-required\" aria-required=\"true\" aria-invalid=\"false\" value=\"\" type=\"text\" name=\"localidadVilla\" \/><\/span> <\/label>\n<\/p>\n<p><input class=\"wpcf7-form-control wpcf7-submit has-spinner\" type=\"submit\" value=\"Enviar\" \/>\n<\/p><div class=\"wpcf7-response-output\" aria-hidden=\"true\"><\/div>\n<\/form>\n<\/div>\n<\/div>\n\n<\/div><\/div>\n\n\n<div style=\"height:100px\" aria-hidden=\"true\" class=\"wp-block-spacer\"><\/div>\n","protected":false},"excerpt":{"rendered":"<p>Pensamos en tu comodidad! Incre\u00edbles&nbsp;Villas&nbsp;de lujo en Alquiler para disfrutar unas vacaciones de ensue\u00f1o en Rep\u00fablica Dominicana. Las villas privadas de lujo se encuentran a lo largo del sensacional territorio de la Republica Dominicana; Lugares y puntos Tur\u00edsticos con vista al mar y paisajes impresionantes. Ven y disfruta de una grata acomodaci\u00f3n para t\u00ed,tus familiares [&hellip;]<\/p>\n","protected":false},"author":4,"featured_media":0,"parent":0,"menu_order":0,"comment_status":"closed","ping_status":"closed","template":"","meta":{"content-type":"","_uag_custom_page_level_css":"","site-sidebar-layout":"no-sidebar","site-content-layout":"plain-container","ast-site-content-layout":"","site-content-style":"default","site-sidebar-style":"default","ast-global-header-display":"","ast-banner-title-visibility":"","ast-main-header-display":"","ast-hfb-above-header-display":"","ast-hfb-below-header-display":"","ast-hfb-mobile-header-display":"","site-post-title":"disabled","ast-breadcrumbs-content":"","ast-featured-img":"","footer-sml-layout":"","theme-transparent-header-meta":"disabled","adv-header-id-meta":"","stick-header-meta":"","header-above-stick-meta":"","header-main-stick-meta":"","header-below-stick-meta":"","astra-migrate-meta-layouts":"default","ast-page-background-enabled":"default","ast-page-background-meta":{"desktop":{"background-color":"","background-image":"","background-repeat":"repeat","background-position":"center center","background-size":"auto","background-attachment":"scroll","background-type":"","background-media":"","overlay-type":"","overlay-color":"","overlay-opacity":"","overlay-gradient":""},"tablet":{"background-color":"","background-image":"","background-repeat":"repeat","background-position":"center center","background-size":"auto","background-attachment":"scroll","background-type":"","background-media":"","overlay-type":"","overlay-color":"","overlay-opacity":"","overlay-gradient":""},"mobile":{"background-color":"","background-image":"","background-repeat":"repeat","background-position":"center center","background-size":"auto","background-attachment":"scroll","background-type":"","background-media":"","overlay-type":"","overlay-color":"","overlay-opacity":"","overlay-gradient":""}},"ast-content-background-meta":{"desktop":{"background-color":"var(--ast-global-color-5)","background-image":"","background-repeat":"repeat","background-position":"center center","background-size":"auto","background-attachment":"scroll","background-type":"","background-media":"","overlay-type":"","overlay-color":"","overlay-opacity":"","overlay-gradient":""},"tablet":{"background-color":"var(--ast-global-color-5)","background-image":"","background-repeat":"repeat","background-position":"center center","background-size":"auto","background-attachment":"scroll","background-type":"","background-media":"","overlay-type":"","overlay-color":"","overlay-opacity":"","overlay-gradient":""},"mobile":{"background-color":"var(--ast-global-color-5)","background-image":"","background-repeat":"repeat","background-position":"center center","background-size":"auto","background-attachment":"scroll","background-type":"","background-media":"","overlay-type":"","overlay-color":"","overlay-opacity":"","overlay-gradient":""}},"footnotes":""},"class_list":["post-4791","page","type-page","status-publish","hentry"],"uagb_featured_image_src":{"full":false,"thumbnail":false,"medium":false,"medium_large":false,"large":false,"1536x1536":false,"2048x2048":false,"thumb_150x160":false,"thumb_100x150":false,"wethumb_204x153":false,"wethumb_460x307":false,"wethumb_85x85":false,"woocommerce_thumbnail":false,"woocommerce_single":false,"woocommerce_gallery_thumbnail":false},"uagb_author_info":{"display_name":"KELYN MEJIA","author_link":"https:\/\/potetourstransferpuntacana.com\/?author=4"},"uagb_comment_info":0,"uagb_excerpt":"Pensamos en tu comodidad! Incre\u00edbles&nbsp;Villas&nbsp;de lujo en Alquiler para disfrutar unas vacaciones de ensue\u00f1o en Rep\u00fablica Dominicana. Las villas privadas de lujo se encuentran a lo largo del sensacional territorio de la Republica Dominicana; Lugares y puntos Tur\u00edsticos con vista al mar y paisajes impresionantes. Ven y disfruta de una grata acomodaci\u00f3n para t\u00ed,tus familiares&hellip;","_links":{"self":[{"href":"https:\/\/potetourstransferpuntacana.com\/index.php?rest_route=\/wp\/v2\/pages\/4791","targetHints":{"allow":["GET"]}}],"collection":[{"href":"https:\/\/potetourstransferpuntacana.com\/index.php?rest_route=\/wp\/v2\/pages"}],"about":[{"href":"https:\/\/potetourstransferpuntacana.com\/index.php?rest_route=\/wp\/v2\/types\/page"}],"author":[{"embeddable":true,"href":"https:\/\/potetourstransferpuntacana.com\/index.php?rest_route=\/wp\/v2\/users\/4"}],"replies":[{"embeddable":true,"href":"https:\/\/potetourstransferpuntacana.com\/index.php?rest_route=%2Fwp%2Fv2%2Fcomments&post=4791"}],"version-history":[{"count":4,"href":"https:\/\/potetourstransferpuntacana.com\/index.php?rest_route=\/wp\/v2\/pages\/4791\/revisions"}],"predecessor-version":[{"id":6312,"href":"https:\/\/potetourstransferpuntacana.com\/index.php?rest_route=\/wp\/v2\/pages\/4791\/revisions\/6312"}],"wp:attachment":[{"href":"https:\/\/potetourstransferpuntacana.com\/index.php?rest_route=%2Fwp%2Fv2%2Fmedia&parent=4791"}],"curies":[{"name":"wp","href":"https:\/\/api.w.org\/{rel}","templated":true}]}}