{"id":4310,"date":"2021-03-25T15:47:00","date_gmt":"2021-03-25T15:47:00","guid":{"rendered":"https:\/\/potetourstransferpuntacana.com\/?page_id=4310"},"modified":"2021-07-07T03:13:31","modified_gmt":"2021-07-07T07:13:31","slug":"saona-y-bayahibe","status":"publish","type":"page","link":"https:\/\/potetourstransferpuntacana.com\/?page_id=4310","title":{"rendered":"Saona y Bayah\u00edbe"},"content":{"rendered":"\n<div class=\"wp-block-cover alignfull has-background-dim-70 has-background-dim has-parallax\" style=\"background-image:url(https:\/\/potetourstransferpuntacana.com\/wp-content\/uploads\/2021\/05\/Sahona-y-Bayahibe-Categoria-Excusiones-Tours-Header-Titulos-2000x749px-Stay-Happy-3.jpg);background-color:#df0000;min-height:277px;aspect-ratio:unset;\"><div class=\"wp-block-cover__inner-container is-layout-flow wp-block-cover-is-layout-flow\">\n<h1 class=\"alignfull has-text-align-center has-white-color has-text-color wp-block-heading\">EXCURSIONES EN SAONA Y BAYAHIBE<\/h1>\n<\/div><\/div>\n\n\n\n<div style=\"height:60px\" aria-hidden=\"true\" class=\"wp-block-spacer\"><\/div>\n\n\n<div class=\"gb-container gb-container-facacd74 alignfull\"><div class=\"gb-inside-container\">\n\t\t<div class=\"wt-grid-shortcode wt-grid-column-1 gr-\" id=\"grid-9601\">\r\n        \t<div class=\"ct-grid\">\r\n        \t<div class=\"grid-container\">\r\n\t\t\t<div class=\"item-post-n\">\r\n\t<figure class=\"ex-modern-blog\">\r\n\t\t<div class=\"image\">\r\n\t\t\t<a href=\"https:\/\/potetourstransferpuntacana.com\/?product=isla-saona-clasica\" class=\"link-more\">\r\n\t\t\t\t<img loading=\"lazy\" decoding=\"async\" width=\"460\" height=\"307\" src=\"https:\/\/potetourstransferpuntacana.com\/wp-content\/uploads\/2021\/03\/Katamaran-1-Saona-Clasica-Stay-Happy-RD-460x307.jpg\" class=\"attachment-wethumb_460x307 size-wethumb_460x307 wp-post-image\" alt=\"Baile en Katamaran - Saona Cl\u00e1sica - Stay Happy RD\" \/>            <\/a>\r\n            <div class=\"wt-location-arr\"><i class=\"fa fa-map-marker\"><\/i>Punta Cana<span>, <\/span>Saona y Bayah\u00edbe<\/div><span class=\"woocommerce-wt-onsale\">Sale!<\/span>\t\t<\/div>\r\n\t\t<div class=\"grid-content\">\r\n\t\t\t<figcaption>\r\n\t\t\t\t<h3><a href=\"https:\/\/potetourstransferpuntacana.com\/?product=isla-saona-clasica\" class=\"link-more\">Isla Saona Cl\u00e1sica<\/a><\/h3>\r\n\t\t\t\t<div class=\"wt-more-meta\">\r\n\t\t\t\t<span><i class=\"fa fa-shopping-basket\"><\/i><del aria-hidden=\"true\"><span class=\"woocommerce-Price-amount amount\"><bdi><span class=\"woocommerce-Price-currencySymbol\">&#36;<\/span>89<\/bdi><\/span><\/del> <ins><span class=\"woocommerce-Price-amount amount\"><bdi><span class=\"woocommerce-Price-currencySymbol\">&#36;<\/span>69<\/bdi><\/span><\/ins><\/span>\r\n\t\t\t<span>\r\n\t\t\t\t<i class=\"fa fa-clock-o\" aria-hidden=\"true\"><\/i>\r\n\t\t\t\t1 D\u00eda\r\n\t\t\t<\/span>\r\n\t\t\t<span>\r\n\t\t\t\t<i class=\"fa fa-paper-plane\" aria-hidden=\"true\"><\/i>\r\n\t\t\t\tIda y Vuelta\r\n\t\t\t<\/span>\t\t\t\t<\/div>\r\n\t\t\t\t<div class=\"grid-excerpt\">La isla forma parte del parque natural protegido llamado Parque Natural del Este. Por su incre\u00edble belleza natural, te aseguramos que quedaras impresionado ya sea en tierra, en el mar o bajo la superficie. \u00a1Te...<\/div>\r\n\t\t\t\t\t\t\t<\/figcaption>\r\n\t\t\t\t\t\t\t<div class=\"ex-social-share\"  id=\"ex-social-4295\">\r\n\t\t\t\t\t\t\t\t<ul class=\"wootour-social-share\">\r\n\t\t\t\t\t\t\t\t\t<li class=\"facebook\">\r\n\t\t\t\t\t\t<a class=\"trasition-all\" title=\"Share on Facebook\" href=\"#\" target=\"_blank\" rel=\"nofollow\" onclick=\"window.open('https:\/\/www.facebook.com\/sharer\/sharer.php?u='+'https%3A%2F%2Fpotetourstransferpuntacana.com%2F%3Fproduct%3Disla-saona-clasica','facebook-share-dialog','width=626,height=436');return false;\"><i class=\"fa fa-facebook\"><\/i>\r\n\t\t\t\t\t\t<\/a>\r\n\t\t\t\t\t<\/li>\r\n\t\t\t\t\t\t\t\t\t<li class=\"twitter\">\r\n\t\t\t\t\t\t<a class=\"trasition-all\" href=\"#\" title=\"Share on Twitter\" rel=\"nofollow\" target=\"_blank\" onclick=\"window.open('http:\/\/twitter.com\/share?text=Isla+Saona+Cl%C3%A1sica&amp;url=https%3A%2F%2Fpotetourstransferpuntacana.com%2F%3Fproduct%3Disla-saona-clasica','twitter-share-dialog','width=626,height=436');return false;\"><i class=\"fa fa-twitter\"><\/i>\r\n\t\t\t\t\t\t<\/a>\r\n\t\t\t\t\t<\/li>\r\n\t\t\t\t\t\t\t\t\t\t<li class=\"linkedin\">\r\n\t\t\t\t\t\t\t<a class=\"trasition-all\" href=\"#\" title=\"Share on LinkedIn\" rel=\"nofollow\" target=\"_blank\" onclick=\"window.open('http:\/\/www.linkedin.com\/shareArticle?mini=true&amp;url=https%3A%2F%2Fpotetourstransferpuntacana.com%2F%3Fproduct%3Disla-saona-clasica&amp;title=Isla+Saona+Cl%C3%A1sica&amp;source=POTE+TOURS+TRANSFER+PUNTA+CANA+I+the+best+place+in+punta+cana','linkedin-share-dialog','width=626,height=436');return false;\"><i class=\"fa fa-linkedin\"><\/i>\r\n\t\t\t\t\t\t\t<\/a>\r\n\t\t\t\t\t\t<\/li>\r\n\t\t\t\t\t\t\t\t\t<li class=\"tumblr\">\r\n\t\t\t\t\t   <a class=\"trasition-all\" href=\"#\" title=\"Share on Tumblr\" rel=\"nofollow\" target=\"_blank\" onclick=\"window.open('http:\/\/www.tumblr.com\/share\/link?url=https%3A%2F%2Fpotetourstransferpuntacana.com%2F%3Fproduct%3Disla-saona-clasica&amp;name=Isla+Saona+Cl%C3%A1sica','tumblr-share-dialog','width=626,height=436');return false;\"><i class=\"fa fa-tumblr\"><\/i>\r\n\t\t\t\t\t   <\/a>\r\n\t\t\t\t\t<\/li>\r\n\t\t\t\t\t\t\t\t\t <li class=\"pinterest\">\r\n\t\t\t\t\t\t<a class=\"trasition-all\" href=\"#\" title=\"Pin this\" rel=\"nofollow\" target=\"_blank\" onclick=\"window.open('\/\/pinterest.com\/pin\/create\/button\/?url=https%3A%2F%2Fpotetourstransferpuntacana.com%2F%3Fproduct%3Disla-saona-clasica&amp;media=https%3A%2F%2Fpotetourstransferpuntacana.com%2Fwp-content%2Fuploads%2F2021%2F03%2FKatamaran-1-Saona-Clasica-Stay-Happy-RD.jpg&amp;description=Isla+Saona+Cl%C3%A1sica','pin-share-dialog','width=626,height=436');return false;\"><i class=\"fa fa-pinterest\"><\/i>\r\n\t\t\t\t\t\t<\/a>\r\n\t\t\t\t\t <\/li>\r\n\t\t\t\t \t\t\t\t\t <li class=\"vk\">\r\n\t\t\t\t\t\t<a class=\"trasition-all\" href=\"#\" title=\"Share on VK\" rel=\"nofollow\" target=\"_blank\" onclick=\"window.open('\/\/vkontakte.ru\/share.php?url=https%3A%2F%2Fpotetourstransferpuntacana.com%2F%3Fproduct%3Disla-saona-clasica','vk-share-dialog','width=626,height=436');return false;\"><i class=\"fa fa-vk\"><\/i>\r\n\t\t\t\t\t\t<\/a>\r\n\t\t\t\t\t <\/li>\r\n\t\t\t\t \t\t\t\t\t<li class=\"email\">\r\n\t\t\t\t\t\t<a class=\"trasition-all\" href=\"mailto:?subject=Isla+Saona+Cl%C3%A1sica&amp;body=https%3A%2F%2Fpotetourstransferpuntacana.com%2F%3Fproduct%3Disla-saona-clasica\" title=\"Email this\"><i class=\"fa fa-envelope\"><\/i>\r\n\t\t\t\t\t\t<\/a>\r\n\t\t\t\t\t<\/li>\r\n\t\t\t\t\t\t\t\t\t<li class=\"whatsapp\">\r\n\t\t\t\t\t\t<a class=\"trasition-all\" href=\"https:\/\/wa.me\/?text=Isla+Saona+Cl%C3%A1sica%0Ahttps%3A%2F%2Fpotetourstransferpuntacana.com%2F%3Fproduct%3Disla-saona-clasica%0A\" title=\"Share on Whatsapp\"><i class=\"fa fa-whatsapp\"><\/i>\r\n\t\t\t\t\t\t<\/a>\r\n\t\t\t\t\t<\/li>\r\n\t\t\t\t\t\t\t<\/ul>\r\n\t\t\t\t\t\t\t<\/div>\r\n\t\t\t\t\t<\/div>\r\n\t<\/figure>    \r\n<\/div><div class=\"item-post-n\">\r\n\t<figure class=\"ex-modern-blog\">\r\n\t\t<div class=\"image\">\r\n\t\t\t<a href=\"https:\/\/potetourstransferpuntacana.com\/?product=excursion-isla-saona-vip\" class=\"link-more\">\r\n\t\t\t\t<img loading=\"lazy\" decoding=\"async\" width=\"460\" height=\"307\" src=\"https:\/\/potetourstransferpuntacana.com\/wp-content\/uploads\/2021\/05\/Estrella-de-Mar-2-Saona-VIP-1357x905px-Stay-Happy-RD-460x307.jpg\" class=\"attachment-wethumb_460x307 size-wethumb_460x307 wp-post-image\" alt=\"Pareja Besandose + Estrella de Mar en Piscina Natural - Saona VIP - Stay Happy RD\" srcset=\"https:\/\/potetourstransferpuntacana.com\/wp-content\/uploads\/2021\/05\/Estrella-de-Mar-2-Saona-VIP-1357x905px-Stay-Happy-RD-460x307.jpg 460w, https:\/\/potetourstransferpuntacana.com\/wp-content\/uploads\/2021\/05\/Estrella-de-Mar-2-Saona-VIP-1357x905px-Stay-Happy-RD-768x512.jpg 768w, https:\/\/potetourstransferpuntacana.com\/wp-content\/uploads\/2021\/05\/Estrella-de-Mar-2-Saona-VIP-1357x905px-Stay-Happy-RD-600x400.jpg 600w, https:\/\/potetourstransferpuntacana.com\/wp-content\/uploads\/2021\/05\/Estrella-de-Mar-2-Saona-VIP-1357x905px-Stay-Happy-RD.jpg 1357w\" sizes=\"auto, (max-width: 460px) 100vw, 460px\" \/>            <\/a>\r\n            <div class=\"wt-location-arr\"><i class=\"fa fa-map-marker\"><\/i>Punta Cana<span>, <\/span>Saona y Bayah\u00edbe<\/div><span class=\"woocommerce-wt-onsale\">Sale!<\/span>\t\t<\/div>\r\n\t\t<div class=\"grid-content\">\r\n\t\t\t<figcaption>\r\n\t\t\t\t<h3><a href=\"https:\/\/potetourstransferpuntacana.com\/?product=excursion-isla-saona-vip\" class=\"link-more\">Excursi\u00f3n Isla Saona VIP<\/a><\/h3>\r\n\t\t\t\t<div class=\"wt-more-meta\">\r\n\t\t\t\t<span><i class=\"fa fa-shopping-basket\"><\/i><del aria-hidden=\"true\"><span class=\"woocommerce-Price-amount amount\"><bdi><span class=\"woocommerce-Price-currencySymbol\">&#36;<\/span>115<\/bdi><\/span><\/del> <ins><span class=\"woocommerce-Price-amount amount\"><bdi><span class=\"woocommerce-Price-currencySymbol\">&#36;<\/span>85<\/bdi><\/span><\/ins><\/span>\r\n\t\t\t<span>\r\n\t\t\t\t<i class=\"fa fa-clock-o\" aria-hidden=\"true\"><\/i>\r\n\t\t\t\t1 D\u00eda\r\n\t\t\t<\/span>\r\n\t\t\t<span>\r\n\t\t\t\t<i class=\"fa fa-paper-plane\" aria-hidden=\"true\"><\/i>\r\n\t\t\t\tIda y Vuelta\r\n\t\t\t<\/span>\t\t\t\t<\/div>\r\n\t\t\t\t<div class=\"grid-excerpt\">La Excursi\u00f3n isla Saona vip en rep\u00fablica dominicana el tours, saldr\u00e1 en autob\u00fas desde su hotel, La duraci\u00f3n de esta excursi\u00f3n es aproximadamente de 8 a 9 horas, incluyendo la salida y la llegada a...<\/div>\r\n\t\t\t\t\t\t\t<\/figcaption>\r\n\t\t\t\t\t\t\t<div class=\"ex-social-share\"  id=\"ex-social-431\">\r\n\t\t\t\t\t\t\t\t<ul class=\"wootour-social-share\">\r\n\t\t\t\t\t\t\t\t\t<li class=\"facebook\">\r\n\t\t\t\t\t\t<a class=\"trasition-all\" title=\"Share on Facebook\" href=\"#\" target=\"_blank\" rel=\"nofollow\" onclick=\"window.open('https:\/\/www.facebook.com\/sharer\/sharer.php?u='+'https%3A%2F%2Fpotetourstransferpuntacana.com%2F%3Fproduct%3Dexcursion-isla-saona-vip','facebook-share-dialog','width=626,height=436');return false;\"><i class=\"fa fa-facebook\"><\/i>\r\n\t\t\t\t\t\t<\/a>\r\n\t\t\t\t\t<\/li>\r\n\t\t\t\t\t\t\t\t\t<li class=\"twitter\">\r\n\t\t\t\t\t\t<a class=\"trasition-all\" href=\"#\" title=\"Share on Twitter\" rel=\"nofollow\" target=\"_blank\" onclick=\"window.open('http:\/\/twitter.com\/share?text=Excursi%C3%B3n+Isla+Saona+VIP&amp;url=https%3A%2F%2Fpotetourstransferpuntacana.com%2F%3Fproduct%3Dexcursion-isla-saona-vip','twitter-share-dialog','width=626,height=436');return false;\"><i class=\"fa fa-twitter\"><\/i>\r\n\t\t\t\t\t\t<\/a>\r\n\t\t\t\t\t<\/li>\r\n\t\t\t\t\t\t\t\t\t\t<li class=\"linkedin\">\r\n\t\t\t\t\t\t\t<a class=\"trasition-all\" href=\"#\" title=\"Share on LinkedIn\" rel=\"nofollow\" target=\"_blank\" onclick=\"window.open('http:\/\/www.linkedin.com\/shareArticle?mini=true&amp;url=https%3A%2F%2Fpotetourstransferpuntacana.com%2F%3Fproduct%3Dexcursion-isla-saona-vip&amp;title=Excursi%C3%B3n+Isla+Saona+VIP&amp;source=POTE+TOURS+TRANSFER+PUNTA+CANA+I+the+best+place+in+punta+cana','linkedin-share-dialog','width=626,height=436');return false;\"><i class=\"fa fa-linkedin\"><\/i>\r\n\t\t\t\t\t\t\t<\/a>\r\n\t\t\t\t\t\t<\/li>\r\n\t\t\t\t\t\t\t\t\t<li class=\"tumblr\">\r\n\t\t\t\t\t   <a class=\"trasition-all\" href=\"#\" title=\"Share on Tumblr\" rel=\"nofollow\" target=\"_blank\" onclick=\"window.open('http:\/\/www.tumblr.com\/share\/link?url=https%3A%2F%2Fpotetourstransferpuntacana.com%2F%3Fproduct%3Dexcursion-isla-saona-vip&amp;name=Excursi%C3%B3n+Isla+Saona+VIP','tumblr-share-dialog','width=626,height=436');return false;\"><i class=\"fa fa-tumblr\"><\/i>\r\n\t\t\t\t\t   <\/a>\r\n\t\t\t\t\t<\/li>\r\n\t\t\t\t\t\t\t\t\t <li class=\"pinterest\">\r\n\t\t\t\t\t\t<a class=\"trasition-all\" href=\"#\" title=\"Pin this\" rel=\"nofollow\" target=\"_blank\" onclick=\"window.open('\/\/pinterest.com\/pin\/create\/button\/?url=https%3A%2F%2Fpotetourstransferpuntacana.com%2F%3Fproduct%3Dexcursion-isla-saona-vip&amp;media=https%3A%2F%2Fpotetourstransferpuntacana.com%2Fwp-content%2Fuploads%2F2021%2F05%2FEstrella-de-Mar-2-Saona-VIP-1357x905px-Stay-Happy-RD.jpg&amp;description=Excursi%C3%B3n+Isla+Saona+VIP','pin-share-dialog','width=626,height=436');return false;\"><i class=\"fa fa-pinterest\"><\/i>\r\n\t\t\t\t\t\t<\/a>\r\n\t\t\t\t\t <\/li>\r\n\t\t\t\t \t\t\t\t\t <li class=\"vk\">\r\n\t\t\t\t\t\t<a class=\"trasition-all\" href=\"#\" title=\"Share on VK\" rel=\"nofollow\" target=\"_blank\" onclick=\"window.open('\/\/vkontakte.ru\/share.php?url=https%3A%2F%2Fpotetourstransferpuntacana.com%2F%3Fproduct%3Dexcursion-isla-saona-vip','vk-share-dialog','width=626,height=436');return false;\"><i class=\"fa fa-vk\"><\/i>\r\n\t\t\t\t\t\t<\/a>\r\n\t\t\t\t\t <\/li>\r\n\t\t\t\t \t\t\t\t\t<li class=\"email\">\r\n\t\t\t\t\t\t<a class=\"trasition-all\" href=\"mailto:?subject=Excursi%C3%B3n+Isla+Saona+VIP&amp;body=https%3A%2F%2Fpotetourstransferpuntacana.com%2F%3Fproduct%3Dexcursion-isla-saona-vip\" title=\"Email this\"><i class=\"fa fa-envelope\"><\/i>\r\n\t\t\t\t\t\t<\/a>\r\n\t\t\t\t\t<\/li>\r\n\t\t\t\t\t\t\t\t\t<li class=\"whatsapp\">\r\n\t\t\t\t\t\t<a class=\"trasition-all\" href=\"https:\/\/wa.me\/?text=Excursi%C3%B3n+Isla+Saona+VIP%0Ahttps%3A%2F%2Fpotetourstransferpuntacana.com%2F%3Fproduct%3Dexcursion-isla-saona-vip%0A\" title=\"Share on Whatsapp\"><i class=\"fa fa-whatsapp\"><\/i>\r\n\t\t\t\t\t\t<\/a>\r\n\t\t\t\t\t<\/li>\r\n\t\t\t\t\t\t\t<\/ul>\r\n\t\t\t\t\t\t\t<\/div>\r\n\t\t\t\t\t<\/div>\r\n\t<\/figure>    \r\n<\/div>            <\/div>\r\n            <div class=\"clear\"><\/div>\r\n            <\/div>\r\n                    <\/div>\r\n\t\t\n\n<\/div><\/div>\n\n\n<div style=\"height:100px\" aria-hidden=\"true\" class=\"wp-block-spacer\"><\/div>\n","protected":false},"excerpt":{"rendered":"","protected":false},"author":4,"featured_media":0,"parent":484,"menu_order":1,"comment_status":"closed","ping_status":"closed","template":"","meta":{"content-type":"","_uag_custom_page_level_css":"","site-sidebar-layout":"default","site-content-layout":"plain-container","ast-site-content-layout":"","site-content-style":"default","site-sidebar-style":"default","ast-global-header-display":"","ast-banner-title-visibility":"","ast-main-header-display":"","ast-hfb-above-header-display":"","ast-hfb-below-header-display":"","ast-hfb-mobile-header-display":"","site-post-title":"disabled","ast-breadcrumbs-content":"","ast-featured-img":"","footer-sml-layout":"","theme-transparent-header-meta":"disabled","adv-header-id-meta":"","stick-header-meta":"","header-above-stick-meta":"","header-main-stick-meta":"","header-below-stick-meta":"","astra-migrate-meta-layouts":"default","ast-page-background-enabled":"default","ast-page-background-meta":{"desktop":{"background-color":"","background-image":"","background-repeat":"repeat","background-position":"center center","background-size":"auto","background-attachment":"scroll","background-type":"","background-media":"","overlay-type":"","overlay-color":"","overlay-opacity":"","overlay-gradient":""},"tablet":{"background-color":"","background-image":"","background-repeat":"repeat","background-position":"center center","background-size":"auto","background-attachment":"scroll","background-type":"","background-media":"","overlay-type":"","overlay-color":"","overlay-opacity":"","overlay-gradient":""},"mobile":{"background-color":"","background-image":"","background-repeat":"repeat","background-position":"center center","background-size":"auto","background-attachment":"scroll","background-type":"","background-media":"","overlay-type":"","overlay-color":"","overlay-opacity":"","overlay-gradient":""}},"ast-content-background-meta":{"desktop":{"background-color":"var(--ast-global-color-5)","background-image":"","background-repeat":"repeat","background-position":"center center","background-size":"auto","background-attachment":"scroll","background-type":"","background-media":"","overlay-type":"","overlay-color":"","overlay-opacity":"","overlay-gradient":""},"tablet":{"background-color":"var(--ast-global-color-5)","background-image":"","background-repeat":"repeat","background-position":"center center","background-size":"auto","background-attachment":"scroll","background-type":"","background-media":"","overlay-type":"","overlay-color":"","overlay-opacity":"","overlay-gradient":""},"mobile":{"background-color":"var(--ast-global-color-5)","background-image":"","background-repeat":"repeat","background-position":"center center","background-size":"auto","background-attachment":"scroll","background-type":"","background-media":"","overlay-type":"","overlay-color":"","overlay-opacity":"","overlay-gradient":""}},"footnotes":""},"class_list":["post-4310","page","type-page","status-publish","hentry","desktop-align-left","tablet-align-left","mobile-align-left"],"uagb_featured_image_src":{"full":false,"thumbnail":false,"medium":false,"medium_large":false,"large":false,"1536x1536":false,"2048x2048":false,"thumb_150x160":false,"thumb_100x150":false,"wethumb_204x153":false,"wethumb_460x307":false,"wethumb_85x85":false,"woocommerce_thumbnail":false,"woocommerce_single":false,"woocommerce_gallery_thumbnail":false},"uagb_author_info":{"display_name":"KELYN MEJIA","author_link":"https:\/\/potetourstransferpuntacana.com\/?author=4"},"uagb_comment_info":0,"uagb_excerpt":null,"_links":{"self":[{"href":"https:\/\/potetourstransferpuntacana.com\/index.php?rest_route=\/wp\/v2\/pages\/4310","targetHints":{"allow":["GET"]}}],"collection":[{"href":"https:\/\/potetourstransferpuntacana.com\/index.php?rest_route=\/wp\/v2\/pages"}],"about":[{"href":"https:\/\/potetourstransferpuntacana.com\/index.php?rest_route=\/wp\/v2\/types\/page"}],"author":[{"embeddable":true,"href":"https:\/\/potetourstransferpuntacana.com\/index.php?rest_route=\/wp\/v2\/users\/4"}],"replies":[{"embeddable":true,"href":"https:\/\/potetourstransferpuntacana.com\/index.php?rest_route=%2Fwp%2Fv2%2Fcomments&post=4310"}],"version-history":[{"count":1,"href":"https:\/\/potetourstransferpuntacana.com\/index.php?rest_route=\/wp\/v2\/pages\/4310\/revisions"}],"predecessor-version":[{"id":6056,"href":"https:\/\/potetourstransferpuntacana.com\/index.php?rest_route=\/wp\/v2\/pages\/4310\/revisions\/6056"}],"up":[{"embeddable":true,"href":"https:\/\/potetourstransferpuntacana.com\/index.php?rest_route=\/wp\/v2\/pages\/484"}],"wp:attachment":[{"href":"https:\/\/potetourstransferpuntacana.com\/index.php?rest_route=%2Fwp%2Fv2%2Fmedia&parent=4310"}],"curies":[{"name":"wp","href":"https:\/\/api.w.org\/{rel}","templated":true}]}}